{"id":10188,"date":"2014-06-07T20:37:14","date_gmt":"2014-06-08T00:37:14","guid":{"rendered":"https:\/\/www.2020spaces.com\/losungen\/"},"modified":"2024-08-13T03:48:18","modified_gmt":"2024-08-13T07:48:18","slug":"losungen","status":"publish","type":"page","link":"https:\/\/www.2020spaces.com\/de\/losungen\/","title":{"rendered":"L\u00f6sungen"},"content":{"rendered":"<div id=\"cs-content\" class=\"cs-content\"><\/div>\n","protected":false},"excerpt":{"rendered":"<p>Von der Inspiration bis zur Installation helfen wir Ihnen, gro\u00dfartige R\u00e4ume f\u00fcr das Leben zu schaffen. &nbsp;Sind Sie M\u00f6belhersteller? &nbsp;Sind Sie M\u00f6belh\u00e4ndler? &nbsp;Sind Sie professioneller Designer oder Innenarchitekt? L\u00f6sungen f\u00fcr M\u00f6belhersteller, Zulieferer und Objektausstatter2020 bietet eine modulare ERP-L\u00f6sung f\u00fcr M\u00f6belhersteller, Zulieferer und Objektausstatter, die den Komplettprozess vom Angebot \u00fcber die &#8230; <\/p>\n<div><a href=\"https:\/\/www.2020spaces.com\/de\/losungen\/\" class=\"more-link\">Read More<\/a><\/div>\n","protected":false},"author":1,"featured_media":278714,"parent":0,"menu_order":0,"comment_status":"closed","ping_status":"closed","template":"template-blank-4.php","meta":{"_bbp_topic_count":0,"_bbp_reply_count":0,"_bbp_total_topic_count":0,"_bbp_total_reply_count":0,"_bbp_voice_count":0,"_bbp_anonymous_reply_count":0,"_bbp_topic_count_hidden":0,"_bbp_reply_count_hidden":0,"_bbp_forum_subforum_count":0,"footnotes":""},"categories":[],"class_list":["post-10188","page","type-page","status-publish","has-post-thumbnail","hentry"],"pp_force_visibility":null,"pp_subpost_visibility":null,"pp_inherited_force_visibility":null,"pp_inherited_subpost_visibility":null,"yoast_head":"<!-- This site is optimized with the Yoast SEO Premium plugin v27.4 (Yoast SEO v27.4) - https:\/\/yoast.com\/product\/yoast-seo-premium-wordpress\/ -->\n<title>2020 L\u00f6sungen: Interior Design Software, Omnichannel und ERP L\u00f6sungen<\/title>\n<meta name=\"description\" content=\"2020 bietet professionelle Softwarel\u00f6sungen f\u00fcr Unternehmen mit Fokus auf K\u00fcchen-, Bad- und B\u00fcrodesign sowie f\u00fcr M\u00f6belhersteller\" \/>\n<meta name=\"robots\" content=\"index, follow, max-snippet:-1, max-image-preview:large, max-video-preview:-1\" \/>\n<link rel=\"canonical\" href=\"https:\/\/www.2020spaces.com\/de\/losungen\/\" \/>\n<meta property=\"og:locale\" content=\"de_DE\" \/>\n<meta property=\"og:type\" content=\"article\" \/>\n<meta property=\"og:title\" content=\"2020 L\u00f6sungen: Interior Design Software, Omnichannel und ERP L\u00f6sungen\" \/>\n<meta property=\"og:description\" content=\"2020 bietet professionelle Softwarel\u00f6sungen f\u00fcr Unternehmen mit Fokus auf K\u00fcchen-, Bad- und B\u00fcrodesign sowie f\u00fcr M\u00f6belhersteller und die holzverarbeitenden Industrie.\" \/>\n<meta property=\"og:url\" content=\"https:\/\/www.2020spaces.com\/de\/losungen\/\" \/>\n<meta property=\"og:site_name\" content=\"2020\" \/>\n<meta property=\"article:publisher\" content=\"https:\/\/www.facebook.com\/2020spaces\" \/>\n<meta property=\"article:modified_time\" content=\"2024-08-13T07:48:18+00:00\" \/>\n<meta property=\"og:image\" content=\"https:\/\/www.2020spaces.com\/wp-content\/uploads\/2020\/04\/Social_1200x630_EndToEnd_Generic_DE.jpg\" \/>\n\t<meta property=\"og:image:width\" content=\"1200\" \/>\n\t<meta property=\"og:image:height\" content=\"630\" \/>\n\t<meta property=\"og:image:type\" content=\"image\/jpeg\" \/>\n<meta name=\"twitter:card\" content=\"summary_large_image\" \/>\n<meta name=\"twitter:title\" content=\"2020 L\u00f6sungen: Interior Design Software, Omnichannel und ERP L\u00f6sungen\" \/>\n<meta name=\"twitter:description\" content=\"2020 bietet professionelle Softwarel\u00f6sungen f\u00fcr Unternehmen mit Fokus auf K\u00fcchen-, Bad- und B\u00fcrodesign sowie f\u00fcr M\u00f6belhersteller und die holzverarbeitenden Industrie.\" \/>\n<meta name=\"twitter:image\" content=\"https:\/\/www.2020spaces.com\/wp-content\/uploads\/2020\/04\/Social_1200x630_EndToEnd_Generic_DE.jpg\" \/>\n<meta name=\"twitter:site\" content=\"@2020spaces\" \/>\n<meta name=\"twitter:label1\" content=\"Gesch\u00e4tzte Lesezeit\" \/>\n\t<meta name=\"twitter:data1\" content=\"4 Minuten\" \/>\n<script type=\"application\/ld+json\" class=\"yoast-schema-graph\">{\"@context\":\"https:\\\/\\\/schema.org\",\"@graph\":[{\"@type\":\"WebPage\",\"@id\":\"https:\\\/\\\/www.2020spaces.com\\\/de\\\/losungen\\\/\",\"url\":\"https:\\\/\\\/www.2020spaces.com\\\/de\\\/losungen\\\/\",\"name\":\"2020 L\u00f6sungen: Interior Design Software, Omnichannel und ERP L\u00f6sungen\",\"isPartOf\":{\"@id\":\"https:\\\/\\\/www.2020spaces.com\\\/#website\"},\"primaryImageOfPage\":{\"@id\":\"https:\\\/\\\/www.2020spaces.com\\\/de\\\/losungen\\\/#primaryimage\"},\"image\":{\"@id\":\"https:\\\/\\\/www.2020spaces.com\\\/de\\\/losungen\\\/#primaryimage\"},\"thumbnailUrl\":\"https:\\\/\\\/www.2020spaces.com\\\/wp-content\\\/uploads\\\/2020\\\/04\\\/Featured_400x323_EndToEnd_Generic_DE.jpg\",\"datePublished\":\"2014-06-08T00:37:14+00:00\",\"dateModified\":\"2024-08-13T07:48:18+00:00\",\"description\":\"2020 bietet professionelle Softwarel\u00f6sungen f\u00fcr Unternehmen mit Fokus auf K\u00fcchen-, Bad- und B\u00fcrodesign sowie f\u00fcr M\u00f6belhersteller\",\"breadcrumb\":{\"@id\":\"https:\\\/\\\/www.2020spaces.com\\\/de\\\/losungen\\\/#breadcrumb\"},\"inLanguage\":\"de-DE\",\"potentialAction\":[{\"@type\":\"ReadAction\",\"target\":[\"https:\\\/\\\/www.2020spaces.com\\\/de\\\/losungen\\\/\"]}]},{\"@type\":\"ImageObject\",\"inLanguage\":\"de-DE\",\"@id\":\"https:\\\/\\\/www.2020spaces.com\\\/de\\\/losungen\\\/#primaryimage\",\"url\":\"https:\\\/\\\/www.2020spaces.com\\\/wp-content\\\/uploads\\\/2020\\\/04\\\/Featured_400x323_EndToEnd_Generic_DE.jpg\",\"contentUrl\":\"https:\\\/\\\/www.2020spaces.com\\\/wp-content\\\/uploads\\\/2020\\\/04\\\/Featured_400x323_EndToEnd_Generic_DE.jpg\",\"width\":400,\"height\":323,\"caption\":\"L\u00f6sungen 2020\"},{\"@type\":\"BreadcrumbList\",\"@id\":\"https:\\\/\\\/www.2020spaces.com\\\/de\\\/losungen\\\/#breadcrumb\",\"itemListElement\":[{\"@type\":\"ListItem\",\"position\":1,\"name\":\"Home\",\"item\":\"https:\\\/\\\/www.2020spaces.com\\\/de\\\/\"},{\"@type\":\"ListItem\",\"position\":2,\"name\":\"L\u00f6sungen\"}]},{\"@type\":\"WebSite\",\"@id\":\"https:\\\/\\\/www.2020spaces.com\\\/#website\",\"url\":\"https:\\\/\\\/www.2020spaces.com\\\/\",\"name\":\"2020\",\"description\":\"Making Spaces for Life\u2122\",\"potentialAction\":[{\"@type\":\"SearchAction\",\"target\":{\"@type\":\"EntryPoint\",\"urlTemplate\":\"https:\\\/\\\/www.2020spaces.com\\\/?s={search_term_string}\"},\"query-input\":{\"@type\":\"PropertyValueSpecification\",\"valueRequired\":true,\"valueName\":\"search_term_string\"}}],\"inLanguage\":\"de-DE\"}]}<\/script>\n<!-- \/ Yoast SEO Premium plugin. -->","yoast_head_json":{"title":"2020 L\u00f6sungen: Interior Design Software, Omnichannel und ERP L\u00f6sungen","description":"2020 bietet professionelle Softwarel\u00f6sungen f\u00fcr Unternehmen mit Fokus auf K\u00fcchen-, Bad- und B\u00fcrodesign sowie f\u00fcr M\u00f6belhersteller","robots":{"index":"index","follow":"follow","max-snippet":"max-snippet:-1","max-image-preview":"max-image-preview:large","max-video-preview":"max-video-preview:-1"},"canonical":"https:\/\/www.2020spaces.com\/de\/losungen\/","og_locale":"de_DE","og_type":"article","og_title":"2020 L\u00f6sungen: Interior Design Software, Omnichannel und ERP L\u00f6sungen","og_description":"2020 bietet professionelle Softwarel\u00f6sungen f\u00fcr Unternehmen mit Fokus auf K\u00fcchen-, Bad- und B\u00fcrodesign sowie f\u00fcr M\u00f6belhersteller und die holzverarbeitenden Industrie.","og_url":"https:\/\/www.2020spaces.com\/de\/losungen\/","og_site_name":"2020","article_publisher":"https:\/\/www.facebook.com\/2020spaces","article_modified_time":"2024-08-13T07:48:18+00:00","og_image":[{"width":1200,"height":630,"url":"https:\/\/www.2020spaces.com\/wp-content\/uploads\/2020\/04\/Social_1200x630_EndToEnd_Generic_DE.jpg","type":"image\/jpeg"}],"twitter_card":"summary_large_image","twitter_title":"2020 L\u00f6sungen: Interior Design Software, Omnichannel und ERP L\u00f6sungen","twitter_description":"2020 bietet professionelle Softwarel\u00f6sungen f\u00fcr Unternehmen mit Fokus auf K\u00fcchen-, Bad- und B\u00fcrodesign sowie f\u00fcr M\u00f6belhersteller und die holzverarbeitenden Industrie.","twitter_image":"https:\/\/www.2020spaces.com\/wp-content\/uploads\/2020\/04\/Social_1200x630_EndToEnd_Generic_DE.jpg","twitter_site":"@2020spaces","twitter_misc":{"Gesch\u00e4tzte Lesezeit":"4 Minuten"},"schema":{"@context":"https:\/\/schema.org","@graph":[{"@type":"WebPage","@id":"https:\/\/www.2020spaces.com\/de\/losungen\/","url":"https:\/\/www.2020spaces.com\/de\/losungen\/","name":"2020 L\u00f6sungen: Interior Design Software, Omnichannel und ERP L\u00f6sungen","isPartOf":{"@id":"https:\/\/www.2020spaces.com\/#website"},"primaryImageOfPage":{"@id":"https:\/\/www.2020spaces.com\/de\/losungen\/#primaryimage"},"image":{"@id":"https:\/\/www.2020spaces.com\/de\/losungen\/#primaryimage"},"thumbnailUrl":"https:\/\/www.2020spaces.com\/wp-content\/uploads\/2020\/04\/Featured_400x323_EndToEnd_Generic_DE.jpg","datePublished":"2014-06-08T00:37:14+00:00","dateModified":"2024-08-13T07:48:18+00:00","description":"2020 bietet professionelle Softwarel\u00f6sungen f\u00fcr Unternehmen mit Fokus auf K\u00fcchen-, Bad- und B\u00fcrodesign sowie f\u00fcr M\u00f6belhersteller","breadcrumb":{"@id":"https:\/\/www.2020spaces.com\/de\/losungen\/#breadcrumb"},"inLanguage":"de-DE","potentialAction":[{"@type":"ReadAction","target":["https:\/\/www.2020spaces.com\/de\/losungen\/"]}]},{"@type":"ImageObject","inLanguage":"de-DE","@id":"https:\/\/www.2020spaces.com\/de\/losungen\/#primaryimage","url":"https:\/\/www.2020spaces.com\/wp-content\/uploads\/2020\/04\/Featured_400x323_EndToEnd_Generic_DE.jpg","contentUrl":"https:\/\/www.2020spaces.com\/wp-content\/uploads\/2020\/04\/Featured_400x323_EndToEnd_Generic_DE.jpg","width":400,"height":323,"caption":"L\u00f6sungen 2020"},{"@type":"BreadcrumbList","@id":"https:\/\/www.2020spaces.com\/de\/losungen\/#breadcrumb","itemListElement":[{"@type":"ListItem","position":1,"name":"Home","item":"https:\/\/www.2020spaces.com\/de\/"},{"@type":"ListItem","position":2,"name":"L\u00f6sungen"}]},{"@type":"WebSite","@id":"https:\/\/www.2020spaces.com\/#website","url":"https:\/\/www.2020spaces.com\/","name":"2020","description":"Making Spaces for Life\u2122","potentialAction":[{"@type":"SearchAction","target":{"@type":"EntryPoint","urlTemplate":"https:\/\/www.2020spaces.com\/?s={search_term_string}"},"query-input":{"@type":"PropertyValueSpecification","valueRequired":true,"valueName":"search_term_string"}}],"inLanguage":"de-DE"}]}},"_links":{"self":[{"href":"https:\/\/www.2020spaces.com\/de\/wp-json\/wp\/v2\/pages\/10188","targetHints":{"allow":["GET"]}}],"collection":[{"href":"https:\/\/www.2020spaces.com\/de\/wp-json\/wp\/v2\/pages"}],"about":[{"href":"https:\/\/www.2020spaces.com\/de\/wp-json\/wp\/v2\/types\/page"}],"author":[{"embeddable":true,"href":"https:\/\/www.2020spaces.com\/de\/wp-json\/wp\/v2\/users\/1"}],"replies":[{"embeddable":true,"href":"https:\/\/www.2020spaces.com\/de\/wp-json\/wp\/v2\/comments?post=10188"}],"version-history":[{"count":0,"href":"https:\/\/www.2020spaces.com\/de\/wp-json\/wp\/v2\/pages\/10188\/revisions"}],"wp:featuredmedia":[{"embeddable":true,"href":"https:\/\/www.2020spaces.com\/de\/wp-json\/wp\/v2\/media\/278714"}],"wp:attachment":[{"href":"https:\/\/www.2020spaces.com\/de\/wp-json\/wp\/v2\/media?parent=10188"}],"wp:term":[{"taxonomy":"category","embeddable":true,"href":"https:\/\/www.2020spaces.com\/de\/wp-json\/wp\/v2\/categories?post=10188"}],"curies":[{"name":"wp","href":"https:\/\/api.w.org\/{rel}","templated":true}]}}