{"id":10193,"date":"2014-05-16T00:51:38","date_gmt":"2014-05-16T04:51:38","guid":{"rendered":"https:\/\/www.2020spaces.com\/karriere\/"},"modified":"2023-04-24T06:16:23","modified_gmt":"2023-04-24T10:16:23","slug":"careers","status":"publish","type":"page","link":"https:\/\/www.2020spaces.com\/de\/uber-uns\/careers\/","title":{"rendered":"Careers"},"content":{"rendered":"<div id=\"cs-content\" class=\"cs-content\"><\/div>\n","protected":false},"excerpt":{"rendered":"<p>2020 stellt ein!Alle Stellenangebote anzeigen &nbsp;Arbeiten f\u00fcr 2020 &nbsp;Leben bei 2020 &nbsp;Die Vorteile &nbsp;Mitarbeiter im Rampenlicht Arbeiten f\u00fcr 2020Das 1987 gegr\u00fcndete Unternehmen 2020 mit Hauptsitz in Laval, Quebec, Kanada, besch\u00e4ftigt \u00fcber 500 Mitarbeiter und ist in neun L\u00e4ndern t\u00e4tig. 2020 hilft professionellen Designern, Einzelh\u00e4ndlern und Herstellern in der Innenarchitektur- und &#8230; <\/p>\n<div><a href=\"https:\/\/www.2020spaces.com\/de\/uber-uns\/careers\/\" class=\"more-link\">Read More<\/a><\/div>\n","protected":false},"author":1,"featured_media":0,"parent":10196,"menu_order":0,"comment_status":"open","ping_status":"closed","template":"template-blank-4.php","meta":{"_bbp_topic_count":0,"_bbp_reply_count":0,"_bbp_total_topic_count":0,"_bbp_total_reply_count":0,"_bbp_voice_count":0,"_bbp_anonymous_reply_count":0,"_bbp_topic_count_hidden":0,"_bbp_reply_count_hidden":0,"_bbp_forum_subforum_count":0,"footnotes":""},"categories":[],"class_list":["post-10193","page","type-page","status-publish","hentry","no-post-thumbnail"],"pp_force_visibility":null,"pp_subpost_visibility":null,"pp_inherited_force_visibility":null,"pp_inherited_subpost_visibility":null,"yoast_head":"<!-- This site is optimized with the Yoast SEO Premium plugin v26.7 (Yoast SEO v26.7) - https:\/\/yoast.com\/wordpress\/plugins\/seo\/ -->\n<title>2020 Karriere - Begleiten Sie uns!<\/title>\n<meta name=\"description\" content=\"2020 besch\u00e4ftigt \u00fcber 500 Mitarbeiter und ist in neun L\u00e4ndern t\u00e4tig. Wir sind auf der Suche nach engagierten\" \/>\n<meta name=\"robots\" content=\"index, follow, max-snippet:-1, max-image-preview:large, max-video-preview:-1\" \/>\n<link rel=\"canonical\" href=\"https:\/\/www.2020spaces.com\/de\/uber-uns\/careers\/\" \/>\n<meta property=\"og:locale\" content=\"de_DE\" \/>\n<meta property=\"og:type\" content=\"article\" \/>\n<meta property=\"og:title\" content=\"2020 Karriere - Begleiten Sie uns!\" \/>\n<meta property=\"og:description\" content=\"2020 besch\u00e4ftigt \u00fcber 500 Mitarbeiter und ist in neun L\u00e4ndern t\u00e4tig. Wir sind auf der Suche nach engagierten &amp; leidenschaftlichen Mitarbeitern, die unserem Team beitreten wollen. Entdecken Sie Ihren Platz bei 2020!\" \/>\n<meta property=\"og:url\" content=\"https:\/\/www.2020spaces.com\/de\/uber-uns\/careers\/\" \/>\n<meta property=\"og:site_name\" content=\"2020\" \/>\n<meta property=\"article:publisher\" content=\"https:\/\/www.facebook.com\/2020spaces\" \/>\n<meta property=\"article:modified_time\" content=\"2023-04-24T10:16:23+00:00\" \/>\n<meta name=\"twitter:card\" content=\"summary_large_image\" \/>\n<meta name=\"twitter:title\" content=\"Careers\" \/>\n<meta name=\"twitter:site\" content=\"@2020spaces\" \/>\n<meta name=\"twitter:label1\" content=\"Gesch\u00e4tzte Lesezeit\" \/>\n\t<meta name=\"twitter:data1\" content=\"8 Minuten\" \/>\n<script type=\"application\/ld+json\" class=\"yoast-schema-graph\">{\"@context\":\"https:\/\/schema.org\",\"@graph\":[{\"@type\":\"WebPage\",\"@id\":\"https:\/\/www.2020spaces.com\/de\/uber-uns\/careers\/\",\"url\":\"https:\/\/www.2020spaces.com\/de\/uber-uns\/careers\/\",\"name\":\"2020 Karriere - Begleiten Sie uns!\",\"isPartOf\":{\"@id\":\"https:\/\/www.2020spaces.com\/#website\"},\"datePublished\":\"2014-05-16T04:51:38+00:00\",\"dateModified\":\"2023-04-24T10:16:23+00:00\",\"description\":\"2020 besch\u00e4ftigt \u00fcber 500 Mitarbeiter und ist in neun L\u00e4ndern t\u00e4tig. Wir sind auf der Suche nach engagierten\",\"breadcrumb\":{\"@id\":\"https:\/\/www.2020spaces.com\/de\/uber-uns\/careers\/#breadcrumb\"},\"inLanguage\":\"de-DE\",\"potentialAction\":[{\"@type\":\"ReadAction\",\"target\":[\"https:\/\/www.2020spaces.com\/de\/uber-uns\/careers\/\"]}]},{\"@type\":\"BreadcrumbList\",\"@id\":\"https:\/\/www.2020spaces.com\/de\/uber-uns\/careers\/#breadcrumb\",\"itemListElement\":[{\"@type\":\"ListItem\",\"position\":1,\"name\":\"Home\",\"item\":\"https:\/\/www.2020spaces.com\/de\/\"},{\"@type\":\"ListItem\",\"position\":2,\"name\":\"\u00dcber uns\",\"item\":\"https:\/\/www.2020spaces.com\/de\/uber-uns\/\"},{\"@type\":\"ListItem\",\"position\":3,\"name\":\"Careers\"}]},{\"@type\":\"WebSite\",\"@id\":\"https:\/\/www.2020spaces.com\/#website\",\"url\":\"https:\/\/www.2020spaces.com\/\",\"name\":\"2020\",\"description\":\"Making Spaces for Life\u2122\",\"potentialAction\":[{\"@type\":\"SearchAction\",\"target\":{\"@type\":\"EntryPoint\",\"urlTemplate\":\"https:\/\/www.2020spaces.com\/?s={search_term_string}\"},\"query-input\":{\"@type\":\"PropertyValueSpecification\",\"valueRequired\":true,\"valueName\":\"search_term_string\"}}],\"inLanguage\":\"de-DE\"}]}<\/script>\n<!-- \/ Yoast SEO Premium plugin. -->","yoast_head_json":{"title":"2020 Karriere - Begleiten Sie uns!","description":"2020 besch\u00e4ftigt \u00fcber 500 Mitarbeiter und ist in neun L\u00e4ndern t\u00e4tig. Wir sind auf der Suche nach engagierten","robots":{"index":"index","follow":"follow","max-snippet":"max-snippet:-1","max-image-preview":"max-image-preview:large","max-video-preview":"max-video-preview:-1"},"canonical":"https:\/\/www.2020spaces.com\/de\/uber-uns\/careers\/","og_locale":"de_DE","og_type":"article","og_title":"2020 Karriere - Begleiten Sie uns!","og_description":"2020 besch\u00e4ftigt \u00fcber 500 Mitarbeiter und ist in neun L\u00e4ndern t\u00e4tig. Wir sind auf der Suche nach engagierten & leidenschaftlichen Mitarbeitern, die unserem Team beitreten wollen. Entdecken Sie Ihren Platz bei 2020!","og_url":"https:\/\/www.2020spaces.com\/de\/uber-uns\/careers\/","og_site_name":"2020","article_publisher":"https:\/\/www.facebook.com\/2020spaces","article_modified_time":"2023-04-24T10:16:23+00:00","twitter_card":"summary_large_image","twitter_title":"Careers","twitter_site":"@2020spaces","twitter_misc":{"Gesch\u00e4tzte Lesezeit":"8 Minuten"},"schema":{"@context":"https:\/\/schema.org","@graph":[{"@type":"WebPage","@id":"https:\/\/www.2020spaces.com\/de\/uber-uns\/careers\/","url":"https:\/\/www.2020spaces.com\/de\/uber-uns\/careers\/","name":"2020 Karriere - Begleiten Sie uns!","isPartOf":{"@id":"https:\/\/www.2020spaces.com\/#website"},"datePublished":"2014-05-16T04:51:38+00:00","dateModified":"2023-04-24T10:16:23+00:00","description":"2020 besch\u00e4ftigt \u00fcber 500 Mitarbeiter und ist in neun L\u00e4ndern t\u00e4tig. Wir sind auf der Suche nach engagierten","breadcrumb":{"@id":"https:\/\/www.2020spaces.com\/de\/uber-uns\/careers\/#breadcrumb"},"inLanguage":"de-DE","potentialAction":[{"@type":"ReadAction","target":["https:\/\/www.2020spaces.com\/de\/uber-uns\/careers\/"]}]},{"@type":"BreadcrumbList","@id":"https:\/\/www.2020spaces.com\/de\/uber-uns\/careers\/#breadcrumb","itemListElement":[{"@type":"ListItem","position":1,"name":"Home","item":"https:\/\/www.2020spaces.com\/de\/"},{"@type":"ListItem","position":2,"name":"\u00dcber uns","item":"https:\/\/www.2020spaces.com\/de\/uber-uns\/"},{"@type":"ListItem","position":3,"name":"Careers"}]},{"@type":"WebSite","@id":"https:\/\/www.2020spaces.com\/#website","url":"https:\/\/www.2020spaces.com\/","name":"2020","description":"Making Spaces for Life\u2122","potentialAction":[{"@type":"SearchAction","target":{"@type":"EntryPoint","urlTemplate":"https:\/\/www.2020spaces.com\/?s={search_term_string}"},"query-input":{"@type":"PropertyValueSpecification","valueRequired":true,"valueName":"search_term_string"}}],"inLanguage":"de-DE"}]}},"_links":{"self":[{"href":"https:\/\/www.2020spaces.com\/de\/wp-json\/wp\/v2\/pages\/10193","targetHints":{"allow":["GET"]}}],"collection":[{"href":"https:\/\/www.2020spaces.com\/de\/wp-json\/wp\/v2\/pages"}],"about":[{"href":"https:\/\/www.2020spaces.com\/de\/wp-json\/wp\/v2\/types\/page"}],"author":[{"embeddable":true,"href":"https:\/\/www.2020spaces.com\/de\/wp-json\/wp\/v2\/users\/1"}],"replies":[{"embeddable":true,"href":"https:\/\/www.2020spaces.com\/de\/wp-json\/wp\/v2\/comments?post=10193"}],"version-history":[{"count":0,"href":"https:\/\/www.2020spaces.com\/de\/wp-json\/wp\/v2\/pages\/10193\/revisions"}],"up":[{"embeddable":true,"href":"https:\/\/www.2020spaces.com\/de\/wp-json\/wp\/v2\/pages\/10196"}],"wp:attachment":[{"href":"https:\/\/www.2020spaces.com\/de\/wp-json\/wp\/v2\/media?parent=10193"}],"wp:term":[{"taxonomy":"category","embeddable":true,"href":"https:\/\/www.2020spaces.com\/de\/wp-json\/wp\/v2\/categories?post=10193"}],"curies":[{"name":"wp","href":"https:\/\/api.w.org\/{rel}","templated":true}]}}