{"id":10196,"date":"2014-06-05T15:08:35","date_gmt":"2014-06-05T19:08:35","guid":{"rendered":"https:\/\/www.2020spaces.com\/uber-uns\/"},"modified":"2024-04-01T17:43:10","modified_gmt":"2024-04-01T21:43:10","slug":"uber-uns","status":"publish","type":"page","link":"https:\/\/www.2020spaces.com\/de\/uber-uns\/","title":{"rendered":"\u00dcber uns"},"content":{"rendered":"<div id=\"cs-content\" class=\"cs-content\"><\/div>\n","protected":false},"excerpt":{"rendered":"<p>\u00dcber uns \u00dcber 2020 2020, ein Unternehmen von Cyncly, bietet Software, Dienstleistungen und Inhalte, die professionellen Designern, Einzelh\u00e4ndlern und Herstellern dabei helfen, Ideen zum Leben zu erwecken, Innovationen zu f\u00f6rdern und Prozesse zu optimieren. Die Liste der branchenf\u00fchrenden Produkte umfasst unter anderem 2020 Design Live, 2020 Office, 2020 Insight, 2020 &#8230; <\/p>\n<div><a href=\"https:\/\/www.2020spaces.com\/de\/uber-uns\/\" class=\"more-link\">Read More<\/a><\/div>\n","protected":false},"author":1,"featured_media":0,"parent":0,"menu_order":0,"comment_status":"closed","ping_status":"closed","template":"template-blank-4.php","meta":{"_bbp_topic_count":0,"_bbp_reply_count":0,"_bbp_total_topic_count":0,"_bbp_total_reply_count":0,"_bbp_voice_count":0,"_bbp_anonymous_reply_count":0,"_bbp_topic_count_hidden":0,"_bbp_reply_count_hidden":0,"_bbp_forum_subforum_count":0,"footnotes":""},"categories":[],"class_list":["post-10196","page","type-page","status-publish","hentry","no-post-thumbnail"],"pp_force_visibility":null,"pp_subpost_visibility":null,"pp_inherited_force_visibility":null,"pp_inherited_subpost_visibility":null,"yoast_head":"<!-- This site is optimized with the Yoast SEO Premium plugin v26.7 (Yoast SEO v26.7) - https:\/\/yoast.com\/wordpress\/plugins\/seo\/ -->\n<title>2020 \u00dcber uns - 2020 erleichtert professionellen Designern<\/title>\n<meta name=\"description\" content=\"2020 unterst\u00fctzt Fachleute in der Innenarchitektur- und M\u00f6belindustrie bei der Ideenfindung, bei der F\u00f6rderung von Innovationen\" \/>\n<meta name=\"robots\" content=\"index, follow, max-snippet:-1, max-image-preview:large, max-video-preview:-1\" \/>\n<link rel=\"canonical\" href=\"https:\/\/www.2020spaces.com\/de\/uber-uns\/\" \/>\n<meta property=\"og:locale\" content=\"de_DE\" \/>\n<meta property=\"og:type\" content=\"article\" \/>\n<meta property=\"og:title\" content=\"2020 \u00dcber uns\" \/>\n<meta property=\"og:description\" content=\"2020 unterst\u00fctzt Fachleute in der Innenarchitektur- und M\u00f6belindustrie bei der Ideenfindung, bei der F\u00f6rderung von Innovationen und bei der Rationalisierung von Prozessen.\" \/>\n<meta property=\"og:url\" content=\"https:\/\/www.2020spaces.com\/de\/uber-uns\/\" \/>\n<meta property=\"og:site_name\" content=\"2020\" \/>\n<meta property=\"article:publisher\" content=\"https:\/\/www.facebook.com\/2020spaces\" \/>\n<meta property=\"article:modified_time\" content=\"2024-04-01T21:43:10+00:00\" \/>\n<meta name=\"twitter:card\" content=\"summary_large_image\" \/>\n<meta name=\"twitter:title\" content=\"2020 \u00dcber uns\" \/>\n<meta name=\"twitter:description\" content=\"2020 unterst\u00fctzt Fachleute in der Innenarchitektur- und M\u00f6belindustrie bei der Ideenfindung, bei der F\u00f6rderung von Innovationen und bei der Rationalisierung von Prozessen.\" \/>\n<meta name=\"twitter:site\" content=\"@2020spaces\" \/>\n<meta name=\"twitter:label1\" content=\"Gesch\u00e4tzte Lesezeit\" \/>\n\t<meta name=\"twitter:data1\" content=\"3 Minuten\" \/>\n<script type=\"application\/ld+json\" class=\"yoast-schema-graph\">{\"@context\":\"https:\/\/schema.org\",\"@graph\":[{\"@type\":\"WebPage\",\"@id\":\"https:\/\/www.2020spaces.com\/de\/uber-uns\/\",\"url\":\"https:\/\/www.2020spaces.com\/de\/uber-uns\/\",\"name\":\"2020 \u00dcber uns - 2020 erleichtert professionellen Designern\",\"isPartOf\":{\"@id\":\"https:\/\/www.2020spaces.com\/#website\"},\"datePublished\":\"2014-06-05T19:08:35+00:00\",\"dateModified\":\"2024-04-01T21:43:10+00:00\",\"description\":\"2020 unterst\u00fctzt Fachleute in der Innenarchitektur- und M\u00f6belindustrie bei der Ideenfindung, bei der F\u00f6rderung von Innovationen\",\"breadcrumb\":{\"@id\":\"https:\/\/www.2020spaces.com\/de\/uber-uns\/#breadcrumb\"},\"inLanguage\":\"de-DE\",\"potentialAction\":[{\"@type\":\"ReadAction\",\"target\":[\"https:\/\/www.2020spaces.com\/de\/uber-uns\/\"]}]},{\"@type\":\"BreadcrumbList\",\"@id\":\"https:\/\/www.2020spaces.com\/de\/uber-uns\/#breadcrumb\",\"itemListElement\":[{\"@type\":\"ListItem\",\"position\":1,\"name\":\"Home\",\"item\":\"https:\/\/www.2020spaces.com\/de\/\"},{\"@type\":\"ListItem\",\"position\":2,\"name\":\"\u00dcber uns\"}]},{\"@type\":\"WebSite\",\"@id\":\"https:\/\/www.2020spaces.com\/#website\",\"url\":\"https:\/\/www.2020spaces.com\/\",\"name\":\"2020\",\"description\":\"Making Spaces for Life\u2122\",\"potentialAction\":[{\"@type\":\"SearchAction\",\"target\":{\"@type\":\"EntryPoint\",\"urlTemplate\":\"https:\/\/www.2020spaces.com\/?s={search_term_string}\"},\"query-input\":{\"@type\":\"PropertyValueSpecification\",\"valueRequired\":true,\"valueName\":\"search_term_string\"}}],\"inLanguage\":\"de-DE\"}]}<\/script>\n<!-- \/ Yoast SEO Premium plugin. -->","yoast_head_json":{"title":"2020 \u00dcber uns - 2020 erleichtert professionellen Designern","description":"2020 unterst\u00fctzt Fachleute in der Innenarchitektur- und M\u00f6belindustrie bei der Ideenfindung, bei der F\u00f6rderung von Innovationen","robots":{"index":"index","follow":"follow","max-snippet":"max-snippet:-1","max-image-preview":"max-image-preview:large","max-video-preview":"max-video-preview:-1"},"canonical":"https:\/\/www.2020spaces.com\/de\/uber-uns\/","og_locale":"de_DE","og_type":"article","og_title":"2020 \u00dcber uns","og_description":"2020 unterst\u00fctzt Fachleute in der Innenarchitektur- und M\u00f6belindustrie bei der Ideenfindung, bei der F\u00f6rderung von Innovationen und bei der Rationalisierung von Prozessen.","og_url":"https:\/\/www.2020spaces.com\/de\/uber-uns\/","og_site_name":"2020","article_publisher":"https:\/\/www.facebook.com\/2020spaces","article_modified_time":"2024-04-01T21:43:10+00:00","twitter_card":"summary_large_image","twitter_title":"2020 \u00dcber uns","twitter_description":"2020 unterst\u00fctzt Fachleute in der Innenarchitektur- und M\u00f6belindustrie bei der Ideenfindung, bei der F\u00f6rderung von Innovationen und bei der Rationalisierung von Prozessen.","twitter_site":"@2020spaces","twitter_misc":{"Gesch\u00e4tzte Lesezeit":"3 Minuten"},"schema":{"@context":"https:\/\/schema.org","@graph":[{"@type":"WebPage","@id":"https:\/\/www.2020spaces.com\/de\/uber-uns\/","url":"https:\/\/www.2020spaces.com\/de\/uber-uns\/","name":"2020 \u00dcber uns - 2020 erleichtert professionellen Designern","isPartOf":{"@id":"https:\/\/www.2020spaces.com\/#website"},"datePublished":"2014-06-05T19:08:35+00:00","dateModified":"2024-04-01T21:43:10+00:00","description":"2020 unterst\u00fctzt Fachleute in der Innenarchitektur- und M\u00f6belindustrie bei der Ideenfindung, bei der F\u00f6rderung von Innovationen","breadcrumb":{"@id":"https:\/\/www.2020spaces.com\/de\/uber-uns\/#breadcrumb"},"inLanguage":"de-DE","potentialAction":[{"@type":"ReadAction","target":["https:\/\/www.2020spaces.com\/de\/uber-uns\/"]}]},{"@type":"BreadcrumbList","@id":"https:\/\/www.2020spaces.com\/de\/uber-uns\/#breadcrumb","itemListElement":[{"@type":"ListItem","position":1,"name":"Home","item":"https:\/\/www.2020spaces.com\/de\/"},{"@type":"ListItem","position":2,"name":"\u00dcber uns"}]},{"@type":"WebSite","@id":"https:\/\/www.2020spaces.com\/#website","url":"https:\/\/www.2020spaces.com\/","name":"2020","description":"Making Spaces for Life\u2122","potentialAction":[{"@type":"SearchAction","target":{"@type":"EntryPoint","urlTemplate":"https:\/\/www.2020spaces.com\/?s={search_term_string}"},"query-input":{"@type":"PropertyValueSpecification","valueRequired":true,"valueName":"search_term_string"}}],"inLanguage":"de-DE"}]}},"_links":{"self":[{"href":"https:\/\/www.2020spaces.com\/de\/wp-json\/wp\/v2\/pages\/10196","targetHints":{"allow":["GET"]}}],"collection":[{"href":"https:\/\/www.2020spaces.com\/de\/wp-json\/wp\/v2\/pages"}],"about":[{"href":"https:\/\/www.2020spaces.com\/de\/wp-json\/wp\/v2\/types\/page"}],"author":[{"embeddable":true,"href":"https:\/\/www.2020spaces.com\/de\/wp-json\/wp\/v2\/users\/1"}],"replies":[{"embeddable":true,"href":"https:\/\/www.2020spaces.com\/de\/wp-json\/wp\/v2\/comments?post=10196"}],"version-history":[{"count":0,"href":"https:\/\/www.2020spaces.com\/de\/wp-json\/wp\/v2\/pages\/10196\/revisions"}],"wp:attachment":[{"href":"https:\/\/www.2020spaces.com\/de\/wp-json\/wp\/v2\/media?parent=10196"}],"wp:term":[{"taxonomy":"category","embeddable":true,"href":"https:\/\/www.2020spaces.com\/de\/wp-json\/wp\/v2\/categories?post=10196"}],"curies":[{"name":"wp","href":"https:\/\/api.w.org\/{rel}","templated":true}]}}