{"id":10204,"date":"2014-05-06T09:32:42","date_gmt":"2014-05-06T13:32:42","guid":{"rendered":"https:\/\/www.2020spaces.com\/kontaktieren-sie-uns\/"},"modified":"2024-10-03T14:05:43","modified_gmt":"2024-10-03T18:05:43","slug":"kontaktieren-sie-uns","status":"publish","type":"page","link":"https:\/\/www.2020spaces.com\/de\/kontaktieren-sie-uns\/","title":{"rendered":"Kontaktieren Sie uns"},"content":{"rendered":"<div id=\"cs-content\" class=\"cs-content\"><\/div>\n","protected":false},"excerpt":{"rendered":"<p>Kontaktieren Sie uns Wie k\u00f6nnen wir Ihnen heute helfen?Kontakt Kontaktieren Sie uns Wie k\u00f6nnen wir Ihnen heute helfen?Kontakt Kontaktieren Sie uns f\u00fcr mehr InformationenSind Sie auf der Suche nach etwas Bestimmtem? W\u00e4hlen Sie Ihr Produkt und Ihre Region, um loszulegen. Contact Us Page &#8211; DE &#8211; Final Draft W\u00e4hlen Sie &#8230; <\/p>\n<div><a href=\"https:\/\/www.2020spaces.com\/de\/kontaktieren-sie-uns\/\" class=\"more-link\">Read More<\/a><\/div>\n","protected":false},"author":26709,"featured_media":337345,"parent":0,"menu_order":0,"comment_status":"open","ping_status":"closed","template":"template-blank-4.php","meta":{"_bbp_topic_count":0,"_bbp_reply_count":0,"_bbp_total_topic_count":0,"_bbp_total_reply_count":0,"_bbp_voice_count":0,"_bbp_anonymous_reply_count":0,"_bbp_topic_count_hidden":0,"_bbp_reply_count_hidden":0,"_bbp_forum_subforum_count":0,"footnotes":""},"categories":[],"class_list":["post-10204","page","type-page","status-publish","has-post-thumbnail","hentry"],"pp_force_visibility":null,"pp_subpost_visibility":null,"pp_inherited_force_visibility":null,"pp_inherited_subpost_visibility":null,"yoast_head":"<!-- This site is optimized with the Yoast SEO Premium plugin v27.4 (Yoast SEO v27.4) - https:\/\/yoast.com\/product\/yoast-seo-premium-wordpress\/ -->\n<title>Kontaktieren Sie uns | 2020<\/title>\n<meta name=\"description\" content=\"Nehmen Sie Kontakt mit 2020 auf, um sich \u00fcber unsere Produkte zu informieren, die sich an K\u00fcchen- und Baddesigner, B\u00fcroplaner, Hersteller\" \/>\n<meta name=\"robots\" content=\"index, follow, max-snippet:-1, max-image-preview:large, max-video-preview:-1\" \/>\n<link rel=\"canonical\" href=\"https:\/\/www.2020spaces.com\/de\/kontaktieren-sie-uns\/\" \/>\n<meta property=\"og:locale\" content=\"de_DE\" \/>\n<meta property=\"og:type\" content=\"article\" \/>\n<meta property=\"og:title\" content=\"Kontaktieren Sie uns | 2020\" \/>\n<meta property=\"og:description\" content=\"Nehmen Sie Kontakt mit 2020 auf, um sich \u00fcber unsere Produkte zu informieren, die sich an K\u00fcchen- und Baddesigner, B\u00fcroplaner, Hersteller und Online-H\u00e4ndler richten.\" \/>\n<meta property=\"og:url\" content=\"https:\/\/www.2020spaces.com\/de\/kontaktieren-sie-uns\/\" \/>\n<meta property=\"og:site_name\" content=\"2020\" \/>\n<meta property=\"article:publisher\" content=\"https:\/\/www.facebook.com\/2020spaces\" \/>\n<meta property=\"article:modified_time\" content=\"2024-10-03T18:05:43+00:00\" \/>\n<meta property=\"og:image\" content=\"https:\/\/www.2020spaces.com\/wp-content\/uploads\/2021\/06\/Social_1200x630_Icons_DE.jpg\" \/>\n\t<meta property=\"og:image:width\" content=\"1200\" \/>\n\t<meta property=\"og:image:height\" content=\"630\" \/>\n\t<meta property=\"og:image:type\" content=\"image\/jpeg\" \/>\n<meta name=\"twitter:card\" content=\"summary_large_image\" \/>\n<meta name=\"twitter:title\" content=\"Kontaktieren Sie uns | 2020\" \/>\n<meta name=\"twitter:description\" content=\"Nehmen Sie Kontakt mit 2020 auf, um sich \u00fcber unsere Produkte zu informieren, die sich an K\u00fcchen- und Baddesigner, B\u00fcroplaner, Hersteller und Online-H\u00e4ndler richten.\" \/>\n<meta name=\"twitter:image\" content=\"https:\/\/www.2020spaces.com\/wp-content\/uploads\/2021\/06\/Social_1200x630_Icons_DE.jpg\" \/>\n<meta name=\"twitter:site\" content=\"@2020spaces\" \/>\n<meta name=\"twitter:label1\" content=\"Gesch\u00e4tzte Lesezeit\" \/>\n\t<meta name=\"twitter:data1\" content=\"1 Minute\" \/>\n<script type=\"application\/ld+json\" class=\"yoast-schema-graph\">{\"@context\":\"https:\\\/\\\/schema.org\",\"@graph\":[{\"@type\":\"WebPage\",\"@id\":\"https:\\\/\\\/www.2020spaces.com\\\/de\\\/kontaktieren-sie-uns\\\/\",\"url\":\"https:\\\/\\\/www.2020spaces.com\\\/de\\\/kontaktieren-sie-uns\\\/\",\"name\":\"Kontaktieren Sie uns | 2020\",\"isPartOf\":{\"@id\":\"https:\\\/\\\/www.2020spaces.com\\\/#website\"},\"primaryImageOfPage\":{\"@id\":\"https:\\\/\\\/www.2020spaces.com\\\/de\\\/kontaktieren-sie-uns\\\/#primaryimage\"},\"image\":{\"@id\":\"https:\\\/\\\/www.2020spaces.com\\\/de\\\/kontaktieren-sie-uns\\\/#primaryimage\"},\"thumbnailUrl\":\"https:\\\/\\\/www.2020spaces.com\\\/wp-content\\\/uploads\\\/2021\\\/06\\\/Featured_400x323_Icons_DE.jpg\",\"datePublished\":\"2014-05-06T13:32:42+00:00\",\"dateModified\":\"2024-10-03T18:05:43+00:00\",\"description\":\"Nehmen Sie Kontakt mit 2020 auf, um sich \u00fcber unsere Produkte zu informieren, die sich an K\u00fcchen- und Baddesigner, B\u00fcroplaner, Hersteller\",\"breadcrumb\":{\"@id\":\"https:\\\/\\\/www.2020spaces.com\\\/de\\\/kontaktieren-sie-uns\\\/#breadcrumb\"},\"inLanguage\":\"de-DE\",\"potentialAction\":[{\"@type\":\"ReadAction\",\"target\":[\"https:\\\/\\\/www.2020spaces.com\\\/de\\\/kontaktieren-sie-uns\\\/\"]}]},{\"@type\":\"ImageObject\",\"inLanguage\":\"de-DE\",\"@id\":\"https:\\\/\\\/www.2020spaces.com\\\/de\\\/kontaktieren-sie-uns\\\/#primaryimage\",\"url\":\"https:\\\/\\\/www.2020spaces.com\\\/wp-content\\\/uploads\\\/2021\\\/06\\\/Featured_400x323_Icons_DE.jpg\",\"contentUrl\":\"https:\\\/\\\/www.2020spaces.com\\\/wp-content\\\/uploads\\\/2021\\\/06\\\/Featured_400x323_Icons_DE.jpg\",\"width\":400,\"height\":323,\"caption\":\"Kontakt 2020\"},{\"@type\":\"BreadcrumbList\",\"@id\":\"https:\\\/\\\/www.2020spaces.com\\\/de\\\/kontaktieren-sie-uns\\\/#breadcrumb\",\"itemListElement\":[{\"@type\":\"ListItem\",\"position\":1,\"name\":\"Home\",\"item\":\"https:\\\/\\\/www.2020spaces.com\\\/de\\\/\"},{\"@type\":\"ListItem\",\"position\":2,\"name\":\"Kontaktieren Sie uns\"}]},{\"@type\":\"WebSite\",\"@id\":\"https:\\\/\\\/www.2020spaces.com\\\/#website\",\"url\":\"https:\\\/\\\/www.2020spaces.com\\\/\",\"name\":\"2020\",\"description\":\"Making Spaces for Life\u2122\",\"potentialAction\":[{\"@type\":\"SearchAction\",\"target\":{\"@type\":\"EntryPoint\",\"urlTemplate\":\"https:\\\/\\\/www.2020spaces.com\\\/?s={search_term_string}\"},\"query-input\":{\"@type\":\"PropertyValueSpecification\",\"valueRequired\":true,\"valueName\":\"search_term_string\"}}],\"inLanguage\":\"de-DE\"}]}<\/script>\n<!-- \/ Yoast SEO Premium plugin. -->","yoast_head_json":{"title":"Kontaktieren Sie uns | 2020","description":"Nehmen Sie Kontakt mit 2020 auf, um sich \u00fcber unsere Produkte zu informieren, die sich an K\u00fcchen- und Baddesigner, B\u00fcroplaner, Hersteller","robots":{"index":"index","follow":"follow","max-snippet":"max-snippet:-1","max-image-preview":"max-image-preview:large","max-video-preview":"max-video-preview:-1"},"canonical":"https:\/\/www.2020spaces.com\/de\/kontaktieren-sie-uns\/","og_locale":"de_DE","og_type":"article","og_title":"Kontaktieren Sie uns | 2020","og_description":"Nehmen Sie Kontakt mit 2020 auf, um sich \u00fcber unsere Produkte zu informieren, die sich an K\u00fcchen- und Baddesigner, B\u00fcroplaner, Hersteller und Online-H\u00e4ndler richten.","og_url":"https:\/\/www.2020spaces.com\/de\/kontaktieren-sie-uns\/","og_site_name":"2020","article_publisher":"https:\/\/www.facebook.com\/2020spaces","article_modified_time":"2024-10-03T18:05:43+00:00","og_image":[{"width":1200,"height":630,"url":"https:\/\/www.2020spaces.com\/wp-content\/uploads\/2021\/06\/Social_1200x630_Icons_DE.jpg","type":"image\/jpeg"}],"twitter_card":"summary_large_image","twitter_title":"Kontaktieren Sie uns | 2020","twitter_description":"Nehmen Sie Kontakt mit 2020 auf, um sich \u00fcber unsere Produkte zu informieren, die sich an K\u00fcchen- und Baddesigner, B\u00fcroplaner, Hersteller und Online-H\u00e4ndler richten.","twitter_image":"https:\/\/www.2020spaces.com\/wp-content\/uploads\/2021\/06\/Social_1200x630_Icons_DE.jpg","twitter_site":"@2020spaces","twitter_misc":{"Gesch\u00e4tzte Lesezeit":"1 Minute"},"schema":{"@context":"https:\/\/schema.org","@graph":[{"@type":"WebPage","@id":"https:\/\/www.2020spaces.com\/de\/kontaktieren-sie-uns\/","url":"https:\/\/www.2020spaces.com\/de\/kontaktieren-sie-uns\/","name":"Kontaktieren Sie uns | 2020","isPartOf":{"@id":"https:\/\/www.2020spaces.com\/#website"},"primaryImageOfPage":{"@id":"https:\/\/www.2020spaces.com\/de\/kontaktieren-sie-uns\/#primaryimage"},"image":{"@id":"https:\/\/www.2020spaces.com\/de\/kontaktieren-sie-uns\/#primaryimage"},"thumbnailUrl":"https:\/\/www.2020spaces.com\/wp-content\/uploads\/2021\/06\/Featured_400x323_Icons_DE.jpg","datePublished":"2014-05-06T13:32:42+00:00","dateModified":"2024-10-03T18:05:43+00:00","description":"Nehmen Sie Kontakt mit 2020 auf, um sich \u00fcber unsere Produkte zu informieren, die sich an K\u00fcchen- und Baddesigner, B\u00fcroplaner, Hersteller","breadcrumb":{"@id":"https:\/\/www.2020spaces.com\/de\/kontaktieren-sie-uns\/#breadcrumb"},"inLanguage":"de-DE","potentialAction":[{"@type":"ReadAction","target":["https:\/\/www.2020spaces.com\/de\/kontaktieren-sie-uns\/"]}]},{"@type":"ImageObject","inLanguage":"de-DE","@id":"https:\/\/www.2020spaces.com\/de\/kontaktieren-sie-uns\/#primaryimage","url":"https:\/\/www.2020spaces.com\/wp-content\/uploads\/2021\/06\/Featured_400x323_Icons_DE.jpg","contentUrl":"https:\/\/www.2020spaces.com\/wp-content\/uploads\/2021\/06\/Featured_400x323_Icons_DE.jpg","width":400,"height":323,"caption":"Kontakt 2020"},{"@type":"BreadcrumbList","@id":"https:\/\/www.2020spaces.com\/de\/kontaktieren-sie-uns\/#breadcrumb","itemListElement":[{"@type":"ListItem","position":1,"name":"Home","item":"https:\/\/www.2020spaces.com\/de\/"},{"@type":"ListItem","position":2,"name":"Kontaktieren Sie uns"}]},{"@type":"WebSite","@id":"https:\/\/www.2020spaces.com\/#website","url":"https:\/\/www.2020spaces.com\/","name":"2020","description":"Making Spaces for Life\u2122","potentialAction":[{"@type":"SearchAction","target":{"@type":"EntryPoint","urlTemplate":"https:\/\/www.2020spaces.com\/?s={search_term_string}"},"query-input":{"@type":"PropertyValueSpecification","valueRequired":true,"valueName":"search_term_string"}}],"inLanguage":"de-DE"}]}},"_links":{"self":[{"href":"https:\/\/www.2020spaces.com\/de\/wp-json\/wp\/v2\/pages\/10204","targetHints":{"allow":["GET"]}}],"collection":[{"href":"https:\/\/www.2020spaces.com\/de\/wp-json\/wp\/v2\/pages"}],"about":[{"href":"https:\/\/www.2020spaces.com\/de\/wp-json\/wp\/v2\/types\/page"}],"author":[{"embeddable":true,"href":"https:\/\/www.2020spaces.com\/de\/wp-json\/wp\/v2\/users\/26709"}],"replies":[{"embeddable":true,"href":"https:\/\/www.2020spaces.com\/de\/wp-json\/wp\/v2\/comments?post=10204"}],"version-history":[{"count":0,"href":"https:\/\/www.2020spaces.com\/de\/wp-json\/wp\/v2\/pages\/10204\/revisions"}],"wp:featuredmedia":[{"embeddable":true,"href":"https:\/\/www.2020spaces.com\/de\/wp-json\/wp\/v2\/media\/337345"}],"wp:attachment":[{"href":"https:\/\/www.2020spaces.com\/de\/wp-json\/wp\/v2\/media?parent=10204"}],"wp:term":[{"taxonomy":"category","embeddable":true,"href":"https:\/\/www.2020spaces.com\/de\/wp-json\/wp\/v2\/categories?post=10204"}],"curies":[{"name":"wp","href":"https:\/\/api.w.org\/{rel}","templated":true}]}}