{"id":10205,"date":"2014-05-06T08:08:53","date_gmt":"2014-05-06T12:08:53","guid":{"rendered":"https:\/\/www.2020spaces.com\/losungen\/einzelhandel\/"},"modified":"2022-05-02T14:31:40","modified_gmt":"2022-05-02T18:31:40","slug":"handel","status":"publish","type":"page","link":"https:\/\/www.2020spaces.com\/de\/losungen\/handel\/","title":{"rendered":"Handel"},"content":{"rendered":"<div class=\"wpb-content-wrapper\">[vc_row inner_container=&#8220;true&#8220; padding_top=&#8220;0px&#8220; padding_bottom=&#8220;0px&#8220; border=&#8220;none&#8220; no_margin=&#8220;true&#8220;][vc_column width=&#8220;1\/1&#8243;]<h1  class=\"h-custom-headline h1 accent\" ><span>2020 Handelsl\u00f6sungen<\/span><\/h1>[\/vc_column][\/vc_row][vc_row inner_container=&#8220;true&#8220; padding_top=&#8220;0px&#8220; padding_bottom=&#8220;50px&#8220; border=&#8220;none&#8220; no_margin=&#8220;true&#8220;][vc_column width=&#8220;1\/1&#8243;]<img decoding=\"async\"  class=\"x-img x-img-none right\" style=\"width:400px;\" src=\"https:\/\/www.2020spaces.com\/wp-content\/uploads\/2014\/05\/2020_Retail_Solutions_300x200.jpg\" alt=\"2020 Handelsl\u00f6sungen\"><p>Pr\u00e4sentieren Sie Ihre Produkte im Web auf eine Weise, die Kunden inspiriert, Ihre Produkte f\u00fcr ihr Zuhause zu finden, zu gestalten und zu visualisieren. Stellen Sie sich vor, Sie w\u00e4ren in der Lage, einen Raum in 3D zu planen, bevor Sie den Einkauf abschlie\u00dfen, und das Design \u00fcber soziale Medien mit Freunden zu teilen! Unsere unterhaltsamen und unkompliziert anwendbaren\u00a0L\u00f6sungen erfassen fr\u00fch im Kaufprozess die Vorstellungen der Kunden und verwandeln Besucher in K\u00e4ufer. Inspirieren Sie ihre Kunden!<\/p>\n<ul>\n<li>Bieten Sie eine Preisgestaltung in Echtzeit f\u00fcr Ihre Produkte, Funktionen, Optionen und Alternativen<\/li>\n<li>Die Kunden k\u00f6nnen alleine oder zusammen mit ihren Lieblingsdesignern oder Vertriebspartnern arbeiten<\/li>\n<li>Locken Sie mehr Besucher auf Ihre Webseite und steigern Sie die Umwandlungsrate von Besucher zu K\u00e4ufer<\/li>\n<li>Kundendesigns lassen sich in\u00a0Ihre internen Transaktionsprozessen integrieren, vom Verkauf\u00a0bis hin zur Lieferung<\/li>\n<\/ul>\n[\/vc_column][\/vc_row][vc_row inner_container=&#8220;true&#8220; padding_top=&#8220;0px&#8220; padding_bottom=&#8220;50px&#8220; border=&#8220;none&#8220; no_margin=&#8220;true&#8220;][vc_column width=&#8220;1\/1&#8243;][vc_row_inner no_margin=&#8220;true&#8220; padding_top=&#8220;0px&#8220; padding_bottom=&#8220;0px&#8220; border=&#8220;none&#8220;][vc_column_inner width=&#8220;1\/2&#8243;]<hr  class=\"x-gap\" style=\"margin: 1.313em 0 0 0;\"><p><img loading=\"lazy\" decoding=\"async\" class=\"alignnone wp-image-7825 size-medium\" src=\"https:\/\/www.2020spaces.com\/wp-content\/uploads\/2014\/05\/Logo_2020IdealSpaces-300x40.png\" alt=\"2020 Ideal Spaces Logo\" width=\"300\" height=\"40\" srcset=\"https:\/\/www.2020spaces.com\/wp-content\/uploads\/2014\/05\/Logo_2020IdealSpaces-300x40.png 300w, https:\/\/www.2020spaces.com\/wp-content\/uploads\/2014\/05\/Logo_2020IdealSpaces-100x13.png 100w, https:\/\/www.2020spaces.com\/wp-content\/uploads\/2014\/05\/Logo_2020IdealSpaces.png 515w\" sizes=\"auto, (max-width: 300px) 100vw, 300px\" \/><\/p>\n<p>2020 Ideal Spaces ist eine leistungsstarke webbasierte Innendesignl\u00f6sung. Als Einzelh\u00e4ndler k\u00f6nnen Sie 2020 Ideal Spaces auf Ihrer Webseite hosten und Kunden ein innovatives Portal zum Planen und Erwerben ihres n\u00e4chsten Innendesignprojektes anbieten. 2020 Ideal Spaces verschafft Kunden eine leichte und lustige Erstellung ihrer Designprojekte vom Anfang bis zum Ende, egal wo sie sind &#8211; und zwar mit Ihren Produkten und auf Ihrer Webseite. <a href=\"https:\/\/www.2020spaces.com\/de\/2020-produkte\/2020-ideal-spaces-de\/\" title=\"2020 Ideal Spaces\">Mehr lesen&#8230;<\/a><\/p>\n[\/vc_column_inner][vc_column_inner width=&#8220;1\/2&#8243;]<h2  class=\"h-custom-headline h3\" ><span>Welche Faktoren beeinflussen Kunden?<\/span><\/h2><h6 class=\"h-skill-bar\">Produktverf\u00fcgbarkeit<\/h6><div  class=\"x-skill-bar\" data-x-element=\"skill_bar\" data-x-params=\"{&quot;percent&quot;:&quot;78%&quot;}\"><div class=\"bar\" style=\"\"><div class=\"percent\">Kann ich diese Artikel wirklich kaufen?<\/div><\/div><\/div><h6 class=\"h-skill-bar\">Soziales Feedback<\/h6><div  class=\"x-skill-bar\" data-x-element=\"skill_bar\" data-x-params=\"{&quot;percent&quot;:&quot;89%&quot;}\"><div class=\"bar\" style=\"\"><div class=\"percent\">Wird es meinen Familienangeh\u00f6rigen &amp; Freunden gefallen? <\/div><\/div><\/div><h6 class=\"h-skill-bar\">Naturgetreue Visualisierung<\/h6><div  class=\"x-skill-bar\" data-x-element=\"skill_bar\" data-x-params=\"{&quot;percent&quot;:&quot;96%&quot;}\"><div class=\"bar\" style=\"\"><div class=\"percent\">Wie wird es wirklich aussehen?<\/div><\/div><\/div><h6 class=\"h-skill-bar\">Designerkompetenz<\/h6><div  class=\"x-skill-bar\" data-x-element=\"skill_bar\" data-x-params=\"{&quot;percent&quot;:&quot;83%&quot;}\"><div class=\"bar\" style=\"\"><div class=\"percent\">Wei\u00df diese Person, was sie tut?<\/div><\/div><\/div>[\/vc_column_inner][\/vc_row_inner]<hr  class=\"x-gap\" style=\"margin: 1.313em 0 0 0;\"><hr  class=\"x-hr\" >[vc_row_inner inner_container=&#8220;true&#8220; padding_top=&#8220;0px&#8220; padding_bottom=&#8220;0px&#8220; border=&#8220;none&#8220;][vc_column_inner width=&#8220;1\/4&#8243;]<p style=\"text-align: center; color: #f8971d;\"><i  class=\"x-icon x-icon-cogs\" style=\"text-align: center;      font-size:100px;\" data-x-icon-s=\"&#xf085;\" aria-hidden=\"true\"><\/i><\/p>\n[\/vc_column_inner][vc_column_inner width=&#8220;3\/4&#8243;]<hr  class=\"x-gap\" style=\"margin: 1.313em 0 0 0;\"><p>Unsere Handelskunden verwenden auch <a href=\"https:\/\/www.2020spaces.com\/de\/2020-produkte\/2020design-de\/\">2020 Design<\/a> und <a href=\"https:\/\/www.2020spaces.com\/2020products\/2020fusionlive\/\">2020 Fusion<\/a>, um professionelle Design-Dienstleistungen f\u00fcr die Ladenfl\u00e4che mithilfe von zentral verwalteten Katalogen f\u00fcr eine Preisgestaltung in Echtzeit bereitzustellen. Wir bieten Implementierungsdienstleistungen, um 2020 Design und 2020 Fusion im Back Office und in anderen Gesch\u00e4ftssystemen f\u00fcr internationale H\u00e4ndler mit Standorten auf der ganzen Welt zu integrieren.<\/p>\n[\/vc_column_inner][\/vc_row_inner][\/vc_column][\/vc_row]\n<\/div>","protected":false},"excerpt":{"rendered":"<p>[vc_row inner_container=&#8220;true&#8220; padding_top=&#8220;0px&#8220; padding_bottom=&#8220;0px&#8220; border=&#8220;none&#8220; no_margin=&#8220;true&#8220;][vc_column width=&#8220;1\/1&#8243;][\/vc_column][\/vc_row][vc_row inner_container=&#8220;true&#8220; padding_top=&#8220;0px&#8220; padding_bottom=&#8220;50px&#8220; border=&#8220;none&#8220; no_margin=&#8220;true&#8220;][vc_column width=&#8220;1\/1&#8243;][\/vc_column][\/vc_row][vc_row inner_container=&#8220;true&#8220; padding_top=&#8220;0px&#8220; padding_bottom=&#8220;50px&#8220; border=&#8220;none&#8220; no_margin=&#8220;true&#8220;][vc_column width=&#8220;1\/1&#8243;][vc_row_inner no_margin=&#8220;true&#8220; padding_top=&#8220;0px&#8220; padding_bottom=&#8220;0px&#8220; border=&#8220;none&#8220;][vc_column_inner width=&#8220;1\/2&#8243;][\/vc_column_inner][vc_column_inner width=&#8220;1\/2&#8243;][\/vc_column_inner][\/vc_row_inner][vc_row_inner inner_container=&#8220;true&#8220; padding_top=&#8220;0px&#8220; padding_bottom=&#8220;0px&#8220; border=&#8220;none&#8220;][vc_column_inner width=&#8220;1\/4&#8243;][\/vc_column_inner][vc_column_inner width=&#8220;3\/4&#8243;][\/vc_column_inner][\/vc_row_inner][\/vc_column][\/vc_row]<\/p>\n","protected":false},"author":1,"featured_media":0,"parent":10188,"menu_order":0,"comment_status":"open","ping_status":"closed","template":"template-blank-4.php","meta":{"_bbp_topic_count":0,"_bbp_reply_count":0,"_bbp_total_topic_count":0,"_bbp_total_reply_count":0,"_bbp_voice_count":0,"_bbp_anonymous_reply_count":0,"_bbp_topic_count_hidden":0,"_bbp_reply_count_hidden":0,"_bbp_forum_subforum_count":0,"footnotes":""},"categories":[],"class_list":["post-10205","page","type-page","status-publish","hentry","no-post-thumbnail"],"pp_force_visibility":null,"pp_subpost_visibility":null,"pp_inherited_force_visibility":null,"pp_inherited_subpost_visibility":null,"yoast_head":"<!-- This site is optimized with the Yoast SEO Premium plugin v27.4 (Yoast SEO v27.4) - https:\/\/yoast.com\/product\/yoast-seo-premium-wordpress\/ -->\n<title>2020 Handels-L\u00f6sungen<\/title>\n<meta name=\"description\" content=\"2020 L\u00f6sungen erm\u00f6glichen H\u00e4ndlern die Vorstellungskraft ihrer Kunden zu inspirieren und ein Kauferlebnis zu bieten, um Entscheidungen zu beschleunigen\" \/>\n<meta name=\"robots\" content=\"index, follow, max-snippet:-1, max-image-preview:large, max-video-preview:-1\" \/>\n<link rel=\"canonical\" href=\"https:\/\/www.2020spaces.com\/de\/losungen\/handel\/\" \/>\n<meta property=\"og:locale\" content=\"de_DE\" \/>\n<meta property=\"og:type\" content=\"article\" \/>\n<meta property=\"og:title\" content=\"Handel\" \/>\n<meta property=\"og:description\" content=\"2020 L\u00f6sungen erm\u00f6glichen H\u00e4ndlern die Vorstellungskraft ihrer Kunden zu inspirieren und ein Kauferlebnis zu bieten, um Entscheidungen zu beschleunigen\" \/>\n<meta property=\"og:url\" content=\"https:\/\/www.2020spaces.com\/de\/losungen\/handel\/\" \/>\n<meta property=\"og:site_name\" content=\"2020\" \/>\n<meta property=\"article:publisher\" content=\"https:\/\/www.facebook.com\/2020spaces\" \/>\n<meta property=\"article:modified_time\" content=\"2022-05-02T18:31:40+00:00\" \/>\n<meta property=\"og:image\" content=\"https:\/\/www.2020spaces.com\/wp-content\/uploads\/2014\/05\/Logo_2020IdealSpaces-300x40.png\" \/>\n<meta name=\"twitter:card\" content=\"summary_large_image\" \/>\n<meta name=\"twitter:site\" content=\"@2020spaces\" \/>\n<meta name=\"twitter:label1\" content=\"Gesch\u00e4tzte Lesezeit\" \/>\n\t<meta name=\"twitter:data1\" content=\"2 Minuten\" \/>\n<script type=\"application\/ld+json\" class=\"yoast-schema-graph\">{\"@context\":\"https:\\\/\\\/schema.org\",\"@graph\":[{\"@type\":\"WebPage\",\"@id\":\"https:\\\/\\\/www.2020spaces.com\\\/de\\\/losungen\\\/handel\\\/\",\"url\":\"https:\\\/\\\/www.2020spaces.com\\\/de\\\/losungen\\\/handel\\\/\",\"name\":\"2020 Handels-L\u00f6sungen\",\"isPartOf\":{\"@id\":\"https:\\\/\\\/www.2020spaces.com\\\/#website\"},\"primaryImageOfPage\":{\"@id\":\"https:\\\/\\\/www.2020spaces.com\\\/de\\\/losungen\\\/handel\\\/#primaryimage\"},\"image\":{\"@id\":\"https:\\\/\\\/www.2020spaces.com\\\/de\\\/losungen\\\/handel\\\/#primaryimage\"},\"thumbnailUrl\":\"https:\\\/\\\/www.2020spaces.com\\\/wp-content\\\/uploads\\\/2014\\\/05\\\/Logo_2020IdealSpaces-300x40.png\",\"datePublished\":\"2014-05-06T12:08:53+00:00\",\"dateModified\":\"2022-05-02T18:31:40+00:00\",\"description\":\"2020 L\u00f6sungen erm\u00f6glichen H\u00e4ndlern die Vorstellungskraft ihrer Kunden zu inspirieren und ein Kauferlebnis zu bieten, um Entscheidungen zu beschleunigen\",\"breadcrumb\":{\"@id\":\"https:\\\/\\\/www.2020spaces.com\\\/de\\\/losungen\\\/handel\\\/#breadcrumb\"},\"inLanguage\":\"de-DE\",\"potentialAction\":[{\"@type\":\"ReadAction\",\"target\":[\"https:\\\/\\\/www.2020spaces.com\\\/de\\\/losungen\\\/handel\\\/\"]}]},{\"@type\":\"ImageObject\",\"inLanguage\":\"de-DE\",\"@id\":\"https:\\\/\\\/www.2020spaces.com\\\/de\\\/losungen\\\/handel\\\/#primaryimage\",\"url\":\"https:\\\/\\\/www.2020spaces.com\\\/wp-content\\\/uploads\\\/2014\\\/05\\\/Logo_2020IdealSpaces-300x40.png\",\"contentUrl\":\"https:\\\/\\\/www.2020spaces.com\\\/wp-content\\\/uploads\\\/2014\\\/05\\\/Logo_2020IdealSpaces-300x40.png\"},{\"@type\":\"BreadcrumbList\",\"@id\":\"https:\\\/\\\/www.2020spaces.com\\\/de\\\/losungen\\\/handel\\\/#breadcrumb\",\"itemListElement\":[{\"@type\":\"ListItem\",\"position\":1,\"name\":\"Home\",\"item\":\"https:\\\/\\\/www.2020spaces.com\\\/de\\\/\"},{\"@type\":\"ListItem\",\"position\":2,\"name\":\"L\u00f6sungen\",\"item\":\"https:\\\/\\\/www.2020spaces.com\\\/de\\\/losungen\\\/\"},{\"@type\":\"ListItem\",\"position\":3,\"name\":\"Handel\"}]},{\"@type\":\"WebSite\",\"@id\":\"https:\\\/\\\/www.2020spaces.com\\\/#website\",\"url\":\"https:\\\/\\\/www.2020spaces.com\\\/\",\"name\":\"2020\",\"description\":\"Making Spaces for Life\u2122\",\"potentialAction\":[{\"@type\":\"SearchAction\",\"target\":{\"@type\":\"EntryPoint\",\"urlTemplate\":\"https:\\\/\\\/www.2020spaces.com\\\/?s={search_term_string}\"},\"query-input\":{\"@type\":\"PropertyValueSpecification\",\"valueRequired\":true,\"valueName\":\"search_term_string\"}}],\"inLanguage\":\"de-DE\"}]}<\/script>\n<!-- \/ Yoast SEO Premium plugin. -->","yoast_head_json":{"title":"2020 Handels-L\u00f6sungen","description":"2020 L\u00f6sungen erm\u00f6glichen H\u00e4ndlern die Vorstellungskraft ihrer Kunden zu inspirieren und ein Kauferlebnis zu bieten, um Entscheidungen zu beschleunigen","robots":{"index":"index","follow":"follow","max-snippet":"max-snippet:-1","max-image-preview":"max-image-preview:large","max-video-preview":"max-video-preview:-1"},"canonical":"https:\/\/www.2020spaces.com\/de\/losungen\/handel\/","og_locale":"de_DE","og_type":"article","og_title":"Handel","og_description":"2020 L\u00f6sungen erm\u00f6glichen H\u00e4ndlern die Vorstellungskraft ihrer Kunden zu inspirieren und ein Kauferlebnis zu bieten, um Entscheidungen zu beschleunigen","og_url":"https:\/\/www.2020spaces.com\/de\/losungen\/handel\/","og_site_name":"2020","article_publisher":"https:\/\/www.facebook.com\/2020spaces","article_modified_time":"2022-05-02T18:31:40+00:00","og_image":[{"url":"https:\/\/www.2020spaces.com\/wp-content\/uploads\/2014\/05\/Logo_2020IdealSpaces-300x40.png","type":"","width":"","height":""}],"twitter_card":"summary_large_image","twitter_site":"@2020spaces","twitter_misc":{"Gesch\u00e4tzte Lesezeit":"2 Minuten"},"schema":{"@context":"https:\/\/schema.org","@graph":[{"@type":"WebPage","@id":"https:\/\/www.2020spaces.com\/de\/losungen\/handel\/","url":"https:\/\/www.2020spaces.com\/de\/losungen\/handel\/","name":"2020 Handels-L\u00f6sungen","isPartOf":{"@id":"https:\/\/www.2020spaces.com\/#website"},"primaryImageOfPage":{"@id":"https:\/\/www.2020spaces.com\/de\/losungen\/handel\/#primaryimage"},"image":{"@id":"https:\/\/www.2020spaces.com\/de\/losungen\/handel\/#primaryimage"},"thumbnailUrl":"https:\/\/www.2020spaces.com\/wp-content\/uploads\/2014\/05\/Logo_2020IdealSpaces-300x40.png","datePublished":"2014-05-06T12:08:53+00:00","dateModified":"2022-05-02T18:31:40+00:00","description":"2020 L\u00f6sungen erm\u00f6glichen H\u00e4ndlern die Vorstellungskraft ihrer Kunden zu inspirieren und ein Kauferlebnis zu bieten, um Entscheidungen zu beschleunigen","breadcrumb":{"@id":"https:\/\/www.2020spaces.com\/de\/losungen\/handel\/#breadcrumb"},"inLanguage":"de-DE","potentialAction":[{"@type":"ReadAction","target":["https:\/\/www.2020spaces.com\/de\/losungen\/handel\/"]}]},{"@type":"ImageObject","inLanguage":"de-DE","@id":"https:\/\/www.2020spaces.com\/de\/losungen\/handel\/#primaryimage","url":"https:\/\/www.2020spaces.com\/wp-content\/uploads\/2014\/05\/Logo_2020IdealSpaces-300x40.png","contentUrl":"https:\/\/www.2020spaces.com\/wp-content\/uploads\/2014\/05\/Logo_2020IdealSpaces-300x40.png"},{"@type":"BreadcrumbList","@id":"https:\/\/www.2020spaces.com\/de\/losungen\/handel\/#breadcrumb","itemListElement":[{"@type":"ListItem","position":1,"name":"Home","item":"https:\/\/www.2020spaces.com\/de\/"},{"@type":"ListItem","position":2,"name":"L\u00f6sungen","item":"https:\/\/www.2020spaces.com\/de\/losungen\/"},{"@type":"ListItem","position":3,"name":"Handel"}]},{"@type":"WebSite","@id":"https:\/\/www.2020spaces.com\/#website","url":"https:\/\/www.2020spaces.com\/","name":"2020","description":"Making Spaces for Life\u2122","potentialAction":[{"@type":"SearchAction","target":{"@type":"EntryPoint","urlTemplate":"https:\/\/www.2020spaces.com\/?s={search_term_string}"},"query-input":{"@type":"PropertyValueSpecification","valueRequired":true,"valueName":"search_term_string"}}],"inLanguage":"de-DE"}]}},"_links":{"self":[{"href":"https:\/\/www.2020spaces.com\/de\/wp-json\/wp\/v2\/pages\/10205","targetHints":{"allow":["GET"]}}],"collection":[{"href":"https:\/\/www.2020spaces.com\/de\/wp-json\/wp\/v2\/pages"}],"about":[{"href":"https:\/\/www.2020spaces.com\/de\/wp-json\/wp\/v2\/types\/page"}],"author":[{"embeddable":true,"href":"https:\/\/www.2020spaces.com\/de\/wp-json\/wp\/v2\/users\/1"}],"replies":[{"embeddable":true,"href":"https:\/\/www.2020spaces.com\/de\/wp-json\/wp\/v2\/comments?post=10205"}],"version-history":[{"count":0,"href":"https:\/\/www.2020spaces.com\/de\/wp-json\/wp\/v2\/pages\/10205\/revisions"}],"up":[{"embeddable":true,"href":"https:\/\/www.2020spaces.com\/de\/wp-json\/wp\/v2\/pages\/10188"}],"wp:attachment":[{"href":"https:\/\/www.2020spaces.com\/de\/wp-json\/wp\/v2\/media?parent=10205"}],"wp:term":[{"taxonomy":"category","embeddable":true,"href":"https:\/\/www.2020spaces.com\/de\/wp-json\/wp\/v2\/categories?post=10205"}],"curies":[{"name":"wp","href":"https:\/\/api.w.org\/{rel}","templated":true}]}}