{"id":10239,"date":"2022-03-22T14:00:17","date_gmt":"2022-03-22T18:00:17","guid":{"rendered":"https:\/\/www.2020spaces.com\/2020-produkte\/"},"modified":"2024-07-20T06:59:32","modified_gmt":"2024-07-20T10:59:32","slug":"2020-produkte","status":"publish","type":"page","link":"https:\/\/www.2020spaces.com\/de\/2020-produkte\/","title":{"rendered":"2020 Produkte"},"content":{"rendered":"<div id=\"cs-content\" class=\"cs-content\"><\/div>\n","protected":false},"excerpt":{"rendered":"<p>Produkte Find the right product for Finden Sie die richtigen L\u00f6sungen f\u00fcr Das 2020-Produktportfolio bietet eine breite Palette von Produktivit\u00e4tswerkzeugen und Unternehmensl\u00f6sungen bis hin zur End-to-End L\u00f6sung, die sich auf die Gestaltung, Planung und Umsetzung von Wohn- und Gesch\u00e4ftsr\u00e4umen sowie die Herstellung von M\u00f6beln konzentrieren.W\u00e4hlen Sie die richtigen Produkte f\u00fcr &#8230; <\/p>\n<div><a href=\"https:\/\/www.2020spaces.com\/de\/2020-produkte\/\" class=\"more-link\">Read More<\/a><\/div>\n","protected":false},"author":26709,"featured_media":359307,"parent":0,"menu_order":0,"comment_status":"open","ping_status":"closed","template":"template-blank-4.php","meta":{"_bbp_topic_count":0,"_bbp_reply_count":0,"_bbp_total_topic_count":0,"_bbp_total_reply_count":0,"_bbp_voice_count":0,"_bbp_anonymous_reply_count":0,"_bbp_topic_count_hidden":0,"_bbp_reply_count_hidden":0,"_bbp_forum_subforum_count":0,"footnotes":""},"categories":[],"class_list":["post-10239","page","type-page","status-publish","has-post-thumbnail","hentry"],"pp_force_visibility":null,"pp_subpost_visibility":null,"pp_inherited_force_visibility":null,"pp_inherited_subpost_visibility":null,"yoast_head":"<!-- This site is optimized with the Yoast SEO Premium plugin v27.4 (Yoast SEO v27.4) - https:\/\/yoast.com\/product\/yoast-seo-premium-wordpress\/ -->\n<title>2020 Produktportfolio | 2020<\/title>\n<meta name=\"description\" content=\"Das 2020-Produktportfolio bietet eine breite Palette an Produktivit\u00e4tswerkzeugen und Unternehmensl\u00f6sungen, die sich auf die Gestaltung\" \/>\n<meta name=\"robots\" content=\"index, follow, max-snippet:-1, max-image-preview:large, max-video-preview:-1\" \/>\n<link rel=\"canonical\" href=\"https:\/\/www.2020spaces.com\/de\/2020-produkte\/\" \/>\n<meta property=\"og:locale\" content=\"de_DE\" \/>\n<meta property=\"og:type\" content=\"article\" \/>\n<meta property=\"og:title\" content=\"2020 Produkte\" \/>\n<meta property=\"og:description\" content=\"Das 2020-Produktportfolio bietet eine breite Palette an Produktivit\u00e4tswerkzeugen und Unternehmensl\u00f6sungen, die sich auf die Gestaltung\" \/>\n<meta property=\"og:url\" content=\"https:\/\/www.2020spaces.com\/de\/2020-produkte\/\" \/>\n<meta property=\"og:site_name\" content=\"2020\" \/>\n<meta property=\"article:publisher\" content=\"https:\/\/www.facebook.com\/2020spaces\" \/>\n<meta property=\"article:modified_time\" content=\"2024-07-20T10:59:32+00:00\" \/>\n<meta property=\"og:image\" content=\"https:\/\/www.2020spaces.com\/wp-content\/uploads\/2022\/02\/Social_1200x630_Product-Selection-.jpg\" \/>\n<meta name=\"twitter:card\" content=\"summary_large_image\" \/>\n<meta name=\"twitter:site\" content=\"@2020spaces\" \/>\n<meta name=\"twitter:label1\" content=\"Gesch\u00e4tzte Lesezeit\" \/>\n\t<meta name=\"twitter:data1\" content=\"1 Minute\" \/>\n<script type=\"application\/ld+json\" class=\"yoast-schema-graph\">{\"@context\":\"https:\\\/\\\/schema.org\",\"@graph\":[{\"@type\":\"WebPage\",\"@id\":\"https:\\\/\\\/www.2020spaces.com\\\/de\\\/2020-produkte\\\/\",\"url\":\"https:\\\/\\\/www.2020spaces.com\\\/de\\\/2020-produkte\\\/\",\"name\":\"2020 Produktportfolio | 2020\",\"isPartOf\":{\"@id\":\"https:\\\/\\\/www.2020spaces.com\\\/#website\"},\"primaryImageOfPage\":{\"@id\":\"https:\\\/\\\/www.2020spaces.com\\\/de\\\/2020-produkte\\\/#primaryimage\"},\"image\":{\"@id\":\"https:\\\/\\\/www.2020spaces.com\\\/de\\\/2020-produkte\\\/#primaryimage\"},\"thumbnailUrl\":\"https:\\\/\\\/www.2020spaces.com\\\/wp-content\\\/uploads\\\/2022\\\/02\\\/Featured_400x323_Product-Selection.jpg\",\"datePublished\":\"2022-03-22T18:00:17+00:00\",\"dateModified\":\"2024-07-20T10:59:32+00:00\",\"description\":\"Das 2020-Produktportfolio bietet eine breite Palette an Produktivit\u00e4tswerkzeugen und Unternehmensl\u00f6sungen, die sich auf die Gestaltung\",\"breadcrumb\":{\"@id\":\"https:\\\/\\\/www.2020spaces.com\\\/de\\\/2020-produkte\\\/#breadcrumb\"},\"inLanguage\":\"de-DE\",\"potentialAction\":[{\"@type\":\"ReadAction\",\"target\":[\"https:\\\/\\\/www.2020spaces.com\\\/de\\\/2020-produkte\\\/\"]}]},{\"@type\":\"ImageObject\",\"inLanguage\":\"de-DE\",\"@id\":\"https:\\\/\\\/www.2020spaces.com\\\/de\\\/2020-produkte\\\/#primaryimage\",\"url\":\"https:\\\/\\\/www.2020spaces.com\\\/wp-content\\\/uploads\\\/2022\\\/02\\\/Featured_400x323_Product-Selection.jpg\",\"contentUrl\":\"https:\\\/\\\/www.2020spaces.com\\\/wp-content\\\/uploads\\\/2022\\\/02\\\/Featured_400x323_Product-Selection.jpg\",\"width\":400,\"height\":323,\"caption\":\"2020 Products Page\"},{\"@type\":\"BreadcrumbList\",\"@id\":\"https:\\\/\\\/www.2020spaces.com\\\/de\\\/2020-produkte\\\/#breadcrumb\",\"itemListElement\":[{\"@type\":\"ListItem\",\"position\":1,\"name\":\"Home\",\"item\":\"https:\\\/\\\/www.2020spaces.com\\\/de\\\/\"},{\"@type\":\"ListItem\",\"position\":2,\"name\":\"2020 Produkte\"}]},{\"@type\":\"WebSite\",\"@id\":\"https:\\\/\\\/www.2020spaces.com\\\/#website\",\"url\":\"https:\\\/\\\/www.2020spaces.com\\\/\",\"name\":\"2020\",\"description\":\"Making Spaces for Life\u2122\",\"potentialAction\":[{\"@type\":\"SearchAction\",\"target\":{\"@type\":\"EntryPoint\",\"urlTemplate\":\"https:\\\/\\\/www.2020spaces.com\\\/?s={search_term_string}\"},\"query-input\":{\"@type\":\"PropertyValueSpecification\",\"valueRequired\":true,\"valueName\":\"search_term_string\"}}],\"inLanguage\":\"de-DE\"}]}<\/script>\n<!-- \/ Yoast SEO Premium plugin. -->","yoast_head_json":{"title":"2020 Produktportfolio | 2020","description":"Das 2020-Produktportfolio bietet eine breite Palette an Produktivit\u00e4tswerkzeugen und Unternehmensl\u00f6sungen, die sich auf die Gestaltung","robots":{"index":"index","follow":"follow","max-snippet":"max-snippet:-1","max-image-preview":"max-image-preview:large","max-video-preview":"max-video-preview:-1"},"canonical":"https:\/\/www.2020spaces.com\/de\/2020-produkte\/","og_locale":"de_DE","og_type":"article","og_title":"2020 Produkte","og_description":"Das 2020-Produktportfolio bietet eine breite Palette an Produktivit\u00e4tswerkzeugen und Unternehmensl\u00f6sungen, die sich auf die Gestaltung","og_url":"https:\/\/www.2020spaces.com\/de\/2020-produkte\/","og_site_name":"2020","article_publisher":"https:\/\/www.facebook.com\/2020spaces","article_modified_time":"2024-07-20T10:59:32+00:00","og_image":[{"url":"https:\/\/www.2020spaces.com\/wp-content\/uploads\/2022\/02\/Social_1200x630_Product-Selection-.jpg","type":"","width":"","height":""}],"twitter_card":"summary_large_image","twitter_site":"@2020spaces","twitter_misc":{"Gesch\u00e4tzte Lesezeit":"1 Minute"},"schema":{"@context":"https:\/\/schema.org","@graph":[{"@type":"WebPage","@id":"https:\/\/www.2020spaces.com\/de\/2020-produkte\/","url":"https:\/\/www.2020spaces.com\/de\/2020-produkte\/","name":"2020 Produktportfolio | 2020","isPartOf":{"@id":"https:\/\/www.2020spaces.com\/#website"},"primaryImageOfPage":{"@id":"https:\/\/www.2020spaces.com\/de\/2020-produkte\/#primaryimage"},"image":{"@id":"https:\/\/www.2020spaces.com\/de\/2020-produkte\/#primaryimage"},"thumbnailUrl":"https:\/\/www.2020spaces.com\/wp-content\/uploads\/2022\/02\/Featured_400x323_Product-Selection.jpg","datePublished":"2022-03-22T18:00:17+00:00","dateModified":"2024-07-20T10:59:32+00:00","description":"Das 2020-Produktportfolio bietet eine breite Palette an Produktivit\u00e4tswerkzeugen und Unternehmensl\u00f6sungen, die sich auf die Gestaltung","breadcrumb":{"@id":"https:\/\/www.2020spaces.com\/de\/2020-produkte\/#breadcrumb"},"inLanguage":"de-DE","potentialAction":[{"@type":"ReadAction","target":["https:\/\/www.2020spaces.com\/de\/2020-produkte\/"]}]},{"@type":"ImageObject","inLanguage":"de-DE","@id":"https:\/\/www.2020spaces.com\/de\/2020-produkte\/#primaryimage","url":"https:\/\/www.2020spaces.com\/wp-content\/uploads\/2022\/02\/Featured_400x323_Product-Selection.jpg","contentUrl":"https:\/\/www.2020spaces.com\/wp-content\/uploads\/2022\/02\/Featured_400x323_Product-Selection.jpg","width":400,"height":323,"caption":"2020 Products Page"},{"@type":"BreadcrumbList","@id":"https:\/\/www.2020spaces.com\/de\/2020-produkte\/#breadcrumb","itemListElement":[{"@type":"ListItem","position":1,"name":"Home","item":"https:\/\/www.2020spaces.com\/de\/"},{"@type":"ListItem","position":2,"name":"2020 Produkte"}]},{"@type":"WebSite","@id":"https:\/\/www.2020spaces.com\/#website","url":"https:\/\/www.2020spaces.com\/","name":"2020","description":"Making Spaces for Life\u2122","potentialAction":[{"@type":"SearchAction","target":{"@type":"EntryPoint","urlTemplate":"https:\/\/www.2020spaces.com\/?s={search_term_string}"},"query-input":{"@type":"PropertyValueSpecification","valueRequired":true,"valueName":"search_term_string"}}],"inLanguage":"de-DE"}]}},"_links":{"self":[{"href":"https:\/\/www.2020spaces.com\/de\/wp-json\/wp\/v2\/pages\/10239","targetHints":{"allow":["GET"]}}],"collection":[{"href":"https:\/\/www.2020spaces.com\/de\/wp-json\/wp\/v2\/pages"}],"about":[{"href":"https:\/\/www.2020spaces.com\/de\/wp-json\/wp\/v2\/types\/page"}],"author":[{"embeddable":true,"href":"https:\/\/www.2020spaces.com\/de\/wp-json\/wp\/v2\/users\/26709"}],"replies":[{"embeddable":true,"href":"https:\/\/www.2020spaces.com\/de\/wp-json\/wp\/v2\/comments?post=10239"}],"version-history":[{"count":0,"href":"https:\/\/www.2020spaces.com\/de\/wp-json\/wp\/v2\/pages\/10239\/revisions"}],"wp:featuredmedia":[{"embeddable":true,"href":"https:\/\/www.2020spaces.com\/de\/wp-json\/wp\/v2\/media\/359307"}],"wp:attachment":[{"href":"https:\/\/www.2020spaces.com\/de\/wp-json\/wp\/v2\/media?parent=10239"}],"wp:term":[{"taxonomy":"category","embeddable":true,"href":"https:\/\/www.2020spaces.com\/de\/wp-json\/wp\/v2\/categories?post=10239"}],"curies":[{"name":"wp","href":"https:\/\/api.w.org\/{rel}","templated":true}]}}