{"id":10335,"date":"2014-06-18T13:17:12","date_gmt":"2014-06-18T17:17:12","guid":{"rendered":"https:\/\/www.2020spaces.com\/installations-support\/"},"modified":"2023-04-25T06:22:54","modified_gmt":"2023-04-25T10:22:54","slug":"installations-support","status":"publish","type":"page","link":"https:\/\/www.2020spaces.com\/de\/support-de\/installations-support\/","title":{"rendered":"Installations-Support und Systemanforderungen"},"content":{"rendered":"<div id=\"cs-content\" class=\"cs-content\"><\/div>\n","protected":false},"excerpt":{"rendered":"<p>Installationsunterst\u00fctzung und SystemanforderungenWillkommen in unserer Community und vielen Dank, dass Sie sich f\u00fcr eine 2020 Software entschieden haben. Bitte w\u00e4hlen Sie unten Ihre Produkt-Installationsanleitung aus. 2020 Allgemeine Softwarelizenz- und Servicebedingungen. Version 11.6 oder h\u00f6her: Installationsanleitung (PDF) Version 11.5 oder fr\u00fcher: Installationsanleitung (PDF) Katalog Inhalt: Installationsanleitung Systemanforderungen eCommerce FAQ Installationsanleitung (PDF) &#8230; <\/p>\n<div><a href=\"https:\/\/www.2020spaces.com\/de\/support-de\/installations-support\/\" class=\"more-link\">Read More<\/a><\/div>\n","protected":false},"author":1,"featured_media":0,"parent":10342,"menu_order":0,"comment_status":"closed","ping_status":"open","template":"template-blank-4.php","meta":{"_bbp_topic_count":0,"_bbp_reply_count":0,"_bbp_total_topic_count":0,"_bbp_total_reply_count":0,"_bbp_voice_count":0,"_bbp_anonymous_reply_count":0,"_bbp_topic_count_hidden":0,"_bbp_reply_count_hidden":0,"_bbp_forum_subforum_count":0,"footnotes":""},"categories":[],"class_list":["post-10335","page","type-page","status-publish","hentry","no-post-thumbnail"],"pp_force_visibility":null,"pp_subpost_visibility":null,"pp_inherited_force_visibility":null,"pp_inherited_subpost_visibility":null,"yoast_head":"<!-- This site is optimized with the Yoast SEO Premium plugin v27.4 (Yoast SEO v27.4) - https:\/\/yoast.com\/product\/yoast-seo-premium-wordpress\/ -->\n<title>Installations-Support und Systemanforderungen - 2020<\/title>\n<meta name=\"description\" content=\"W\u00e4hlen Sie Ihre Produkt-Installationsanleitung und erhalten Sie Unterst\u00fctzung. 2020 hilft Kreativen, Ideen zum Leben zu erwecken.\" \/>\n<meta name=\"robots\" content=\"index, follow, max-snippet:-1, max-image-preview:large, max-video-preview:-1\" \/>\n<link rel=\"canonical\" href=\"https:\/\/www.2020spaces.com\/de\/support-de\/installations-support\/\" \/>\n<meta property=\"og:locale\" content=\"de_DE\" \/>\n<meta property=\"og:type\" content=\"article\" \/>\n<meta property=\"og:title\" content=\"Installations-Support und Systemanforderungen\" \/>\n<meta property=\"og:description\" content=\"W\u00e4hlen Sie Ihre Produkt-Installationsanleitung und erhalten Sie Unterst\u00fctzung. 2020 hilft Kreativen, Ideen zum Leben zu erwecken.\" \/>\n<meta property=\"og:url\" content=\"https:\/\/www.2020spaces.com\/de\/support-de\/installations-support\/\" \/>\n<meta property=\"og:site_name\" content=\"2020\" \/>\n<meta property=\"article:publisher\" content=\"https:\/\/www.facebook.com\/2020spaces\" \/>\n<meta property=\"article:modified_time\" content=\"2023-04-25T10:22:54+00:00\" \/>\n<meta name=\"twitter:card\" content=\"summary_large_image\" \/>\n<meta name=\"twitter:site\" content=\"@2020spaces\" \/>\n<meta name=\"twitter:label1\" content=\"Gesch\u00e4tzte Lesezeit\" \/>\n\t<meta name=\"twitter:data1\" content=\"2 Minuten\" \/>\n<script type=\"application\/ld+json\" class=\"yoast-schema-graph\">{\"@context\":\"https:\\\/\\\/schema.org\",\"@graph\":[{\"@type\":\"WebPage\",\"@id\":\"https:\\\/\\\/www.2020spaces.com\\\/de\\\/support-de\\\/installations-support\\\/\",\"url\":\"https:\\\/\\\/www.2020spaces.com\\\/de\\\/support-de\\\/installations-support\\\/\",\"name\":\"Installations-Support und Systemanforderungen - 2020\",\"isPartOf\":{\"@id\":\"https:\\\/\\\/www.2020spaces.com\\\/#website\"},\"datePublished\":\"2014-06-18T17:17:12+00:00\",\"dateModified\":\"2023-04-25T10:22:54+00:00\",\"description\":\"W\u00e4hlen Sie Ihre Produkt-Installationsanleitung und erhalten Sie Unterst\u00fctzung. 2020 hilft Kreativen, Ideen zum Leben zu erwecken.\",\"breadcrumb\":{\"@id\":\"https:\\\/\\\/www.2020spaces.com\\\/de\\\/support-de\\\/installations-support\\\/#breadcrumb\"},\"inLanguage\":\"de-DE\",\"potentialAction\":[{\"@type\":\"ReadAction\",\"target\":[\"https:\\\/\\\/www.2020spaces.com\\\/de\\\/support-de\\\/installations-support\\\/\"]}]},{\"@type\":\"BreadcrumbList\",\"@id\":\"https:\\\/\\\/www.2020spaces.com\\\/de\\\/support-de\\\/installations-support\\\/#breadcrumb\",\"itemListElement\":[{\"@type\":\"ListItem\",\"position\":1,\"name\":\"Home\",\"item\":\"https:\\\/\\\/www.2020spaces.com\\\/de\\\/\"},{\"@type\":\"ListItem\",\"position\":2,\"name\":\"Support\",\"item\":\"https:\\\/\\\/www.2020spaces.com\\\/de\\\/support-de\\\/\"},{\"@type\":\"ListItem\",\"position\":3,\"name\":\"Installations-Support und Systemanforderungen\"}]},{\"@type\":\"WebSite\",\"@id\":\"https:\\\/\\\/www.2020spaces.com\\\/#website\",\"url\":\"https:\\\/\\\/www.2020spaces.com\\\/\",\"name\":\"2020\",\"description\":\"Making Spaces for Life\u2122\",\"potentialAction\":[{\"@type\":\"SearchAction\",\"target\":{\"@type\":\"EntryPoint\",\"urlTemplate\":\"https:\\\/\\\/www.2020spaces.com\\\/?s={search_term_string}\"},\"query-input\":{\"@type\":\"PropertyValueSpecification\",\"valueRequired\":true,\"valueName\":\"search_term_string\"}}],\"inLanguage\":\"de-DE\"}]}<\/script>\n<!-- \/ Yoast SEO Premium plugin. -->","yoast_head_json":{"title":"Installations-Support und Systemanforderungen - 2020","description":"W\u00e4hlen Sie Ihre Produkt-Installationsanleitung und erhalten Sie Unterst\u00fctzung. 2020 hilft Kreativen, Ideen zum Leben zu erwecken.","robots":{"index":"index","follow":"follow","max-snippet":"max-snippet:-1","max-image-preview":"max-image-preview:large","max-video-preview":"max-video-preview:-1"},"canonical":"https:\/\/www.2020spaces.com\/de\/support-de\/installations-support\/","og_locale":"de_DE","og_type":"article","og_title":"Installations-Support und Systemanforderungen","og_description":"W\u00e4hlen Sie Ihre Produkt-Installationsanleitung und erhalten Sie Unterst\u00fctzung. 2020 hilft Kreativen, Ideen zum Leben zu erwecken.","og_url":"https:\/\/www.2020spaces.com\/de\/support-de\/installations-support\/","og_site_name":"2020","article_publisher":"https:\/\/www.facebook.com\/2020spaces","article_modified_time":"2023-04-25T10:22:54+00:00","twitter_card":"summary_large_image","twitter_site":"@2020spaces","twitter_misc":{"Gesch\u00e4tzte Lesezeit":"2 Minuten"},"schema":{"@context":"https:\/\/schema.org","@graph":[{"@type":"WebPage","@id":"https:\/\/www.2020spaces.com\/de\/support-de\/installations-support\/","url":"https:\/\/www.2020spaces.com\/de\/support-de\/installations-support\/","name":"Installations-Support und Systemanforderungen - 2020","isPartOf":{"@id":"https:\/\/www.2020spaces.com\/#website"},"datePublished":"2014-06-18T17:17:12+00:00","dateModified":"2023-04-25T10:22:54+00:00","description":"W\u00e4hlen Sie Ihre Produkt-Installationsanleitung und erhalten Sie Unterst\u00fctzung. 2020 hilft Kreativen, Ideen zum Leben zu erwecken.","breadcrumb":{"@id":"https:\/\/www.2020spaces.com\/de\/support-de\/installations-support\/#breadcrumb"},"inLanguage":"de-DE","potentialAction":[{"@type":"ReadAction","target":["https:\/\/www.2020spaces.com\/de\/support-de\/installations-support\/"]}]},{"@type":"BreadcrumbList","@id":"https:\/\/www.2020spaces.com\/de\/support-de\/installations-support\/#breadcrumb","itemListElement":[{"@type":"ListItem","position":1,"name":"Home","item":"https:\/\/www.2020spaces.com\/de\/"},{"@type":"ListItem","position":2,"name":"Support","item":"https:\/\/www.2020spaces.com\/de\/support-de\/"},{"@type":"ListItem","position":3,"name":"Installations-Support und Systemanforderungen"}]},{"@type":"WebSite","@id":"https:\/\/www.2020spaces.com\/#website","url":"https:\/\/www.2020spaces.com\/","name":"2020","description":"Making Spaces for Life\u2122","potentialAction":[{"@type":"SearchAction","target":{"@type":"EntryPoint","urlTemplate":"https:\/\/www.2020spaces.com\/?s={search_term_string}"},"query-input":{"@type":"PropertyValueSpecification","valueRequired":true,"valueName":"search_term_string"}}],"inLanguage":"de-DE"}]}},"_links":{"self":[{"href":"https:\/\/www.2020spaces.com\/de\/wp-json\/wp\/v2\/pages\/10335","targetHints":{"allow":["GET"]}}],"collection":[{"href":"https:\/\/www.2020spaces.com\/de\/wp-json\/wp\/v2\/pages"}],"about":[{"href":"https:\/\/www.2020spaces.com\/de\/wp-json\/wp\/v2\/types\/page"}],"author":[{"embeddable":true,"href":"https:\/\/www.2020spaces.com\/de\/wp-json\/wp\/v2\/users\/1"}],"replies":[{"embeddable":true,"href":"https:\/\/www.2020spaces.com\/de\/wp-json\/wp\/v2\/comments?post=10335"}],"version-history":[{"count":0,"href":"https:\/\/www.2020spaces.com\/de\/wp-json\/wp\/v2\/pages\/10335\/revisions"}],"up":[{"embeddable":true,"href":"https:\/\/www.2020spaces.com\/de\/wp-json\/wp\/v2\/pages\/10342"}],"wp:attachment":[{"href":"https:\/\/www.2020spaces.com\/de\/wp-json\/wp\/v2\/media?parent=10335"}],"wp:term":[{"taxonomy":"category","embeddable":true,"href":"https:\/\/www.2020spaces.com\/de\/wp-json\/wp\/v2\/categories?post=10335"}],"curies":[{"name":"wp","href":"https:\/\/api.w.org\/{rel}","templated":true}]}}