{"id":10342,"date":"2014-06-03T08:27:41","date_gmt":"2014-06-03T12:27:41","guid":{"rendered":"https:\/\/www.2020spaces.com\/support-2\/"},"modified":"2022-09-29T09:42:25","modified_gmt":"2022-09-29T13:42:25","slug":"support-de","status":"publish","type":"page","link":"https:\/\/www.2020spaces.com\/de\/support-de\/","title":{"rendered":"Support"},"content":{"rendered":"<div id=\"cs-content\" class=\"cs-content\"><\/div>\n","protected":false},"excerpt":{"rendered":"<p>Willkommen beim 2020 KundensupportWie k\u00f6nnen wir Ihnen heute behilflich sein?F\u00fcr welches Produkt ben\u00f6tigen Sie Unterst\u00fctzung? W\u00e4hlen Sie Ihr ProduktW\u00e4hle eine Option2020 Design2020 Design Live2020 Fusion2020 Insight2020 Cap2020 Giza2020 Visual Impression2020 Worksheet2020 Ideal Spaces2020 DesignW\u00e4hlen Sie Ihre Region ausBrasilien (VAR)FrankreichIndienJapan (VAR)KanadaMexikoMittlerer OstenNeuseeland (VAR)\u00d6sterreichRussland (VAR)S\u00fcdamerika (au\u00dfer Brasilien)USAVereinigtes K\u00f6nigreichAndere2020 Design LiveW\u00e4hlen Sie Ihre &#8230; <\/p>\n<div><a href=\"https:\/\/www.2020spaces.com\/de\/support-de\/\" class=\"more-link\">Read More<\/a><\/div>\n","protected":false},"author":1,"featured_media":0,"parent":0,"menu_order":0,"comment_status":"closed","ping_status":"closed","template":"template-blank-4.php","meta":{"_bbp_topic_count":0,"_bbp_reply_count":0,"_bbp_total_topic_count":0,"_bbp_total_reply_count":0,"_bbp_voice_count":0,"_bbp_anonymous_reply_count":0,"_bbp_topic_count_hidden":0,"_bbp_reply_count_hidden":0,"_bbp_forum_subforum_count":0,"footnotes":""},"categories":[],"class_list":["post-10342","page","type-page","status-publish","hentry","no-post-thumbnail"],"pp_force_visibility":null,"pp_subpost_visibility":null,"pp_inherited_force_visibility":null,"pp_inherited_subpost_visibility":null,"yoast_head":"<!-- This site is optimized with the Yoast SEO Premium plugin v27.4 (Yoast SEO v27.4) - https:\/\/yoast.com\/product\/yoast-seo-premium-wordpress\/ -->\n<title>2020 Support - 2020s Instandhaltungs- und Support-Programm<\/title>\n<meta name=\"description\" content=\"2020s weltweites Instandhaltungs- und Supportprogramm, das neue und bestehende Kunden unterst\u00fctzt, damit sie durchstarten und leistungsstark sein k\u00f6nnen.\" \/>\n<meta name=\"robots\" content=\"index, follow, max-snippet:-1, max-image-preview:large, max-video-preview:-1\" \/>\n<link rel=\"canonical\" href=\"https:\/\/www.2020spaces.com\/de\/support-de\/\" \/>\n<meta property=\"og:locale\" content=\"de_DE\" \/>\n<meta property=\"og:type\" content=\"article\" \/>\n<meta property=\"og:title\" content=\"Support\" \/>\n<meta property=\"og:description\" content=\"2020s weltweites Instandhaltungs- und Supportprogramm, das neue und bestehende Kunden unterst\u00fctzt, damit sie durchstarten und leistungsstark sein k\u00f6nnen.\" \/>\n<meta property=\"og:url\" content=\"https:\/\/www.2020spaces.com\/de\/support-de\/\" \/>\n<meta property=\"og:site_name\" content=\"2020\" \/>\n<meta property=\"article:publisher\" content=\"https:\/\/www.facebook.com\/2020spaces\" \/>\n<meta property=\"article:modified_time\" content=\"2022-09-29T13:42:25+00:00\" \/>\n<meta name=\"twitter:card\" content=\"summary_large_image\" \/>\n<meta name=\"twitter:site\" content=\"@2020spaces\" \/>\n<meta name=\"twitter:label1\" content=\"Gesch\u00e4tzte Lesezeit\" \/>\n\t<meta name=\"twitter:data1\" content=\"6 Minuten\" \/>\n<script type=\"application\/ld+json\" class=\"yoast-schema-graph\">{\"@context\":\"https:\\\/\\\/schema.org\",\"@graph\":[{\"@type\":\"WebPage\",\"@id\":\"https:\\\/\\\/www.2020spaces.com\\\/de\\\/support-de\\\/\",\"url\":\"https:\\\/\\\/www.2020spaces.com\\\/de\\\/support-de\\\/\",\"name\":\"2020 Support - 2020s Instandhaltungs- und Support-Programm\",\"isPartOf\":{\"@id\":\"https:\\\/\\\/www.2020spaces.com\\\/#website\"},\"datePublished\":\"2014-06-03T12:27:41+00:00\",\"dateModified\":\"2022-09-29T13:42:25+00:00\",\"description\":\"2020s weltweites Instandhaltungs- und Supportprogramm, das neue und bestehende Kunden unterst\u00fctzt, damit sie durchstarten und leistungsstark sein k\u00f6nnen.\",\"breadcrumb\":{\"@id\":\"https:\\\/\\\/www.2020spaces.com\\\/de\\\/support-de\\\/#breadcrumb\"},\"inLanguage\":\"de-DE\",\"potentialAction\":[{\"@type\":\"ReadAction\",\"target\":[\"https:\\\/\\\/www.2020spaces.com\\\/de\\\/support-de\\\/\"]}]},{\"@type\":\"BreadcrumbList\",\"@id\":\"https:\\\/\\\/www.2020spaces.com\\\/de\\\/support-de\\\/#breadcrumb\",\"itemListElement\":[{\"@type\":\"ListItem\",\"position\":1,\"name\":\"Home\",\"item\":\"https:\\\/\\\/www.2020spaces.com\\\/de\\\/\"},{\"@type\":\"ListItem\",\"position\":2,\"name\":\"Support\"}]},{\"@type\":\"WebSite\",\"@id\":\"https:\\\/\\\/www.2020spaces.com\\\/#website\",\"url\":\"https:\\\/\\\/www.2020spaces.com\\\/\",\"name\":\"2020\",\"description\":\"Making Spaces for Life\u2122\",\"potentialAction\":[{\"@type\":\"SearchAction\",\"target\":{\"@type\":\"EntryPoint\",\"urlTemplate\":\"https:\\\/\\\/www.2020spaces.com\\\/?s={search_term_string}\"},\"query-input\":{\"@type\":\"PropertyValueSpecification\",\"valueRequired\":true,\"valueName\":\"search_term_string\"}}],\"inLanguage\":\"de-DE\"}]}<\/script>\n<!-- \/ Yoast SEO Premium plugin. -->","yoast_head_json":{"title":"2020 Support - 2020s Instandhaltungs- und Support-Programm","description":"2020s weltweites Instandhaltungs- und Supportprogramm, das neue und bestehende Kunden unterst\u00fctzt, damit sie durchstarten und leistungsstark sein k\u00f6nnen.","robots":{"index":"index","follow":"follow","max-snippet":"max-snippet:-1","max-image-preview":"max-image-preview:large","max-video-preview":"max-video-preview:-1"},"canonical":"https:\/\/www.2020spaces.com\/de\/support-de\/","og_locale":"de_DE","og_type":"article","og_title":"Support","og_description":"2020s weltweites Instandhaltungs- und Supportprogramm, das neue und bestehende Kunden unterst\u00fctzt, damit sie durchstarten und leistungsstark sein k\u00f6nnen.","og_url":"https:\/\/www.2020spaces.com\/de\/support-de\/","og_site_name":"2020","article_publisher":"https:\/\/www.facebook.com\/2020spaces","article_modified_time":"2022-09-29T13:42:25+00:00","twitter_card":"summary_large_image","twitter_site":"@2020spaces","twitter_misc":{"Gesch\u00e4tzte Lesezeit":"6 Minuten"},"schema":{"@context":"https:\/\/schema.org","@graph":[{"@type":"WebPage","@id":"https:\/\/www.2020spaces.com\/de\/support-de\/","url":"https:\/\/www.2020spaces.com\/de\/support-de\/","name":"2020 Support - 2020s Instandhaltungs- und Support-Programm","isPartOf":{"@id":"https:\/\/www.2020spaces.com\/#website"},"datePublished":"2014-06-03T12:27:41+00:00","dateModified":"2022-09-29T13:42:25+00:00","description":"2020s weltweites Instandhaltungs- und Supportprogramm, das neue und bestehende Kunden unterst\u00fctzt, damit sie durchstarten und leistungsstark sein k\u00f6nnen.","breadcrumb":{"@id":"https:\/\/www.2020spaces.com\/de\/support-de\/#breadcrumb"},"inLanguage":"de-DE","potentialAction":[{"@type":"ReadAction","target":["https:\/\/www.2020spaces.com\/de\/support-de\/"]}]},{"@type":"BreadcrumbList","@id":"https:\/\/www.2020spaces.com\/de\/support-de\/#breadcrumb","itemListElement":[{"@type":"ListItem","position":1,"name":"Home","item":"https:\/\/www.2020spaces.com\/de\/"},{"@type":"ListItem","position":2,"name":"Support"}]},{"@type":"WebSite","@id":"https:\/\/www.2020spaces.com\/#website","url":"https:\/\/www.2020spaces.com\/","name":"2020","description":"Making Spaces for Life\u2122","potentialAction":[{"@type":"SearchAction","target":{"@type":"EntryPoint","urlTemplate":"https:\/\/www.2020spaces.com\/?s={search_term_string}"},"query-input":{"@type":"PropertyValueSpecification","valueRequired":true,"valueName":"search_term_string"}}],"inLanguage":"de-DE"}]}},"_links":{"self":[{"href":"https:\/\/www.2020spaces.com\/de\/wp-json\/wp\/v2\/pages\/10342","targetHints":{"allow":["GET"]}}],"collection":[{"href":"https:\/\/www.2020spaces.com\/de\/wp-json\/wp\/v2\/pages"}],"about":[{"href":"https:\/\/www.2020spaces.com\/de\/wp-json\/wp\/v2\/types\/page"}],"author":[{"embeddable":true,"href":"https:\/\/www.2020spaces.com\/de\/wp-json\/wp\/v2\/users\/1"}],"replies":[{"embeddable":true,"href":"https:\/\/www.2020spaces.com\/de\/wp-json\/wp\/v2\/comments?post=10342"}],"version-history":[{"count":0,"href":"https:\/\/www.2020spaces.com\/de\/wp-json\/wp\/v2\/pages\/10342\/revisions"}],"wp:attachment":[{"href":"https:\/\/www.2020spaces.com\/de\/wp-json\/wp\/v2\/media?parent=10342"}],"wp:term":[{"taxonomy":"category","embeddable":true,"href":"https:\/\/www.2020spaces.com\/de\/wp-json\/wp\/v2\/categories?post=10342"}],"curies":[{"name":"wp","href":"https:\/\/api.w.org\/{rel}","templated":true}]}}