{"id":10645,"date":"2014-06-03T09:46:29","date_gmt":"2014-06-03T13:46:29","guid":{"rendered":"https:\/\/www.2020spaces.com\/?page_id=10645"},"modified":"2022-02-28T20:35:03","modified_gmt":"2022-03-01T01:35:03","slug":"austria","status":"publish","type":"page","link":"https:\/\/www.2020spaces.com\/de\/support-de\/austria\/","title":{"rendered":"Austria"},"content":{"rendered":"<div class=\"wpb-content-wrapper\">[vc_row][vc_column width=&#8220;1\/1&#8243;]<ul  class=\"x-nav x-nav-tabs three-up none\"  data-x-element=\"tab_nav\" data-x-params=\"{&quot;orientation&quot;:&quot;vertical&quot;}\" role=\"tablist\"><li  class=\"x-nav-tabs-item active\"  role=\"presentation\"><a id=\"x-legacy-tab-1\" aria-selected=\"true\" aria-controls=\"x-legacy-panel-1\" role=\"tab\" data-x-toggle=\"tab\" data-x-toggleable=\"x-legacy-tab-1\" data-x-toggle-group=\"69dfb09dc5a1d\">Unser B\u00fcro<\/a><\/li><li  class=\"x-nav-tabs-item\"  role=\"presentation\"><a id=\"x-legacy-tab-2\" aria-selected=\"false\" aria-controls=\"x-legacy-panel-2\" role=\"tab\" data-x-toggle=\"tab\" data-x-toggleable=\"x-legacy-tab-2\" data-x-toggle-group=\"69dfb09dc5a1d\">Support<\/a><\/li><li id=\"Kontaktieren Sie uns\" class=\"x-nav-tabs-item\"  role=\"presentation\"><a id=\"x-legacy-tab-3\" aria-selected=\"false\" aria-controls=\"x-legacy-panel-3\" role=\"tab\" data-x-toggle=\"tab\" data-x-toggleable=\"x-legacy-tab-3\" data-x-toggle-group=\"69dfb09dc5a1d\">Kontaktieren Sie uns<\/a><\/li><\/ul><div  class=\"x-tab-content\" ><div id=\"x-legacy-panel-1\" class=\"x-tab-pane active\"  aria-hidden=\"false\" aria-labelledby=\"x-legacy-tab-1\" role=\"tabpanel\" data-x-toggleable=\"x-legacy-tab-1\"><div  class=\"x-column x-sm x-1-2\" style=\"\" >\n<div id=\"attachment_7321\" style=\"width: 346px\" class=\"wp-caption aligncenter\"><img loading=\"lazy\" decoding=\"async\" aria-describedby=\"caption-attachment-7321\" class=\"wp-image-7321 size-full\" src=\"https:\/\/www.2020spaces.com\/wp-content\/uploads\/2014\/05\/Locations_Austria.png\" alt=\"2020 Office in Austria\" width=\"336\" height=\"301\" srcset=\"https:\/\/www.2020spaces.com\/wp-content\/uploads\/2014\/05\/Locations_Austria.png 336w, https:\/\/www.2020spaces.com\/wp-content\/uploads\/2014\/05\/Locations_Austria-300x268.png 300w, https:\/\/www.2020spaces.com\/wp-content\/uploads\/2014\/05\/Locations_Austria-100x89.png 100w\" sizes=\"auto, (max-width: 336px) 100vw, 336px\" \/><p id=\"caption-attachment-7321\" class=\"wp-caption-text\">2020 B\u00dcRO IN \u00d6STERREICH<\/p><\/div>\n<\/div>\n<div  class=\"x-column x-sm x-1-2 last\" style=\"\" >\n<h1 style=\"margin:10px 0;font-size:2em;font-weight:bold;\">2020 B\u00fcro in \u00d6sterreich<\/h1>\n<p>Das \u00f6sterreichische B\u00fcro von 2020 befindet sich in der Wiener Neustadt. Unser engagiertes, hochqualifiziertes und erfahrenes Team hilft Ihnen gerne bei allen Fragestellungen rund um das Thema Inneneinrichtungs- und Fertigungssoftware.<\/p>\n<p>Vernetzen Sie sich heute mit Ihrem 2020 Kundenbetreuer oder rufen Sie uns an.<\/p>\n<p><strong>M\u00f6chten Sie Teil einen interessanten und dynamischen Teams werden? <\/strong><br \/>\nWir suchen immer nach Talenten. Besuchen Sie unsere <a title=\"2020 Careers\" href=\"https:\/\/www.2020spaces.com\/de\/uber-uns\/karriere\/\" target=\"_blank\" rel=\"noopener noreferrer\">Karriere-Seite <\/a>und sehen Sie unsere aktuellen Job-Angebote.<\/p>\n<\/div><\/div><div id=\"x-legacy-panel-2\" class=\"x-tab-pane\"  aria-hidden=\"true\" aria-labelledby=\"x-legacy-tab-2\" role=\"tabpanel\" data-x-toggleable=\"x-legacy-tab-2\">Wir versehen unsere Produkte laufend mit produktivit\u00e4tssteigernden Funktionen. <a title=\"See 2020 Products\" href=\"https:\/\/www.2020spaces.com\/de\/2020-produkte\/\" target=\"_blank\" rel=\"noopener noreferrer\">Erfahren Sie mehr<\/a> \u00fcber die neuesten 2020 -Software-L\u00f6sungen und 2020 -Produktupdates.<\/p>\n<div  class=\"x-column x-sm x-1-3\" style=\"\" >\n<h5>Technische Unterst\u00fctzung<\/h5>\n<p>Ob per Email, Telefon oder im Live-Chat, 2020 bietet einen beispiellosen technischen Support f\u00fcr alle seine Kunden mit <a title=\"Log in to 2020.net\" href=\"https:\/\/2020.net\/Login.aspx\" target=\"_blank\" rel=\"noopener noreferrer\">Wartungs- und Support-Vertr\u00e4gen <\/a> an.<\/p>\n<p><strong>F\u00fcr mehr Informationen<br \/>\n<\/strong>Kontaktieren Sie Ihren Kundenbetreuer und erfahren Sie, wie wir Unternehmen unterst\u00fctzen k\u00f6nnen.<\/div>\n<div  class=\"x-column x-sm x-1-3\" style=\"\" >\n<h5>Produktdokumentation<\/h5>\n<p>Von PDF -Tutorials \u00fcber Best-Practice-Dokumente, hat 2020 klare, pr\u00e4zise Dokumentationen, um Ihre Nutzung unserer Produkte zu optimieren. Downloaden Sie die neuesten <a title=\"2020 Products\" href=\"https:\/\/www.2020spaces.com\/de\/2020-produkte\/\">Produktbrosch\u00fcren<\/a>, erfahren Sie mehr \u00fcber neue Features und schauen Sie kurze Produktvideos.<\/div>\n<div  class=\"x-column x-sm x-1-3 last\" style=\"\" >\n<h5>Schulungen<\/h5>\n<p>Sichern Sie sich einen Vorsprung! 2020 Schulungsl\u00f6sungen sind so konzipiert, dass Sie das Beste aus Ihrem Investment herausholen. \u00dcben Sie in einem Schulungsraum, oder w\u00e4hlen Sie die Kurse mit einem virtuellen Dozenten. Wir bieten auch Programme zum Selbststudium an, mit denen Sie nach Ihrem eigenen Rhythmus lernen k\u00f6nnen.<br \/>\n<\/div><\/div><div id=\"x-legacy-panel-3\" class=\"x-tab-pane\"  aria-hidden=\"true\" aria-labelledby=\"x-legacy-tab-3\" role=\"tabpanel\" data-x-toggleable=\"x-legacy-tab-3\"><div  class=\"x-column x-sm x-1-2\" style=\"\" >\n<div id=\"attachment_7321\" style=\"width: 346px\" class=\"wp-caption aligncenter\"><img loading=\"lazy\" decoding=\"async\" aria-describedby=\"caption-attachment-7321\" class=\"wp-image-7321 size-full\" src=\"https:\/\/www.2020spaces.com\/wp-content\/uploads\/2014\/05\/Locations_Austria.png\" alt=\"2020 B\u00dcRO IN \u00d6STERREICH\" width=\"336\" height=\"301\" srcset=\"https:\/\/www.2020spaces.com\/wp-content\/uploads\/2014\/05\/Locations_Austria.png 336w, https:\/\/www.2020spaces.com\/wp-content\/uploads\/2014\/05\/Locations_Austria-300x268.png 300w, https:\/\/www.2020spaces.com\/wp-content\/uploads\/2014\/05\/Locations_Austria-100x89.png 100w\" sizes=\"auto, (max-width: 336px) 100vw, 336px\" \/><p id=\"caption-attachment-7321\" class=\"wp-caption-text\">2020 B\u00dcRO IN \u00d6STERREICH<\/p><\/div>\n<\/div>\n<div  class=\"x-column x-sm x-1-2 last\" style=\"\" >\n<hr  class=\"x-gap\" style=\"margin: 80px 0 0 0;\">\n<p><strong>Wiener Neustadt<\/strong><br \/>\nFischauer Gasse 152,<br \/>\n2700 Wiener Neustadt<br \/>\n\u00d6sterreich<br \/>\nVertrieb: + 43.2622.28600.11<br \/>\n<\/div><\/div><\/div>[\/vc_column][\/vc_row]\n<\/div>","protected":false},"excerpt":{"rendered":"<p>[vc_row][vc_column width=&#8220;1\/1&#8243;][\/vc_column][\/vc_row]<\/p>\n","protected":false},"author":1,"featured_media":0,"parent":10342,"menu_order":0,"comment_status":"open","ping_status":"closed","template":"template-blank-1.php","meta":{"_bbp_topic_count":0,"_bbp_reply_count":0,"_bbp_total_topic_count":0,"_bbp_total_reply_count":0,"_bbp_voice_count":0,"_bbp_anonymous_reply_count":0,"_bbp_topic_count_hidden":0,"_bbp_reply_count_hidden":0,"_bbp_forum_subforum_count":0,"footnotes":""},"categories":[],"class_list":["post-10645","page","type-page","status-publish","hentry","no-post-thumbnail"],"pp_force_visibility":null,"pp_subpost_visibility":null,"pp_inherited_force_visibility":null,"pp_inherited_subpost_visibility":null,"yoast_head":"<!-- This site is optimized with the Yoast SEO Premium plugin v26.7 (Yoast SEO v26.7) - https:\/\/yoast.com\/wordpress\/plugins\/seo\/ -->\n<title>Austria | 2020 Support<\/title>\n<meta name=\"description\" content=\"Das \u00d6sterreich-B\u00fcro 2020 befindet sich in Wiener Neustadt und verf\u00fcgt \u00fcber ein Team, das alle Ihre Anforderungen erf\u00fcllt.\" \/>\n<meta name=\"robots\" content=\"index, follow, max-snippet:-1, max-image-preview:large, max-video-preview:-1\" \/>\n<link rel=\"canonical\" href=\"https:\/\/www.2020spaces.com\/de\/support-de\/austria\/\" \/>\n<meta property=\"og:locale\" content=\"de_DE\" \/>\n<meta property=\"og:type\" content=\"article\" \/>\n<meta property=\"og:title\" content=\"Austria\" \/>\n<meta property=\"og:description\" content=\"Das \u00d6sterreich-B\u00fcro 2020 befindet sich in Wiener Neustadt und verf\u00fcgt \u00fcber ein Team, das alle Ihre Anforderungen erf\u00fcllt.\" \/>\n<meta property=\"og:url\" content=\"https:\/\/www.2020spaces.com\/de\/support-de\/austria\/\" \/>\n<meta property=\"og:site_name\" content=\"2020\" \/>\n<meta property=\"article:publisher\" content=\"https:\/\/www.facebook.com\/2020spaces\" \/>\n<meta property=\"article:modified_time\" content=\"2022-03-01T01:35:03+00:00\" \/>\n<meta property=\"og:image\" content=\"https:\/\/www.2020spaces.com\/wp-content\/uploads\/2014\/05\/Locations_Austria.png\" \/>\n<meta name=\"twitter:card\" content=\"summary_large_image\" \/>\n<meta name=\"twitter:site\" content=\"@2020spaces\" \/>\n<meta name=\"twitter:label1\" content=\"Gesch\u00e4tzte Lesezeit\" \/>\n\t<meta name=\"twitter:data1\" content=\"2 Minuten\" \/>\n<script type=\"application\/ld+json\" class=\"yoast-schema-graph\">{\"@context\":\"https:\/\/schema.org\",\"@graph\":[{\"@type\":\"WebPage\",\"@id\":\"https:\/\/www.2020spaces.com\/de\/support-de\/austria\/\",\"url\":\"https:\/\/www.2020spaces.com\/de\/support-de\/austria\/\",\"name\":\"Austria | 2020 Support\",\"isPartOf\":{\"@id\":\"https:\/\/www.2020spaces.com\/#website\"},\"primaryImageOfPage\":{\"@id\":\"https:\/\/www.2020spaces.com\/de\/support-de\/austria\/#primaryimage\"},\"image\":{\"@id\":\"https:\/\/www.2020spaces.com\/de\/support-de\/austria\/#primaryimage\"},\"thumbnailUrl\":\"https:\/\/www.2020spaces.com\/wp-content\/uploads\/2014\/05\/Locations_Austria.png\",\"datePublished\":\"2014-06-03T13:46:29+00:00\",\"dateModified\":\"2022-03-01T01:35:03+00:00\",\"description\":\"Das \u00d6sterreich-B\u00fcro 2020 befindet sich in Wiener Neustadt und verf\u00fcgt \u00fcber ein Team, das alle Ihre Anforderungen erf\u00fcllt.\",\"breadcrumb\":{\"@id\":\"https:\/\/www.2020spaces.com\/de\/support-de\/austria\/#breadcrumb\"},\"inLanguage\":\"de-DE\",\"potentialAction\":[{\"@type\":\"ReadAction\",\"target\":[\"https:\/\/www.2020spaces.com\/de\/support-de\/austria\/\"]}]},{\"@type\":\"ImageObject\",\"inLanguage\":\"de-DE\",\"@id\":\"https:\/\/www.2020spaces.com\/de\/support-de\/austria\/#primaryimage\",\"url\":\"https:\/\/www.2020spaces.com\/wp-content\/uploads\/2014\/05\/Locations_Austria.png\",\"contentUrl\":\"https:\/\/www.2020spaces.com\/wp-content\/uploads\/2014\/05\/Locations_Austria.png\"},{\"@type\":\"BreadcrumbList\",\"@id\":\"https:\/\/www.2020spaces.com\/de\/support-de\/austria\/#breadcrumb\",\"itemListElement\":[{\"@type\":\"ListItem\",\"position\":1,\"name\":\"Home\",\"item\":\"https:\/\/www.2020spaces.com\/de\/\"},{\"@type\":\"ListItem\",\"position\":2,\"name\":\"Support\",\"item\":\"https:\/\/www.2020spaces.com\/de\/support-de\/\"},{\"@type\":\"ListItem\",\"position\":3,\"name\":\"Austria\"}]},{\"@type\":\"WebSite\",\"@id\":\"https:\/\/www.2020spaces.com\/#website\",\"url\":\"https:\/\/www.2020spaces.com\/\",\"name\":\"2020\",\"description\":\"Making Spaces for Life\u2122\",\"potentialAction\":[{\"@type\":\"SearchAction\",\"target\":{\"@type\":\"EntryPoint\",\"urlTemplate\":\"https:\/\/www.2020spaces.com\/?s={search_term_string}\"},\"query-input\":{\"@type\":\"PropertyValueSpecification\",\"valueRequired\":true,\"valueName\":\"search_term_string\"}}],\"inLanguage\":\"de-DE\"}]}<\/script>\n<!-- \/ Yoast SEO Premium plugin. -->","yoast_head_json":{"title":"Austria | 2020 Support","description":"Das \u00d6sterreich-B\u00fcro 2020 befindet sich in Wiener Neustadt und verf\u00fcgt \u00fcber ein Team, das alle Ihre Anforderungen erf\u00fcllt.","robots":{"index":"index","follow":"follow","max-snippet":"max-snippet:-1","max-image-preview":"max-image-preview:large","max-video-preview":"max-video-preview:-1"},"canonical":"https:\/\/www.2020spaces.com\/de\/support-de\/austria\/","og_locale":"de_DE","og_type":"article","og_title":"Austria","og_description":"Das \u00d6sterreich-B\u00fcro 2020 befindet sich in Wiener Neustadt und verf\u00fcgt \u00fcber ein Team, das alle Ihre Anforderungen erf\u00fcllt.","og_url":"https:\/\/www.2020spaces.com\/de\/support-de\/austria\/","og_site_name":"2020","article_publisher":"https:\/\/www.facebook.com\/2020spaces","article_modified_time":"2022-03-01T01:35:03+00:00","og_image":[{"url":"https:\/\/www.2020spaces.com\/wp-content\/uploads\/2014\/05\/Locations_Austria.png","type":"","width":"","height":""}],"twitter_card":"summary_large_image","twitter_site":"@2020spaces","twitter_misc":{"Gesch\u00e4tzte Lesezeit":"2 Minuten"},"schema":{"@context":"https:\/\/schema.org","@graph":[{"@type":"WebPage","@id":"https:\/\/www.2020spaces.com\/de\/support-de\/austria\/","url":"https:\/\/www.2020spaces.com\/de\/support-de\/austria\/","name":"Austria | 2020 Support","isPartOf":{"@id":"https:\/\/www.2020spaces.com\/#website"},"primaryImageOfPage":{"@id":"https:\/\/www.2020spaces.com\/de\/support-de\/austria\/#primaryimage"},"image":{"@id":"https:\/\/www.2020spaces.com\/de\/support-de\/austria\/#primaryimage"},"thumbnailUrl":"https:\/\/www.2020spaces.com\/wp-content\/uploads\/2014\/05\/Locations_Austria.png","datePublished":"2014-06-03T13:46:29+00:00","dateModified":"2022-03-01T01:35:03+00:00","description":"Das \u00d6sterreich-B\u00fcro 2020 befindet sich in Wiener Neustadt und verf\u00fcgt \u00fcber ein Team, das alle Ihre Anforderungen erf\u00fcllt.","breadcrumb":{"@id":"https:\/\/www.2020spaces.com\/de\/support-de\/austria\/#breadcrumb"},"inLanguage":"de-DE","potentialAction":[{"@type":"ReadAction","target":["https:\/\/www.2020spaces.com\/de\/support-de\/austria\/"]}]},{"@type":"ImageObject","inLanguage":"de-DE","@id":"https:\/\/www.2020spaces.com\/de\/support-de\/austria\/#primaryimage","url":"https:\/\/www.2020spaces.com\/wp-content\/uploads\/2014\/05\/Locations_Austria.png","contentUrl":"https:\/\/www.2020spaces.com\/wp-content\/uploads\/2014\/05\/Locations_Austria.png"},{"@type":"BreadcrumbList","@id":"https:\/\/www.2020spaces.com\/de\/support-de\/austria\/#breadcrumb","itemListElement":[{"@type":"ListItem","position":1,"name":"Home","item":"https:\/\/www.2020spaces.com\/de\/"},{"@type":"ListItem","position":2,"name":"Support","item":"https:\/\/www.2020spaces.com\/de\/support-de\/"},{"@type":"ListItem","position":3,"name":"Austria"}]},{"@type":"WebSite","@id":"https:\/\/www.2020spaces.com\/#website","url":"https:\/\/www.2020spaces.com\/","name":"2020","description":"Making Spaces for Life\u2122","potentialAction":[{"@type":"SearchAction","target":{"@type":"EntryPoint","urlTemplate":"https:\/\/www.2020spaces.com\/?s={search_term_string}"},"query-input":{"@type":"PropertyValueSpecification","valueRequired":true,"valueName":"search_term_string"}}],"inLanguage":"de-DE"}]}},"_links":{"self":[{"href":"https:\/\/www.2020spaces.com\/de\/wp-json\/wp\/v2\/pages\/10645","targetHints":{"allow":["GET"]}}],"collection":[{"href":"https:\/\/www.2020spaces.com\/de\/wp-json\/wp\/v2\/pages"}],"about":[{"href":"https:\/\/www.2020spaces.com\/de\/wp-json\/wp\/v2\/types\/page"}],"author":[{"embeddable":true,"href":"https:\/\/www.2020spaces.com\/de\/wp-json\/wp\/v2\/users\/1"}],"replies":[{"embeddable":true,"href":"https:\/\/www.2020spaces.com\/de\/wp-json\/wp\/v2\/comments?post=10645"}],"version-history":[{"count":0,"href":"https:\/\/www.2020spaces.com\/de\/wp-json\/wp\/v2\/pages\/10645\/revisions"}],"up":[{"embeddable":true,"href":"https:\/\/www.2020spaces.com\/de\/wp-json\/wp\/v2\/pages\/10342"}],"wp:attachment":[{"href":"https:\/\/www.2020spaces.com\/de\/wp-json\/wp\/v2\/media?parent=10645"}],"wp:term":[{"taxonomy":"category","embeddable":true,"href":"https:\/\/www.2020spaces.com\/de\/wp-json\/wp\/v2\/categories?post=10645"}],"curies":[{"name":"wp","href":"https:\/\/api.w.org\/{rel}","templated":true}]}}