{"id":10652,"date":"2014-06-03T09:46:14","date_gmt":"2014-06-03T13:46:14","guid":{"rendered":"https:\/\/www.2020spaces.com\/?page_id=10652"},"modified":"2023-12-29T05:13:15","modified_gmt":"2023-12-29T10:13:15","slug":"germany","status":"publish","type":"page","link":"https:\/\/www.2020spaces.com\/de\/support-de\/germany\/","title":{"rendered":"Germany"},"content":{"rendered":"<div class=\"wpb-content-wrapper\">[vc_row][vc_column width=&#8220;1\/1&#8243;]<ul  class=\"x-nav x-nav-tabs four-up none\"  data-x-element=\"tab_nav\" data-x-params=\"{&quot;orientation&quot;:&quot;vertical&quot;}\" role=\"tablist\"><li  class=\"x-nav-tabs-item active\"  role=\"presentation\"><a id=\"x-legacy-tab-1\" aria-selected=\"true\" aria-controls=\"x-legacy-panel-1\" role=\"tab\" data-x-toggle=\"tab\" data-x-toggleable=\"x-legacy-tab-1\" data-x-toggle-group=\"69f00f56a859c\">2020 DACH<\/a><\/li><li  class=\"x-nav-tabs-item\"  role=\"presentation\"><a id=\"x-legacy-tab-2\" aria-selected=\"false\" aria-controls=\"x-legacy-panel-2\" role=\"tab\" data-x-toggle=\"tab\" data-x-toggleable=\"x-legacy-tab-2\" data-x-toggle-group=\"69f00f56a859c\">2020 Factory Network<\/a><\/li><li  class=\"x-nav-tabs-item\"  role=\"presentation\"><a id=\"x-legacy-tab-3\" aria-selected=\"false\" aria-controls=\"x-legacy-panel-3\" role=\"tab\" data-x-toggle=\"tab\" data-x-toggleable=\"x-legacy-tab-3\" data-x-toggle-group=\"69f00f56a859c\">Support<\/a><\/li><li id=\"contact\" class=\"x-nav-tabs-item\"  role=\"presentation\"><a id=\"x-legacy-tab-4\" aria-selected=\"false\" aria-controls=\"x-legacy-panel-4\" role=\"tab\" data-x-toggle=\"tab\" data-x-toggleable=\"x-legacy-tab-4\" data-x-toggle-group=\"69f00f56a859c\">Kontaktieren Sie Uns<\/a><\/li><\/ul><div  class=\"x-tab-content\" ><div id=\"x-legacy-panel-1\" class=\"x-tab-pane active\"  aria-hidden=\"false\" aria-labelledby=\"x-legacy-tab-1\" role=\"tabpanel\" data-x-toggleable=\"x-legacy-tab-1\"><div  class=\"x-column x-sm x-1-2\" style=\"\" >\n<h3>Neuigkeiten und Events<\/h3>\n<div  class=\"x-recent-posts cf vertical\"  data-x-element=\"recent_posts\" data-x-params=\"{&quot;fade&quot;:false}\" data-fade=\"false\" ><a class=\"x-recent-post1 with-image\" href=\"https:\/\/www.2020spaces.com\/de\/2020-von-golden-gate-capital-akquiriert\/\" title=\"Permalink to: &quot;2020 von Golden Gate Capital akquiriert&quot;\"><article id=\"post-128710\" class=\"post-128710 post type-post status-publish format-standard has-post-thumbnail hentry category-dach category-2020-news-de category-2020-uk-de tag-2020-news-de tag-press-release-de\"><div class=\"entry-wrap\"><div class=\"x-recent-posts-img\" style=\"background-image: url(https:\/\/www.2020spaces.com\/wp-content\/uploads\/2017\/04\/FeatureImage_GoldenGate-800x482.jpg);\"><i class='x-framework-icon x-recent-posts-icon' data-x-icon-s='&#xf15c;' aria-hidden=true><\/i><\/div><div class=\"x-recent-posts-content\"><h3 class=\"h-recent-posts\">2020 von Golden Gate Capital akquiriert<\/h3><span class=\"x-recent-posts-date\">Mai 1, 2017<\/span><\/div><\/div><\/article><\/a><\/div>\n<div  class=\"x-recent-posts cf vertical\"  data-x-element=\"recent_posts\" data-x-params=\"{&quot;fade&quot;:false}\" data-fade=\"false\" ><a class=\"x-recent-post4 no-image\" href=\"https:\/\/www.2020spaces.com\/de\/hummel-kuechenwerk-stellt-auf-2020-insight-um\/\" title=\"Permalink to: &quot;Hummel K\u00fcchenwerk stellt auf 2020 Insight um. Durchg\u00e4ngige Prozesse mit neuer Produktionssoftware&quot;\"><article id=\"post-96683\" class=\"post-96683 post type-post status-publish format-standard has-post-thumbnail hentry category-dach category-2020-news-de\"><div class=\"entry-wrap\"><div class=\"x-recent-posts-content\"><h3 class=\"h-recent-posts\">Hummel K\u00fcchenwerk stellt auf 2020 Insight um. Durchg\u00e4ngige Prozesse mit neuer Produktionssoftware<\/h3><span class=\"x-recent-posts-date\">Oktober 25, 2016<\/span><\/div><\/div><\/article><\/a><\/div>\n<\/div>\n<div  class=\"x-column x-sm x-1-2 last\" style=\"\" >\n<h1 style=\"margin:10px 0;font-size:2em;font-weight:bold;\">2020 DACH<\/h1>\n<p>Unsere mehr als 60 Experten in Osnabr\u00fcck und Wiener Neustadt sind jederzeit f\u00fcr Sie da. Unser engagiertes, hochqualifiziertes und erfahrenes Team hilft Ihnen gerne bei allen Fragestellungen rund um das Thema Inneneinrichtungs- und Fertigungssoftware.<\/p>\n<p>Vernetzen Sie sich heute mit Ihrem 2020 Kundenbetreuer oder rufen Sie uns an. M\u00f6chten Sie Teil einen interessanten und dynamischen Teams werden? Wir suchen immer nach Talenten. Besuchen Sie unsere Karriere-Seite und sehen Sie unsere aktuellen Job-Angebote.<\/p>\n<p><strong> NEU 2020 Community!<\/strong><\/p>\n<ul>\n<li>Stellen Sie Ihre Fragen<\/li>\n<li>Erhalten Sie Antworten<\/li>\n<li>Erfahren Sie mehr<\/li>\n<\/ul>\n<p><a target=\"_blank\" href=\"https:\/\/www.2020spaces.com\/community\/\" rel=\"noopener noreferrer\" title=\"Neu 2020 Community\">Mehr erfahren<\/a><\/p>\n<p><a href=\"https:\/\/www.2020spaces.com\/community\/\"><img loading=\"lazy\" decoding=\"async\" class=\"aligncenter wp-image-20920 size-medium\" src=\"https:\/\/www.2020spaces.com\/wp-content\/uploads\/2015\/03\/community_Badge_noBorder_DE.png\" alt=\"Badge_Community_V1_german\" width=\"300\" height=\"300\" \/><\/a><br \/>\n<\/div><\/div>\n<div id=\"x-legacy-panel-2\" class=\"x-tab-pane\"  aria-hidden=\"true\" aria-labelledby=\"x-legacy-tab-2\" role=\"tabpanel\" data-x-toggleable=\"x-legacy-tab-2\">[vc_row_inner]\n<h4 style=\"margin-top: 0em;\"><strong>2020 Factory Network<\/strong><\/h4>\n\n[vc_column_inner width=&#8220;2\/3&#8243;]<p>Mit 2020 Factory Network bietet 2020 M\u00f6belproduzenten eine ERP-L\u00f6sung zur Abwicklung der kompletten Auftrags-, Beschaffungs- und Produktionsprozesse, die optimal auf die Bed\u00fcrfnisse dieser Branche zugeschnitten ist.<\/p>\n<p><a href=\"https:\/\/www.2020spaces.com\/wp-content\/uploads\/2016\/10\/2020-Factory_Network_Version_3.7_DE_20160726.pdf\">Download Release Information 3.7<\/a><\/p>\n<p><a href=\"https:\/\/www.2020spaces.com\/wp-content\/uploads\/2016\/10\/2020-Factory_Network_Version_3.6_DE.pdf\">Download Release Information 3.6<\/a><\/p>\n<p><a href=\"https:\/\/www.2020spaces.com\/wp-content\/uploads\/2016\/10\/2020-Factory_Network_Version_3.5_DE_Rebrand_Draft1.pdf\">Download Release Information 3.5<\/a><\/p>\n[\/vc_column_inner][vc_column_inner width=&#8220;1\/3&#8243;]<img decoding=\"async\" src=\"https:\/\/www.2020spaces.com\/wp-content\/uploads\/2016\/10\/Factory_Network_DE-1.png\" alt=\"Factory network\" \/>[\/vc_column_inner]\n[\/vc_row_inner]<\/div>\n<div id=\"x-legacy-panel-3\" class=\"x-tab-pane\"  aria-hidden=\"true\" aria-labelledby=\"x-legacy-tab-3\" role=\"tabpanel\" data-x-toggleable=\"x-legacy-tab-3\">\n<p><img loading=\"lazy\" decoding=\"async\" class=\"alignleft size-full wp-image-25126\" src=\"https:\/\/www.2020spaces.com\/wp-content\/uploads\/2015\/03\/Support_930x250.jpg\" alt=\"Support_930x250\" width=\"1000\" height=\"250\" \/><\/p>\n<h3>Sie haben Fragen. Wir haben die Antworten.<\/h3>\n<p>Wir versehen unsere Produkte laufend mit produktivit\u00e4tssteigernden Funktionen.\u00a0<a target=\"_blank\" href=\"\/?page_id=10239\" rel=\"noopener noreferrer\" title=\"2020 Products DACH\">Erfahren Sie mehr<\/a> \u00fcber die neuesten 2020 -Software-L\u00f6sungen und 2020 -Produktupdates.<\/p>\n<div id=\"x-content-band-1\" class=\"x-content-band\" style=\"background-color: transparent; padding-top: 0px; padding-bottom: 0px;\"><div class=\"x-container\">\n<div  class=\"x-column x-sm x-1-3\" style=\"\" >\n<p><strong>Technische Unterst\u00fctzung<\/strong><br \/>\nOb per Email, Telefon oder im Live-Chat, 2020 bietet einen beispiellosen technischen Support f\u00fcr alle seine Kunden mit Wartungs- und Support-Vertr\u00e4gen an.<\/p>\n<p><strong>2020 Insight &amp; Factory Network:<\/strong>Unser technisches Support-Team kann alle Ihre Fragen zu beantworten.<\/p>\n<a  class=\"x-btn x-btn-rounded x-btn-regular\"  href=\"https:\/\/www.2020spaces.com\/de\/kontaktieren-sie-uns\/\"     data-options=\"thumbnail: ''\">Support erhalten<\/a>\n<\/div>\n<div  class=\"x-column x-sm x-1-3\" style=\"\" >\n<strong>Produktdokumentation<\/strong><br \/>\nVon PDF -Tutorials , um Best-Practice- Dokumente , hat 2020 klare, pr\u00e4zise Dokumentation , um Ihre Nutzung unserer Produkte zu optimieren. Laden Sie die neuesten Produktbrosch\u00fcre , erfahren Sie mehr \u00fcber neue Features und beobachten kurze Produktvideos.<\/p>\n<p>Weitere Informationen zu <strong>Factory Network <\/strong><a target=\"_blank\" href=\"https:\/\/www.2020spaces.com\/wp-content\/uploads\/2015\/03\/2020-Factory_Network_DE.pdf\" rel=\"noopener noreferrer\" title=\"Factory Network \">Download der Brosch\u00fcre<\/a>.<\/p>\n<a  class=\"x-btn x-btn-rounded x-btn-regular\"  href=\"https:\/\/www.2020spaces.com\/de\/2020-produkte\/\"     data-options=\"thumbnail: ''\">W\u00e4hlen Sie Ihr Produkt<\/a>\n<\/div>\n<div  class=\"x-column x-sm x-1-3\" style=\"\" >\n<strong>2020 Community<\/strong><br \/>\nVernetzen Sie sich, teilen Sie, lernen Sie, inspirieren Sie und lassen Sie sich inspirieren! Diese Community bietet Ihnen Diskussionsforen \u00fcber viele Themen rund um die 2020 Software-L\u00f6sungen f\u00fcr die Inneneinrichtungs- und M\u00f6belindustrie.<\/p>\n<a  class=\"x-btn x-btn-rounded x-btn-regular\"  href=\"https:\/\/www.2020spaces.com\/community\/\" title=\"Treten Sie unserer 2020 Online Community bei!\"    data-options=\"thumbnail: ''\">Treten Sie unserer 2020 Online Community bei!<\/a>\n<\/div>\n<\/div><\/div>\n<\/div><div id=\"x-legacy-panel-4\" class=\"x-tab-pane\"  aria-hidden=\"true\" aria-labelledby=\"x-legacy-tab-4\" role=\"tabpanel\" data-x-toggleable=\"x-legacy-tab-4\">[vc_row_inner]\n[vc_column_inner width=&#8220;1\/3&#8243;]\n[\/vc_column_inner]\n[vc_column_inner width=&#8220;1\/3&#8243;]\n<p><strong>Spezialistenteams in Osnabr\u00fcck\u00a0<\/strong><br \/>\n2020 Manufacturing Solutions Division<br \/>\n<strong><a href=\"mailto:salesde@2020spaces.com\"><i  class=\"x-icon x-icon-envelope\" data-x-icon-s=\"&#xf0e0;\" aria-hidden=\"true\"><\/i> salesde@2020spaces.com<\/a><\/strong><br \/>\n<strong><i  class=\"x-icon x-icon-phone\" data-x-icon-s=\"&#xf095;\" aria-hidden=\"true\"><\/i> +49.(0)541.3550-0<\/strong><\/p>\n<p>Osnabr\u00fcck, Germany<br \/>\nWinkelhausenstra\u00dfe 13 49090<br \/>\n<strong>Sales: <i  class=\"x-icon x-icon-phone\" data-x-icon-s=\"&#xf095;\" aria-hidden=\"true\"><\/i> +49.(0)541.3550-0<\/strong><\/p>\n\n[\/vc_column_inner][vc_column_inner width=&#8220;1\/3&#8243;]<div id=\"attachment_7324\" style=\"width: 345px\" class=\"wp-caption aligncenter\"><img loading=\"lazy\" decoding=\"async\" aria-describedby=\"caption-attachment-7324\" class=\"wp-image-7324 size-full\" src=\"https:\/\/www.2020spaces.com\/wp-content\/uploads\/2014\/05\/Locations_Germany.png\" alt=\"2020 B\u00fcro in Deutschland\" width=\"335\" height=\"301\" \/><p id=\"caption-attachment-7324\" class=\"wp-caption-text\">2020 B\u00fcro in Deutschland<\/p><\/div>\n<p>&nbsp;<\/p>\n[\/vc_column_inner]\n[\/vc_row_inner]<\/div><\/div>[\/vc_column][\/vc_row]\n<style>\n.x-recent-posts .has-post-thumbnail .x-recent-posts-img<br \/>\n{<br \/>\npadding:100px;<br \/>\n}<br \/>\n<\/style>\n<\/div>","protected":false},"excerpt":{"rendered":"<p>[vc_row][vc_column width=&#8220;1\/1&#8243;][\/vc_column][\/vc_row]<\/p>\n","protected":false},"author":1,"featured_media":0,"parent":10342,"menu_order":0,"comment_status":"open","ping_status":"closed","template":"template-blank-1.php","meta":{"_bbp_topic_count":0,"_bbp_reply_count":0,"_bbp_total_topic_count":0,"_bbp_total_reply_count":0,"_bbp_voice_count":0,"_bbp_anonymous_reply_count":0,"_bbp_topic_count_hidden":0,"_bbp_reply_count_hidden":0,"_bbp_forum_subforum_count":0,"footnotes":""},"categories":[],"class_list":["post-10652","page","type-page","status-publish","hentry","no-post-thumbnail"],"pp_force_visibility":null,"pp_subpost_visibility":null,"pp_inherited_force_visibility":null,"pp_inherited_subpost_visibility":null,"yoast_head":"<!-- This site is optimized with the Yoast SEO Premium plugin v27.4 (Yoast SEO v27.4) - https:\/\/yoast.com\/product\/yoast-seo-premium-wordpress\/ -->\n<title>Germany | 2020 Support<\/title>\n<meta name=\"description\" content=\"2020 DACH. 2020 Deutschland befindet sich in Osnabr\u00fcck und beherbergt \u00fcber 60 Fachkr\u00e4fte, die f\u00fcr Sie da sind.\" \/>\n<meta name=\"robots\" content=\"index, follow, max-snippet:-1, max-image-preview:large, max-video-preview:-1\" \/>\n<link rel=\"canonical\" href=\"https:\/\/www.2020spaces.com\/de\/support-de\/germany\/\" \/>\n<meta property=\"og:locale\" content=\"de_DE\" \/>\n<meta property=\"og:type\" content=\"article\" \/>\n<meta property=\"og:title\" content=\"Germany\" \/>\n<meta property=\"og:description\" content=\"2020 DACH. 2020 Deutschland befindet sich in Osnabr\u00fcck und beherbergt \u00fcber 60 Fachkr\u00e4fte, die f\u00fcr Sie da sind.\" \/>\n<meta property=\"og:url\" content=\"https:\/\/www.2020spaces.com\/de\/support-de\/germany\/\" \/>\n<meta property=\"og:site_name\" content=\"2020\" \/>\n<meta property=\"article:publisher\" content=\"https:\/\/www.facebook.com\/2020spaces\" \/>\n<meta property=\"article:modified_time\" content=\"2023-12-29T10:13:15+00:00\" \/>\n<meta property=\"og:image\" content=\"https:\/\/www.2020spaces.com\/wp-content\/uploads\/2015\/03\/community_Badge_noBorder_DE.png\" \/>\n<meta name=\"twitter:card\" content=\"summary_large_image\" \/>\n<meta name=\"twitter:site\" content=\"@2020spaces\" \/>\n<meta name=\"twitter:label1\" content=\"Gesch\u00e4tzte Lesezeit\" \/>\n\t<meta name=\"twitter:data1\" content=\"3 Minuten\" \/>\n<script type=\"application\/ld+json\" class=\"yoast-schema-graph\">{\"@context\":\"https:\\\/\\\/schema.org\",\"@graph\":[{\"@type\":\"WebPage\",\"@id\":\"https:\\\/\\\/www.2020spaces.com\\\/de\\\/support-de\\\/germany\\\/\",\"url\":\"https:\\\/\\\/www.2020spaces.com\\\/de\\\/support-de\\\/germany\\\/\",\"name\":\"Germany | 2020 Support\",\"isPartOf\":{\"@id\":\"https:\\\/\\\/www.2020spaces.com\\\/#website\"},\"primaryImageOfPage\":{\"@id\":\"https:\\\/\\\/www.2020spaces.com\\\/de\\\/support-de\\\/germany\\\/#primaryimage\"},\"image\":{\"@id\":\"https:\\\/\\\/www.2020spaces.com\\\/de\\\/support-de\\\/germany\\\/#primaryimage\"},\"thumbnailUrl\":\"https:\\\/\\\/www.2020spaces.com\\\/wp-content\\\/uploads\\\/2015\\\/03\\\/community_Badge_noBorder_DE.png\",\"datePublished\":\"2014-06-03T13:46:14+00:00\",\"dateModified\":\"2023-12-29T10:13:15+00:00\",\"description\":\"2020 DACH. 2020 Deutschland befindet sich in Osnabr\u00fcck und beherbergt \u00fcber 60 Fachkr\u00e4fte, die f\u00fcr Sie da sind.\",\"breadcrumb\":{\"@id\":\"https:\\\/\\\/www.2020spaces.com\\\/de\\\/support-de\\\/germany\\\/#breadcrumb\"},\"inLanguage\":\"de-DE\",\"potentialAction\":[{\"@type\":\"ReadAction\",\"target\":[\"https:\\\/\\\/www.2020spaces.com\\\/de\\\/support-de\\\/germany\\\/\"]}]},{\"@type\":\"ImageObject\",\"inLanguage\":\"de-DE\",\"@id\":\"https:\\\/\\\/www.2020spaces.com\\\/de\\\/support-de\\\/germany\\\/#primaryimage\",\"url\":\"https:\\\/\\\/www.2020spaces.com\\\/wp-content\\\/uploads\\\/2015\\\/03\\\/community_Badge_noBorder_DE.png\",\"contentUrl\":\"https:\\\/\\\/www.2020spaces.com\\\/wp-content\\\/uploads\\\/2015\\\/03\\\/community_Badge_noBorder_DE.png\"},{\"@type\":\"BreadcrumbList\",\"@id\":\"https:\\\/\\\/www.2020spaces.com\\\/de\\\/support-de\\\/germany\\\/#breadcrumb\",\"itemListElement\":[{\"@type\":\"ListItem\",\"position\":1,\"name\":\"Home\",\"item\":\"https:\\\/\\\/www.2020spaces.com\\\/de\\\/\"},{\"@type\":\"ListItem\",\"position\":2,\"name\":\"Support\",\"item\":\"https:\\\/\\\/www.2020spaces.com\\\/de\\\/support-de\\\/\"},{\"@type\":\"ListItem\",\"position\":3,\"name\":\"Germany\"}]},{\"@type\":\"WebSite\",\"@id\":\"https:\\\/\\\/www.2020spaces.com\\\/#website\",\"url\":\"https:\\\/\\\/www.2020spaces.com\\\/\",\"name\":\"2020\",\"description\":\"Making Spaces for Life\u2122\",\"potentialAction\":[{\"@type\":\"SearchAction\",\"target\":{\"@type\":\"EntryPoint\",\"urlTemplate\":\"https:\\\/\\\/www.2020spaces.com\\\/?s={search_term_string}\"},\"query-input\":{\"@type\":\"PropertyValueSpecification\",\"valueRequired\":true,\"valueName\":\"search_term_string\"}}],\"inLanguage\":\"de-DE\"}]}<\/script>\n<!-- \/ Yoast SEO Premium plugin. -->","yoast_head_json":{"title":"Germany | 2020 Support","description":"2020 DACH. 2020 Deutschland befindet sich in Osnabr\u00fcck und beherbergt \u00fcber 60 Fachkr\u00e4fte, die f\u00fcr Sie da sind.","robots":{"index":"index","follow":"follow","max-snippet":"max-snippet:-1","max-image-preview":"max-image-preview:large","max-video-preview":"max-video-preview:-1"},"canonical":"https:\/\/www.2020spaces.com\/de\/support-de\/germany\/","og_locale":"de_DE","og_type":"article","og_title":"Germany","og_description":"2020 DACH. 2020 Deutschland befindet sich in Osnabr\u00fcck und beherbergt \u00fcber 60 Fachkr\u00e4fte, die f\u00fcr Sie da sind.","og_url":"https:\/\/www.2020spaces.com\/de\/support-de\/germany\/","og_site_name":"2020","article_publisher":"https:\/\/www.facebook.com\/2020spaces","article_modified_time":"2023-12-29T10:13:15+00:00","og_image":[{"url":"https:\/\/www.2020spaces.com\/wp-content\/uploads\/2015\/03\/community_Badge_noBorder_DE.png","type":"","width":"","height":""}],"twitter_card":"summary_large_image","twitter_site":"@2020spaces","twitter_misc":{"Gesch\u00e4tzte Lesezeit":"3 Minuten"},"schema":{"@context":"https:\/\/schema.org","@graph":[{"@type":"WebPage","@id":"https:\/\/www.2020spaces.com\/de\/support-de\/germany\/","url":"https:\/\/www.2020spaces.com\/de\/support-de\/germany\/","name":"Germany | 2020 Support","isPartOf":{"@id":"https:\/\/www.2020spaces.com\/#website"},"primaryImageOfPage":{"@id":"https:\/\/www.2020spaces.com\/de\/support-de\/germany\/#primaryimage"},"image":{"@id":"https:\/\/www.2020spaces.com\/de\/support-de\/germany\/#primaryimage"},"thumbnailUrl":"https:\/\/www.2020spaces.com\/wp-content\/uploads\/2015\/03\/community_Badge_noBorder_DE.png","datePublished":"2014-06-03T13:46:14+00:00","dateModified":"2023-12-29T10:13:15+00:00","description":"2020 DACH. 2020 Deutschland befindet sich in Osnabr\u00fcck und beherbergt \u00fcber 60 Fachkr\u00e4fte, die f\u00fcr Sie da sind.","breadcrumb":{"@id":"https:\/\/www.2020spaces.com\/de\/support-de\/germany\/#breadcrumb"},"inLanguage":"de-DE","potentialAction":[{"@type":"ReadAction","target":["https:\/\/www.2020spaces.com\/de\/support-de\/germany\/"]}]},{"@type":"ImageObject","inLanguage":"de-DE","@id":"https:\/\/www.2020spaces.com\/de\/support-de\/germany\/#primaryimage","url":"https:\/\/www.2020spaces.com\/wp-content\/uploads\/2015\/03\/community_Badge_noBorder_DE.png","contentUrl":"https:\/\/www.2020spaces.com\/wp-content\/uploads\/2015\/03\/community_Badge_noBorder_DE.png"},{"@type":"BreadcrumbList","@id":"https:\/\/www.2020spaces.com\/de\/support-de\/germany\/#breadcrumb","itemListElement":[{"@type":"ListItem","position":1,"name":"Home","item":"https:\/\/www.2020spaces.com\/de\/"},{"@type":"ListItem","position":2,"name":"Support","item":"https:\/\/www.2020spaces.com\/de\/support-de\/"},{"@type":"ListItem","position":3,"name":"Germany"}]},{"@type":"WebSite","@id":"https:\/\/www.2020spaces.com\/#website","url":"https:\/\/www.2020spaces.com\/","name":"2020","description":"Making Spaces for Life\u2122","potentialAction":[{"@type":"SearchAction","target":{"@type":"EntryPoint","urlTemplate":"https:\/\/www.2020spaces.com\/?s={search_term_string}"},"query-input":{"@type":"PropertyValueSpecification","valueRequired":true,"valueName":"search_term_string"}}],"inLanguage":"de-DE"}]}},"_links":{"self":[{"href":"https:\/\/www.2020spaces.com\/de\/wp-json\/wp\/v2\/pages\/10652","targetHints":{"allow":["GET"]}}],"collection":[{"href":"https:\/\/www.2020spaces.com\/de\/wp-json\/wp\/v2\/pages"}],"about":[{"href":"https:\/\/www.2020spaces.com\/de\/wp-json\/wp\/v2\/types\/page"}],"author":[{"embeddable":true,"href":"https:\/\/www.2020spaces.com\/de\/wp-json\/wp\/v2\/users\/1"}],"replies":[{"embeddable":true,"href":"https:\/\/www.2020spaces.com\/de\/wp-json\/wp\/v2\/comments?post=10652"}],"version-history":[{"count":0,"href":"https:\/\/www.2020spaces.com\/de\/wp-json\/wp\/v2\/pages\/10652\/revisions"}],"up":[{"embeddable":true,"href":"https:\/\/www.2020spaces.com\/de\/wp-json\/wp\/v2\/pages\/10342"}],"wp:attachment":[{"href":"https:\/\/www.2020spaces.com\/de\/wp-json\/wp\/v2\/media?parent=10652"}],"wp:term":[{"taxonomy":"category","embeddable":true,"href":"https:\/\/www.2020spaces.com\/de\/wp-json\/wp\/v2\/categories?post=10652"}],"curies":[{"name":"wp","href":"https:\/\/api.w.org\/{rel}","templated":true}]}}