{"id":114666,"date":"2016-12-16T00:16:40","date_gmt":"2016-12-16T05:16:40","guid":{"rendered":"https:\/\/www.2020spaces.com\/de\/?page_id=114666"},"modified":"2023-11-30T02:05:25","modified_gmt":"2023-11-30T07:05:25","slug":"imm2017","status":"publish","type":"page","link":"https:\/\/www.2020spaces.com\/de\/imm2017\/","title":{"rendered":"imm2017"},"content":{"rendered":"<div id=\"x-content-band-1\" class=\"x-content-band bg-image parallax marginless-columns man\" data-x-element=\"content_band\" data-x-params=\"{&quot;type&quot;:&quot;image&quot;,&quot;parallax&quot;:true}\" style=\"background-image: url(https:\/\/www.2020spaces.com\/wp-content\/uploads\/2016\/12\/Banner_Imm2017_mfg_1920x1080.jpg); background-color: transparent; padding-top: 0px; padding-bottom: 0px;\"><div class=\"x-container\">\n<hr  class=\"x-gap\" style=\"margin: 5em 0 0 0;\"><div  class=\"x-container max width\" >\n<h1 style=\"text-align:center; color:#fff;\">Besuchen Sie uns auf der <strong>Living Kitchen 2017<\/strong><\/h1>\n<h3 style=\"text-align:center; color:#fff;\">16.-22. Januar 2017 | <strong>imm<\/strong> K\u00f6ln | Boulevard C-F, Stand 015<\/h3>\n<\/div>\n<hr  class=\"x-gap\" style=\"margin: 10em 0 0 0;\">\n<\/div><\/div>\none<br \/>\n<div id=\"x-content-band-2\" class=\"x-content-band marginless-columns man\" style=\"background-color: #e1e2e3; padding-top: 0px; padding-bottom: 0px;\"><div class=\"x-container max width\">\n<h3 style=\"text-align:center;\">Vom ersten Kundenkontakt bis hin zur Montage&mdash;wir unterst\u00fctzen Sie bei der Optimierung und Ausf\u00fchrung Ihrer Prozesse.<\/h3>\n<p style=\"text-align:center;\"><a  class=\"x-btn x-btn-rounded x-btn-large\"  href=\"#manufacturing\"     data-options=\"thumbnail: ''\">Erfahren Sie mehr \u00fcber unsere Produktionsl\u00f6sung: 2020 Insight <\/a>\n<p style=\"text-align:center;\"><a  class=\"x-btn x-btn-rounded x-btn-large\"  href=\"#retail\"     data-options=\"thumbnail: ''\">Erfahren Sie mehr \u00fcber unsere Handelsl\u00f6sung: 2020 Ideal Spaces <\/a>\n<p>\n<hr  class=\"x-gap\" style=\"margin: 2.626em 0 0 0;\">\n<\/div><\/div>\n<!--start map and form--><div id=\"x-content-band-3\" class=\"x-content-band marginless-columns man\" style=\"background-color: #fff; padding-top: 0px; padding-bottom: 0px;\"><div class=\"x-container max width\">\n<h3 style=\"text-align:center;\">Treffen Sie unser Team vor Ort und erfahren Sie mehr \u00fcber unsere Software-L\u00f6sungen.<\/h3>\n<\/div><\/div>\n<div id=\"x-content-band-4\" class=\"x-content-band center-text marginless-columns\" style=\"background-color: #fff;\"><div class=\"x-container max width\">\n<div  class=\"x-column x-sm x-2-3\" style=\"opacity: 0; transform: translate(-45px, 0); transition-duration: 750ms;\" data-x-element=\"column\" data-x-params=\"{&quot;fade&quot;:true}\" data-fade=\"true\">\n<img decoding=\"async\"  class=\"x-img x-img-none none\"  src=\"https:\/\/www.2020spaces.com\/wp-content\/uploads\/2016\/12\/imm_team_map.jpg\" alt=\"2020 at Living Kitchen | imm 2017, K\u00f6ln, Deutschland\">\n<\/div>\n<div  class=\"x-column x-sm x-1-3\" style=\"margin-left: auto !important; margin-right: auto !important;opacity: 0; transform: translate(45px, 0); transition-duration: 750ms; background-color:#f1f2f3;\" data-x-element=\"column\" data-x-params=\"{&quot;fade&quot;:true}\" data-fade=\"true\"><hr  class=\"x-gap\" style=\"margin: 1.313em 0 0 0;\">\n<div  class=\"x-container max width\" >\n<p style=\"text-align:left; padding-left:2em; padding-right:2em;\"\"><strong>Sie wollen Wartezeiten umgehen und direkt einen Termin vereinbaren? Oder Sie ben\u00f6tigen noch einen Eintrittskarten-Voucher?<\/strong><\/p>\n<\/div>\n<p style=\"margin-left: auto !important; margin-right: auto !important;\"><iframe loading=\"lazy\" style=\"border: 0px; text-align: center;\" src=\"https:\/\/go.pardot.com\/l\/70282\/2016-12-06\/4mcx2r\" width=\"350\" height=\"400\" frameborder=\"0\" scrolling=\"no\" align=\"center\"><\/iframe><\/p>\n<\/div><\/div><\/div><!--end map and form--><!--start manufacturing header--><br \/>\n<div id=\"x-content-band-5\" class=\"x-content-band marginless-columns man\" style=\"background-color: #f8971d; padding-top: 0px; padding-bottom: 0px;\"><div class=\"x-container\"><div id=\"manufacturing\" class=\"x-column x-sm x-1-1\" style=\"\" >\n<div  class=\"x-container max width\" ><hr  class=\"x-gap\" style=\"margin: 1.313em 0 0 0;\">\n<h3 style=\"color:#fff; text-align:center;\"><strong>Produktionsl\u00f6sung: 2020 Insight<\/strong><\/h3>\n<\/div><\/div><\/div><\/div>\n<!--end manufacturing header--><br \/>\n<!--start manufacturing content--><div id=\"x-content-band-6\" class=\"x-content-band center-text man\" style=\"background-color: transparent; padding-top: 0px;\"><div class=\"x-container max width\">\n<h3>Optimieren Sie Ihre Produktionsprozesse mit einer durchg\u00e4ngigen Softwarel\u00f6sung<\/h3>\n<p style=\"text-align: center;\"><img decoding=\"async\"  class=\"x-img x-img-none none\"  src=\"https:\/\/www.2020spaces.com\/wp-content\/uploads\/2016\/12\/banner_2020Insight_E2E_de.jpg\" alt=\"2020 Insight\">\n<p style=\"text-align: center;\">Niemand kennt Ihr Unternehmen besser als Sie. 2020 Insight arbeitet mit Ihren Prozessen, nicht anders herum. Speziell f\u00fcr M\u00f6belhersteller entwickelt, geht 2020 Insight \u00fcber das traditionelle ERP hinaus, um eine umfassende Fertigungsoperationsmanagementplattform bereitzustellen, die Ihre Prozesse verbindet, um einen nahtlosen Informationsfluss von der Bestellung bis zur Installation zu erstellen. 2020 Insight optimiert jeden Schritt Ihrer Operation und stellt die Agilit\u00e4t bereit, die Sie auf einem sich st\u00e4ndig \u00e4ndernden Marktplatz ben\u00f6tigen.<\/p>\n<p style=\"text-align: center;\"><a  class=\"x-btn x-btn-rounded x-btn-large\"  href=\"https:\/\/www.2020spaces.com\/de\/2020-produkte\/2020insight-de\/\"  target=\"_blank\" rel=\"noopener noreferrer\"   data-options=\"thumbnail: ''\">Erfahren Sie mehr \u00fcber 2020 Insight <\/a>\n<\/div><\/div>\n<div id=\"x-content-band-7\" class=\"x-content-band man\" style=\"background-color: #fff; padding-top: 0px; padding-bottom: 0px;\"><div class=\"x-container max width\">\n<div  class=\"x-column x-sm x-1-2\" style=\"\" ><hr  class=\"x-gap\" style=\"margin: 1.313em 0 0 0;\">\n<img decoding=\"async\"  class=\"x-img x-img-none none\"  src=\"https:\/\/www.2020spaces.com\/wp-content\/uploads\/2016\/12\/imm_Illustration_Left-01-1.jpg\" alt=\"imm Illustration Left 01 1\">\n<\/div>\n<div  class=\"x-column x-sm x-1-2\" style=\"\" >\n<div  class=\"x-container max width\" >\n<h4><strong>ST\u00c4RKEN SIE IHREN VERTRIEB MIT ONLINE-VERTRIEBS- KENNZAHLEN. SEIEN SIE IMMER EINEN SCHRITT VORAUS.<\/strong><\/h4>\n<p>Um einen schnellen \u00dcberblick \u00fcber Absatz, Kunden, Wettbewerbs- und Marktsituationen zu gewinnen sind Kennzahlen ein wertvolles Instrument und f\u00fcr eine erfolgreiche Vertriebssteuerung unerl\u00e4sslich. Denn nur durch kontinuierliches Reporting lassen sich Abweichungen und Schwachstellen zeitnah erkennen und  beheben.  <\/p>\n<p>Das kennzahlengesteuerte Vertriebsreporting von 2020 Insight ist deshalb ein wesentlicher Faktor f\u00fcr die Nutzung Ihrer Erfolgspotenziale. Sie k\u00f6nnen damit Zielgr\u00f6\u00dfen fundiert definieren und zeitgleich Steuerungsprozesse deutlich vereinfachen.<\/p>\n<\/div><\/div><\/div><\/div>\n<div id=\"x-content-band-8\" class=\"x-content-band man\" style=\"background-color: #f1f2f3; padding-top: 0px; padding-bottom: 0px;\"><div class=\"x-container max width\">\n<div  class=\"x-column x-sm x-1-2\" style=\"\" ><hr  class=\"x-gap\" style=\"margin: 1.313em 0 0 0;\">\n<img decoding=\"async\"  class=\"x-img x-img-none none\"  src=\"https:\/\/www.2020spaces.com\/wp-content\/uploads\/2016\/12\/imm_Illustration_Right-01-1.jpg\" alt=\"imm Illustration Right 01 1\">\n<\/div>\n<div  class=\"x-column x-sm x-1-2\" style=\"\" >\n<div  class=\"x-container max width\" >\n<h4><strong>DIE PRODUKTION IM GRIFF HABEN. KEIN PROBLEM. JEDERZEIT MIT ONLINE-DATEN ALLES IM BLICK.<\/strong><\/h4>\n<p>Kennzahlen sind unentbehrliche Orientierungsgr\u00f6\u00dfen und dienen in Form von Prozess-Benchmarks als Grundlagen von Abweichungsanalysen und als Planungsvorgaben f\u00fcr die zuk\u00fcnftige Entwicklung. Der Produktion kommt hierbei eine herausragende Rolle zu, um das Unternehmen wettbewerbsf\u00e4hig und profitabel zu halten. <\/p>\n<p>Produktionsmanagement und -controlling ben\u00f6tigen daher Kennzahlen, die sowohl den finanziellen Aspekt produktionsbezogener Aktivit\u00e4ten als auch deren erhebliche Au\u00dfenwirkung gegen\u00fcber Kunden und Lieferanten abbilden. 2020 Insight liefert Ihnen laufend aktuelle Daten, mit denen Sie Kennzahlen abpr\u00fcfen und aktuelle Abweichungen kurzfristig erkennen k\u00f6nnen.<\/p>\n<\/div><\/div><\/div><\/div>\n<div id=\"x-content-band-9\" class=\"x-content-band man\" style=\"background-color: #fff; padding-top: 0px; padding-bottom: 0px;\"><div class=\"x-container max width\">\n<div  class=\"x-column x-sm x-1-2\" style=\"\" ><hr  class=\"x-gap\" style=\"margin: 1.313em 0 0 0;\">\n<img decoding=\"async\"  class=\"x-img x-img-none none\"  src=\"https:\/\/www.2020spaces.com\/wp-content\/uploads\/2016\/12\/Hummel_Story.jpg\" alt=\"Hummel Story\">\n<\/div>\n<div  class=\"x-column x-sm x-1-2\" style=\"\" ><div  class=\"x-container max width\" >\n<hr  class=\"x-gap\" style=\"margin: 1.313em 0 0 0;\"><h4  class=\"h-custom-headline center-text h3\" style=\"margin: 0;\"><span><strong>Customer Success Story<\/strong><\/span><\/h4>\n<blockquote  class=\"x-blockquote\" >\u201eWir haben uns f\u00fcr 2020 Insight entschieden weil es das einzige, uns am Markt bekannte, Produkt ist, dass diese Durchg\u00e4ngigkeit in der Produktionssteuerung erlaubt.\u201c<cite class=\"x-cite\">Matthias Flick, Gesch\u00e4ftsf\u00fchrer, Hummel K\u00fcchenwerk GmbH<\/cite><\/blockquote>\n<p>Sie m\u00f6chten wissen, welche Erfahrungen Kunden mit 2020 Insight gemacht haben? <a href=\"https:\/\/www.2020spaces.com\/de\/hummel-kuechenwerk-stellt-auf-2020-insight-um\/\" target=\"_blank\" rel=\"noopener\">Hier erfahren Sie mehr. >><\/a><br \/>\n<\/div><\/div><\/div><\/div>\n<!--end manufacturing content--><\/p>\n<p><!--start retail--><br \/>\n<div id=\"x-content-band-10\" class=\"x-content-band marginless-columns man\" style=\"background-color: #f8971d; padding-top: 0px; padding-bottom: 0px;\"><div class=\"x-container\"><div id=\"retail\" class=\"x-column x-sm x-1-1\" style=\"\" >\n<div  class=\"x-container max width\" ><hr  class=\"x-gap\" style=\"margin: 1.313em 0 0 0;\">\n<h3 style=\"color:#fff; text-align:center;\"><strong>Handelsl\u00f6sung 2020 Ideal Spaces<\/strong><\/h3>\n<\/div><\/div><\/div><\/div>\n<div id=\"x-content-band-11\" class=\"x-content-band center-text man\" style=\"background-color: #fff; padding-top: 0px; padding-bottom: 0px;\"><div class=\"x-container max width\">\n<h3>Lassen Sie die Wohntr\u00e4ume Ihrer Kunden mit 2020 Ideal Spaces wahr werden<\/h3>\n<hr  class=\"x-gap\" style=\"margin: 1.313em 0 0 0;\">\n<\/div><\/div>\n<div id=\"x-content-band-12\" class=\"x-content-band\" style=\"background-color: #fff; padding-top: 0px; padding-bottom: 0px;\"><div class=\"x-container max width\">\n<div  class=\"x-column x-sm x-1-2\" style=\"\" ><img decoding=\"async\"  class=\"x-img x-img-none none\"  src=\"https:\/\/www.2020spaces.com\/wp-content\/uploads\/2016\/12\/2020-Ideal-Spaces_KitchenRendering.jpg\" alt=\"2020 Ideal Spaces Kitchen Rendering\">\n<\/div>\n<div  class=\"x-column x-sm x-1-2\" style=\"\" ><div  class=\"x-container max width\" >\n<p style=\"text-align: center;\">Nach einer Google-Studie informieren sich mittlerweile 4 von 5 Personen vor einer gr\u00f6\u00dferen Anschaffung im Internet. Da immer mehr sogenannte Millenials das Netz durchst\u00f6bern, dabei Produkte und Preise vergleichen sowie Lagerbest\u00e4nde pr\u00fcfen, m\u00fcssen H\u00e4ndler verst\u00e4rkt dar\u00fcber nachdenken, wie sie sich auf dem Online-Markt pr\u00e4sentieren und sich den Bed\u00fcrfnissen einer Generation anpassen wollen, die von \u00fcberall einkaufen m\u00f6chte.<\/p>\n<p>Mit 2020 Ideal Spaces, dem webbasierten 3D-Designtool des Software-Unternehmens 2020, bieten Sie Ihren Kunden die M\u00f6glichkeit ihrer Kreativit\u00e4t freien Lauf zu lassen und sich ihre perfekten Wohntr\u00e4ume zu kreieren.<\/p>\n<p style=\"text-align: center;\"><a  class=\"x-btn x-btn-rounded x-btn-large\"  href=\"https:\/\/www.2020spaces.com\/de\/2020-produkte\/2020-ideal-spaces-de\/\"  target=\"_blank\" rel=\"noopener noreferrer\"   data-options=\"thumbnail: ''\">Erfahren Sie mehr <\/a>\n<\/div><\/div><\/div><\/div>\n<hr  class=\"x-gap\" style=\"margin: 1.313em 0 0 0;\">\n<!--end retail--><\/p>\n","protected":false},"excerpt":{"rendered":"<p>one<\/p>\n","protected":false},"author":79079,"featured_media":0,"parent":0,"menu_order":0,"comment_status":"closed","ping_status":"closed","template":"template-blank-4.php","meta":{"_bbp_topic_count":0,"_bbp_reply_count":0,"_bbp_total_topic_count":0,"_bbp_total_reply_count":0,"_bbp_voice_count":0,"_bbp_anonymous_reply_count":0,"_bbp_topic_count_hidden":0,"_bbp_reply_count_hidden":0,"_bbp_forum_subforum_count":0,"footnotes":""},"categories":[],"class_list":["post-114666","page","type-page","status-publish","hentry","no-post-thumbnail"],"pp_force_visibility":null,"pp_subpost_visibility":null,"pp_inherited_force_visibility":null,"pp_inherited_subpost_visibility":null,"yoast_head":"<!-- This site is optimized with the Yoast SEO Premium plugin v27.4 (Yoast SEO v27.4) - https:\/\/yoast.com\/product\/yoast-seo-premium-wordpress\/ -->\n<title>imm2017 - Besuchen Sie uns auf der Living Kitchen 2017<\/title>\n<meta name=\"description\" content=\"Besuchen Sie uns auf der Living Kitchen 2017. Vom ersten Kundenkontakt bis hin zur Montage\u2014wir unterst\u00fctzen Sie bei der\" \/>\n<meta name=\"robots\" content=\"index, follow, max-snippet:-1, max-image-preview:large, max-video-preview:-1\" \/>\n<link rel=\"canonical\" href=\"https:\/\/www.2020spaces.com\/de\/imm2017\/\" \/>\n<meta property=\"og:locale\" content=\"de_DE\" \/>\n<meta property=\"og:type\" content=\"article\" \/>\n<meta property=\"og:title\" content=\"imm2017\" \/>\n<meta property=\"og:description\" content=\"Besuchen Sie uns auf der Living Kitchen 2017. Vom ersten Kundenkontakt bis hin zur Montage\u2014wir unterst\u00fctzen Sie bei der\" \/>\n<meta property=\"og:url\" content=\"https:\/\/www.2020spaces.com\/de\/imm2017\/\" \/>\n<meta property=\"og:site_name\" content=\"2020\" \/>\n<meta property=\"article:publisher\" content=\"https:\/\/www.facebook.com\/2020spaces\" \/>\n<meta property=\"article:modified_time\" content=\"2023-11-30T07:05:25+00:00\" \/>\n<meta name=\"twitter:card\" content=\"summary_large_image\" \/>\n<meta name=\"twitter:site\" content=\"@2020spaces\" \/>\n<meta name=\"twitter:label1\" content=\"Gesch\u00e4tzte Lesezeit\" \/>\n\t<meta name=\"twitter:data1\" content=\"4 Minuten\" \/>\n<script type=\"application\/ld+json\" class=\"yoast-schema-graph\">{\"@context\":\"https:\\\/\\\/schema.org\",\"@graph\":[{\"@type\":\"WebPage\",\"@id\":\"https:\\\/\\\/www.2020spaces.com\\\/de\\\/imm2017\\\/\",\"url\":\"https:\\\/\\\/www.2020spaces.com\\\/de\\\/imm2017\\\/\",\"name\":\"imm2017 - Besuchen Sie uns auf der Living Kitchen 2017\",\"isPartOf\":{\"@id\":\"https:\\\/\\\/www.2020spaces.com\\\/#website\"},\"datePublished\":\"2016-12-16T05:16:40+00:00\",\"dateModified\":\"2023-11-30T07:05:25+00:00\",\"description\":\"Besuchen Sie uns auf der Living Kitchen 2017. Vom ersten Kundenkontakt bis hin zur Montage\u2014wir unterst\u00fctzen Sie bei der\",\"breadcrumb\":{\"@id\":\"https:\\\/\\\/www.2020spaces.com\\\/de\\\/imm2017\\\/#breadcrumb\"},\"inLanguage\":\"de-DE\",\"potentialAction\":[{\"@type\":\"ReadAction\",\"target\":[\"https:\\\/\\\/www.2020spaces.com\\\/de\\\/imm2017\\\/\"]}]},{\"@type\":\"BreadcrumbList\",\"@id\":\"https:\\\/\\\/www.2020spaces.com\\\/de\\\/imm2017\\\/#breadcrumb\",\"itemListElement\":[{\"@type\":\"ListItem\",\"position\":1,\"name\":\"Home\",\"item\":\"https:\\\/\\\/www.2020spaces.com\\\/de\\\/\"},{\"@type\":\"ListItem\",\"position\":2,\"name\":\"imm2017\"}]},{\"@type\":\"WebSite\",\"@id\":\"https:\\\/\\\/www.2020spaces.com\\\/#website\",\"url\":\"https:\\\/\\\/www.2020spaces.com\\\/\",\"name\":\"2020\",\"description\":\"Making Spaces for Life\u2122\",\"potentialAction\":[{\"@type\":\"SearchAction\",\"target\":{\"@type\":\"EntryPoint\",\"urlTemplate\":\"https:\\\/\\\/www.2020spaces.com\\\/?s={search_term_string}\"},\"query-input\":{\"@type\":\"PropertyValueSpecification\",\"valueRequired\":true,\"valueName\":\"search_term_string\"}}],\"inLanguage\":\"de-DE\"}]}<\/script>\n<!-- \/ Yoast SEO Premium plugin. -->","yoast_head_json":{"title":"imm2017 - Besuchen Sie uns auf der Living Kitchen 2017","description":"Besuchen Sie uns auf der Living Kitchen 2017. Vom ersten Kundenkontakt bis hin zur Montage\u2014wir unterst\u00fctzen Sie bei der","robots":{"index":"index","follow":"follow","max-snippet":"max-snippet:-1","max-image-preview":"max-image-preview:large","max-video-preview":"max-video-preview:-1"},"canonical":"https:\/\/www.2020spaces.com\/de\/imm2017\/","og_locale":"de_DE","og_type":"article","og_title":"imm2017","og_description":"Besuchen Sie uns auf der Living Kitchen 2017. Vom ersten Kundenkontakt bis hin zur Montage\u2014wir unterst\u00fctzen Sie bei der","og_url":"https:\/\/www.2020spaces.com\/de\/imm2017\/","og_site_name":"2020","article_publisher":"https:\/\/www.facebook.com\/2020spaces","article_modified_time":"2023-11-30T07:05:25+00:00","twitter_card":"summary_large_image","twitter_site":"@2020spaces","twitter_misc":{"Gesch\u00e4tzte Lesezeit":"4 Minuten"},"schema":{"@context":"https:\/\/schema.org","@graph":[{"@type":"WebPage","@id":"https:\/\/www.2020spaces.com\/de\/imm2017\/","url":"https:\/\/www.2020spaces.com\/de\/imm2017\/","name":"imm2017 - Besuchen Sie uns auf der Living Kitchen 2017","isPartOf":{"@id":"https:\/\/www.2020spaces.com\/#website"},"datePublished":"2016-12-16T05:16:40+00:00","dateModified":"2023-11-30T07:05:25+00:00","description":"Besuchen Sie uns auf der Living Kitchen 2017. Vom ersten Kundenkontakt bis hin zur Montage\u2014wir unterst\u00fctzen Sie bei der","breadcrumb":{"@id":"https:\/\/www.2020spaces.com\/de\/imm2017\/#breadcrumb"},"inLanguage":"de-DE","potentialAction":[{"@type":"ReadAction","target":["https:\/\/www.2020spaces.com\/de\/imm2017\/"]}]},{"@type":"BreadcrumbList","@id":"https:\/\/www.2020spaces.com\/de\/imm2017\/#breadcrumb","itemListElement":[{"@type":"ListItem","position":1,"name":"Home","item":"https:\/\/www.2020spaces.com\/de\/"},{"@type":"ListItem","position":2,"name":"imm2017"}]},{"@type":"WebSite","@id":"https:\/\/www.2020spaces.com\/#website","url":"https:\/\/www.2020spaces.com\/","name":"2020","description":"Making Spaces for Life\u2122","potentialAction":[{"@type":"SearchAction","target":{"@type":"EntryPoint","urlTemplate":"https:\/\/www.2020spaces.com\/?s={search_term_string}"},"query-input":{"@type":"PropertyValueSpecification","valueRequired":true,"valueName":"search_term_string"}}],"inLanguage":"de-DE"}]}},"_links":{"self":[{"href":"https:\/\/www.2020spaces.com\/de\/wp-json\/wp\/v2\/pages\/114666","targetHints":{"allow":["GET"]}}],"collection":[{"href":"https:\/\/www.2020spaces.com\/de\/wp-json\/wp\/v2\/pages"}],"about":[{"href":"https:\/\/www.2020spaces.com\/de\/wp-json\/wp\/v2\/types\/page"}],"author":[{"embeddable":true,"href":"https:\/\/www.2020spaces.com\/de\/wp-json\/wp\/v2\/users\/79079"}],"replies":[{"embeddable":true,"href":"https:\/\/www.2020spaces.com\/de\/wp-json\/wp\/v2\/comments?post=114666"}],"version-history":[{"count":0,"href":"https:\/\/www.2020spaces.com\/de\/wp-json\/wp\/v2\/pages\/114666\/revisions"}],"wp:attachment":[{"href":"https:\/\/www.2020spaces.com\/de\/wp-json\/wp\/v2\/media?parent=114666"}],"wp:term":[{"taxonomy":"category","embeddable":true,"href":"https:\/\/www.2020spaces.com\/de\/wp-json\/wp\/v2\/categories?post=114666"}],"curies":[{"name":"wp","href":"https:\/\/api.w.org\/{rel}","templated":true}]}}