{"id":12524,"date":"2014-09-25T17:40:39","date_gmt":"2014-09-25T21:40:39","guid":{"rendered":"https:\/\/www.2020spaces.com\/?page_id=12524"},"modified":"2025-07-28T11:40:47","modified_gmt":"2025-07-28T15:40:47","slug":"impressum","status":"publish","type":"page","link":"https:\/\/www.2020spaces.com\/de\/uber-uns\/impressum\/","title":{"rendered":"Impressum"},"content":{"rendered":"<div id=\"cs-content\" class=\"cs-content\"><\/div>\n","protected":false},"excerpt":{"rendered":"<p>Impressum Gesch\u00e4ftsstelle Deutschland 20-20 Technologies GmbH Winkelhausenstra\u00dfe 13 49090 Osnabr\u00fcck Telefon +49 541 3550 0 Telefax +49 541 3550 199 salesde@2020spaces.com HRB 200219, Amtsgericht Osnabr\u00fcck Gesch\u00e4ftsf\u00fchrer: Kai Disselkamp Umsatzsteuer-Identifikationsnummer: DE814572070 Gesch\u00e4ftsstelle \u00d6sterreich 20-20 Technologies GmbH Fischauergasse 152 A-2700 Wiener Neustadt Telefon +43 2622 286000 Telefax +43 2622 286006 salesde@2020spaces.com FN134135h &#8230; <\/p>\n<div><a href=\"https:\/\/www.2020spaces.com\/de\/uber-uns\/impressum\/\" class=\"more-link\">Read More<\/a><\/div>\n","protected":false},"author":1,"featured_media":0,"parent":10196,"menu_order":0,"comment_status":"closed","ping_status":"open","template":"template-blank-1.php","meta":{"_bbp_topic_count":0,"_bbp_reply_count":0,"_bbp_total_topic_count":0,"_bbp_total_reply_count":0,"_bbp_voice_count":0,"_bbp_anonymous_reply_count":0,"_bbp_topic_count_hidden":0,"_bbp_reply_count_hidden":0,"_bbp_forum_subforum_count":0,"footnotes":""},"categories":[],"class_list":["post-12524","page","type-page","status-publish","hentry","no-post-thumbnail"],"pp_force_visibility":null,"pp_subpost_visibility":null,"pp_inherited_force_visibility":null,"pp_inherited_subpost_visibility":null,"yoast_head":"<!-- This site is optimized with the Yoast SEO Premium plugin v27.4 (Yoast SEO v27.4) - https:\/\/yoast.com\/product\/yoast-seo-premium-wordpress\/ -->\n<title>2020 - Impressum<\/title>\n<meta name=\"description\" content=\"Gesch\u00e4ftsstelle Deutschland 20-20 Technologies GmbH Winkelhausenstra\u00dfe 13 49090 Osnabr\u00fcck Telefon +49 541 3550 0 Telefax +49 541 3550 199\" \/>\n<meta name=\"robots\" content=\"index, follow, max-snippet:-1, max-image-preview:large, max-video-preview:-1\" \/>\n<link rel=\"canonical\" href=\"https:\/\/www.2020spaces.com\/de\/uber-uns\/impressum\/\" \/>\n<meta property=\"og:locale\" content=\"de_DE\" \/>\n<meta property=\"og:type\" content=\"article\" \/>\n<meta property=\"og:title\" content=\"Impressum\" \/>\n<meta property=\"og:description\" content=\"Gesch\u00e4ftsstelle Deutschland 20-20 Technologies GmbH Winkelhausenstra\u00dfe 13 49090 Osnabr\u00fcck Telefon +49 541 3550 0 Telefax +49 541 3550 199\" \/>\n<meta property=\"og:url\" content=\"https:\/\/www.2020spaces.com\/de\/uber-uns\/impressum\/\" \/>\n<meta property=\"og:site_name\" content=\"2020\" \/>\n<meta property=\"article:publisher\" content=\"https:\/\/www.facebook.com\/2020spaces\" \/>\n<meta property=\"article:modified_time\" content=\"2025-07-28T15:40:47+00:00\" \/>\n<meta name=\"twitter:card\" content=\"summary_large_image\" \/>\n<meta name=\"twitter:site\" content=\"@2020spaces\" \/>\n<meta name=\"twitter:label1\" content=\"Gesch\u00e4tzte Lesezeit\" \/>\n\t<meta name=\"twitter:data1\" content=\"12 Minuten\" \/>\n<script type=\"application\/ld+json\" class=\"yoast-schema-graph\">{\"@context\":\"https:\\\/\\\/schema.org\",\"@graph\":[{\"@type\":\"WebPage\",\"@id\":\"https:\\\/\\\/www.2020spaces.com\\\/de\\\/uber-uns\\\/impressum\\\/\",\"url\":\"https:\\\/\\\/www.2020spaces.com\\\/de\\\/uber-uns\\\/impressum\\\/\",\"name\":\"2020 - Impressum\",\"isPartOf\":{\"@id\":\"https:\\\/\\\/www.2020spaces.com\\\/#website\"},\"datePublished\":\"2014-09-25T21:40:39+00:00\",\"dateModified\":\"2025-07-28T15:40:47+00:00\",\"description\":\"Gesch\u00e4ftsstelle Deutschland 20-20 Technologies GmbH Winkelhausenstra\u00dfe 13 49090 Osnabr\u00fcck Telefon +49 541 3550 0 Telefax +49 541 3550 199\",\"breadcrumb\":{\"@id\":\"https:\\\/\\\/www.2020spaces.com\\\/de\\\/uber-uns\\\/impressum\\\/#breadcrumb\"},\"inLanguage\":\"de-DE\",\"potentialAction\":[{\"@type\":\"ReadAction\",\"target\":[\"https:\\\/\\\/www.2020spaces.com\\\/de\\\/uber-uns\\\/impressum\\\/\"]}]},{\"@type\":\"BreadcrumbList\",\"@id\":\"https:\\\/\\\/www.2020spaces.com\\\/de\\\/uber-uns\\\/impressum\\\/#breadcrumb\",\"itemListElement\":[{\"@type\":\"ListItem\",\"position\":1,\"name\":\"Home\",\"item\":\"https:\\\/\\\/www.2020spaces.com\\\/de\\\/\"},{\"@type\":\"ListItem\",\"position\":2,\"name\":\"\u00dcber uns\",\"item\":\"https:\\\/\\\/www.2020spaces.com\\\/de\\\/uber-uns\\\/\"},{\"@type\":\"ListItem\",\"position\":3,\"name\":\"Impressum\"}]},{\"@type\":\"WebSite\",\"@id\":\"https:\\\/\\\/www.2020spaces.com\\\/#website\",\"url\":\"https:\\\/\\\/www.2020spaces.com\\\/\",\"name\":\"2020\",\"description\":\"Making Spaces for Life\u2122\",\"potentialAction\":[{\"@type\":\"SearchAction\",\"target\":{\"@type\":\"EntryPoint\",\"urlTemplate\":\"https:\\\/\\\/www.2020spaces.com\\\/?s={search_term_string}\"},\"query-input\":{\"@type\":\"PropertyValueSpecification\",\"valueRequired\":true,\"valueName\":\"search_term_string\"}}],\"inLanguage\":\"de-DE\"}]}<\/script>\n<!-- \/ Yoast SEO Premium plugin. -->","yoast_head_json":{"title":"2020 - Impressum","description":"Gesch\u00e4ftsstelle Deutschland 20-20 Technologies GmbH Winkelhausenstra\u00dfe 13 49090 Osnabr\u00fcck Telefon +49 541 3550 0 Telefax +49 541 3550 199","robots":{"index":"index","follow":"follow","max-snippet":"max-snippet:-1","max-image-preview":"max-image-preview:large","max-video-preview":"max-video-preview:-1"},"canonical":"https:\/\/www.2020spaces.com\/de\/uber-uns\/impressum\/","og_locale":"de_DE","og_type":"article","og_title":"Impressum","og_description":"Gesch\u00e4ftsstelle Deutschland 20-20 Technologies GmbH Winkelhausenstra\u00dfe 13 49090 Osnabr\u00fcck Telefon +49 541 3550 0 Telefax +49 541 3550 199","og_url":"https:\/\/www.2020spaces.com\/de\/uber-uns\/impressum\/","og_site_name":"2020","article_publisher":"https:\/\/www.facebook.com\/2020spaces","article_modified_time":"2025-07-28T15:40:47+00:00","twitter_card":"summary_large_image","twitter_site":"@2020spaces","twitter_misc":{"Gesch\u00e4tzte Lesezeit":"12 Minuten"},"schema":{"@context":"https:\/\/schema.org","@graph":[{"@type":"WebPage","@id":"https:\/\/www.2020spaces.com\/de\/uber-uns\/impressum\/","url":"https:\/\/www.2020spaces.com\/de\/uber-uns\/impressum\/","name":"2020 - Impressum","isPartOf":{"@id":"https:\/\/www.2020spaces.com\/#website"},"datePublished":"2014-09-25T21:40:39+00:00","dateModified":"2025-07-28T15:40:47+00:00","description":"Gesch\u00e4ftsstelle Deutschland 20-20 Technologies GmbH Winkelhausenstra\u00dfe 13 49090 Osnabr\u00fcck Telefon +49 541 3550 0 Telefax +49 541 3550 199","breadcrumb":{"@id":"https:\/\/www.2020spaces.com\/de\/uber-uns\/impressum\/#breadcrumb"},"inLanguage":"de-DE","potentialAction":[{"@type":"ReadAction","target":["https:\/\/www.2020spaces.com\/de\/uber-uns\/impressum\/"]}]},{"@type":"BreadcrumbList","@id":"https:\/\/www.2020spaces.com\/de\/uber-uns\/impressum\/#breadcrumb","itemListElement":[{"@type":"ListItem","position":1,"name":"Home","item":"https:\/\/www.2020spaces.com\/de\/"},{"@type":"ListItem","position":2,"name":"\u00dcber uns","item":"https:\/\/www.2020spaces.com\/de\/uber-uns\/"},{"@type":"ListItem","position":3,"name":"Impressum"}]},{"@type":"WebSite","@id":"https:\/\/www.2020spaces.com\/#website","url":"https:\/\/www.2020spaces.com\/","name":"2020","description":"Making Spaces for Life\u2122","potentialAction":[{"@type":"SearchAction","target":{"@type":"EntryPoint","urlTemplate":"https:\/\/www.2020spaces.com\/?s={search_term_string}"},"query-input":{"@type":"PropertyValueSpecification","valueRequired":true,"valueName":"search_term_string"}}],"inLanguage":"de-DE"}]}},"_links":{"self":[{"href":"https:\/\/www.2020spaces.com\/de\/wp-json\/wp\/v2\/pages\/12524","targetHints":{"allow":["GET"]}}],"collection":[{"href":"https:\/\/www.2020spaces.com\/de\/wp-json\/wp\/v2\/pages"}],"about":[{"href":"https:\/\/www.2020spaces.com\/de\/wp-json\/wp\/v2\/types\/page"}],"author":[{"embeddable":true,"href":"https:\/\/www.2020spaces.com\/de\/wp-json\/wp\/v2\/users\/1"}],"replies":[{"embeddable":true,"href":"https:\/\/www.2020spaces.com\/de\/wp-json\/wp\/v2\/comments?post=12524"}],"version-history":[{"count":0,"href":"https:\/\/www.2020spaces.com\/de\/wp-json\/wp\/v2\/pages\/12524\/revisions"}],"up":[{"embeddable":true,"href":"https:\/\/www.2020spaces.com\/de\/wp-json\/wp\/v2\/pages\/10196"}],"wp:attachment":[{"href":"https:\/\/www.2020spaces.com\/de\/wp-json\/wp\/v2\/media?parent=12524"}],"wp:term":[{"taxonomy":"category","embeddable":true,"href":"https:\/\/www.2020spaces.com\/de\/wp-json\/wp\/v2\/categories?post=12524"}],"curies":[{"name":"wp","href":"https:\/\/api.w.org\/{rel}","templated":true}]}}