{"id":179433,"date":"2018-04-09T11:39:06","date_gmt":"2018-04-09T15:39:06","guid":{"rendered":"https:\/\/www.2020spaces.com\/?page_id=179433"},"modified":"2023-03-07T04:17:14","modified_gmt":"2023-03-07T09:17:14","slug":"engineering-automation","status":"publish","type":"page","link":"https:\/\/www.2020spaces.com\/de\/2020-produkte\/2020insight-de\/engineering-automation\/","title":{"rendered":"Engineering Automation"},"content":{"rendered":"<div id=\"cs-content\" class=\"cs-content\"><\/div>\n","protected":false},"excerpt":{"rendered":"<p>2020 Insight: Engineering Automation 2020 Insights Engineering Konfigurator, 2020 Construct, erlaubt die regelbasierte 3D-Konstruktion von M\u00f6beln. Kundenspezifische Produktanpassungen durchlaufen die Produktion wie Standardprodukte. Liefert Konstruktions- und CNC-Daten, Teile- &#038; Montagezeichnungen sowie Oberfl\u00e4chen- &#038; Kantenverarbeitungsdaten Erstellt vollst\u00e4ndig parametrischer Produktmodelle mit Konfigurationslogik, Regeln und Volumenmodellierung Automatische Generierung von St\u00fccklisten f\u00fcr den Einsatz &#8230; <\/p>\n<div><a href=\"https:\/\/www.2020spaces.com\/de\/2020-produkte\/2020insight-de\/engineering-automation\/\" class=\"more-link\">Read More<\/a><\/div>\n","protected":false},"author":5,"featured_media":0,"parent":10331,"menu_order":0,"comment_status":"closed","ping_status":"closed","template":"template-blank-4.php","meta":{"_bbp_topic_count":0,"_bbp_reply_count":0,"_bbp_total_topic_count":0,"_bbp_total_reply_count":0,"_bbp_voice_count":0,"_bbp_anonymous_reply_count":0,"_bbp_topic_count_hidden":0,"_bbp_reply_count_hidden":0,"_bbp_forum_subforum_count":0,"footnotes":""},"categories":[],"class_list":["post-179433","page","type-page","status-publish","hentry","no-post-thumbnail"],"pp_force_visibility":null,"pp_subpost_visibility":null,"pp_inherited_force_visibility":null,"pp_inherited_subpost_visibility":null,"yoast_head":"<!-- This site is optimized with the Yoast SEO Premium plugin v27.4 (Yoast SEO v27.4) - https:\/\/yoast.com\/product\/yoast-seo-premium-wordpress\/ -->\n<title>2020 Insight: Engineering Automation | 2020 Spaces<\/title>\n<meta name=\"description\" content=\"Der technische Konfigurator von 2020 Insight, 2020 Construct, erm\u00f6glicht die On-Demand-Erstellung von Schr\u00e4nken, Koffern, Garderoben und M\u00f6beln.\" \/>\n<meta name=\"robots\" content=\"index, follow, max-snippet:-1, max-image-preview:large, max-video-preview:-1\" \/>\n<link rel=\"canonical\" href=\"https:\/\/www.2020spaces.com\/de\/2020-produkte\/2020insight-de\/engineering-automation\/\" \/>\n<meta property=\"og:locale\" content=\"de_DE\" \/>\n<meta property=\"og:type\" content=\"article\" \/>\n<meta property=\"og:title\" content=\"Engineering Automation\" \/>\n<meta property=\"og:description\" content=\"Der technische Konfigurator von 2020 Insight, 2020 Construct, erm\u00f6glicht die On-Demand-Erstellung von Schr\u00e4nken, Koffern, Garderoben und M\u00f6beln.\" \/>\n<meta property=\"og:url\" content=\"https:\/\/www.2020spaces.com\/de\/2020-produkte\/2020insight-de\/engineering-automation\/\" \/>\n<meta property=\"og:site_name\" content=\"2020\" \/>\n<meta property=\"article:publisher\" content=\"https:\/\/www.facebook.com\/2020spaces\" \/>\n<meta property=\"article:modified_time\" content=\"2023-03-07T09:17:14+00:00\" \/>\n<meta name=\"twitter:card\" content=\"summary_large_image\" \/>\n<meta name=\"twitter:site\" content=\"@2020spaces\" \/>\n<meta name=\"twitter:label1\" content=\"Gesch\u00e4tzte Lesezeit\" \/>\n\t<meta name=\"twitter:data1\" content=\"7 Minuten\" \/>\n<script type=\"application\/ld+json\" class=\"yoast-schema-graph\">{\"@context\":\"https:\\\/\\\/schema.org\",\"@graph\":[{\"@type\":\"WebPage\",\"@id\":\"https:\\\/\\\/www.2020spaces.com\\\/de\\\/2020-produkte\\\/2020insight-de\\\/engineering-automation\\\/\",\"url\":\"https:\\\/\\\/www.2020spaces.com\\\/de\\\/2020-produkte\\\/2020insight-de\\\/engineering-automation\\\/\",\"name\":\"2020 Insight: Engineering Automation | 2020 Spaces\",\"isPartOf\":{\"@id\":\"https:\\\/\\\/www.2020spaces.com\\\/#website\"},\"datePublished\":\"2018-04-09T15:39:06+00:00\",\"dateModified\":\"2023-03-07T09:17:14+00:00\",\"description\":\"Der technische Konfigurator von 2020 Insight, 2020 Construct, erm\u00f6glicht die On-Demand-Erstellung von Schr\u00e4nken, Koffern, Garderoben und M\u00f6beln.\",\"breadcrumb\":{\"@id\":\"https:\\\/\\\/www.2020spaces.com\\\/de\\\/2020-produkte\\\/2020insight-de\\\/engineering-automation\\\/#breadcrumb\"},\"inLanguage\":\"de-DE\",\"potentialAction\":[{\"@type\":\"ReadAction\",\"target\":[\"https:\\\/\\\/www.2020spaces.com\\\/de\\\/2020-produkte\\\/2020insight-de\\\/engineering-automation\\\/\"]}]},{\"@type\":\"BreadcrumbList\",\"@id\":\"https:\\\/\\\/www.2020spaces.com\\\/de\\\/2020-produkte\\\/2020insight-de\\\/engineering-automation\\\/#breadcrumb\",\"itemListElement\":[{\"@type\":\"ListItem\",\"position\":1,\"name\":\"Home\",\"item\":\"https:\\\/\\\/www.2020spaces.com\\\/de\\\/\"},{\"@type\":\"ListItem\",\"position\":2,\"name\":\"2020 Produkte\",\"item\":\"https:\\\/\\\/www.2020spaces.com\\\/de\\\/2020-produkte\\\/\"},{\"@type\":\"ListItem\",\"position\":3,\"name\":\"2020 Insight\",\"item\":\"https:\\\/\\\/www.2020spaces.com\\\/de\\\/2020-produkte\\\/2020insight-de\\\/\"},{\"@type\":\"ListItem\",\"position\":4,\"name\":\"Engineering Automation\"}]},{\"@type\":\"WebSite\",\"@id\":\"https:\\\/\\\/www.2020spaces.com\\\/#website\",\"url\":\"https:\\\/\\\/www.2020spaces.com\\\/\",\"name\":\"2020\",\"description\":\"Making Spaces for Life\u2122\",\"potentialAction\":[{\"@type\":\"SearchAction\",\"target\":{\"@type\":\"EntryPoint\",\"urlTemplate\":\"https:\\\/\\\/www.2020spaces.com\\\/?s={search_term_string}\"},\"query-input\":{\"@type\":\"PropertyValueSpecification\",\"valueRequired\":true,\"valueName\":\"search_term_string\"}}],\"inLanguage\":\"de-DE\"}]}<\/script>\n<!-- \/ Yoast SEO Premium plugin. -->","yoast_head_json":{"title":"2020 Insight: Engineering Automation | 2020 Spaces","description":"Der technische Konfigurator von 2020 Insight, 2020 Construct, erm\u00f6glicht die On-Demand-Erstellung von Schr\u00e4nken, Koffern, Garderoben und M\u00f6beln.","robots":{"index":"index","follow":"follow","max-snippet":"max-snippet:-1","max-image-preview":"max-image-preview:large","max-video-preview":"max-video-preview:-1"},"canonical":"https:\/\/www.2020spaces.com\/de\/2020-produkte\/2020insight-de\/engineering-automation\/","og_locale":"de_DE","og_type":"article","og_title":"Engineering Automation","og_description":"Der technische Konfigurator von 2020 Insight, 2020 Construct, erm\u00f6glicht die On-Demand-Erstellung von Schr\u00e4nken, Koffern, Garderoben und M\u00f6beln.","og_url":"https:\/\/www.2020spaces.com\/de\/2020-produkte\/2020insight-de\/engineering-automation\/","og_site_name":"2020","article_publisher":"https:\/\/www.facebook.com\/2020spaces","article_modified_time":"2023-03-07T09:17:14+00:00","twitter_card":"summary_large_image","twitter_site":"@2020spaces","twitter_misc":{"Gesch\u00e4tzte Lesezeit":"7 Minuten"},"schema":{"@context":"https:\/\/schema.org","@graph":[{"@type":"WebPage","@id":"https:\/\/www.2020spaces.com\/de\/2020-produkte\/2020insight-de\/engineering-automation\/","url":"https:\/\/www.2020spaces.com\/de\/2020-produkte\/2020insight-de\/engineering-automation\/","name":"2020 Insight: Engineering Automation | 2020 Spaces","isPartOf":{"@id":"https:\/\/www.2020spaces.com\/#website"},"datePublished":"2018-04-09T15:39:06+00:00","dateModified":"2023-03-07T09:17:14+00:00","description":"Der technische Konfigurator von 2020 Insight, 2020 Construct, erm\u00f6glicht die On-Demand-Erstellung von Schr\u00e4nken, Koffern, Garderoben und M\u00f6beln.","breadcrumb":{"@id":"https:\/\/www.2020spaces.com\/de\/2020-produkte\/2020insight-de\/engineering-automation\/#breadcrumb"},"inLanguage":"de-DE","potentialAction":[{"@type":"ReadAction","target":["https:\/\/www.2020spaces.com\/de\/2020-produkte\/2020insight-de\/engineering-automation\/"]}]},{"@type":"BreadcrumbList","@id":"https:\/\/www.2020spaces.com\/de\/2020-produkte\/2020insight-de\/engineering-automation\/#breadcrumb","itemListElement":[{"@type":"ListItem","position":1,"name":"Home","item":"https:\/\/www.2020spaces.com\/de\/"},{"@type":"ListItem","position":2,"name":"2020 Produkte","item":"https:\/\/www.2020spaces.com\/de\/2020-produkte\/"},{"@type":"ListItem","position":3,"name":"2020 Insight","item":"https:\/\/www.2020spaces.com\/de\/2020-produkte\/2020insight-de\/"},{"@type":"ListItem","position":4,"name":"Engineering Automation"}]},{"@type":"WebSite","@id":"https:\/\/www.2020spaces.com\/#website","url":"https:\/\/www.2020spaces.com\/","name":"2020","description":"Making Spaces for Life\u2122","potentialAction":[{"@type":"SearchAction","target":{"@type":"EntryPoint","urlTemplate":"https:\/\/www.2020spaces.com\/?s={search_term_string}"},"query-input":{"@type":"PropertyValueSpecification","valueRequired":true,"valueName":"search_term_string"}}],"inLanguage":"de-DE"}]}},"_links":{"self":[{"href":"https:\/\/www.2020spaces.com\/de\/wp-json\/wp\/v2\/pages\/179433","targetHints":{"allow":["GET"]}}],"collection":[{"href":"https:\/\/www.2020spaces.com\/de\/wp-json\/wp\/v2\/pages"}],"about":[{"href":"https:\/\/www.2020spaces.com\/de\/wp-json\/wp\/v2\/types\/page"}],"author":[{"embeddable":true,"href":"https:\/\/www.2020spaces.com\/de\/wp-json\/wp\/v2\/users\/5"}],"replies":[{"embeddable":true,"href":"https:\/\/www.2020spaces.com\/de\/wp-json\/wp\/v2\/comments?post=179433"}],"version-history":[{"count":0,"href":"https:\/\/www.2020spaces.com\/de\/wp-json\/wp\/v2\/pages\/179433\/revisions"}],"up":[{"embeddable":true,"href":"https:\/\/www.2020spaces.com\/de\/wp-json\/wp\/v2\/pages\/10331"}],"wp:attachment":[{"href":"https:\/\/www.2020spaces.com\/de\/wp-json\/wp\/v2\/media?parent=179433"}],"wp:term":[{"taxonomy":"category","embeddable":true,"href":"https:\/\/www.2020spaces.com\/de\/wp-json\/wp\/v2\/categories?post=179433"}],"curies":[{"name":"wp","href":"https:\/\/api.w.org\/{rel}","templated":true}]}}