{"id":199375,"date":"2018-08-10T16:32:47","date_gmt":"2018-08-10T20:32:47","guid":{"rendered":"https:\/\/www.2020spaces.com\/?page_id=199375"},"modified":"2020-12-28T11:06:58","modified_gmt":"2020-12-28T16:06:58","slug":"daten","status":"publish","type":"page","link":"https:\/\/www.2020spaces.com\/de\/daten\/","title":{"rendered":"Daten Competence Center (DCC)"},"content":{"rendered":"<div id=\"cs-content\" class=\"cs-content\"><\/div>\n","protected":false},"excerpt":{"rendered":"<p>Daten Competence Center (DCC)Daten Competence Center e. V. (DCC) mit Sitz in Herford ist ein eigenst\u00e4ndiger, nicht gewinnorientierter Verein innerhalb der Verb\u00e4nde der Holz- und M\u00f6belindustrie, der sich in allen Bereichen der Datenkommunikation f\u00fcr planungsintensive M\u00f6bel engagiert. Derzeit sind Unternehmen aus der K\u00fcchen-, Bad-, Polster- und Wohnm\u00f6belindustrie, der Software-Branche und &#8230; <\/p>\n<div><a href=\"https:\/\/www.2020spaces.com\/de\/daten\/\" class=\"more-link\">Read More<\/a><\/div>\n","protected":false},"author":1,"featured_media":0,"parent":0,"menu_order":0,"comment_status":"closed","ping_status":"closed","template":"template-blank-1.php","meta":{"_bbp_topic_count":0,"_bbp_reply_count":0,"_bbp_total_topic_count":0,"_bbp_total_reply_count":0,"_bbp_voice_count":0,"_bbp_anonymous_reply_count":0,"_bbp_topic_count_hidden":0,"_bbp_reply_count_hidden":0,"_bbp_forum_subforum_count":0,"footnotes":""},"categories":[],"class_list":["post-199375","page","type-page","status-publish","hentry","no-post-thumbnail"],"pp_force_visibility":null,"pp_subpost_visibility":null,"pp_inherited_force_visibility":null,"pp_inherited_subpost_visibility":null,"yoast_head":"<!-- This site is optimized with the Yoast SEO Premium plugin v27.4 (Yoast SEO v27.4) - https:\/\/yoast.com\/product\/yoast-seo-premium-wordpress\/ -->\n<title>Daten Competence Center (DCC) | 2020 Spaces<\/title>\n<meta name=\"description\" content=\"Das Daten Competence Center e. V. (DCC) ist ein unabh\u00e4ngiger, gemeinn\u00fctziger Verein innerhalb der Verb\u00e4nde der Holz- und M\u00f6belindustrie.\" \/>\n<meta name=\"robots\" content=\"index, follow, max-snippet:-1, max-image-preview:large, max-video-preview:-1\" \/>\n<link rel=\"canonical\" href=\"https:\/\/www.2020spaces.com\/de\/daten\/\" \/>\n<meta property=\"og:locale\" content=\"de_DE\" \/>\n<meta property=\"og:type\" content=\"article\" \/>\n<meta property=\"og:title\" content=\"Daten Competence Center (DCC)\" \/>\n<meta property=\"og:description\" content=\"Das Daten Competence Center e. V. (DCC) ist ein unabh\u00e4ngiger, gemeinn\u00fctziger Verein innerhalb der Verb\u00e4nde der Holz- und M\u00f6belindustrie.\" \/>\n<meta property=\"og:url\" content=\"https:\/\/www.2020spaces.com\/de\/daten\/\" \/>\n<meta property=\"og:site_name\" content=\"2020\" \/>\n<meta property=\"article:publisher\" content=\"https:\/\/www.facebook.com\/2020spaces\" \/>\n<meta property=\"article:modified_time\" content=\"2020-12-28T16:06:58+00:00\" \/>\n<meta name=\"twitter:card\" content=\"summary_large_image\" \/>\n<meta name=\"twitter:site\" content=\"@2020spaces\" \/>\n<meta name=\"twitter:label1\" content=\"Gesch\u00e4tzte Lesezeit\" \/>\n\t<meta name=\"twitter:data1\" content=\"1 Minute\" \/>\n<script type=\"application\/ld+json\" class=\"yoast-schema-graph\">{\"@context\":\"https:\\\/\\\/schema.org\",\"@graph\":[{\"@type\":\"WebPage\",\"@id\":\"https:\\\/\\\/www.2020spaces.com\\\/de\\\/daten\\\/\",\"url\":\"https:\\\/\\\/www.2020spaces.com\\\/de\\\/daten\\\/\",\"name\":\"Daten Competence Center (DCC) | 2020 Spaces\",\"isPartOf\":{\"@id\":\"https:\\\/\\\/www.2020spaces.com\\\/#website\"},\"datePublished\":\"2018-08-10T20:32:47+00:00\",\"dateModified\":\"2020-12-28T16:06:58+00:00\",\"description\":\"Das Daten Competence Center e. V. (DCC) ist ein unabh\u00e4ngiger, gemeinn\u00fctziger Verein innerhalb der Verb\u00e4nde der Holz- und M\u00f6belindustrie.\",\"breadcrumb\":{\"@id\":\"https:\\\/\\\/www.2020spaces.com\\\/de\\\/daten\\\/#breadcrumb\"},\"inLanguage\":\"de-DE\",\"potentialAction\":[{\"@type\":\"ReadAction\",\"target\":[\"https:\\\/\\\/www.2020spaces.com\\\/de\\\/daten\\\/\"]}]},{\"@type\":\"BreadcrumbList\",\"@id\":\"https:\\\/\\\/www.2020spaces.com\\\/de\\\/daten\\\/#breadcrumb\",\"itemListElement\":[{\"@type\":\"ListItem\",\"position\":1,\"name\":\"Home\",\"item\":\"https:\\\/\\\/www.2020spaces.com\\\/de\\\/\"},{\"@type\":\"ListItem\",\"position\":2,\"name\":\"Daten Competence Center (DCC)\"}]},{\"@type\":\"WebSite\",\"@id\":\"https:\\\/\\\/www.2020spaces.com\\\/#website\",\"url\":\"https:\\\/\\\/www.2020spaces.com\\\/\",\"name\":\"2020\",\"description\":\"Making Spaces for Life\u2122\",\"potentialAction\":[{\"@type\":\"SearchAction\",\"target\":{\"@type\":\"EntryPoint\",\"urlTemplate\":\"https:\\\/\\\/www.2020spaces.com\\\/?s={search_term_string}\"},\"query-input\":{\"@type\":\"PropertyValueSpecification\",\"valueRequired\":true,\"valueName\":\"search_term_string\"}}],\"inLanguage\":\"de-DE\"}]}<\/script>\n<!-- \/ Yoast SEO Premium plugin. -->","yoast_head_json":{"title":"Daten Competence Center (DCC) | 2020 Spaces","description":"Das Daten Competence Center e. V. (DCC) ist ein unabh\u00e4ngiger, gemeinn\u00fctziger Verein innerhalb der Verb\u00e4nde der Holz- und M\u00f6belindustrie.","robots":{"index":"index","follow":"follow","max-snippet":"max-snippet:-1","max-image-preview":"max-image-preview:large","max-video-preview":"max-video-preview:-1"},"canonical":"https:\/\/www.2020spaces.com\/de\/daten\/","og_locale":"de_DE","og_type":"article","og_title":"Daten Competence Center (DCC)","og_description":"Das Daten Competence Center e. V. (DCC) ist ein unabh\u00e4ngiger, gemeinn\u00fctziger Verein innerhalb der Verb\u00e4nde der Holz- und M\u00f6belindustrie.","og_url":"https:\/\/www.2020spaces.com\/de\/daten\/","og_site_name":"2020","article_publisher":"https:\/\/www.facebook.com\/2020spaces","article_modified_time":"2020-12-28T16:06:58+00:00","twitter_card":"summary_large_image","twitter_site":"@2020spaces","twitter_misc":{"Gesch\u00e4tzte Lesezeit":"1 Minute"},"schema":{"@context":"https:\/\/schema.org","@graph":[{"@type":"WebPage","@id":"https:\/\/www.2020spaces.com\/de\/daten\/","url":"https:\/\/www.2020spaces.com\/de\/daten\/","name":"Daten Competence Center (DCC) | 2020 Spaces","isPartOf":{"@id":"https:\/\/www.2020spaces.com\/#website"},"datePublished":"2018-08-10T20:32:47+00:00","dateModified":"2020-12-28T16:06:58+00:00","description":"Das Daten Competence Center e. V. (DCC) ist ein unabh\u00e4ngiger, gemeinn\u00fctziger Verein innerhalb der Verb\u00e4nde der Holz- und M\u00f6belindustrie.","breadcrumb":{"@id":"https:\/\/www.2020spaces.com\/de\/daten\/#breadcrumb"},"inLanguage":"de-DE","potentialAction":[{"@type":"ReadAction","target":["https:\/\/www.2020spaces.com\/de\/daten\/"]}]},{"@type":"BreadcrumbList","@id":"https:\/\/www.2020spaces.com\/de\/daten\/#breadcrumb","itemListElement":[{"@type":"ListItem","position":1,"name":"Home","item":"https:\/\/www.2020spaces.com\/de\/"},{"@type":"ListItem","position":2,"name":"Daten Competence Center (DCC)"}]},{"@type":"WebSite","@id":"https:\/\/www.2020spaces.com\/#website","url":"https:\/\/www.2020spaces.com\/","name":"2020","description":"Making Spaces for Life\u2122","potentialAction":[{"@type":"SearchAction","target":{"@type":"EntryPoint","urlTemplate":"https:\/\/www.2020spaces.com\/?s={search_term_string}"},"query-input":{"@type":"PropertyValueSpecification","valueRequired":true,"valueName":"search_term_string"}}],"inLanguage":"de-DE"}]}},"_links":{"self":[{"href":"https:\/\/www.2020spaces.com\/de\/wp-json\/wp\/v2\/pages\/199375","targetHints":{"allow":["GET"]}}],"collection":[{"href":"https:\/\/www.2020spaces.com\/de\/wp-json\/wp\/v2\/pages"}],"about":[{"href":"https:\/\/www.2020spaces.com\/de\/wp-json\/wp\/v2\/types\/page"}],"author":[{"embeddable":true,"href":"https:\/\/www.2020spaces.com\/de\/wp-json\/wp\/v2\/users\/1"}],"replies":[{"embeddable":true,"href":"https:\/\/www.2020spaces.com\/de\/wp-json\/wp\/v2\/comments?post=199375"}],"version-history":[{"count":0,"href":"https:\/\/www.2020spaces.com\/de\/wp-json\/wp\/v2\/pages\/199375\/revisions"}],"wp:attachment":[{"href":"https:\/\/www.2020spaces.com\/de\/wp-json\/wp\/v2\/media?parent=199375"}],"wp:term":[{"taxonomy":"category","embeddable":true,"href":"https:\/\/www.2020spaces.com\/de\/wp-json\/wp\/v2\/categories?post=199375"}],"curies":[{"name":"wp","href":"https:\/\/api.w.org\/{rel}","templated":true}]}}