{"id":204021,"date":"2018-10-03T13:37:42","date_gmt":"2018-10-03T17:37:42","guid":{"rendered":"https:\/\/www.2020spaces.com\/support-de\/renew\/"},"modified":"2020-12-08T16:58:29","modified_gmt":"2020-12-08T21:58:29","slug":"erneuern-sie-ihren-support","status":"publish","type":"page","link":"https:\/\/www.2020spaces.com\/de\/support-de\/erneuern-sie-ihren-support\/","title":{"rendered":"Erneuern Sie Ihren Support"},"content":{"rendered":"<div id=\"cs-content\" class=\"cs-content\"><\/div>\n","protected":false},"excerpt":{"rendered":"<p>Erneuerung des Support-Plans F\u00fcllen Sie das Formular aus, um Ihren Support-Plan zu verl\u00e4ngern und weiterhin davon zu profitieren:Unterst\u00fctzung per Email und TelefonLive-Chat mit dem Support-TeamKostenlose Software-UpdatesZugang zu Hersteller-Katalogen360-Grad Renderings*Und so viel mehr* nur for 2020 Design und 2020 Fusion Kontatkieren Sie uns Unterst\u00fctzung f\u00fcr mehr als 100 L\u00e4nderVerst\u00e4rkung des Support-Teams &#8230; <\/p>\n<div><a href=\"https:\/\/www.2020spaces.com\/de\/support-de\/erneuern-sie-ihren-support\/\" class=\"more-link\">Read More<\/a><\/div>\n","protected":false},"author":5,"featured_media":0,"parent":10342,"menu_order":0,"comment_status":"closed","ping_status":"closed","template":"template-blank-4.php","meta":{"_bbp_topic_count":0,"_bbp_reply_count":0,"_bbp_total_topic_count":0,"_bbp_total_reply_count":0,"_bbp_voice_count":0,"_bbp_anonymous_reply_count":0,"_bbp_topic_count_hidden":0,"_bbp_reply_count_hidden":0,"_bbp_forum_subforum_count":0,"footnotes":""},"categories":[],"class_list":["post-204021","page","type-page","status-publish","hentry","no-post-thumbnail"],"pp_force_visibility":null,"pp_subpost_visibility":null,"pp_inherited_force_visibility":null,"pp_inherited_subpost_visibility":null,"yoast_head":"<!-- This site is optimized with the Yoast SEO Premium plugin v27.4 (Yoast SEO v27.4) - https:\/\/yoast.com\/product\/yoast-seo-premium-wordpress\/ -->\n<title>2020 - Erneuerung des Support-Plans<\/title>\n<meta name=\"description\" content=\"F\u00fcllen Sie das Formular aus, um Ihren Support-Plan zu verl\u00e4ngern und weiterhin davon zu profitieren.360-Grad Renderings Und so viel mehr.\" \/>\n<meta name=\"robots\" content=\"index, follow, max-snippet:-1, max-image-preview:large, max-video-preview:-1\" \/>\n<link rel=\"canonical\" href=\"https:\/\/www.2020spaces.com\/de\/support-de\/erneuern-sie-ihren-support\/\" \/>\n<meta property=\"og:locale\" content=\"de_DE\" \/>\n<meta property=\"og:type\" content=\"article\" \/>\n<meta property=\"og:title\" content=\"Erneuern Sie Ihren Support\" \/>\n<meta property=\"og:description\" content=\"F\u00fcllen Sie das Formular aus, um Ihren Support-Plan zu verl\u00e4ngern und weiterhin davon zu profitieren.360-Grad Renderings Und so viel mehr.\" \/>\n<meta property=\"og:url\" content=\"https:\/\/www.2020spaces.com\/de\/support-de\/erneuern-sie-ihren-support\/\" \/>\n<meta property=\"og:site_name\" content=\"2020\" \/>\n<meta property=\"article:publisher\" content=\"https:\/\/www.facebook.com\/2020spaces\" \/>\n<meta property=\"article:modified_time\" content=\"2020-12-08T21:58:29+00:00\" \/>\n<meta property=\"og:image\" content=\"https:\/\/www.2020spaces.com\/wp-content\/uploads\/2018\/09\/Home_2500x700_RenewSupport_DE.jpg\" \/>\n<meta name=\"twitter:card\" content=\"summary_large_image\" \/>\n<meta name=\"twitter:site\" content=\"@2020spaces\" \/>\n<meta name=\"twitter:label1\" content=\"Gesch\u00e4tzte Lesezeit\" \/>\n\t<meta name=\"twitter:data1\" content=\"2 Minuten\" \/>\n<script type=\"application\/ld+json\" class=\"yoast-schema-graph\">{\"@context\":\"https:\\\/\\\/schema.org\",\"@graph\":[{\"@type\":\"WebPage\",\"@id\":\"https:\\\/\\\/www.2020spaces.com\\\/de\\\/support-de\\\/erneuern-sie-ihren-support\\\/\",\"url\":\"https:\\\/\\\/www.2020spaces.com\\\/de\\\/support-de\\\/erneuern-sie-ihren-support\\\/\",\"name\":\"2020 - Erneuerung des Support-Plans\",\"isPartOf\":{\"@id\":\"https:\\\/\\\/www.2020spaces.com\\\/#website\"},\"primaryImageOfPage\":{\"@id\":\"https:\\\/\\\/www.2020spaces.com\\\/de\\\/support-de\\\/erneuern-sie-ihren-support\\\/#primaryimage\"},\"image\":{\"@id\":\"https:\\\/\\\/www.2020spaces.com\\\/de\\\/support-de\\\/erneuern-sie-ihren-support\\\/#primaryimage\"},\"thumbnailUrl\":\"https:\\\/\\\/www.2020spaces.com\\\/wp-content\\\/uploads\\\/2018\\\/09\\\/Home_2500x700_RenewSupport_DE.jpg\",\"datePublished\":\"2018-10-03T17:37:42+00:00\",\"dateModified\":\"2020-12-08T21:58:29+00:00\",\"description\":\"F\u00fcllen Sie das Formular aus, um Ihren Support-Plan zu verl\u00e4ngern und weiterhin davon zu profitieren.360-Grad Renderings Und so viel mehr.\",\"breadcrumb\":{\"@id\":\"https:\\\/\\\/www.2020spaces.com\\\/de\\\/support-de\\\/erneuern-sie-ihren-support\\\/#breadcrumb\"},\"inLanguage\":\"de-DE\",\"potentialAction\":[{\"@type\":\"ReadAction\",\"target\":[\"https:\\\/\\\/www.2020spaces.com\\\/de\\\/support-de\\\/erneuern-sie-ihren-support\\\/\"]}]},{\"@type\":\"ImageObject\",\"inLanguage\":\"de-DE\",\"@id\":\"https:\\\/\\\/www.2020spaces.com\\\/de\\\/support-de\\\/erneuern-sie-ihren-support\\\/#primaryimage\",\"url\":\"https:\\\/\\\/www.2020spaces.com\\\/wp-content\\\/uploads\\\/2018\\\/09\\\/Home_2500x700_RenewSupport_DE.jpg\",\"contentUrl\":\"https:\\\/\\\/www.2020spaces.com\\\/wp-content\\\/uploads\\\/2018\\\/09\\\/Home_2500x700_RenewSupport_DE.jpg\"},{\"@type\":\"BreadcrumbList\",\"@id\":\"https:\\\/\\\/www.2020spaces.com\\\/de\\\/support-de\\\/erneuern-sie-ihren-support\\\/#breadcrumb\",\"itemListElement\":[{\"@type\":\"ListItem\",\"position\":1,\"name\":\"Home\",\"item\":\"https:\\\/\\\/www.2020spaces.com\\\/de\\\/\"},{\"@type\":\"ListItem\",\"position\":2,\"name\":\"Support\",\"item\":\"https:\\\/\\\/www.2020spaces.com\\\/de\\\/support-de\\\/\"},{\"@type\":\"ListItem\",\"position\":3,\"name\":\"Erneuern Sie Ihren Support\"}]},{\"@type\":\"WebSite\",\"@id\":\"https:\\\/\\\/www.2020spaces.com\\\/#website\",\"url\":\"https:\\\/\\\/www.2020spaces.com\\\/\",\"name\":\"2020\",\"description\":\"Making Spaces for Life\u2122\",\"potentialAction\":[{\"@type\":\"SearchAction\",\"target\":{\"@type\":\"EntryPoint\",\"urlTemplate\":\"https:\\\/\\\/www.2020spaces.com\\\/?s={search_term_string}\"},\"query-input\":{\"@type\":\"PropertyValueSpecification\",\"valueRequired\":true,\"valueName\":\"search_term_string\"}}],\"inLanguage\":\"de-DE\"}]}<\/script>\n<!-- \/ Yoast SEO Premium plugin. -->","yoast_head_json":{"title":"2020 - Erneuerung des Support-Plans","description":"F\u00fcllen Sie das Formular aus, um Ihren Support-Plan zu verl\u00e4ngern und weiterhin davon zu profitieren.360-Grad Renderings Und so viel mehr.","robots":{"index":"index","follow":"follow","max-snippet":"max-snippet:-1","max-image-preview":"max-image-preview:large","max-video-preview":"max-video-preview:-1"},"canonical":"https:\/\/www.2020spaces.com\/de\/support-de\/erneuern-sie-ihren-support\/","og_locale":"de_DE","og_type":"article","og_title":"Erneuern Sie Ihren Support","og_description":"F\u00fcllen Sie das Formular aus, um Ihren Support-Plan zu verl\u00e4ngern und weiterhin davon zu profitieren.360-Grad Renderings Und so viel mehr.","og_url":"https:\/\/www.2020spaces.com\/de\/support-de\/erneuern-sie-ihren-support\/","og_site_name":"2020","article_publisher":"https:\/\/www.facebook.com\/2020spaces","article_modified_time":"2020-12-08T21:58:29+00:00","og_image":[{"url":"https:\/\/www.2020spaces.com\/wp-content\/uploads\/2018\/09\/Home_2500x700_RenewSupport_DE.jpg","type":"","width":"","height":""}],"twitter_card":"summary_large_image","twitter_site":"@2020spaces","twitter_misc":{"Gesch\u00e4tzte Lesezeit":"2 Minuten"},"schema":{"@context":"https:\/\/schema.org","@graph":[{"@type":"WebPage","@id":"https:\/\/www.2020spaces.com\/de\/support-de\/erneuern-sie-ihren-support\/","url":"https:\/\/www.2020spaces.com\/de\/support-de\/erneuern-sie-ihren-support\/","name":"2020 - Erneuerung des Support-Plans","isPartOf":{"@id":"https:\/\/www.2020spaces.com\/#website"},"primaryImageOfPage":{"@id":"https:\/\/www.2020spaces.com\/de\/support-de\/erneuern-sie-ihren-support\/#primaryimage"},"image":{"@id":"https:\/\/www.2020spaces.com\/de\/support-de\/erneuern-sie-ihren-support\/#primaryimage"},"thumbnailUrl":"https:\/\/www.2020spaces.com\/wp-content\/uploads\/2018\/09\/Home_2500x700_RenewSupport_DE.jpg","datePublished":"2018-10-03T17:37:42+00:00","dateModified":"2020-12-08T21:58:29+00:00","description":"F\u00fcllen Sie das Formular aus, um Ihren Support-Plan zu verl\u00e4ngern und weiterhin davon zu profitieren.360-Grad Renderings Und so viel mehr.","breadcrumb":{"@id":"https:\/\/www.2020spaces.com\/de\/support-de\/erneuern-sie-ihren-support\/#breadcrumb"},"inLanguage":"de-DE","potentialAction":[{"@type":"ReadAction","target":["https:\/\/www.2020spaces.com\/de\/support-de\/erneuern-sie-ihren-support\/"]}]},{"@type":"ImageObject","inLanguage":"de-DE","@id":"https:\/\/www.2020spaces.com\/de\/support-de\/erneuern-sie-ihren-support\/#primaryimage","url":"https:\/\/www.2020spaces.com\/wp-content\/uploads\/2018\/09\/Home_2500x700_RenewSupport_DE.jpg","contentUrl":"https:\/\/www.2020spaces.com\/wp-content\/uploads\/2018\/09\/Home_2500x700_RenewSupport_DE.jpg"},{"@type":"BreadcrumbList","@id":"https:\/\/www.2020spaces.com\/de\/support-de\/erneuern-sie-ihren-support\/#breadcrumb","itemListElement":[{"@type":"ListItem","position":1,"name":"Home","item":"https:\/\/www.2020spaces.com\/de\/"},{"@type":"ListItem","position":2,"name":"Support","item":"https:\/\/www.2020spaces.com\/de\/support-de\/"},{"@type":"ListItem","position":3,"name":"Erneuern Sie Ihren Support"}]},{"@type":"WebSite","@id":"https:\/\/www.2020spaces.com\/#website","url":"https:\/\/www.2020spaces.com\/","name":"2020","description":"Making Spaces for Life\u2122","potentialAction":[{"@type":"SearchAction","target":{"@type":"EntryPoint","urlTemplate":"https:\/\/www.2020spaces.com\/?s={search_term_string}"},"query-input":{"@type":"PropertyValueSpecification","valueRequired":true,"valueName":"search_term_string"}}],"inLanguage":"de-DE"}]}},"_links":{"self":[{"href":"https:\/\/www.2020spaces.com\/de\/wp-json\/wp\/v2\/pages\/204021","targetHints":{"allow":["GET"]}}],"collection":[{"href":"https:\/\/www.2020spaces.com\/de\/wp-json\/wp\/v2\/pages"}],"about":[{"href":"https:\/\/www.2020spaces.com\/de\/wp-json\/wp\/v2\/types\/page"}],"author":[{"embeddable":true,"href":"https:\/\/www.2020spaces.com\/de\/wp-json\/wp\/v2\/users\/5"}],"replies":[{"embeddable":true,"href":"https:\/\/www.2020spaces.com\/de\/wp-json\/wp\/v2\/comments?post=204021"}],"version-history":[{"count":0,"href":"https:\/\/www.2020spaces.com\/de\/wp-json\/wp\/v2\/pages\/204021\/revisions"}],"up":[{"embeddable":true,"href":"https:\/\/www.2020spaces.com\/de\/wp-json\/wp\/v2\/pages\/10342"}],"wp:attachment":[{"href":"https:\/\/www.2020spaces.com\/de\/wp-json\/wp\/v2\/media?parent=204021"}],"wp:term":[{"taxonomy":"category","embeddable":true,"href":"https:\/\/www.2020spaces.com\/de\/wp-json\/wp\/v2\/categories?post=204021"}],"curies":[{"name":"wp","href":"https:\/\/api.w.org\/{rel}","templated":true}]}}