{"id":219003,"date":"2018-08-09T14:54:03","date_gmt":"2018-08-09T18:54:03","guid":{"rendered":"https:\/\/www.2020spaces.com\/?page_id=219003"},"modified":"2024-05-08T06:18:44","modified_gmt":"2024-05-08T10:18:44","slug":"inspire-modul","status":"publish","type":"page","link":"https:\/\/www.2020spaces.com\/de\/2020-produkte\/2020-ideal-spaces-de-2\/inspire-modul\/","title":{"rendered":"Inspire Modul"},"content":{"rendered":"<div id=\"cs-content\" class=\"cs-content\"><\/div>\n","protected":false},"excerpt":{"rendered":"<p>2020 Ideal Spaces: Inspire-Modul Mit dem Inspire-Modul von 2020 Ideal Spaces k\u00f6nnen Sie eine Galerie mit interaktiven Bildern pr\u00e4sentieren, um Ihre Besucher fr\u00fchzeitig in die Erkundungsphase einzubeziehen, damit sie Ihre Produktangebote entdecken und mit ihnen experimentieren k\u00f6nnen. Pr\u00e4sentieren Sie ausgew\u00e4hlte Produkte in einem Designkontext pr\u00e4sentieren Bieten Sie Angebote in unterschiedlichen &#8230; <\/p>\n<div><a href=\"https:\/\/www.2020spaces.com\/de\/2020-produkte\/2020-ideal-spaces-de-2\/inspire-modul\/\" class=\"more-link\">Read More<\/a><\/div>\n","protected":false},"author":25194,"featured_media":0,"parent":10336,"menu_order":0,"comment_status":"closed","ping_status":"closed","template":"template-blank-4.php","meta":{"_bbp_topic_count":0,"_bbp_reply_count":0,"_bbp_total_topic_count":0,"_bbp_total_reply_count":0,"_bbp_voice_count":0,"_bbp_anonymous_reply_count":0,"_bbp_topic_count_hidden":0,"_bbp_reply_count_hidden":0,"_bbp_forum_subforum_count":0,"footnotes":""},"categories":[],"class_list":["post-219003","page","type-page","status-publish","hentry","no-post-thumbnail"],"pp_force_visibility":null,"pp_subpost_visibility":null,"pp_inherited_force_visibility":null,"pp_inherited_subpost_visibility":null,"yoast_head":"<!-- This site is optimized with the Yoast SEO Premium plugin v27.4 (Yoast SEO v27.4) - https:\/\/yoast.com\/product\/yoast-seo-premium-wordpress\/ -->\n<title>Inspire Modul | 2020 Ideal Spaces<\/title>\n<meta name=\"description\" content=\"Mit dem Modul 2020 Ideal Spaces Inspire k\u00f6nnen Sie eine Galerie mit interaktiven Bildern pr\u00e4sentieren, um Ihre Besucher bereits\" \/>\n<meta name=\"robots\" content=\"index, follow, max-snippet:-1, max-image-preview:large, max-video-preview:-1\" \/>\n<link rel=\"canonical\" href=\"https:\/\/www.2020spaces.com\/de\/2020-produkte\/2020-ideal-spaces-de-2\/inspire-modul\/\" \/>\n<meta property=\"og:locale\" content=\"de_DE\" \/>\n<meta property=\"og:type\" content=\"article\" \/>\n<meta property=\"og:title\" content=\"Inspire Modul\" \/>\n<meta property=\"og:description\" content=\"Mit dem Modul 2020 Ideal Spaces Inspire k\u00f6nnen Sie eine Galerie mit interaktiven Bildern pr\u00e4sentieren, um Ihre Besucher bereits\" \/>\n<meta property=\"og:url\" content=\"https:\/\/www.2020spaces.com\/de\/2020-produkte\/2020-ideal-spaces-de-2\/inspire-modul\/\" \/>\n<meta property=\"og:site_name\" content=\"2020\" \/>\n<meta property=\"article:publisher\" content=\"https:\/\/www.facebook.com\/2020spaces\" \/>\n<meta property=\"article:modified_time\" content=\"2024-05-08T10:18:44+00:00\" \/>\n<meta name=\"twitter:card\" content=\"summary_large_image\" \/>\n<meta name=\"twitter:site\" content=\"@2020spaces\" \/>\n<meta name=\"twitter:label1\" content=\"Gesch\u00e4tzte Lesezeit\" \/>\n\t<meta name=\"twitter:data1\" content=\"2 Minuten\" \/>\n<script type=\"application\/ld+json\" class=\"yoast-schema-graph\">{\"@context\":\"https:\\\/\\\/schema.org\",\"@graph\":[{\"@type\":\"WebPage\",\"@id\":\"https:\\\/\\\/www.2020spaces.com\\\/de\\\/2020-produkte\\\/2020-ideal-spaces-de-2\\\/inspire-modul\\\/\",\"url\":\"https:\\\/\\\/www.2020spaces.com\\\/de\\\/2020-produkte\\\/2020-ideal-spaces-de-2\\\/inspire-modul\\\/\",\"name\":\"Inspire Modul | 2020 Ideal Spaces\",\"isPartOf\":{\"@id\":\"https:\\\/\\\/www.2020spaces.com\\\/#website\"},\"datePublished\":\"2018-08-09T18:54:03+00:00\",\"dateModified\":\"2024-05-08T10:18:44+00:00\",\"description\":\"Mit dem Modul 2020 Ideal Spaces Inspire k\u00f6nnen Sie eine Galerie mit interaktiven Bildern pr\u00e4sentieren, um Ihre Besucher bereits\",\"breadcrumb\":{\"@id\":\"https:\\\/\\\/www.2020spaces.com\\\/de\\\/2020-produkte\\\/2020-ideal-spaces-de-2\\\/inspire-modul\\\/#breadcrumb\"},\"inLanguage\":\"de-DE\",\"potentialAction\":[{\"@type\":\"ReadAction\",\"target\":[\"https:\\\/\\\/www.2020spaces.com\\\/de\\\/2020-produkte\\\/2020-ideal-spaces-de-2\\\/inspire-modul\\\/\"]}]},{\"@type\":\"BreadcrumbList\",\"@id\":\"https:\\\/\\\/www.2020spaces.com\\\/de\\\/2020-produkte\\\/2020-ideal-spaces-de-2\\\/inspire-modul\\\/#breadcrumb\",\"itemListElement\":[{\"@type\":\"ListItem\",\"position\":1,\"name\":\"Home\",\"item\":\"https:\\\/\\\/www.2020spaces.com\\\/de\\\/\"},{\"@type\":\"ListItem\",\"position\":2,\"name\":\"2020 Produkte\",\"item\":\"https:\\\/\\\/www.2020spaces.com\\\/de\\\/2020-produkte\\\/\"},{\"@type\":\"ListItem\",\"position\":3,\"name\":\"2020 Ideal Spaces\",\"item\":\"https:\\\/\\\/www.2020spaces.com\\\/de\\\/2020-produkte\\\/2020-ideal-spaces-de-2\\\/\"},{\"@type\":\"ListItem\",\"position\":4,\"name\":\"Inspire Modul\"}]},{\"@type\":\"WebSite\",\"@id\":\"https:\\\/\\\/www.2020spaces.com\\\/#website\",\"url\":\"https:\\\/\\\/www.2020spaces.com\\\/\",\"name\":\"2020\",\"description\":\"Making Spaces for Life\u2122\",\"potentialAction\":[{\"@type\":\"SearchAction\",\"target\":{\"@type\":\"EntryPoint\",\"urlTemplate\":\"https:\\\/\\\/www.2020spaces.com\\\/?s={search_term_string}\"},\"query-input\":{\"@type\":\"PropertyValueSpecification\",\"valueRequired\":true,\"valueName\":\"search_term_string\"}}],\"inLanguage\":\"de-DE\"}]}<\/script>\n<!-- \/ Yoast SEO Premium plugin. -->","yoast_head_json":{"title":"Inspire Modul | 2020 Ideal Spaces","description":"Mit dem Modul 2020 Ideal Spaces Inspire k\u00f6nnen Sie eine Galerie mit interaktiven Bildern pr\u00e4sentieren, um Ihre Besucher bereits","robots":{"index":"index","follow":"follow","max-snippet":"max-snippet:-1","max-image-preview":"max-image-preview:large","max-video-preview":"max-video-preview:-1"},"canonical":"https:\/\/www.2020spaces.com\/de\/2020-produkte\/2020-ideal-spaces-de-2\/inspire-modul\/","og_locale":"de_DE","og_type":"article","og_title":"Inspire Modul","og_description":"Mit dem Modul 2020 Ideal Spaces Inspire k\u00f6nnen Sie eine Galerie mit interaktiven Bildern pr\u00e4sentieren, um Ihre Besucher bereits","og_url":"https:\/\/www.2020spaces.com\/de\/2020-produkte\/2020-ideal-spaces-de-2\/inspire-modul\/","og_site_name":"2020","article_publisher":"https:\/\/www.facebook.com\/2020spaces","article_modified_time":"2024-05-08T10:18:44+00:00","twitter_card":"summary_large_image","twitter_site":"@2020spaces","twitter_misc":{"Gesch\u00e4tzte Lesezeit":"2 Minuten"},"schema":{"@context":"https:\/\/schema.org","@graph":[{"@type":"WebPage","@id":"https:\/\/www.2020spaces.com\/de\/2020-produkte\/2020-ideal-spaces-de-2\/inspire-modul\/","url":"https:\/\/www.2020spaces.com\/de\/2020-produkte\/2020-ideal-spaces-de-2\/inspire-modul\/","name":"Inspire Modul | 2020 Ideal Spaces","isPartOf":{"@id":"https:\/\/www.2020spaces.com\/#website"},"datePublished":"2018-08-09T18:54:03+00:00","dateModified":"2024-05-08T10:18:44+00:00","description":"Mit dem Modul 2020 Ideal Spaces Inspire k\u00f6nnen Sie eine Galerie mit interaktiven Bildern pr\u00e4sentieren, um Ihre Besucher bereits","breadcrumb":{"@id":"https:\/\/www.2020spaces.com\/de\/2020-produkte\/2020-ideal-spaces-de-2\/inspire-modul\/#breadcrumb"},"inLanguage":"de-DE","potentialAction":[{"@type":"ReadAction","target":["https:\/\/www.2020spaces.com\/de\/2020-produkte\/2020-ideal-spaces-de-2\/inspire-modul\/"]}]},{"@type":"BreadcrumbList","@id":"https:\/\/www.2020spaces.com\/de\/2020-produkte\/2020-ideal-spaces-de-2\/inspire-modul\/#breadcrumb","itemListElement":[{"@type":"ListItem","position":1,"name":"Home","item":"https:\/\/www.2020spaces.com\/de\/"},{"@type":"ListItem","position":2,"name":"2020 Produkte","item":"https:\/\/www.2020spaces.com\/de\/2020-produkte\/"},{"@type":"ListItem","position":3,"name":"2020 Ideal Spaces","item":"https:\/\/www.2020spaces.com\/de\/2020-produkte\/2020-ideal-spaces-de-2\/"},{"@type":"ListItem","position":4,"name":"Inspire Modul"}]},{"@type":"WebSite","@id":"https:\/\/www.2020spaces.com\/#website","url":"https:\/\/www.2020spaces.com\/","name":"2020","description":"Making Spaces for Life\u2122","potentialAction":[{"@type":"SearchAction","target":{"@type":"EntryPoint","urlTemplate":"https:\/\/www.2020spaces.com\/?s={search_term_string}"},"query-input":{"@type":"PropertyValueSpecification","valueRequired":true,"valueName":"search_term_string"}}],"inLanguage":"de-DE"}]}},"_links":{"self":[{"href":"https:\/\/www.2020spaces.com\/de\/wp-json\/wp\/v2\/pages\/219003","targetHints":{"allow":["GET"]}}],"collection":[{"href":"https:\/\/www.2020spaces.com\/de\/wp-json\/wp\/v2\/pages"}],"about":[{"href":"https:\/\/www.2020spaces.com\/de\/wp-json\/wp\/v2\/types\/page"}],"author":[{"embeddable":true,"href":"https:\/\/www.2020spaces.com\/de\/wp-json\/wp\/v2\/users\/25194"}],"replies":[{"embeddable":true,"href":"https:\/\/www.2020spaces.com\/de\/wp-json\/wp\/v2\/comments?post=219003"}],"version-history":[{"count":0,"href":"https:\/\/www.2020spaces.com\/de\/wp-json\/wp\/v2\/pages\/219003\/revisions"}],"up":[{"embeddable":true,"href":"https:\/\/www.2020spaces.com\/de\/wp-json\/wp\/v2\/pages\/10336"}],"wp:attachment":[{"href":"https:\/\/www.2020spaces.com\/de\/wp-json\/wp\/v2\/media?parent=219003"}],"wp:term":[{"taxonomy":"category","embeddable":true,"href":"https:\/\/www.2020spaces.com\/de\/wp-json\/wp\/v2\/categories?post=219003"}],"curies":[{"name":"wp","href":"https:\/\/api.w.org\/{rel}","templated":true}]}}