{"id":219023,"date":"2018-11-19T11:46:10","date_gmt":"2018-11-19T16:46:10","guid":{"rendered":"https:\/\/www.2020spaces.com\/?page_id=219023"},"modified":"2024-05-08T05:56:49","modified_gmt":"2024-05-08T09:56:49","slug":"define-modul","status":"publish","type":"page","link":"https:\/\/www.2020spaces.com\/de\/2020-produkte\/2020-ideal-spaces-de-2\/define-modul\/","title":{"rendered":"Define Modul"},"content":{"rendered":"<div id=\"cs-content\" class=\"cs-content\"><\/div>\n","protected":false},"excerpt":{"rendered":"<p>2020 Ideal Spaces: Define-Modul Mit dem Define-Modul von 2020 Ideal Spaces, k\u00f6nnen Sie den Besuchern einen einfachen Satz von 3D-Handbuch-Design-Tools f\u00fcr die Raumplanung zur Verf\u00fcgung stellen. Das Endergebnis kann als hochwertige Renderings und mit detaillierten Installationspl\u00e4nen und St\u00fccklisten pr\u00e4sentiert werden &#8211; alles, was ben\u00f6tigt wird, um die Visionen Ihrer Kunden &#8230; <\/p>\n<div><a href=\"https:\/\/www.2020spaces.com\/de\/2020-produkte\/2020-ideal-spaces-de-2\/define-modul\/\" class=\"more-link\">Read More<\/a><\/div>\n","protected":false},"author":25194,"featured_media":0,"parent":10336,"menu_order":0,"comment_status":"closed","ping_status":"closed","template":"template-blank-4.php","meta":{"_bbp_topic_count":0,"_bbp_reply_count":0,"_bbp_total_topic_count":0,"_bbp_total_reply_count":0,"_bbp_voice_count":0,"_bbp_anonymous_reply_count":0,"_bbp_topic_count_hidden":0,"_bbp_reply_count_hidden":0,"_bbp_forum_subforum_count":0,"footnotes":""},"categories":[],"class_list":["post-219023","page","type-page","status-publish","hentry","no-post-thumbnail"],"pp_force_visibility":null,"pp_subpost_visibility":null,"pp_inherited_force_visibility":null,"pp_inherited_subpost_visibility":null,"yoast_head":"<!-- This site is optimized with the Yoast SEO Premium plugin v27.4 (Yoast SEO v27.4) - https:\/\/yoast.com\/product\/yoast-seo-premium-wordpress\/ -->\n<title>Define Modul | 2020 Ideal Spaces<\/title>\n<meta name=\"description\" content=\"Mit dem Modul 2020 Ideal Spaces Define k\u00f6nnen Sie den Besuchern ein einfaches Set von manuellen 3D-Design-Tools f\u00fcr die Raumplanung zur Verf\u00fcgung stellen.\" \/>\n<meta name=\"robots\" content=\"index, follow, max-snippet:-1, max-image-preview:large, max-video-preview:-1\" \/>\n<link rel=\"canonical\" href=\"https:\/\/www.2020spaces.com\/de\/2020-produkte\/2020-ideal-spaces-de-2\/define-modul\/\" \/>\n<meta property=\"og:locale\" content=\"de_DE\" \/>\n<meta property=\"og:type\" content=\"article\" \/>\n<meta property=\"og:title\" content=\"Define Modul\" \/>\n<meta property=\"og:description\" content=\"Mit dem Modul 2020 Ideal Spaces Define k\u00f6nnen Sie den Besuchern ein einfaches Set von manuellen 3D-Design-Tools f\u00fcr die Raumplanung zur Verf\u00fcgung stellen.\" \/>\n<meta property=\"og:url\" content=\"https:\/\/www.2020spaces.com\/de\/2020-produkte\/2020-ideal-spaces-de-2\/define-modul\/\" \/>\n<meta property=\"og:site_name\" content=\"2020\" \/>\n<meta property=\"article:publisher\" content=\"https:\/\/www.facebook.com\/2020spaces\" \/>\n<meta property=\"article:modified_time\" content=\"2024-05-08T09:56:49+00:00\" \/>\n<meta name=\"twitter:card\" content=\"summary_large_image\" \/>\n<meta name=\"twitter:site\" content=\"@2020spaces\" \/>\n<meta name=\"twitter:label1\" content=\"Gesch\u00e4tzte Lesezeit\" \/>\n\t<meta name=\"twitter:data1\" content=\"4 Minuten\" \/>\n<script type=\"application\/ld+json\" class=\"yoast-schema-graph\">{\"@context\":\"https:\\\/\\\/schema.org\",\"@graph\":[{\"@type\":\"WebPage\",\"@id\":\"https:\\\/\\\/www.2020spaces.com\\\/de\\\/2020-produkte\\\/2020-ideal-spaces-de-2\\\/define-modul\\\/\",\"url\":\"https:\\\/\\\/www.2020spaces.com\\\/de\\\/2020-produkte\\\/2020-ideal-spaces-de-2\\\/define-modul\\\/\",\"name\":\"Define Modul | 2020 Ideal Spaces\",\"isPartOf\":{\"@id\":\"https:\\\/\\\/www.2020spaces.com\\\/#website\"},\"datePublished\":\"2018-11-19T16:46:10+00:00\",\"dateModified\":\"2024-05-08T09:56:49+00:00\",\"description\":\"Mit dem Modul 2020 Ideal Spaces Define k\u00f6nnen Sie den Besuchern ein einfaches Set von manuellen 3D-Design-Tools f\u00fcr die Raumplanung zur Verf\u00fcgung stellen.\",\"breadcrumb\":{\"@id\":\"https:\\\/\\\/www.2020spaces.com\\\/de\\\/2020-produkte\\\/2020-ideal-spaces-de-2\\\/define-modul\\\/#breadcrumb\"},\"inLanguage\":\"de-DE\",\"potentialAction\":[{\"@type\":\"ReadAction\",\"target\":[\"https:\\\/\\\/www.2020spaces.com\\\/de\\\/2020-produkte\\\/2020-ideal-spaces-de-2\\\/define-modul\\\/\"]}]},{\"@type\":\"BreadcrumbList\",\"@id\":\"https:\\\/\\\/www.2020spaces.com\\\/de\\\/2020-produkte\\\/2020-ideal-spaces-de-2\\\/define-modul\\\/#breadcrumb\",\"itemListElement\":[{\"@type\":\"ListItem\",\"position\":1,\"name\":\"Home\",\"item\":\"https:\\\/\\\/www.2020spaces.com\\\/de\\\/\"},{\"@type\":\"ListItem\",\"position\":2,\"name\":\"2020 Produkte\",\"item\":\"https:\\\/\\\/www.2020spaces.com\\\/de\\\/2020-produkte\\\/\"},{\"@type\":\"ListItem\",\"position\":3,\"name\":\"2020 Ideal Spaces\",\"item\":\"https:\\\/\\\/www.2020spaces.com\\\/de\\\/2020-produkte\\\/2020-ideal-spaces-de-2\\\/\"},{\"@type\":\"ListItem\",\"position\":4,\"name\":\"Define Modul\"}]},{\"@type\":\"WebSite\",\"@id\":\"https:\\\/\\\/www.2020spaces.com\\\/#website\",\"url\":\"https:\\\/\\\/www.2020spaces.com\\\/\",\"name\":\"2020\",\"description\":\"Making Spaces for Life\u2122\",\"potentialAction\":[{\"@type\":\"SearchAction\",\"target\":{\"@type\":\"EntryPoint\",\"urlTemplate\":\"https:\\\/\\\/www.2020spaces.com\\\/?s={search_term_string}\"},\"query-input\":{\"@type\":\"PropertyValueSpecification\",\"valueRequired\":true,\"valueName\":\"search_term_string\"}}],\"inLanguage\":\"de-DE\"}]}<\/script>\n<!-- \/ Yoast SEO Premium plugin. -->","yoast_head_json":{"title":"Define Modul | 2020 Ideal Spaces","description":"Mit dem Modul 2020 Ideal Spaces Define k\u00f6nnen Sie den Besuchern ein einfaches Set von manuellen 3D-Design-Tools f\u00fcr die Raumplanung zur Verf\u00fcgung stellen.","robots":{"index":"index","follow":"follow","max-snippet":"max-snippet:-1","max-image-preview":"max-image-preview:large","max-video-preview":"max-video-preview:-1"},"canonical":"https:\/\/www.2020spaces.com\/de\/2020-produkte\/2020-ideal-spaces-de-2\/define-modul\/","og_locale":"de_DE","og_type":"article","og_title":"Define Modul","og_description":"Mit dem Modul 2020 Ideal Spaces Define k\u00f6nnen Sie den Besuchern ein einfaches Set von manuellen 3D-Design-Tools f\u00fcr die Raumplanung zur Verf\u00fcgung stellen.","og_url":"https:\/\/www.2020spaces.com\/de\/2020-produkte\/2020-ideal-spaces-de-2\/define-modul\/","og_site_name":"2020","article_publisher":"https:\/\/www.facebook.com\/2020spaces","article_modified_time":"2024-05-08T09:56:49+00:00","twitter_card":"summary_large_image","twitter_site":"@2020spaces","twitter_misc":{"Gesch\u00e4tzte Lesezeit":"4 Minuten"},"schema":{"@context":"https:\/\/schema.org","@graph":[{"@type":"WebPage","@id":"https:\/\/www.2020spaces.com\/de\/2020-produkte\/2020-ideal-spaces-de-2\/define-modul\/","url":"https:\/\/www.2020spaces.com\/de\/2020-produkte\/2020-ideal-spaces-de-2\/define-modul\/","name":"Define Modul | 2020 Ideal Spaces","isPartOf":{"@id":"https:\/\/www.2020spaces.com\/#website"},"datePublished":"2018-11-19T16:46:10+00:00","dateModified":"2024-05-08T09:56:49+00:00","description":"Mit dem Modul 2020 Ideal Spaces Define k\u00f6nnen Sie den Besuchern ein einfaches Set von manuellen 3D-Design-Tools f\u00fcr die Raumplanung zur Verf\u00fcgung stellen.","breadcrumb":{"@id":"https:\/\/www.2020spaces.com\/de\/2020-produkte\/2020-ideal-spaces-de-2\/define-modul\/#breadcrumb"},"inLanguage":"de-DE","potentialAction":[{"@type":"ReadAction","target":["https:\/\/www.2020spaces.com\/de\/2020-produkte\/2020-ideal-spaces-de-2\/define-modul\/"]}]},{"@type":"BreadcrumbList","@id":"https:\/\/www.2020spaces.com\/de\/2020-produkte\/2020-ideal-spaces-de-2\/define-modul\/#breadcrumb","itemListElement":[{"@type":"ListItem","position":1,"name":"Home","item":"https:\/\/www.2020spaces.com\/de\/"},{"@type":"ListItem","position":2,"name":"2020 Produkte","item":"https:\/\/www.2020spaces.com\/de\/2020-produkte\/"},{"@type":"ListItem","position":3,"name":"2020 Ideal Spaces","item":"https:\/\/www.2020spaces.com\/de\/2020-produkte\/2020-ideal-spaces-de-2\/"},{"@type":"ListItem","position":4,"name":"Define Modul"}]},{"@type":"WebSite","@id":"https:\/\/www.2020spaces.com\/#website","url":"https:\/\/www.2020spaces.com\/","name":"2020","description":"Making Spaces for Life\u2122","potentialAction":[{"@type":"SearchAction","target":{"@type":"EntryPoint","urlTemplate":"https:\/\/www.2020spaces.com\/?s={search_term_string}"},"query-input":{"@type":"PropertyValueSpecification","valueRequired":true,"valueName":"search_term_string"}}],"inLanguage":"de-DE"}]}},"_links":{"self":[{"href":"https:\/\/www.2020spaces.com\/de\/wp-json\/wp\/v2\/pages\/219023","targetHints":{"allow":["GET"]}}],"collection":[{"href":"https:\/\/www.2020spaces.com\/de\/wp-json\/wp\/v2\/pages"}],"about":[{"href":"https:\/\/www.2020spaces.com\/de\/wp-json\/wp\/v2\/types\/page"}],"author":[{"embeddable":true,"href":"https:\/\/www.2020spaces.com\/de\/wp-json\/wp\/v2\/users\/25194"}],"replies":[{"embeddable":true,"href":"https:\/\/www.2020spaces.com\/de\/wp-json\/wp\/v2\/comments?post=219023"}],"version-history":[{"count":0,"href":"https:\/\/www.2020spaces.com\/de\/wp-json\/wp\/v2\/pages\/219023\/revisions"}],"up":[{"embeddable":true,"href":"https:\/\/www.2020spaces.com\/de\/wp-json\/wp\/v2\/pages\/10336"}],"wp:attachment":[{"href":"https:\/\/www.2020spaces.com\/de\/wp-json\/wp\/v2\/media?parent=219023"}],"wp:term":[{"taxonomy":"category","embeddable":true,"href":"https:\/\/www.2020spaces.com\/de\/wp-json\/wp\/v2\/categories?post=219023"}],"curies":[{"name":"wp","href":"https:\/\/api.w.org\/{rel}","templated":true}]}}