{"id":219030,"date":"2018-11-19T13:04:25","date_gmt":"2018-11-19T18:04:25","guid":{"rendered":"https:\/\/www.2020spaces.com\/?page_id=219030"},"modified":"2024-05-07T05:26:23","modified_gmt":"2024-05-07T09:26:23","slug":"autodesign-modul","status":"publish","type":"page","link":"https:\/\/www.2020spaces.com\/de\/2020-produkte\/2020-ideal-spaces-de-2\/autodesign-modul\/","title":{"rendered":"Auto-Design Modul"},"content":{"rendered":"<div id=\"cs-content\" class=\"cs-content\"><\/div>\n","protected":false},"excerpt":{"rendered":"<p>2020 Ideal Spaces: Autodesign-Zusatzmodul Mit dem Autodesign-Modul von 2020 Ideal Spaces k\u00f6nnen Sie jedem Besucher erm\u00f6glichen, mit geringen Designkenntnissen in wenigen Minuten eine K\u00fcche zu gestalten. Autodesign ber\u00fccksichtigt Ihre Pr\u00e4ferenzen und funktionalen Bed\u00fcrfnisse und eliminiert die Komplexit\u00e4t des manuellen Designs, um \u00fcberzeugende Ergebnisse mit wenig bis gar keinem praktischen Aufwand &#8230; <\/p>\n<div><a href=\"https:\/\/www.2020spaces.com\/de\/2020-produkte\/2020-ideal-spaces-de-2\/autodesign-modul\/\" class=\"more-link\">Read More<\/a><\/div>\n","protected":false},"author":25194,"featured_media":0,"parent":10336,"menu_order":0,"comment_status":"closed","ping_status":"closed","template":"template-blank-4.php","meta":{"_bbp_topic_count":0,"_bbp_reply_count":0,"_bbp_total_topic_count":0,"_bbp_total_reply_count":0,"_bbp_voice_count":0,"_bbp_anonymous_reply_count":0,"_bbp_topic_count_hidden":0,"_bbp_reply_count_hidden":0,"_bbp_forum_subforum_count":0,"footnotes":""},"categories":[],"class_list":["post-219030","page","type-page","status-publish","hentry","no-post-thumbnail"],"pp_force_visibility":null,"pp_subpost_visibility":null,"pp_inherited_force_visibility":null,"pp_inherited_subpost_visibility":null,"yoast_head":"<!-- This site is optimized with the Yoast SEO Premium plugin v27.4 (Yoast SEO v27.4) - https:\/\/yoast.com\/product\/yoast-seo-premium-wordpress\/ -->\n<title>Auto-Design Modul | 2020 Ideal Spaces<\/title>\n<meta name=\"description\" content=\"Mit dem Autodesign-Modul k\u00f6nnen Sie jedem Besucher erm\u00f6glichen, mit geringen Designkenntnissen in wenigen Minuten eine K\u00fcche zu gestalten.\" \/>\n<meta name=\"robots\" content=\"index, follow, max-snippet:-1, max-image-preview:large, max-video-preview:-1\" \/>\n<link rel=\"canonical\" href=\"https:\/\/www.2020spaces.com\/de\/2020-produkte\/2020-ideal-spaces-de-2\/autodesign-modul\/\" \/>\n<meta property=\"og:locale\" content=\"de_DE\" \/>\n<meta property=\"og:type\" content=\"article\" \/>\n<meta property=\"og:title\" content=\"Auto-Design Modul\" \/>\n<meta property=\"og:description\" content=\"Mit dem Autodesign-Modul k\u00f6nnen Sie jedem Besucher erm\u00f6glichen, mit geringen Designkenntnissen in wenigen Minuten eine K\u00fcche zu gestalten.\" \/>\n<meta property=\"og:url\" content=\"https:\/\/www.2020spaces.com\/de\/2020-produkte\/2020-ideal-spaces-de-2\/autodesign-modul\/\" \/>\n<meta property=\"og:site_name\" content=\"2020\" \/>\n<meta property=\"article:publisher\" content=\"https:\/\/www.facebook.com\/2020spaces\" \/>\n<meta property=\"article:modified_time\" content=\"2024-05-07T09:26:23+00:00\" \/>\n<meta name=\"twitter:card\" content=\"summary_large_image\" \/>\n<meta name=\"twitter:site\" content=\"@2020spaces\" \/>\n<meta name=\"twitter:label1\" content=\"Gesch\u00e4tzte Lesezeit\" \/>\n\t<meta name=\"twitter:data1\" content=\"4 Minuten\" \/>\n<script type=\"application\/ld+json\" class=\"yoast-schema-graph\">{\"@context\":\"https:\\\/\\\/schema.org\",\"@graph\":[{\"@type\":\"WebPage\",\"@id\":\"https:\\\/\\\/www.2020spaces.com\\\/de\\\/2020-produkte\\\/2020-ideal-spaces-de-2\\\/autodesign-modul\\\/\",\"url\":\"https:\\\/\\\/www.2020spaces.com\\\/de\\\/2020-produkte\\\/2020-ideal-spaces-de-2\\\/autodesign-modul\\\/\",\"name\":\"Auto-Design Modul | 2020 Ideal Spaces\",\"isPartOf\":{\"@id\":\"https:\\\/\\\/www.2020spaces.com\\\/#website\"},\"datePublished\":\"2018-11-19T18:04:25+00:00\",\"dateModified\":\"2024-05-07T09:26:23+00:00\",\"description\":\"Mit dem Autodesign-Modul k\u00f6nnen Sie jedem Besucher erm\u00f6glichen, mit geringen Designkenntnissen in wenigen Minuten eine K\u00fcche zu gestalten.\",\"breadcrumb\":{\"@id\":\"https:\\\/\\\/www.2020spaces.com\\\/de\\\/2020-produkte\\\/2020-ideal-spaces-de-2\\\/autodesign-modul\\\/#breadcrumb\"},\"inLanguage\":\"de-DE\",\"potentialAction\":[{\"@type\":\"ReadAction\",\"target\":[\"https:\\\/\\\/www.2020spaces.com\\\/de\\\/2020-produkte\\\/2020-ideal-spaces-de-2\\\/autodesign-modul\\\/\"]}]},{\"@type\":\"BreadcrumbList\",\"@id\":\"https:\\\/\\\/www.2020spaces.com\\\/de\\\/2020-produkte\\\/2020-ideal-spaces-de-2\\\/autodesign-modul\\\/#breadcrumb\",\"itemListElement\":[{\"@type\":\"ListItem\",\"position\":1,\"name\":\"Home\",\"item\":\"https:\\\/\\\/www.2020spaces.com\\\/de\\\/\"},{\"@type\":\"ListItem\",\"position\":2,\"name\":\"2020 Produkte\",\"item\":\"https:\\\/\\\/www.2020spaces.com\\\/de\\\/2020-produkte\\\/\"},{\"@type\":\"ListItem\",\"position\":3,\"name\":\"2020 Ideal Spaces\",\"item\":\"https:\\\/\\\/www.2020spaces.com\\\/de\\\/2020-produkte\\\/2020-ideal-spaces-de-2\\\/\"},{\"@type\":\"ListItem\",\"position\":4,\"name\":\"Auto-Design Modul\"}]},{\"@type\":\"WebSite\",\"@id\":\"https:\\\/\\\/www.2020spaces.com\\\/#website\",\"url\":\"https:\\\/\\\/www.2020spaces.com\\\/\",\"name\":\"2020\",\"description\":\"Making Spaces for Life\u2122\",\"potentialAction\":[{\"@type\":\"SearchAction\",\"target\":{\"@type\":\"EntryPoint\",\"urlTemplate\":\"https:\\\/\\\/www.2020spaces.com\\\/?s={search_term_string}\"},\"query-input\":{\"@type\":\"PropertyValueSpecification\",\"valueRequired\":true,\"valueName\":\"search_term_string\"}}],\"inLanguage\":\"de-DE\"}]}<\/script>\n<!-- \/ Yoast SEO Premium plugin. -->","yoast_head_json":{"title":"Auto-Design Modul | 2020 Ideal Spaces","description":"Mit dem Autodesign-Modul k\u00f6nnen Sie jedem Besucher erm\u00f6glichen, mit geringen Designkenntnissen in wenigen Minuten eine K\u00fcche zu gestalten.","robots":{"index":"index","follow":"follow","max-snippet":"max-snippet:-1","max-image-preview":"max-image-preview:large","max-video-preview":"max-video-preview:-1"},"canonical":"https:\/\/www.2020spaces.com\/de\/2020-produkte\/2020-ideal-spaces-de-2\/autodesign-modul\/","og_locale":"de_DE","og_type":"article","og_title":"Auto-Design Modul","og_description":"Mit dem Autodesign-Modul k\u00f6nnen Sie jedem Besucher erm\u00f6glichen, mit geringen Designkenntnissen in wenigen Minuten eine K\u00fcche zu gestalten.","og_url":"https:\/\/www.2020spaces.com\/de\/2020-produkte\/2020-ideal-spaces-de-2\/autodesign-modul\/","og_site_name":"2020","article_publisher":"https:\/\/www.facebook.com\/2020spaces","article_modified_time":"2024-05-07T09:26:23+00:00","twitter_card":"summary_large_image","twitter_site":"@2020spaces","twitter_misc":{"Gesch\u00e4tzte Lesezeit":"4 Minuten"},"schema":{"@context":"https:\/\/schema.org","@graph":[{"@type":"WebPage","@id":"https:\/\/www.2020spaces.com\/de\/2020-produkte\/2020-ideal-spaces-de-2\/autodesign-modul\/","url":"https:\/\/www.2020spaces.com\/de\/2020-produkte\/2020-ideal-spaces-de-2\/autodesign-modul\/","name":"Auto-Design Modul | 2020 Ideal Spaces","isPartOf":{"@id":"https:\/\/www.2020spaces.com\/#website"},"datePublished":"2018-11-19T18:04:25+00:00","dateModified":"2024-05-07T09:26:23+00:00","description":"Mit dem Autodesign-Modul k\u00f6nnen Sie jedem Besucher erm\u00f6glichen, mit geringen Designkenntnissen in wenigen Minuten eine K\u00fcche zu gestalten.","breadcrumb":{"@id":"https:\/\/www.2020spaces.com\/de\/2020-produkte\/2020-ideal-spaces-de-2\/autodesign-modul\/#breadcrumb"},"inLanguage":"de-DE","potentialAction":[{"@type":"ReadAction","target":["https:\/\/www.2020spaces.com\/de\/2020-produkte\/2020-ideal-spaces-de-2\/autodesign-modul\/"]}]},{"@type":"BreadcrumbList","@id":"https:\/\/www.2020spaces.com\/de\/2020-produkte\/2020-ideal-spaces-de-2\/autodesign-modul\/#breadcrumb","itemListElement":[{"@type":"ListItem","position":1,"name":"Home","item":"https:\/\/www.2020spaces.com\/de\/"},{"@type":"ListItem","position":2,"name":"2020 Produkte","item":"https:\/\/www.2020spaces.com\/de\/2020-produkte\/"},{"@type":"ListItem","position":3,"name":"2020 Ideal Spaces","item":"https:\/\/www.2020spaces.com\/de\/2020-produkte\/2020-ideal-spaces-de-2\/"},{"@type":"ListItem","position":4,"name":"Auto-Design Modul"}]},{"@type":"WebSite","@id":"https:\/\/www.2020spaces.com\/#website","url":"https:\/\/www.2020spaces.com\/","name":"2020","description":"Making Spaces for Life\u2122","potentialAction":[{"@type":"SearchAction","target":{"@type":"EntryPoint","urlTemplate":"https:\/\/www.2020spaces.com\/?s={search_term_string}"},"query-input":{"@type":"PropertyValueSpecification","valueRequired":true,"valueName":"search_term_string"}}],"inLanguage":"de-DE"}]}},"_links":{"self":[{"href":"https:\/\/www.2020spaces.com\/de\/wp-json\/wp\/v2\/pages\/219030","targetHints":{"allow":["GET"]}}],"collection":[{"href":"https:\/\/www.2020spaces.com\/de\/wp-json\/wp\/v2\/pages"}],"about":[{"href":"https:\/\/www.2020spaces.com\/de\/wp-json\/wp\/v2\/types\/page"}],"author":[{"embeddable":true,"href":"https:\/\/www.2020spaces.com\/de\/wp-json\/wp\/v2\/users\/25194"}],"replies":[{"embeddable":true,"href":"https:\/\/www.2020spaces.com\/de\/wp-json\/wp\/v2\/comments?post=219030"}],"version-history":[{"count":0,"href":"https:\/\/www.2020spaces.com\/de\/wp-json\/wp\/v2\/pages\/219030\/revisions"}],"up":[{"embeddable":true,"href":"https:\/\/www.2020spaces.com\/de\/wp-json\/wp\/v2\/pages\/10336"}],"wp:attachment":[{"href":"https:\/\/www.2020spaces.com\/de\/wp-json\/wp\/v2\/media?parent=219030"}],"wp:term":[{"taxonomy":"category","embeddable":true,"href":"https:\/\/www.2020spaces.com\/de\/wp-json\/wp\/v2\/categories?post=219030"}],"curies":[{"name":"wp","href":"https:\/\/api.w.org\/{rel}","templated":true}]}}