{"id":311282,"date":"2020-12-21T14:10:48","date_gmt":"2020-12-21T19:10:48","guid":{"rendered":"https:\/\/www.2020spaces.com\/?page_id=311282"},"modified":"2024-02-02T06:03:17","modified_gmt":"2024-02-02T11:03:17","slug":"mes-summit","status":"publish","type":"page","link":"https:\/\/www.2020spaces.com\/de\/mes-summit\/","title":{"rendered":"Anmeldung zum virtuellen MES Summit 2021"},"content":{"rendered":"<div id=\"cs-content\" class=\"cs-content\"><\/div>\n","protected":false},"excerpt":{"rendered":"<p>Bald ist es soweit, OLE 2020 beginnt. Sie haben noch nie etwas von OLE geh\u00f6rt?Nicht verwunderlich. OLE ist der Name des ersten virtuellen Events f\u00fcr Objekt- und Ladenbauer der Firma 2020 Technologies GmbH.Nachdem s\u00e4mtliche Events wie z.B. die Holzhandwerk und die DLV Ladenbautagung abgesagt wurden, haben wir uns kurzerhand dazu &#8230; <\/p>\n<div><a href=\"https:\/\/www.2020spaces.com\/de\/mes-summit\/\" class=\"more-link\">Read More<\/a><\/div>\n","protected":false},"author":26709,"featured_media":311292,"parent":0,"menu_order":0,"comment_status":"closed","ping_status":"closed","template":"template-blank-4.php","meta":{"_bbp_topic_count":0,"_bbp_reply_count":0,"_bbp_total_topic_count":0,"_bbp_total_reply_count":0,"_bbp_voice_count":0,"_bbp_anonymous_reply_count":0,"_bbp_topic_count_hidden":0,"_bbp_reply_count_hidden":0,"_bbp_forum_subforum_count":0,"footnotes":""},"categories":[],"class_list":["post-311282","page","type-page","status-publish","has-post-thumbnail","hentry"],"pp_force_visibility":null,"pp_subpost_visibility":null,"pp_inherited_force_visibility":null,"pp_inherited_subpost_visibility":null,"yoast_head":"<!-- This site is optimized with the Yoast SEO Premium plugin v26.7 (Yoast SEO v26.7) - https:\/\/yoast.com\/wordpress\/plugins\/seo\/ -->\n<title>Anmeldung zum virtuellen MES Summit 2021<\/title>\n<meta name=\"description\" content=\"Informieren Sie sich auf dem MES Summit 2021 \u00fcber MES Systeme f\u00fcr M\u00f6belhersteller, Zulieferer, Objekt- und Ladenbauer\" \/>\n<meta name=\"robots\" content=\"index, follow, max-snippet:-1, max-image-preview:large, max-video-preview:-1\" \/>\n<link rel=\"canonical\" href=\"https:\/\/www.2020spaces.com\/de\/mes-summit\/\" \/>\n<meta property=\"og:locale\" content=\"de_DE\" \/>\n<meta property=\"og:type\" content=\"article\" \/>\n<meta property=\"og:title\" content=\"Anmeldung zum virtuellen MES Summit 2021\" \/>\n<meta property=\"og:description\" content=\"Informieren Sie sich auf dem MES Summit 2021 \u00fcber MES Systeme f\u00fcr M\u00f6belhersteller, Zulieferer, Objekt- und Ladenbauer und Unternehmen aus der holzverarbeitenden Industrie.\" \/>\n<meta property=\"og:url\" content=\"https:\/\/www.2020spaces.com\/de\/mes-summit\/\" \/>\n<meta property=\"og:site_name\" content=\"2020\" \/>\n<meta property=\"article:publisher\" content=\"https:\/\/www.facebook.com\/2020spaces\" \/>\n<meta property=\"article:modified_time\" content=\"2024-02-02T11:03:17+00:00\" \/>\n<meta property=\"og:image\" content=\"https:\/\/www.2020spaces.com\/wp-content\/uploads\/2020\/12\/Social-1200x630-MES-Summit-ii.jpg\" \/>\n\t<meta property=\"og:image:width\" content=\"1200\" \/>\n\t<meta property=\"og:image:height\" content=\"630\" \/>\n\t<meta property=\"og:image:type\" content=\"image\/jpeg\" \/>\n<meta name=\"twitter:card\" content=\"summary_large_image\" \/>\n<meta name=\"twitter:title\" content=\"Anmeldung zum virtuellen MES Summit 2021\" \/>\n<meta name=\"twitter:description\" content=\"Informieren Sie sich auf dem MES Summit 2021 \u00fcber MES Systeme f\u00fcr M\u00f6belhersteller, Zulieferer, Objekt- und Ladenbauer und Unternehmen aus der holzverarbeitenden Industrie.\" \/>\n<meta name=\"twitter:image\" content=\"https:\/\/www.2020spaces.com\/wp-content\/uploads\/2020\/12\/Social-1200x630-MES-Summit-ii.jpg\" \/>\n<meta name=\"twitter:site\" content=\"@2020spaces\" \/>\n<meta name=\"twitter:label1\" content=\"Gesch\u00e4tzte Lesezeit\" \/>\n\t<meta name=\"twitter:data1\" content=\"6 Minuten\" \/>\n<script type=\"application\/ld+json\" class=\"yoast-schema-graph\">{\"@context\":\"https:\/\/schema.org\",\"@graph\":[{\"@type\":\"WebPage\",\"@id\":\"https:\/\/www.2020spaces.com\/de\/mes-summit\/\",\"url\":\"https:\/\/www.2020spaces.com\/de\/mes-summit\/\",\"name\":\"Anmeldung zum virtuellen MES Summit 2021\",\"isPartOf\":{\"@id\":\"https:\/\/www.2020spaces.com\/#website\"},\"primaryImageOfPage\":{\"@id\":\"https:\/\/www.2020spaces.com\/de\/mes-summit\/#primaryimage\"},\"image\":{\"@id\":\"https:\/\/www.2020spaces.com\/de\/mes-summit\/#primaryimage\"},\"thumbnailUrl\":\"https:\/\/www.2020spaces.com\/wp-content\/uploads\/2020\/12\/Featured-400x323-MES-summit.jpg\",\"datePublished\":\"2020-12-21T19:10:48+00:00\",\"dateModified\":\"2024-02-02T11:03:17+00:00\",\"description\":\"Informieren Sie sich auf dem MES Summit 2021 \u00fcber MES Systeme f\u00fcr M\u00f6belhersteller, Zulieferer, Objekt- und Ladenbauer\",\"breadcrumb\":{\"@id\":\"https:\/\/www.2020spaces.com\/de\/mes-summit\/#breadcrumb\"},\"inLanguage\":\"de-DE\",\"potentialAction\":[{\"@type\":\"ReadAction\",\"target\":[\"https:\/\/www.2020spaces.com\/de\/mes-summit\/\"]}]},{\"@type\":\"ImageObject\",\"inLanguage\":\"de-DE\",\"@id\":\"https:\/\/www.2020spaces.com\/de\/mes-summit\/#primaryimage\",\"url\":\"https:\/\/www.2020spaces.com\/wp-content\/uploads\/2020\/12\/Featured-400x323-MES-summit.jpg\",\"contentUrl\":\"https:\/\/www.2020spaces.com\/wp-content\/uploads\/2020\/12\/Featured-400x323-MES-summit.jpg\",\"width\":400,\"height\":323,\"caption\":\"MES Summit 2021\"},{\"@type\":\"BreadcrumbList\",\"@id\":\"https:\/\/www.2020spaces.com\/de\/mes-summit\/#breadcrumb\",\"itemListElement\":[{\"@type\":\"ListItem\",\"position\":1,\"name\":\"Home\",\"item\":\"https:\/\/www.2020spaces.com\/de\/\"},{\"@type\":\"ListItem\",\"position\":2,\"name\":\"Anmeldung zum virtuellen MES Summit 2021\"}]},{\"@type\":\"WebSite\",\"@id\":\"https:\/\/www.2020spaces.com\/#website\",\"url\":\"https:\/\/www.2020spaces.com\/\",\"name\":\"2020\",\"description\":\"Making Spaces for Life\u2122\",\"potentialAction\":[{\"@type\":\"SearchAction\",\"target\":{\"@type\":\"EntryPoint\",\"urlTemplate\":\"https:\/\/www.2020spaces.com\/?s={search_term_string}\"},\"query-input\":{\"@type\":\"PropertyValueSpecification\",\"valueRequired\":true,\"valueName\":\"search_term_string\"}}],\"inLanguage\":\"de-DE\"}]}<\/script>\n<!-- \/ Yoast SEO Premium plugin. -->","yoast_head_json":{"title":"Anmeldung zum virtuellen MES Summit 2021","description":"Informieren Sie sich auf dem MES Summit 2021 \u00fcber MES Systeme f\u00fcr M\u00f6belhersteller, Zulieferer, Objekt- und Ladenbauer","robots":{"index":"index","follow":"follow","max-snippet":"max-snippet:-1","max-image-preview":"max-image-preview:large","max-video-preview":"max-video-preview:-1"},"canonical":"https:\/\/www.2020spaces.com\/de\/mes-summit\/","og_locale":"de_DE","og_type":"article","og_title":"Anmeldung zum virtuellen MES Summit 2021","og_description":"Informieren Sie sich auf dem MES Summit 2021 \u00fcber MES Systeme f\u00fcr M\u00f6belhersteller, Zulieferer, Objekt- und Ladenbauer und Unternehmen aus der holzverarbeitenden Industrie.","og_url":"https:\/\/www.2020spaces.com\/de\/mes-summit\/","og_site_name":"2020","article_publisher":"https:\/\/www.facebook.com\/2020spaces","article_modified_time":"2024-02-02T11:03:17+00:00","og_image":[{"width":1200,"height":630,"url":"https:\/\/www.2020spaces.com\/wp-content\/uploads\/2020\/12\/Social-1200x630-MES-Summit-ii.jpg","type":"image\/jpeg"}],"twitter_card":"summary_large_image","twitter_title":"Anmeldung zum virtuellen MES Summit 2021","twitter_description":"Informieren Sie sich auf dem MES Summit 2021 \u00fcber MES Systeme f\u00fcr M\u00f6belhersteller, Zulieferer, Objekt- und Ladenbauer und Unternehmen aus der holzverarbeitenden Industrie.","twitter_image":"https:\/\/www.2020spaces.com\/wp-content\/uploads\/2020\/12\/Social-1200x630-MES-Summit-ii.jpg","twitter_site":"@2020spaces","twitter_misc":{"Gesch\u00e4tzte Lesezeit":"6 Minuten"},"schema":{"@context":"https:\/\/schema.org","@graph":[{"@type":"WebPage","@id":"https:\/\/www.2020spaces.com\/de\/mes-summit\/","url":"https:\/\/www.2020spaces.com\/de\/mes-summit\/","name":"Anmeldung zum virtuellen MES Summit 2021","isPartOf":{"@id":"https:\/\/www.2020spaces.com\/#website"},"primaryImageOfPage":{"@id":"https:\/\/www.2020spaces.com\/de\/mes-summit\/#primaryimage"},"image":{"@id":"https:\/\/www.2020spaces.com\/de\/mes-summit\/#primaryimage"},"thumbnailUrl":"https:\/\/www.2020spaces.com\/wp-content\/uploads\/2020\/12\/Featured-400x323-MES-summit.jpg","datePublished":"2020-12-21T19:10:48+00:00","dateModified":"2024-02-02T11:03:17+00:00","description":"Informieren Sie sich auf dem MES Summit 2021 \u00fcber MES Systeme f\u00fcr M\u00f6belhersteller, Zulieferer, Objekt- und Ladenbauer","breadcrumb":{"@id":"https:\/\/www.2020spaces.com\/de\/mes-summit\/#breadcrumb"},"inLanguage":"de-DE","potentialAction":[{"@type":"ReadAction","target":["https:\/\/www.2020spaces.com\/de\/mes-summit\/"]}]},{"@type":"ImageObject","inLanguage":"de-DE","@id":"https:\/\/www.2020spaces.com\/de\/mes-summit\/#primaryimage","url":"https:\/\/www.2020spaces.com\/wp-content\/uploads\/2020\/12\/Featured-400x323-MES-summit.jpg","contentUrl":"https:\/\/www.2020spaces.com\/wp-content\/uploads\/2020\/12\/Featured-400x323-MES-summit.jpg","width":400,"height":323,"caption":"MES Summit 2021"},{"@type":"BreadcrumbList","@id":"https:\/\/www.2020spaces.com\/de\/mes-summit\/#breadcrumb","itemListElement":[{"@type":"ListItem","position":1,"name":"Home","item":"https:\/\/www.2020spaces.com\/de\/"},{"@type":"ListItem","position":2,"name":"Anmeldung zum virtuellen MES Summit 2021"}]},{"@type":"WebSite","@id":"https:\/\/www.2020spaces.com\/#website","url":"https:\/\/www.2020spaces.com\/","name":"2020","description":"Making Spaces for Life\u2122","potentialAction":[{"@type":"SearchAction","target":{"@type":"EntryPoint","urlTemplate":"https:\/\/www.2020spaces.com\/?s={search_term_string}"},"query-input":{"@type":"PropertyValueSpecification","valueRequired":true,"valueName":"search_term_string"}}],"inLanguage":"de-DE"}]}},"_links":{"self":[{"href":"https:\/\/www.2020spaces.com\/de\/wp-json\/wp\/v2\/pages\/311282","targetHints":{"allow":["GET"]}}],"collection":[{"href":"https:\/\/www.2020spaces.com\/de\/wp-json\/wp\/v2\/pages"}],"about":[{"href":"https:\/\/www.2020spaces.com\/de\/wp-json\/wp\/v2\/types\/page"}],"author":[{"embeddable":true,"href":"https:\/\/www.2020spaces.com\/de\/wp-json\/wp\/v2\/users\/26709"}],"replies":[{"embeddable":true,"href":"https:\/\/www.2020spaces.com\/de\/wp-json\/wp\/v2\/comments?post=311282"}],"version-history":[{"count":0,"href":"https:\/\/www.2020spaces.com\/de\/wp-json\/wp\/v2\/pages\/311282\/revisions"}],"wp:featuredmedia":[{"embeddable":true,"href":"https:\/\/www.2020spaces.com\/de\/wp-json\/wp\/v2\/media\/311292"}],"wp:attachment":[{"href":"https:\/\/www.2020spaces.com\/de\/wp-json\/wp\/v2\/media?parent=311282"}],"wp:term":[{"taxonomy":"category","embeddable":true,"href":"https:\/\/www.2020spaces.com\/de\/wp-json\/wp\/v2\/categories?post=311282"}],"curies":[{"name":"wp","href":"https:\/\/api.w.org\/{rel}","templated":true}]}}