{"id":323465,"date":"2020-08-28T08:39:42","date_gmt":"2020-08-28T12:39:42","guid":{"rendered":"https:\/\/www.2020spaces.com\/2020-produkte\/2020-ideal-spaces-de\/roi\/"},"modified":"2021-04-12T13:54:59","modified_gmt":"2021-04-12T17:54:59","slug":"roi","status":"publish","type":"page","link":"https:\/\/www.2020spaces.com\/de\/2020-produkte\/2020-ideal-spaces-de-2\/roi\/","title":{"rendered":"Roi Rechner f\u00fcr Online Raumplaner"},"content":{"rendered":"<div id=\"cs-content\" class=\"cs-content\"><\/div>\n","protected":false},"excerpt":{"rendered":"<p>ROI Sie verkaufen M\u00f6bel und denken \u00fcber die Anpassung Ihrer Online-Strategie nach?Suchen Sie nach M\u00f6glichkeiten, mehr Leads zu gewinnen und Ihre Abschlussrate zu erh\u00f6hen?Dieser ROI-Rechner simuliert f\u00fcr Sie den potenziellen Return on Investment, den Sie durch die Implementierung einer Online-Raumplanungsl\u00f6sung auf Ihrer Website erzielen k\u00f6nnten. So haben unsere Kunden im &#8230; <\/p>\n<div><a href=\"https:\/\/www.2020spaces.com\/de\/2020-produkte\/2020-ideal-spaces-de-2\/roi\/\" class=\"more-link\">Read More<\/a><\/div>\n","protected":false},"author":26709,"featured_media":295395,"parent":10336,"menu_order":0,"comment_status":"closed","ping_status":"closed","template":"template-blank-4.php","meta":{"_bbp_topic_count":0,"_bbp_reply_count":0,"_bbp_total_topic_count":0,"_bbp_total_reply_count":0,"_bbp_voice_count":0,"_bbp_anonymous_reply_count":0,"_bbp_topic_count_hidden":0,"_bbp_reply_count_hidden":0,"_bbp_forum_subforum_count":0,"footnotes":""},"categories":[],"class_list":["post-323465","page","type-page","status-publish","has-post-thumbnail","hentry"],"pp_force_visibility":null,"pp_subpost_visibility":null,"pp_inherited_force_visibility":null,"pp_inherited_subpost_visibility":null,"yoast_head":"<!-- This site is optimized with the Yoast SEO Premium plugin v26.7 (Yoast SEO v26.7) - https:\/\/yoast.com\/wordpress\/plugins\/seo\/ -->\n<title>Roi Rechner f\u00fcr Online Raumplaner | 2020 Ideal Spaces<\/title>\n<meta name=\"description\" content=\"ROI-Rechner zur Simulation des potenziellen Returns on Investment, durch einen Online-Raumplanungsl\u00f6sung f\u00fcr den M\u00f6belverkauf.\" \/>\n<meta name=\"robots\" content=\"index, follow, max-snippet:-1, max-image-preview:large, max-video-preview:-1\" \/>\n<link rel=\"canonical\" href=\"https:\/\/www.2020spaces.com\/de\/2020-produkte\/2020-ideal-spaces-de-2\/roi\/\" \/>\n<meta property=\"og:locale\" content=\"de_DE\" \/>\n<meta property=\"og:type\" content=\"article\" \/>\n<meta property=\"og:title\" content=\"Roi Rechner f\u00fcr Online Raumplaner | 2020 Ideal Spaces\" \/>\n<meta property=\"og:description\" content=\"ROI-Rechner zur Simulation des potenziellen Returns on Investment, durch einen Online-Raumplanungsl\u00f6sung f\u00fcr den M\u00f6belverkauf.\" \/>\n<meta property=\"og:url\" content=\"https:\/\/www.2020spaces.com\/de\/2020-produkte\/2020-ideal-spaces-de-2\/roi\/\" \/>\n<meta property=\"og:site_name\" content=\"2020\" \/>\n<meta property=\"article:publisher\" content=\"https:\/\/www.facebook.com\/2020spaces\" \/>\n<meta property=\"article:modified_time\" content=\"2021-04-12T17:54:59+00:00\" \/>\n<meta property=\"og:image\" content=\"https:\/\/www.2020spaces.com\/wp-content\/uploads\/2021\/04\/Social_1200x630_ROI-Calculator_DE.jpg\" \/>\n\t<meta property=\"og:image:width\" content=\"1200\" \/>\n\t<meta property=\"og:image:height\" content=\"630\" \/>\n\t<meta property=\"og:image:type\" content=\"image\/jpeg\" \/>\n<meta name=\"twitter:card\" content=\"summary_large_image\" \/>\n<meta name=\"twitter:title\" content=\"Roi Rechner f\u00fcr Online Raumplaner | 2020 Ideal Spaces\" \/>\n<meta name=\"twitter:description\" content=\"ROI-Rechner zur Simulation des potenziellen Returns on Investment, durch einen Online-Raumplanungsl\u00f6sung f\u00fcr den M\u00f6belverkauf.\" \/>\n<meta name=\"twitter:image\" content=\"https:\/\/www.2020spaces.com\/wp-content\/uploads\/2021\/04\/Social_1200x630_ROI-Calculator_DE.jpg\" \/>\n<meta name=\"twitter:site\" content=\"@2020spaces\" \/>\n<meta name=\"twitter:label1\" content=\"Gesch\u00e4tzte Lesezeit\" \/>\n\t<meta name=\"twitter:data1\" content=\"2 Minuten\" \/>\n<script type=\"application\/ld+json\" class=\"yoast-schema-graph\">{\"@context\":\"https:\/\/schema.org\",\"@graph\":[{\"@type\":\"WebPage\",\"@id\":\"https:\/\/www.2020spaces.com\/de\/2020-produkte\/2020-ideal-spaces-de-2\/roi\/\",\"url\":\"https:\/\/www.2020spaces.com\/de\/2020-produkte\/2020-ideal-spaces-de-2\/roi\/\",\"name\":\"Roi Rechner f\u00fcr Online Raumplaner | 2020 Ideal Spaces\",\"isPartOf\":{\"@id\":\"https:\/\/www.2020spaces.com\/#website\"},\"primaryImageOfPage\":{\"@id\":\"https:\/\/www.2020spaces.com\/de\/2020-produkte\/2020-ideal-spaces-de-2\/roi\/#primaryimage\"},\"image\":{\"@id\":\"https:\/\/www.2020spaces.com\/de\/2020-produkte\/2020-ideal-spaces-de-2\/roi\/#primaryimage\"},\"thumbnailUrl\":\"https:\/\/www.2020spaces.com\/wp-content\/uploads\/2020\/09\/Featured_400x323_ROI-Calculator.jpg\",\"datePublished\":\"2020-08-28T12:39:42+00:00\",\"dateModified\":\"2021-04-12T17:54:59+00:00\",\"description\":\"ROI-Rechner zur Simulation des potenziellen Returns on Investment, durch einen Online-Raumplanungsl\u00f6sung f\u00fcr den M\u00f6belverkauf.\",\"breadcrumb\":{\"@id\":\"https:\/\/www.2020spaces.com\/de\/2020-produkte\/2020-ideal-spaces-de-2\/roi\/#breadcrumb\"},\"inLanguage\":\"de-DE\",\"potentialAction\":[{\"@type\":\"ReadAction\",\"target\":[\"https:\/\/www.2020spaces.com\/de\/2020-produkte\/2020-ideal-spaces-de-2\/roi\/\"]}]},{\"@type\":\"ImageObject\",\"inLanguage\":\"de-DE\",\"@id\":\"https:\/\/www.2020spaces.com\/de\/2020-produkte\/2020-ideal-spaces-de-2\/roi\/#primaryimage\",\"url\":\"https:\/\/www.2020spaces.com\/wp-content\/uploads\/2020\/09\/Featured_400x323_ROI-Calculator.jpg\",\"contentUrl\":\"https:\/\/www.2020spaces.com\/wp-content\/uploads\/2020\/09\/Featured_400x323_ROI-Calculator.jpg\",\"width\":400,\"height\":323,\"caption\":\"ROI Calculator | 2020 Ideal Spaces\"},{\"@type\":\"BreadcrumbList\",\"@id\":\"https:\/\/www.2020spaces.com\/de\/2020-produkte\/2020-ideal-spaces-de-2\/roi\/#breadcrumb\",\"itemListElement\":[{\"@type\":\"ListItem\",\"position\":1,\"name\":\"Home\",\"item\":\"https:\/\/www.2020spaces.com\/de\/\"},{\"@type\":\"ListItem\",\"position\":2,\"name\":\"2020 Produkte\",\"item\":\"https:\/\/www.2020spaces.com\/de\/2020-produkte\/\"},{\"@type\":\"ListItem\",\"position\":3,\"name\":\"2020 Ideal Spaces\",\"item\":\"https:\/\/www.2020spaces.com\/de\/2020-produkte\/2020-ideal-spaces-de-2\/\"},{\"@type\":\"ListItem\",\"position\":4,\"name\":\"Roi Rechner f\u00fcr Online Raumplaner\"}]},{\"@type\":\"WebSite\",\"@id\":\"https:\/\/www.2020spaces.com\/#website\",\"url\":\"https:\/\/www.2020spaces.com\/\",\"name\":\"2020\",\"description\":\"Making Spaces for Life\u2122\",\"potentialAction\":[{\"@type\":\"SearchAction\",\"target\":{\"@type\":\"EntryPoint\",\"urlTemplate\":\"https:\/\/www.2020spaces.com\/?s={search_term_string}\"},\"query-input\":{\"@type\":\"PropertyValueSpecification\",\"valueRequired\":true,\"valueName\":\"search_term_string\"}}],\"inLanguage\":\"de-DE\"}]}<\/script>\n<!-- \/ Yoast SEO Premium plugin. -->","yoast_head_json":{"title":"Roi Rechner f\u00fcr Online Raumplaner | 2020 Ideal Spaces","description":"ROI-Rechner zur Simulation des potenziellen Returns on Investment, durch einen Online-Raumplanungsl\u00f6sung f\u00fcr den M\u00f6belverkauf.","robots":{"index":"index","follow":"follow","max-snippet":"max-snippet:-1","max-image-preview":"max-image-preview:large","max-video-preview":"max-video-preview:-1"},"canonical":"https:\/\/www.2020spaces.com\/de\/2020-produkte\/2020-ideal-spaces-de-2\/roi\/","og_locale":"de_DE","og_type":"article","og_title":"Roi Rechner f\u00fcr Online Raumplaner | 2020 Ideal Spaces","og_description":"ROI-Rechner zur Simulation des potenziellen Returns on Investment, durch einen Online-Raumplanungsl\u00f6sung f\u00fcr den M\u00f6belverkauf.","og_url":"https:\/\/www.2020spaces.com\/de\/2020-produkte\/2020-ideal-spaces-de-2\/roi\/","og_site_name":"2020","article_publisher":"https:\/\/www.facebook.com\/2020spaces","article_modified_time":"2021-04-12T17:54:59+00:00","og_image":[{"width":1200,"height":630,"url":"https:\/\/www.2020spaces.com\/wp-content\/uploads\/2021\/04\/Social_1200x630_ROI-Calculator_DE.jpg","type":"image\/jpeg"}],"twitter_card":"summary_large_image","twitter_title":"Roi Rechner f\u00fcr Online Raumplaner | 2020 Ideal Spaces","twitter_description":"ROI-Rechner zur Simulation des potenziellen Returns on Investment, durch einen Online-Raumplanungsl\u00f6sung f\u00fcr den M\u00f6belverkauf.","twitter_image":"https:\/\/www.2020spaces.com\/wp-content\/uploads\/2021\/04\/Social_1200x630_ROI-Calculator_DE.jpg","twitter_site":"@2020spaces","twitter_misc":{"Gesch\u00e4tzte Lesezeit":"2 Minuten"},"schema":{"@context":"https:\/\/schema.org","@graph":[{"@type":"WebPage","@id":"https:\/\/www.2020spaces.com\/de\/2020-produkte\/2020-ideal-spaces-de-2\/roi\/","url":"https:\/\/www.2020spaces.com\/de\/2020-produkte\/2020-ideal-spaces-de-2\/roi\/","name":"Roi Rechner f\u00fcr Online Raumplaner | 2020 Ideal Spaces","isPartOf":{"@id":"https:\/\/www.2020spaces.com\/#website"},"primaryImageOfPage":{"@id":"https:\/\/www.2020spaces.com\/de\/2020-produkte\/2020-ideal-spaces-de-2\/roi\/#primaryimage"},"image":{"@id":"https:\/\/www.2020spaces.com\/de\/2020-produkte\/2020-ideal-spaces-de-2\/roi\/#primaryimage"},"thumbnailUrl":"https:\/\/www.2020spaces.com\/wp-content\/uploads\/2020\/09\/Featured_400x323_ROI-Calculator.jpg","datePublished":"2020-08-28T12:39:42+00:00","dateModified":"2021-04-12T17:54:59+00:00","description":"ROI-Rechner zur Simulation des potenziellen Returns on Investment, durch einen Online-Raumplanungsl\u00f6sung f\u00fcr den M\u00f6belverkauf.","breadcrumb":{"@id":"https:\/\/www.2020spaces.com\/de\/2020-produkte\/2020-ideal-spaces-de-2\/roi\/#breadcrumb"},"inLanguage":"de-DE","potentialAction":[{"@type":"ReadAction","target":["https:\/\/www.2020spaces.com\/de\/2020-produkte\/2020-ideal-spaces-de-2\/roi\/"]}]},{"@type":"ImageObject","inLanguage":"de-DE","@id":"https:\/\/www.2020spaces.com\/de\/2020-produkte\/2020-ideal-spaces-de-2\/roi\/#primaryimage","url":"https:\/\/www.2020spaces.com\/wp-content\/uploads\/2020\/09\/Featured_400x323_ROI-Calculator.jpg","contentUrl":"https:\/\/www.2020spaces.com\/wp-content\/uploads\/2020\/09\/Featured_400x323_ROI-Calculator.jpg","width":400,"height":323,"caption":"ROI Calculator | 2020 Ideal Spaces"},{"@type":"BreadcrumbList","@id":"https:\/\/www.2020spaces.com\/de\/2020-produkte\/2020-ideal-spaces-de-2\/roi\/#breadcrumb","itemListElement":[{"@type":"ListItem","position":1,"name":"Home","item":"https:\/\/www.2020spaces.com\/de\/"},{"@type":"ListItem","position":2,"name":"2020 Produkte","item":"https:\/\/www.2020spaces.com\/de\/2020-produkte\/"},{"@type":"ListItem","position":3,"name":"2020 Ideal Spaces","item":"https:\/\/www.2020spaces.com\/de\/2020-produkte\/2020-ideal-spaces-de-2\/"},{"@type":"ListItem","position":4,"name":"Roi Rechner f\u00fcr Online Raumplaner"}]},{"@type":"WebSite","@id":"https:\/\/www.2020spaces.com\/#website","url":"https:\/\/www.2020spaces.com\/","name":"2020","description":"Making Spaces for Life\u2122","potentialAction":[{"@type":"SearchAction","target":{"@type":"EntryPoint","urlTemplate":"https:\/\/www.2020spaces.com\/?s={search_term_string}"},"query-input":{"@type":"PropertyValueSpecification","valueRequired":true,"valueName":"search_term_string"}}],"inLanguage":"de-DE"}]}},"_links":{"self":[{"href":"https:\/\/www.2020spaces.com\/de\/wp-json\/wp\/v2\/pages\/323465","targetHints":{"allow":["GET"]}}],"collection":[{"href":"https:\/\/www.2020spaces.com\/de\/wp-json\/wp\/v2\/pages"}],"about":[{"href":"https:\/\/www.2020spaces.com\/de\/wp-json\/wp\/v2\/types\/page"}],"author":[{"embeddable":true,"href":"https:\/\/www.2020spaces.com\/de\/wp-json\/wp\/v2\/users\/26709"}],"replies":[{"embeddable":true,"href":"https:\/\/www.2020spaces.com\/de\/wp-json\/wp\/v2\/comments?post=323465"}],"version-history":[{"count":0,"href":"https:\/\/www.2020spaces.com\/de\/wp-json\/wp\/v2\/pages\/323465\/revisions"}],"up":[{"embeddable":true,"href":"https:\/\/www.2020spaces.com\/de\/wp-json\/wp\/v2\/pages\/10336"}],"wp:featuredmedia":[{"embeddable":true,"href":"https:\/\/www.2020spaces.com\/de\/wp-json\/wp\/v2\/media\/295395"}],"wp:attachment":[{"href":"https:\/\/www.2020spaces.com\/de\/wp-json\/wp\/v2\/media?parent=323465"}],"wp:term":[{"taxonomy":"category","embeddable":true,"href":"https:\/\/www.2020spaces.com\/de\/wp-json\/wp\/v2\/categories?post=323465"}],"curies":[{"name":"wp","href":"https:\/\/api.w.org\/{rel}","templated":true}]}}