{"id":355827,"date":"2022-01-18T15:00:15","date_gmt":"2022-01-18T20:00:15","guid":{"rendered":"https:\/\/www.2020spaces.com\/?page_id=355827"},"modified":"2024-08-03T07:15:12","modified_gmt":"2024-08-03T11:15:12","slug":"operational-excellence-day-2022","status":"publish","type":"page","link":"https:\/\/www.2020spaces.com\/de\/operational-excellence-day-2022\/","title":{"rendered":"Operational Excellence Day 2022"},"content":{"rendered":"<div id=\"cs-content\" class=\"cs-content\"><\/div>\n","protected":false},"excerpt":{"rendered":"<p>24.02.2022Mit branchenspezifischer End-to-End L\u00f6sung zur operativen Exzellenz &#8222;Nicht mit Erfindungen, sondern mit Verbesserungen macht man Verm\u00f6gen.&#8220; In den Worten Henry Fords steckt noch immer viel Wahrheit. Wie M\u00f6belhersteller, Objekt- und Ladenbauer dies im Alltag umsetzen k\u00f6nnen, erleben Sie in unserem virtuellen Event Operational Excellence Day am 24.02.2022.Jetzt anmelden24.02.2022Mit branchenspezifischer End-to-End &#8230; <\/p>\n<div><a href=\"https:\/\/www.2020spaces.com\/de\/operational-excellence-day-2022\/\" class=\"more-link\">Read More<\/a><\/div>\n","protected":false},"author":26709,"featured_media":355687,"parent":0,"menu_order":0,"comment_status":"closed","ping_status":"closed","template":"template-blank-4.php","meta":{"_bbp_topic_count":0,"_bbp_reply_count":0,"_bbp_total_topic_count":0,"_bbp_total_reply_count":0,"_bbp_voice_count":0,"_bbp_anonymous_reply_count":0,"_bbp_topic_count_hidden":0,"_bbp_reply_count_hidden":0,"_bbp_forum_subforum_count":0,"footnotes":""},"categories":[],"class_list":["post-355827","page","type-page","status-publish","has-post-thumbnail","hentry"],"pp_force_visibility":null,"pp_subpost_visibility":null,"pp_inherited_force_visibility":null,"pp_inherited_subpost_visibility":null,"yoast_head":"<!-- This site is optimized with the Yoast SEO Premium plugin v27.4 (Yoast SEO v27.4) - https:\/\/yoast.com\/product\/yoast-seo-premium-wordpress\/ -->\n<title>Operational Excellence Day 2022 - 2020<\/title>\n<meta name=\"description\" content=\"Virtuelles Event zum Thema Digitalisierung und Prozesse f\u00fcr M\u00f6belhersteller und Objekt- und Ladenbauer.\" \/>\n<meta name=\"robots\" content=\"index, follow, max-snippet:-1, max-image-preview:large, max-video-preview:-1\" \/>\n<link rel=\"canonical\" href=\"https:\/\/www.2020spaces.com\/de\/operational-excellence-day-2022\/\" \/>\n<meta property=\"og:locale\" content=\"de_DE\" \/>\n<meta property=\"og:type\" content=\"article\" \/>\n<meta property=\"og:title\" content=\"Operational Excellence Day 2022\" \/>\n<meta property=\"og:description\" content=\"Virtuelles Event zum Thema Digitalisierung und Prozesse f\u00fcr M\u00f6belhersteller und Objekt- und Ladenbauer.\" \/>\n<meta property=\"og:url\" content=\"https:\/\/www.2020spaces.com\/de\/operational-excellence-day-2022\/\" \/>\n<meta property=\"og:site_name\" content=\"2020\" \/>\n<meta property=\"article:publisher\" content=\"https:\/\/www.facebook.com\/2020spaces\" \/>\n<meta property=\"article:modified_time\" content=\"2024-08-03T11:15:12+00:00\" \/>\n<meta property=\"og:image\" content=\"https:\/\/www.2020spaces.com\/wp-content\/uploads\/2022\/01\/Social_1200x630_OED_01.jpg\" \/>\n\t<meta property=\"og:image:width\" content=\"1200\" \/>\n\t<meta property=\"og:image:height\" content=\"630\" \/>\n\t<meta property=\"og:image:type\" content=\"image\/jpeg\" \/>\n<meta name=\"twitter:card\" content=\"summary_large_image\" \/>\n<meta name=\"twitter:site\" content=\"@2020spaces\" \/>\n<meta name=\"twitter:label1\" content=\"Gesch\u00e4tzte Lesezeit\" \/>\n\t<meta name=\"twitter:data1\" content=\"9 Minuten\" \/>\n<script type=\"application\/ld+json\" class=\"yoast-schema-graph\">{\"@context\":\"https:\\\/\\\/schema.org\",\"@graph\":[{\"@type\":\"WebPage\",\"@id\":\"https:\\\/\\\/www.2020spaces.com\\\/de\\\/operational-excellence-day-2022\\\/\",\"url\":\"https:\\\/\\\/www.2020spaces.com\\\/de\\\/operational-excellence-day-2022\\\/\",\"name\":\"Operational Excellence Day 2022 - 2020\",\"isPartOf\":{\"@id\":\"https:\\\/\\\/www.2020spaces.com\\\/#website\"},\"primaryImageOfPage\":{\"@id\":\"https:\\\/\\\/www.2020spaces.com\\\/de\\\/operational-excellence-day-2022\\\/#primaryimage\"},\"image\":{\"@id\":\"https:\\\/\\\/www.2020spaces.com\\\/de\\\/operational-excellence-day-2022\\\/#primaryimage\"},\"thumbnailUrl\":\"https:\\\/\\\/www.2020spaces.com\\\/wp-content\\\/uploads\\\/2022\\\/01\\\/Featured-400x323-OED.jpg\",\"datePublished\":\"2022-01-18T20:00:15+00:00\",\"dateModified\":\"2024-08-03T11:15:12+00:00\",\"description\":\"Virtuelles Event zum Thema Digitalisierung und Prozesse f\u00fcr M\u00f6belhersteller und Objekt- und Ladenbauer.\",\"breadcrumb\":{\"@id\":\"https:\\\/\\\/www.2020spaces.com\\\/de\\\/operational-excellence-day-2022\\\/#breadcrumb\"},\"inLanguage\":\"de-DE\",\"potentialAction\":[{\"@type\":\"ReadAction\",\"target\":[\"https:\\\/\\\/www.2020spaces.com\\\/de\\\/operational-excellence-day-2022\\\/\"]}]},{\"@type\":\"ImageObject\",\"inLanguage\":\"de-DE\",\"@id\":\"https:\\\/\\\/www.2020spaces.com\\\/de\\\/operational-excellence-day-2022\\\/#primaryimage\",\"url\":\"https:\\\/\\\/www.2020spaces.com\\\/wp-content\\\/uploads\\\/2022\\\/01\\\/Featured-400x323-OED.jpg\",\"contentUrl\":\"https:\\\/\\\/www.2020spaces.com\\\/wp-content\\\/uploads\\\/2022\\\/01\\\/Featured-400x323-OED.jpg\",\"width\":400,\"height\":323,\"caption\":\"2020 Operational Excellence Day\"},{\"@type\":\"BreadcrumbList\",\"@id\":\"https:\\\/\\\/www.2020spaces.com\\\/de\\\/operational-excellence-day-2022\\\/#breadcrumb\",\"itemListElement\":[{\"@type\":\"ListItem\",\"position\":1,\"name\":\"Home\",\"item\":\"https:\\\/\\\/www.2020spaces.com\\\/de\\\/\"},{\"@type\":\"ListItem\",\"position\":2,\"name\":\"Operational Excellence Day 2022\"}]},{\"@type\":\"WebSite\",\"@id\":\"https:\\\/\\\/www.2020spaces.com\\\/#website\",\"url\":\"https:\\\/\\\/www.2020spaces.com\\\/\",\"name\":\"2020\",\"description\":\"Making Spaces for Life\u2122\",\"potentialAction\":[{\"@type\":\"SearchAction\",\"target\":{\"@type\":\"EntryPoint\",\"urlTemplate\":\"https:\\\/\\\/www.2020spaces.com\\\/?s={search_term_string}\"},\"query-input\":{\"@type\":\"PropertyValueSpecification\",\"valueRequired\":true,\"valueName\":\"search_term_string\"}}],\"inLanguage\":\"de-DE\"}]}<\/script>\n<!-- \/ Yoast SEO Premium plugin. -->","yoast_head_json":{"title":"Operational Excellence Day 2022 - 2020","description":"Virtuelles Event zum Thema Digitalisierung und Prozesse f\u00fcr M\u00f6belhersteller und Objekt- und Ladenbauer.","robots":{"index":"index","follow":"follow","max-snippet":"max-snippet:-1","max-image-preview":"max-image-preview:large","max-video-preview":"max-video-preview:-1"},"canonical":"https:\/\/www.2020spaces.com\/de\/operational-excellence-day-2022\/","og_locale":"de_DE","og_type":"article","og_title":"Operational Excellence Day 2022","og_description":"Virtuelles Event zum Thema Digitalisierung und Prozesse f\u00fcr M\u00f6belhersteller und Objekt- und Ladenbauer.","og_url":"https:\/\/www.2020spaces.com\/de\/operational-excellence-day-2022\/","og_site_name":"2020","article_publisher":"https:\/\/www.facebook.com\/2020spaces","article_modified_time":"2024-08-03T11:15:12+00:00","og_image":[{"width":1200,"height":630,"url":"https:\/\/www.2020spaces.com\/wp-content\/uploads\/2022\/01\/Social_1200x630_OED_01.jpg","type":"image\/jpeg"}],"twitter_card":"summary_large_image","twitter_site":"@2020spaces","twitter_misc":{"Gesch\u00e4tzte Lesezeit":"9 Minuten"},"schema":{"@context":"https:\/\/schema.org","@graph":[{"@type":"WebPage","@id":"https:\/\/www.2020spaces.com\/de\/operational-excellence-day-2022\/","url":"https:\/\/www.2020spaces.com\/de\/operational-excellence-day-2022\/","name":"Operational Excellence Day 2022 - 2020","isPartOf":{"@id":"https:\/\/www.2020spaces.com\/#website"},"primaryImageOfPage":{"@id":"https:\/\/www.2020spaces.com\/de\/operational-excellence-day-2022\/#primaryimage"},"image":{"@id":"https:\/\/www.2020spaces.com\/de\/operational-excellence-day-2022\/#primaryimage"},"thumbnailUrl":"https:\/\/www.2020spaces.com\/wp-content\/uploads\/2022\/01\/Featured-400x323-OED.jpg","datePublished":"2022-01-18T20:00:15+00:00","dateModified":"2024-08-03T11:15:12+00:00","description":"Virtuelles Event zum Thema Digitalisierung und Prozesse f\u00fcr M\u00f6belhersteller und Objekt- und Ladenbauer.","breadcrumb":{"@id":"https:\/\/www.2020spaces.com\/de\/operational-excellence-day-2022\/#breadcrumb"},"inLanguage":"de-DE","potentialAction":[{"@type":"ReadAction","target":["https:\/\/www.2020spaces.com\/de\/operational-excellence-day-2022\/"]}]},{"@type":"ImageObject","inLanguage":"de-DE","@id":"https:\/\/www.2020spaces.com\/de\/operational-excellence-day-2022\/#primaryimage","url":"https:\/\/www.2020spaces.com\/wp-content\/uploads\/2022\/01\/Featured-400x323-OED.jpg","contentUrl":"https:\/\/www.2020spaces.com\/wp-content\/uploads\/2022\/01\/Featured-400x323-OED.jpg","width":400,"height":323,"caption":"2020 Operational Excellence Day"},{"@type":"BreadcrumbList","@id":"https:\/\/www.2020spaces.com\/de\/operational-excellence-day-2022\/#breadcrumb","itemListElement":[{"@type":"ListItem","position":1,"name":"Home","item":"https:\/\/www.2020spaces.com\/de\/"},{"@type":"ListItem","position":2,"name":"Operational Excellence Day 2022"}]},{"@type":"WebSite","@id":"https:\/\/www.2020spaces.com\/#website","url":"https:\/\/www.2020spaces.com\/","name":"2020","description":"Making Spaces for Life\u2122","potentialAction":[{"@type":"SearchAction","target":{"@type":"EntryPoint","urlTemplate":"https:\/\/www.2020spaces.com\/?s={search_term_string}"},"query-input":{"@type":"PropertyValueSpecification","valueRequired":true,"valueName":"search_term_string"}}],"inLanguage":"de-DE"}]}},"_links":{"self":[{"href":"https:\/\/www.2020spaces.com\/de\/wp-json\/wp\/v2\/pages\/355827","targetHints":{"allow":["GET"]}}],"collection":[{"href":"https:\/\/www.2020spaces.com\/de\/wp-json\/wp\/v2\/pages"}],"about":[{"href":"https:\/\/www.2020spaces.com\/de\/wp-json\/wp\/v2\/types\/page"}],"author":[{"embeddable":true,"href":"https:\/\/www.2020spaces.com\/de\/wp-json\/wp\/v2\/users\/26709"}],"replies":[{"embeddable":true,"href":"https:\/\/www.2020spaces.com\/de\/wp-json\/wp\/v2\/comments?post=355827"}],"version-history":[{"count":0,"href":"https:\/\/www.2020spaces.com\/de\/wp-json\/wp\/v2\/pages\/355827\/revisions"}],"wp:featuredmedia":[{"embeddable":true,"href":"https:\/\/www.2020spaces.com\/de\/wp-json\/wp\/v2\/media\/355687"}],"wp:attachment":[{"href":"https:\/\/www.2020spaces.com\/de\/wp-json\/wp\/v2\/media?parent=355827"}],"wp:term":[{"taxonomy":"category","embeddable":true,"href":"https:\/\/www.2020spaces.com\/de\/wp-json\/wp\/v2\/categories?post=355827"}],"curies":[{"name":"wp","href":"https:\/\/api.w.org\/{rel}","templated":true}]}}