{"id":363460,"date":"2021-04-15T08:15:11","date_gmt":"2021-04-15T12:15:11","guid":{"rendered":"https:\/\/www.2020spaces.com\/2020-global-inspiration-contest\/"},"modified":"2023-05-15T05:59:36","modified_gmt":"2023-05-15T09:59:36","slug":"2020-global-inspiration-contest","status":"publish","type":"page","link":"https:\/\/www.2020spaces.com\/de\/2020-global-inspiration-contest\/","title":{"rendered":"2020 Global Inspiration Contest"},"content":{"rendered":"<div id=\"cs-content\" class=\"cs-content\"><\/div>\n","protected":false},"excerpt":{"rendered":"<p>Nehmen Sie an unserem globalen Wettbewerb f\u00fcr K\u00fcchen-, Bad- und B\u00fcrodesigner teil. Am Wettbewerb teilnehmenGef\u00f6rdert durch: Wir wollen Ihre inspirierenden Designs sehen! Alle 2020 und Compusoft Kunden k\u00f6nnen weltweit an diesem Wettbewerb teilnehmen.\u00a0 Nehmen Sie an unserem globalen Wettbewerb f\u00fcr K\u00fcchen-, Bad- und B\u00fcrodesigner teil. Nehmen Sie an unserem globalen &#8230; <\/p>\n<div><a href=\"https:\/\/www.2020spaces.com\/de\/2020-global-inspiration-contest\/\" class=\"more-link\">Read More<\/a><\/div>\n","protected":false},"author":26709,"featured_media":363113,"parent":0,"menu_order":0,"comment_status":"closed","ping_status":"closed","template":"template-blank-6.php","meta":{"_bbp_topic_count":0,"_bbp_reply_count":0,"_bbp_total_topic_count":0,"_bbp_total_reply_count":0,"_bbp_voice_count":0,"_bbp_anonymous_reply_count":0,"_bbp_topic_count_hidden":0,"_bbp_reply_count_hidden":0,"_bbp_forum_subforum_count":0,"footnotes":""},"categories":[],"class_list":["post-363460","page","type-page","status-publish","has-post-thumbnail","hentry"],"pp_force_visibility":null,"pp_subpost_visibility":null,"pp_inherited_force_visibility":null,"pp_inherited_subpost_visibility":null,"yoast_head":"<!-- This site is optimized with the Yoast SEO Premium plugin v27.4 (Yoast SEO v27.4) - https:\/\/yoast.com\/product\/yoast-seo-premium-wordpress\/ -->\n<title>2020 Global Inspiration Contest f\u00fcr Innen- und B\u00fcrodesigner<\/title>\n<meta name=\"description\" content=\"2020 und Compusoft, der f\u00fchrende Anbieter von K\u00fcchen-, Bad- und B\u00fcroplanungssoftware, veranstalten einen globalen\" \/>\n<meta name=\"robots\" content=\"index, follow, max-snippet:-1, max-image-preview:large, max-video-preview:-1\" \/>\n<link rel=\"canonical\" href=\"https:\/\/www.2020spaces.com\/de\/2020-global-inspiration-contest\/\" \/>\n<meta property=\"og:locale\" content=\"de_DE\" \/>\n<meta property=\"og:type\" content=\"article\" \/>\n<meta property=\"og:title\" content=\"2020 Global Inspiration Contest f\u00fcr Innen- und B\u00fcrodesigner\" \/>\n<meta property=\"og:description\" content=\"2020 und Compusoft, der f\u00fchrende Anbieter von K\u00fcchen-, Bad- und B\u00fcroplanungssoftware, veranstalten einen globalen Inspirationswettbewerb f\u00fcr alle unsere Designer-Kunden.\" \/>\n<meta property=\"og:url\" content=\"https:\/\/www.2020spaces.com\/de\/2020-global-inspiration-contest\/\" \/>\n<meta property=\"og:site_name\" content=\"2020\" \/>\n<meta property=\"article:publisher\" content=\"https:\/\/www.facebook.com\/2020spaces\" \/>\n<meta property=\"article:modified_time\" content=\"2023-05-15T09:59:36+00:00\" \/>\n<meta property=\"og:image\" content=\"https:\/\/www.2020spaces.com\/wp-content\/uploads\/2022\/04\/Social_1200x630_GlobalContest2022_General_EN.jpg\" \/>\n\t<meta property=\"og:image:width\" content=\"1200\" \/>\n\t<meta property=\"og:image:height\" content=\"630\" \/>\n\t<meta property=\"og:image:type\" content=\"image\/jpeg\" \/>\n<meta name=\"twitter:card\" content=\"summary_large_image\" \/>\n<meta name=\"twitter:title\" content=\"2020 Global Inspiration Contest f\u00fcr Innen- und B\u00fcrodesigner\" \/>\n<meta name=\"twitter:description\" content=\"2020 und Compusoft, der f\u00fchrende Anbieter von K\u00fcchen-, Bad- und B\u00fcroplanungssoftware, veranstalten einen globalen Inspirationswettbewerb f\u00fcr alle unsere Designer-Kunden.\" \/>\n<meta name=\"twitter:image\" content=\"https:\/\/www.2020spaces.com\/wp-content\/uploads\/2022\/04\/Social_1200x630_GlobalContest2022_General_EN.jpg\" \/>\n<meta name=\"twitter:site\" content=\"@2020spaces\" \/>\n<meta name=\"twitter:label1\" content=\"Gesch\u00e4tzte Lesezeit\" \/>\n\t<meta name=\"twitter:data1\" content=\"3 Minuten\" \/>\n<script type=\"application\/ld+json\" class=\"yoast-schema-graph\">{\"@context\":\"https:\\\/\\\/schema.org\",\"@graph\":[{\"@type\":\"WebPage\",\"@id\":\"https:\\\/\\\/www.2020spaces.com\\\/de\\\/2020-global-inspiration-contest\\\/\",\"url\":\"https:\\\/\\\/www.2020spaces.com\\\/de\\\/2020-global-inspiration-contest\\\/\",\"name\":\"2020 Global Inspiration Contest f\u00fcr Innen- und B\u00fcrodesigner\",\"isPartOf\":{\"@id\":\"https:\\\/\\\/www.2020spaces.com\\\/#website\"},\"primaryImageOfPage\":{\"@id\":\"https:\\\/\\\/www.2020spaces.com\\\/de\\\/2020-global-inspiration-contest\\\/#primaryimage\"},\"image\":{\"@id\":\"https:\\\/\\\/www.2020spaces.com\\\/de\\\/2020-global-inspiration-contest\\\/#primaryimage\"},\"thumbnailUrl\":\"https:\\\/\\\/www.2020spaces.com\\\/wp-content\\\/uploads\\\/2022\\\/04\\\/Featured_400x323_GlobalContest2022_General_EN.jpg\",\"datePublished\":\"2021-04-15T12:15:11+00:00\",\"dateModified\":\"2023-05-15T09:59:36+00:00\",\"description\":\"2020 und Compusoft, der f\u00fchrende Anbieter von K\u00fcchen-, Bad- und B\u00fcroplanungssoftware, veranstalten einen globalen\",\"breadcrumb\":{\"@id\":\"https:\\\/\\\/www.2020spaces.com\\\/de\\\/2020-global-inspiration-contest\\\/#breadcrumb\"},\"inLanguage\":\"de-DE\",\"potentialAction\":[{\"@type\":\"ReadAction\",\"target\":[\"https:\\\/\\\/www.2020spaces.com\\\/de\\\/2020-global-inspiration-contest\\\/\"]}]},{\"@type\":\"ImageObject\",\"inLanguage\":\"de-DE\",\"@id\":\"https:\\\/\\\/www.2020spaces.com\\\/de\\\/2020-global-inspiration-contest\\\/#primaryimage\",\"url\":\"https:\\\/\\\/www.2020spaces.com\\\/wp-content\\\/uploads\\\/2022\\\/04\\\/Featured_400x323_GlobalContest2022_General_EN.jpg\",\"contentUrl\":\"https:\\\/\\\/www.2020spaces.com\\\/wp-content\\\/uploads\\\/2022\\\/04\\\/Featured_400x323_GlobalContest2022_General_EN.jpg\",\"width\":400,\"height\":323,\"caption\":\"Inspiration Global Contest\"},{\"@type\":\"BreadcrumbList\",\"@id\":\"https:\\\/\\\/www.2020spaces.com\\\/de\\\/2020-global-inspiration-contest\\\/#breadcrumb\",\"itemListElement\":[{\"@type\":\"ListItem\",\"position\":1,\"name\":\"Home\",\"item\":\"https:\\\/\\\/www.2020spaces.com\\\/de\\\/\"},{\"@type\":\"ListItem\",\"position\":2,\"name\":\"2020 Global Inspiration Contest\"}]},{\"@type\":\"WebSite\",\"@id\":\"https:\\\/\\\/www.2020spaces.com\\\/#website\",\"url\":\"https:\\\/\\\/www.2020spaces.com\\\/\",\"name\":\"2020\",\"description\":\"Making Spaces for Life\u2122\",\"potentialAction\":[{\"@type\":\"SearchAction\",\"target\":{\"@type\":\"EntryPoint\",\"urlTemplate\":\"https:\\\/\\\/www.2020spaces.com\\\/?s={search_term_string}\"},\"query-input\":{\"@type\":\"PropertyValueSpecification\",\"valueRequired\":true,\"valueName\":\"search_term_string\"}}],\"inLanguage\":\"de-DE\"}]}<\/script>\n<!-- \/ Yoast SEO Premium plugin. -->","yoast_head_json":{"title":"2020 Global Inspiration Contest f\u00fcr Innen- und B\u00fcrodesigner","description":"2020 und Compusoft, der f\u00fchrende Anbieter von K\u00fcchen-, Bad- und B\u00fcroplanungssoftware, veranstalten einen globalen","robots":{"index":"index","follow":"follow","max-snippet":"max-snippet:-1","max-image-preview":"max-image-preview:large","max-video-preview":"max-video-preview:-1"},"canonical":"https:\/\/www.2020spaces.com\/de\/2020-global-inspiration-contest\/","og_locale":"de_DE","og_type":"article","og_title":"2020 Global Inspiration Contest f\u00fcr Innen- und B\u00fcrodesigner","og_description":"2020 und Compusoft, der f\u00fchrende Anbieter von K\u00fcchen-, Bad- und B\u00fcroplanungssoftware, veranstalten einen globalen Inspirationswettbewerb f\u00fcr alle unsere Designer-Kunden.","og_url":"https:\/\/www.2020spaces.com\/de\/2020-global-inspiration-contest\/","og_site_name":"2020","article_publisher":"https:\/\/www.facebook.com\/2020spaces","article_modified_time":"2023-05-15T09:59:36+00:00","og_image":[{"width":1200,"height":630,"url":"https:\/\/www.2020spaces.com\/wp-content\/uploads\/2022\/04\/Social_1200x630_GlobalContest2022_General_EN.jpg","type":"image\/jpeg"}],"twitter_card":"summary_large_image","twitter_title":"2020 Global Inspiration Contest f\u00fcr Innen- und B\u00fcrodesigner","twitter_description":"2020 und Compusoft, der f\u00fchrende Anbieter von K\u00fcchen-, Bad- und B\u00fcroplanungssoftware, veranstalten einen globalen Inspirationswettbewerb f\u00fcr alle unsere Designer-Kunden.","twitter_image":"https:\/\/www.2020spaces.com\/wp-content\/uploads\/2022\/04\/Social_1200x630_GlobalContest2022_General_EN.jpg","twitter_site":"@2020spaces","twitter_misc":{"Gesch\u00e4tzte Lesezeit":"3 Minuten"},"schema":{"@context":"https:\/\/schema.org","@graph":[{"@type":"WebPage","@id":"https:\/\/www.2020spaces.com\/de\/2020-global-inspiration-contest\/","url":"https:\/\/www.2020spaces.com\/de\/2020-global-inspiration-contest\/","name":"2020 Global Inspiration Contest f\u00fcr Innen- und B\u00fcrodesigner","isPartOf":{"@id":"https:\/\/www.2020spaces.com\/#website"},"primaryImageOfPage":{"@id":"https:\/\/www.2020spaces.com\/de\/2020-global-inspiration-contest\/#primaryimage"},"image":{"@id":"https:\/\/www.2020spaces.com\/de\/2020-global-inspiration-contest\/#primaryimage"},"thumbnailUrl":"https:\/\/www.2020spaces.com\/wp-content\/uploads\/2022\/04\/Featured_400x323_GlobalContest2022_General_EN.jpg","datePublished":"2021-04-15T12:15:11+00:00","dateModified":"2023-05-15T09:59:36+00:00","description":"2020 und Compusoft, der f\u00fchrende Anbieter von K\u00fcchen-, Bad- und B\u00fcroplanungssoftware, veranstalten einen globalen","breadcrumb":{"@id":"https:\/\/www.2020spaces.com\/de\/2020-global-inspiration-contest\/#breadcrumb"},"inLanguage":"de-DE","potentialAction":[{"@type":"ReadAction","target":["https:\/\/www.2020spaces.com\/de\/2020-global-inspiration-contest\/"]}]},{"@type":"ImageObject","inLanguage":"de-DE","@id":"https:\/\/www.2020spaces.com\/de\/2020-global-inspiration-contest\/#primaryimage","url":"https:\/\/www.2020spaces.com\/wp-content\/uploads\/2022\/04\/Featured_400x323_GlobalContest2022_General_EN.jpg","contentUrl":"https:\/\/www.2020spaces.com\/wp-content\/uploads\/2022\/04\/Featured_400x323_GlobalContest2022_General_EN.jpg","width":400,"height":323,"caption":"Inspiration Global Contest"},{"@type":"BreadcrumbList","@id":"https:\/\/www.2020spaces.com\/de\/2020-global-inspiration-contest\/#breadcrumb","itemListElement":[{"@type":"ListItem","position":1,"name":"Home","item":"https:\/\/www.2020spaces.com\/de\/"},{"@type":"ListItem","position":2,"name":"2020 Global Inspiration Contest"}]},{"@type":"WebSite","@id":"https:\/\/www.2020spaces.com\/#website","url":"https:\/\/www.2020spaces.com\/","name":"2020","description":"Making Spaces for Life\u2122","potentialAction":[{"@type":"SearchAction","target":{"@type":"EntryPoint","urlTemplate":"https:\/\/www.2020spaces.com\/?s={search_term_string}"},"query-input":{"@type":"PropertyValueSpecification","valueRequired":true,"valueName":"search_term_string"}}],"inLanguage":"de-DE"}]}},"_links":{"self":[{"href":"https:\/\/www.2020spaces.com\/de\/wp-json\/wp\/v2\/pages\/363460","targetHints":{"allow":["GET"]}}],"collection":[{"href":"https:\/\/www.2020spaces.com\/de\/wp-json\/wp\/v2\/pages"}],"about":[{"href":"https:\/\/www.2020spaces.com\/de\/wp-json\/wp\/v2\/types\/page"}],"author":[{"embeddable":true,"href":"https:\/\/www.2020spaces.com\/de\/wp-json\/wp\/v2\/users\/26709"}],"replies":[{"embeddable":true,"href":"https:\/\/www.2020spaces.com\/de\/wp-json\/wp\/v2\/comments?post=363460"}],"version-history":[{"count":0,"href":"https:\/\/www.2020spaces.com\/de\/wp-json\/wp\/v2\/pages\/363460\/revisions"}],"wp:featuredmedia":[{"embeddable":true,"href":"https:\/\/www.2020spaces.com\/de\/wp-json\/wp\/v2\/media\/363113"}],"wp:attachment":[{"href":"https:\/\/www.2020spaces.com\/de\/wp-json\/wp\/v2\/media?parent=363460"}],"wp:term":[{"taxonomy":"category","embeddable":true,"href":"https:\/\/www.2020spaces.com\/de\/wp-json\/wp\/v2\/categories?post=363460"}],"curies":[{"name":"wp","href":"https:\/\/api.w.org\/{rel}","templated":true}]}}