{"id":419224,"date":"2023-02-03T13:30:51","date_gmt":"2023-02-03T18:30:51","guid":{"rendered":"https:\/\/www.2020spaces.com\/?page_id=419224"},"modified":"2024-01-08T21:11:29","modified_gmt":"2024-01-09T02:11:29","slug":"euroshop-2023-2","status":"publish","type":"page","link":"https:\/\/www.2020spaces.com\/de\/euroshop-2023-2\/","title":{"rendered":"Euroshop 2023"},"content":{"rendered":"<div id=\"cs-content\" class=\"cs-content\"><\/div>\n","protected":false},"excerpt":{"rendered":"<p>Ladenbau. Make it amazing. Besuchen Sie uns auf der EuroShop 2023 und erfahren Sie, wie Ladenbauer durch den Einsatz durchg\u00e4ngiger, branchenspezifischer L\u00f6sungen profitabler arbeiten. Entweder pers\u00f6nlich auf dem dLv Gemeinschaftsstand oder online. Besuchen Sie uns: Stand 44-11 in Halle 11 D\u00fcsseldorf | 26.02.2023-02.03.2023 Durchg\u00e4ngige branchenspezifische ERP L\u00f6sungen f\u00fcr einen profitablen &#8230; <\/p>\n<div><a href=\"https:\/\/www.2020spaces.com\/de\/euroshop-2023-2\/\" class=\"more-link\">Read More<\/a><\/div>\n","protected":false},"author":26709,"featured_media":419858,"parent":0,"menu_order":0,"comment_status":"closed","ping_status":"closed","template":"template-blank-4.php","meta":{"_bbp_topic_count":0,"_bbp_reply_count":0,"_bbp_total_topic_count":0,"_bbp_total_reply_count":0,"_bbp_voice_count":0,"_bbp_anonymous_reply_count":0,"_bbp_topic_count_hidden":0,"_bbp_reply_count_hidden":0,"_bbp_forum_subforum_count":0,"footnotes":""},"categories":[],"class_list":["post-419224","page","type-page","status-publish","has-post-thumbnail","hentry"],"pp_force_visibility":null,"pp_subpost_visibility":null,"pp_inherited_force_visibility":null,"pp_inherited_subpost_visibility":null,"yoast_head":"<!-- This site is optimized with the Yoast SEO Premium plugin v27.4 (Yoast SEO v27.4) - https:\/\/yoast.com\/product\/yoast-seo-premium-wordpress\/ -->\n<title>Euroshop 2023 - Besuchen Sie uns auf der EuroShop 2023<\/title>\n<meta name=\"description\" content=\"Mit neuem Cyncly-Branding freut sich die 2020 Technologies GmbH darauf, Sie auf der Euroshop in D\u00fcsseldorf zu treffen.\" \/>\n<meta name=\"robots\" content=\"index, follow, max-snippet:-1, max-image-preview:large, max-video-preview:-1\" \/>\n<link rel=\"canonical\" href=\"https:\/\/www.2020spaces.com\/de\/euroshop-2023-2\/\" \/>\n<meta property=\"og:locale\" content=\"de_DE\" \/>\n<meta property=\"og:type\" content=\"article\" \/>\n<meta property=\"og:title\" content=\"Euroshop 2023\" \/>\n<meta property=\"og:description\" content=\"Mit neuem Cyncly-Branding freut sich die 2020 Technologies GmbH darauf, Sie auf der Euroshop in D\u00fcsseldorf zu treffen.\" \/>\n<meta property=\"og:url\" content=\"https:\/\/www.2020spaces.com\/de\/euroshop-2023-2\/\" \/>\n<meta property=\"og:site_name\" content=\"2020\" \/>\n<meta property=\"article:publisher\" content=\"https:\/\/www.facebook.com\/2020spaces\" \/>\n<meta property=\"article:modified_time\" content=\"2024-01-09T02:11:29+00:00\" \/>\n<meta property=\"og:image\" content=\"https:\/\/www.2020spaces.com\/wp-content\/uploads\/2023\/01\/Cyncly-Poster_German_Option-B_19.png\" \/>\n\t<meta property=\"og:image:width\" content=\"1200\" \/>\n\t<meta property=\"og:image:height\" content=\"710\" \/>\n\t<meta property=\"og:image:type\" content=\"image\/png\" \/>\n<meta name=\"twitter:card\" content=\"summary_large_image\" \/>\n<meta name=\"twitter:image\" content=\"https:\/\/www.2020spaces.com\/wp-content\/uploads\/2023\/01\/Cyncly-Poster_German_Option-B_19.png\" \/>\n<meta name=\"twitter:site\" content=\"@2020spaces\" \/>\n<meta name=\"twitter:label1\" content=\"Gesch\u00e4tzte Lesezeit\" \/>\n\t<meta name=\"twitter:data1\" content=\"3 Minuten\" \/>\n<script type=\"application\/ld+json\" class=\"yoast-schema-graph\">{\"@context\":\"https:\\\/\\\/schema.org\",\"@graph\":[{\"@type\":\"WebPage\",\"@id\":\"https:\\\/\\\/www.2020spaces.com\\\/de\\\/euroshop-2023-2\\\/\",\"url\":\"https:\\\/\\\/www.2020spaces.com\\\/de\\\/euroshop-2023-2\\\/\",\"name\":\"Euroshop 2023 - Besuchen Sie uns auf der EuroShop 2023\",\"isPartOf\":{\"@id\":\"https:\\\/\\\/www.2020spaces.com\\\/#website\"},\"primaryImageOfPage\":{\"@id\":\"https:\\\/\\\/www.2020spaces.com\\\/de\\\/euroshop-2023-2\\\/#primaryimage\"},\"image\":{\"@id\":\"https:\\\/\\\/www.2020spaces.com\\\/de\\\/euroshop-2023-2\\\/#primaryimage\"},\"thumbnailUrl\":\"https:\\\/\\\/www.2020spaces.com\\\/wp-content\\\/uploads\\\/2023\\\/02\\\/Featured_400x323_Euroshop.jpg\",\"datePublished\":\"2023-02-03T18:30:51+00:00\",\"dateModified\":\"2024-01-09T02:11:29+00:00\",\"description\":\"Mit neuem Cyncly-Branding freut sich die 2020 Technologies GmbH darauf, Sie auf der Euroshop in D\u00fcsseldorf zu treffen.\",\"breadcrumb\":{\"@id\":\"https:\\\/\\\/www.2020spaces.com\\\/de\\\/euroshop-2023-2\\\/#breadcrumb\"},\"inLanguage\":\"de-DE\",\"potentialAction\":[{\"@type\":\"ReadAction\",\"target\":[\"https:\\\/\\\/www.2020spaces.com\\\/de\\\/euroshop-2023-2\\\/\"]}]},{\"@type\":\"ImageObject\",\"inLanguage\":\"de-DE\",\"@id\":\"https:\\\/\\\/www.2020spaces.com\\\/de\\\/euroshop-2023-2\\\/#primaryimage\",\"url\":\"https:\\\/\\\/www.2020spaces.com\\\/wp-content\\\/uploads\\\/2023\\\/02\\\/Featured_400x323_Euroshop.jpg\",\"contentUrl\":\"https:\\\/\\\/www.2020spaces.com\\\/wp-content\\\/uploads\\\/2023\\\/02\\\/Featured_400x323_Euroshop.jpg\",\"width\":400,\"height\":323,\"caption\":\"EuroShop 2023\"},{\"@type\":\"BreadcrumbList\",\"@id\":\"https:\\\/\\\/www.2020spaces.com\\\/de\\\/euroshop-2023-2\\\/#breadcrumb\",\"itemListElement\":[{\"@type\":\"ListItem\",\"position\":1,\"name\":\"Home\",\"item\":\"https:\\\/\\\/www.2020spaces.com\\\/de\\\/\"},{\"@type\":\"ListItem\",\"position\":2,\"name\":\"Euroshop 2023\"}]},{\"@type\":\"WebSite\",\"@id\":\"https:\\\/\\\/www.2020spaces.com\\\/#website\",\"url\":\"https:\\\/\\\/www.2020spaces.com\\\/\",\"name\":\"2020\",\"description\":\"Making Spaces for Life\u2122\",\"potentialAction\":[{\"@type\":\"SearchAction\",\"target\":{\"@type\":\"EntryPoint\",\"urlTemplate\":\"https:\\\/\\\/www.2020spaces.com\\\/?s={search_term_string}\"},\"query-input\":{\"@type\":\"PropertyValueSpecification\",\"valueRequired\":true,\"valueName\":\"search_term_string\"}}],\"inLanguage\":\"de-DE\"}]}<\/script>\n<!-- \/ Yoast SEO Premium plugin. -->","yoast_head_json":{"title":"Euroshop 2023 - Besuchen Sie uns auf der EuroShop 2023","description":"Mit neuem Cyncly-Branding freut sich die 2020 Technologies GmbH darauf, Sie auf der Euroshop in D\u00fcsseldorf zu treffen.","robots":{"index":"index","follow":"follow","max-snippet":"max-snippet:-1","max-image-preview":"max-image-preview:large","max-video-preview":"max-video-preview:-1"},"canonical":"https:\/\/www.2020spaces.com\/de\/euroshop-2023-2\/","og_locale":"de_DE","og_type":"article","og_title":"Euroshop 2023","og_description":"Mit neuem Cyncly-Branding freut sich die 2020 Technologies GmbH darauf, Sie auf der Euroshop in D\u00fcsseldorf zu treffen.","og_url":"https:\/\/www.2020spaces.com\/de\/euroshop-2023-2\/","og_site_name":"2020","article_publisher":"https:\/\/www.facebook.com\/2020spaces","article_modified_time":"2024-01-09T02:11:29+00:00","og_image":[{"width":1200,"height":710,"url":"https:\/\/www.2020spaces.com\/wp-content\/uploads\/2023\/01\/Cyncly-Poster_German_Option-B_19.png","type":"image\/png"}],"twitter_card":"summary_large_image","twitter_image":"https:\/\/www.2020spaces.com\/wp-content\/uploads\/2023\/01\/Cyncly-Poster_German_Option-B_19.png","twitter_site":"@2020spaces","twitter_misc":{"Gesch\u00e4tzte Lesezeit":"3 Minuten"},"schema":{"@context":"https:\/\/schema.org","@graph":[{"@type":"WebPage","@id":"https:\/\/www.2020spaces.com\/de\/euroshop-2023-2\/","url":"https:\/\/www.2020spaces.com\/de\/euroshop-2023-2\/","name":"Euroshop 2023 - Besuchen Sie uns auf der EuroShop 2023","isPartOf":{"@id":"https:\/\/www.2020spaces.com\/#website"},"primaryImageOfPage":{"@id":"https:\/\/www.2020spaces.com\/de\/euroshop-2023-2\/#primaryimage"},"image":{"@id":"https:\/\/www.2020spaces.com\/de\/euroshop-2023-2\/#primaryimage"},"thumbnailUrl":"https:\/\/www.2020spaces.com\/wp-content\/uploads\/2023\/02\/Featured_400x323_Euroshop.jpg","datePublished":"2023-02-03T18:30:51+00:00","dateModified":"2024-01-09T02:11:29+00:00","description":"Mit neuem Cyncly-Branding freut sich die 2020 Technologies GmbH darauf, Sie auf der Euroshop in D\u00fcsseldorf zu treffen.","breadcrumb":{"@id":"https:\/\/www.2020spaces.com\/de\/euroshop-2023-2\/#breadcrumb"},"inLanguage":"de-DE","potentialAction":[{"@type":"ReadAction","target":["https:\/\/www.2020spaces.com\/de\/euroshop-2023-2\/"]}]},{"@type":"ImageObject","inLanguage":"de-DE","@id":"https:\/\/www.2020spaces.com\/de\/euroshop-2023-2\/#primaryimage","url":"https:\/\/www.2020spaces.com\/wp-content\/uploads\/2023\/02\/Featured_400x323_Euroshop.jpg","contentUrl":"https:\/\/www.2020spaces.com\/wp-content\/uploads\/2023\/02\/Featured_400x323_Euroshop.jpg","width":400,"height":323,"caption":"EuroShop 2023"},{"@type":"BreadcrumbList","@id":"https:\/\/www.2020spaces.com\/de\/euroshop-2023-2\/#breadcrumb","itemListElement":[{"@type":"ListItem","position":1,"name":"Home","item":"https:\/\/www.2020spaces.com\/de\/"},{"@type":"ListItem","position":2,"name":"Euroshop 2023"}]},{"@type":"WebSite","@id":"https:\/\/www.2020spaces.com\/#website","url":"https:\/\/www.2020spaces.com\/","name":"2020","description":"Making Spaces for Life\u2122","potentialAction":[{"@type":"SearchAction","target":{"@type":"EntryPoint","urlTemplate":"https:\/\/www.2020spaces.com\/?s={search_term_string}"},"query-input":{"@type":"PropertyValueSpecification","valueRequired":true,"valueName":"search_term_string"}}],"inLanguage":"de-DE"}]}},"_links":{"self":[{"href":"https:\/\/www.2020spaces.com\/de\/wp-json\/wp\/v2\/pages\/419224","targetHints":{"allow":["GET"]}}],"collection":[{"href":"https:\/\/www.2020spaces.com\/de\/wp-json\/wp\/v2\/pages"}],"about":[{"href":"https:\/\/www.2020spaces.com\/de\/wp-json\/wp\/v2\/types\/page"}],"author":[{"embeddable":true,"href":"https:\/\/www.2020spaces.com\/de\/wp-json\/wp\/v2\/users\/26709"}],"replies":[{"embeddable":true,"href":"https:\/\/www.2020spaces.com\/de\/wp-json\/wp\/v2\/comments?post=419224"}],"version-history":[{"count":0,"href":"https:\/\/www.2020spaces.com\/de\/wp-json\/wp\/v2\/pages\/419224\/revisions"}],"wp:featuredmedia":[{"embeddable":true,"href":"https:\/\/www.2020spaces.com\/de\/wp-json\/wp\/v2\/media\/419858"}],"wp:attachment":[{"href":"https:\/\/www.2020spaces.com\/de\/wp-json\/wp\/v2\/media?parent=419224"}],"wp:term":[{"taxonomy":"category","embeddable":true,"href":"https:\/\/www.2020spaces.com\/de\/wp-json\/wp\/v2\/categories?post=419224"}],"curies":[{"name":"wp","href":"https:\/\/api.w.org\/{rel}","templated":true}]}}