{"id":426295,"date":"2014-06-11T20:55:03","date_gmt":"2014-06-12T00:55:03","guid":{"rendered":"https:\/\/www.2020spaces.com\/2020-produkte\/panorama\/"},"modified":"2025-05-18T13:01:55","modified_gmt":"2025-05-18T17:01:55","slug":"panorama","status":"publish","type":"page","link":"https:\/\/www.2020spaces.com\/de\/2020-produkte\/panorama\/","title":{"rendered":"2020 Design Panorama"},"content":{"rendered":"<div id=\"cs-content\" class=\"cs-content\"><\/div>\n","protected":false},"excerpt":{"rendered":"<p>2020 Design Live 360\u00b0 PanoramenBieten Sie Ihren Kunden ein beeindruckendes 3D-Erlebnis, bei dem sie das Gef\u00fchl haben, sich direkt im neuen Design zu befinden &#8211; und das, w\u00e4hrend sie zu Hause sitzen. Schicken Sie Ihren Kunden einfach einen Link zur Panoramaansicht per E-Mail, und sie k\u00f6nnen ihn in Webbrowsern oder &#8230; <\/p>\n<div><a href=\"https:\/\/www.2020spaces.com\/de\/2020-produkte\/panorama\/\" class=\"more-link\">Read More<\/a><\/div>\n","protected":false},"author":1,"featured_media":0,"parent":10239,"menu_order":0,"comment_status":"open","ping_status":"closed","template":"template-blank-4.php","meta":{"_bbp_topic_count":0,"_bbp_reply_count":0,"_bbp_total_topic_count":0,"_bbp_total_reply_count":0,"_bbp_voice_count":0,"_bbp_anonymous_reply_count":0,"_bbp_topic_count_hidden":0,"_bbp_reply_count_hidden":0,"_bbp_forum_subforum_count":0,"footnotes":""},"categories":[],"class_list":["post-426295","page","type-page","status-publish","hentry","no-post-thumbnail"],"pp_force_visibility":null,"pp_subpost_visibility":null,"pp_inherited_force_visibility":null,"pp_inherited_subpost_visibility":null,"yoast_head":"<!-- This site is optimized with the Yoast SEO Premium plugin v27.4 (Yoast SEO v27.4) - https:\/\/yoast.com\/product\/yoast-seo-premium-wordpress\/ -->\n<title>Design Flex: K\u00fcchen- und Baddesign 360\u00b0 Panorama<\/title>\n<meta name=\"description\" content=\"Entdecken Sie das 360\u00b0-Panorama der K\u00fcche und des Badezimmers von Design Flex, das ein beeindruckendes 3D-Erlebnis bietet\" \/>\n<meta name=\"robots\" content=\"index, follow, max-snippet:-1, max-image-preview:large, max-video-preview:-1\" \/>\n<link rel=\"canonical\" href=\"https:\/\/www.2020spaces.com\/de\/2020-produkte\/panorama\/\" \/>\n<meta property=\"og:locale\" content=\"de_DE\" \/>\n<meta property=\"og:type\" content=\"article\" \/>\n<meta property=\"og:title\" content=\"Design Flex: K\u00fcchen- und Baddesign 360\u00b0 Panorama\" \/>\n<meta property=\"og:description\" content=\"Entdecken Sie das 360\u00b0-Panorama der K\u00fcche und des Badezimmers von Design Flex, das ein beeindruckendes 3D-Erlebnis bietet\" \/>\n<meta property=\"og:url\" content=\"https:\/\/www.2020spaces.com\/de\/2020-produkte\/panorama\/\" \/>\n<meta property=\"og:site_name\" content=\"2020\" \/>\n<meta property=\"article:publisher\" content=\"https:\/\/www.facebook.com\/2020spaces\" \/>\n<meta property=\"article:modified_time\" content=\"2025-05-18T17:01:55+00:00\" \/>\n<meta property=\"og:image\" content=\"https:\/\/www.2020spaces.com\/wp-content\/uploads\/2016\/06\/Thumbnail_PanoGallery.jpg\" \/>\n\t<meta property=\"og:image:width\" content=\"800\" \/>\n\t<meta property=\"og:image:height\" content=\"500\" \/>\n\t<meta property=\"og:image:type\" content=\"image\/jpeg\" \/>\n<meta name=\"twitter:card\" content=\"summary_large_image\" \/>\n<meta name=\"twitter:title\" content=\"2020 Design Live: K\u00fcchen- und Baddesign 360\u00b0 Panorama\" \/>\n<meta name=\"twitter:site\" content=\"@2020spaces\" \/>\n<meta name=\"twitter:label1\" content=\"Gesch\u00e4tzte Lesezeit\" \/>\n\t<meta name=\"twitter:data1\" content=\"2 Minuten\" \/>\n<script type=\"application\/ld+json\" class=\"yoast-schema-graph\">{\"@context\":\"https:\\\/\\\/schema.org\",\"@graph\":[{\"@type\":\"WebPage\",\"@id\":\"https:\\\/\\\/www.2020spaces.com\\\/de\\\/2020-produkte\\\/panorama\\\/\",\"url\":\"https:\\\/\\\/www.2020spaces.com\\\/de\\\/2020-produkte\\\/panorama\\\/\",\"name\":\"Design Flex: K\u00fcchen- und Baddesign 360\u00b0 Panorama\",\"isPartOf\":{\"@id\":\"https:\\\/\\\/www.2020spaces.com\\\/#website\"},\"datePublished\":\"2014-06-12T00:55:03+00:00\",\"dateModified\":\"2025-05-18T17:01:55+00:00\",\"description\":\"Entdecken Sie das 360\u00b0-Panorama der K\u00fcche und des Badezimmers von Design Flex, das ein beeindruckendes 3D-Erlebnis bietet\",\"breadcrumb\":{\"@id\":\"https:\\\/\\\/www.2020spaces.com\\\/de\\\/2020-produkte\\\/panorama\\\/#breadcrumb\"},\"inLanguage\":\"de-DE\",\"potentialAction\":[{\"@type\":\"ReadAction\",\"target\":[\"https:\\\/\\\/www.2020spaces.com\\\/de\\\/2020-produkte\\\/panorama\\\/\"]}]},{\"@type\":\"BreadcrumbList\",\"@id\":\"https:\\\/\\\/www.2020spaces.com\\\/de\\\/2020-produkte\\\/panorama\\\/#breadcrumb\",\"itemListElement\":[{\"@type\":\"ListItem\",\"position\":1,\"name\":\"Home\",\"item\":\"https:\\\/\\\/www.2020spaces.com\\\/de\\\/\"},{\"@type\":\"ListItem\",\"position\":2,\"name\":\"2020 Produkte\",\"item\":\"https:\\\/\\\/www.2020spaces.com\\\/de\\\/2020-produkte\\\/\"},{\"@type\":\"ListItem\",\"position\":3,\"name\":\"2020 Design Panorama\"}]},{\"@type\":\"WebSite\",\"@id\":\"https:\\\/\\\/www.2020spaces.com\\\/#website\",\"url\":\"https:\\\/\\\/www.2020spaces.com\\\/\",\"name\":\"2020\",\"description\":\"Making Spaces for Life\u2122\",\"potentialAction\":[{\"@type\":\"SearchAction\",\"target\":{\"@type\":\"EntryPoint\",\"urlTemplate\":\"https:\\\/\\\/www.2020spaces.com\\\/?s={search_term_string}\"},\"query-input\":{\"@type\":\"PropertyValueSpecification\",\"valueRequired\":true,\"valueName\":\"search_term_string\"}}],\"inLanguage\":\"de-DE\"}]}<\/script>\n<!-- \/ Yoast SEO Premium plugin. -->","yoast_head_json":{"title":"Design Flex: K\u00fcchen- und Baddesign 360\u00b0 Panorama","description":"Entdecken Sie das 360\u00b0-Panorama der K\u00fcche und des Badezimmers von Design Flex, das ein beeindruckendes 3D-Erlebnis bietet","robots":{"index":"index","follow":"follow","max-snippet":"max-snippet:-1","max-image-preview":"max-image-preview:large","max-video-preview":"max-video-preview:-1"},"canonical":"https:\/\/www.2020spaces.com\/de\/2020-produkte\/panorama\/","og_locale":"de_DE","og_type":"article","og_title":"Design Flex: K\u00fcchen- und Baddesign 360\u00b0 Panorama","og_description":"Entdecken Sie das 360\u00b0-Panorama der K\u00fcche und des Badezimmers von Design Flex, das ein beeindruckendes 3D-Erlebnis bietet","og_url":"https:\/\/www.2020spaces.com\/de\/2020-produkte\/panorama\/","og_site_name":"2020","article_publisher":"https:\/\/www.facebook.com\/2020spaces","article_modified_time":"2025-05-18T17:01:55+00:00","og_image":[{"width":800,"height":500,"url":"https:\/\/www.2020spaces.com\/wp-content\/uploads\/2016\/06\/Thumbnail_PanoGallery.jpg","type":"image\/jpeg"}],"twitter_card":"summary_large_image","twitter_title":"2020 Design Live: K\u00fcchen- und Baddesign 360\u00b0 Panorama","twitter_site":"@2020spaces","twitter_misc":{"Gesch\u00e4tzte Lesezeit":"2 Minuten"},"schema":{"@context":"https:\/\/schema.org","@graph":[{"@type":"WebPage","@id":"https:\/\/www.2020spaces.com\/de\/2020-produkte\/panorama\/","url":"https:\/\/www.2020spaces.com\/de\/2020-produkte\/panorama\/","name":"Design Flex: K\u00fcchen- und Baddesign 360\u00b0 Panorama","isPartOf":{"@id":"https:\/\/www.2020spaces.com\/#website"},"datePublished":"2014-06-12T00:55:03+00:00","dateModified":"2025-05-18T17:01:55+00:00","description":"Entdecken Sie das 360\u00b0-Panorama der K\u00fcche und des Badezimmers von Design Flex, das ein beeindruckendes 3D-Erlebnis bietet","breadcrumb":{"@id":"https:\/\/www.2020spaces.com\/de\/2020-produkte\/panorama\/#breadcrumb"},"inLanguage":"de-DE","potentialAction":[{"@type":"ReadAction","target":["https:\/\/www.2020spaces.com\/de\/2020-produkte\/panorama\/"]}]},{"@type":"BreadcrumbList","@id":"https:\/\/www.2020spaces.com\/de\/2020-produkte\/panorama\/#breadcrumb","itemListElement":[{"@type":"ListItem","position":1,"name":"Home","item":"https:\/\/www.2020spaces.com\/de\/"},{"@type":"ListItem","position":2,"name":"2020 Produkte","item":"https:\/\/www.2020spaces.com\/de\/2020-produkte\/"},{"@type":"ListItem","position":3,"name":"2020 Design Panorama"}]},{"@type":"WebSite","@id":"https:\/\/www.2020spaces.com\/#website","url":"https:\/\/www.2020spaces.com\/","name":"2020","description":"Making Spaces for Life\u2122","potentialAction":[{"@type":"SearchAction","target":{"@type":"EntryPoint","urlTemplate":"https:\/\/www.2020spaces.com\/?s={search_term_string}"},"query-input":{"@type":"PropertyValueSpecification","valueRequired":true,"valueName":"search_term_string"}}],"inLanguage":"de-DE"}]}},"_links":{"self":[{"href":"https:\/\/www.2020spaces.com\/de\/wp-json\/wp\/v2\/pages\/426295","targetHints":{"allow":["GET"]}}],"collection":[{"href":"https:\/\/www.2020spaces.com\/de\/wp-json\/wp\/v2\/pages"}],"about":[{"href":"https:\/\/www.2020spaces.com\/de\/wp-json\/wp\/v2\/types\/page"}],"author":[{"embeddable":true,"href":"https:\/\/www.2020spaces.com\/de\/wp-json\/wp\/v2\/users\/1"}],"replies":[{"embeddable":true,"href":"https:\/\/www.2020spaces.com\/de\/wp-json\/wp\/v2\/comments?post=426295"}],"version-history":[{"count":0,"href":"https:\/\/www.2020spaces.com\/de\/wp-json\/wp\/v2\/pages\/426295\/revisions"}],"up":[{"embeddable":true,"href":"https:\/\/www.2020spaces.com\/de\/wp-json\/wp\/v2\/pages\/10239"}],"wp:attachment":[{"href":"https:\/\/www.2020spaces.com\/de\/wp-json\/wp\/v2\/media?parent=426295"}],"wp:term":[{"taxonomy":"category","embeddable":true,"href":"https:\/\/www.2020spaces.com\/de\/wp-json\/wp\/v2\/categories?post=426295"}],"curies":[{"name":"wp","href":"https:\/\/api.w.org\/{rel}","templated":true}]}}