{"id":10764,"date":"2014-06-10T10:23:39","date_gmt":"2014-06-10T14:23:39","guid":{"rendered":"https:\/\/www.2020spaces.com\/vector-capital-3\/"},"modified":"2023-06-16T03:06:48","modified_gmt":"2023-06-16T07:06:48","slug":"vector-capital-3","status":"publish","type":"page","link":"https:\/\/www.2020spaces.com\/es\/nosotros\/vector-capital-3\/","title":{"rendered":"Vector Capital"},"content":{"rendered":"<div class=\"wpb-content-wrapper\">[vc_row inner_container=\u00bbtrue\u00bb padding_top=\u00bb0px\u00bb padding_bottom=\u00bb0px\u00bb border=\u00bbnone\u00bb][vc_column width=\u00bb1\/1&#8243;]<h1  class=\"h-custom-headline h1\" ><span>Vector Capital<\/span><\/h1>[vc_row_inner no_margin=\u00bbtrue\u00bb padding_top=\u00bb20px\u00bb padding_bottom=\u00bb0px\u00bb border=\u00bbnone\u00bb][vc_column_inner width=\u00bb1\/1&#8243;][wp_float type=\u00bbfixed\u00bb location=\u00bbtop\u00bb align=\u00bbright\u00bb center=\u00bbfalse\u00bb offsetlocation=\u00bb360&#8243; offsetalign=\u00bb0&#8243;]<a title=\"\u00bfEn qu\u00e9 podemos ayudarle?\" href=\"https:\/\/www.2020spaces.com\/es\/contacto\/\"><i class=\"x-icon x-icon-envelope\" style=\"font-size: 40px;\">\u00a0<\/i><\/a>[\/wp_float]<p>2020 fue adquirida por Vector Capital en septiembre de 2012. \u00a0Con m\u00e1s de 2 mil millones de d\u00f3lares de capital, Vector Capital es una empresa de inversiones privada internacional l\u00edder que se especializa en inversiones transformacionales en empresas tecnol\u00f3gicas establecidas. Vector identifica y se interesa en estas inversiones complejas tanto en el mercado privado como p\u00fablico. Vector se asocia de manera activa con equipos de gesti\u00f3n para idear y poner en pr\u00e1ctica nuevas estrategias financieras y comerciales que mejoren considerablemente la posici\u00f3n competitiva de estas empresas e incrementen su valor para sus empleados, clientes y accionistas. Entre las dem\u00e1s inversiones notables de Vector se encuentran Cambium Networks, Certara,\u00a0Corel, LANDesk Software, Niku, Gerber Scientific, RAE\u00a0Systems, Register.com, SafeNet, Technicolor, Teletrac, Tidel, WatchGuard Technologies y WinZip. Para obtener m\u00e1s informaci\u00f3n, visite <a title=\"Visite Vector Capital\" href=\"https:\/\/www.vectorcapital.com\" target=\"_blank\" rel=\"noopener\">www.vectorcapital.com<\/a>.<\/p>\n<hr  class=\"x-hr\" >[\/vc_column_inner][\/vc_row_inner][\/vc_column][\/vc_row]\n<\/div>","protected":false},"excerpt":{"rendered":"<p>[vc_row inner_container=\u00bbtrue\u00bb padding_top=\u00bb0px\u00bb padding_bottom=\u00bb0px\u00bb border=\u00bbnone\u00bb][vc_column width=\u00bb1\/1&#8243;][vc_row_inner no_margin=\u00bbtrue\u00bb padding_top=\u00bb20px\u00bb padding_bottom=\u00bb0px\u00bb border=\u00bbnone\u00bb][vc_column_inner width=\u00bb1\/1&#8243;][wp_float type=\u00bbfixed\u00bb location=\u00bbtop\u00bb align=\u00bbright\u00bb center=\u00bbfalse\u00bb offsetlocation=\u00bb360&#8243; offsetalign=\u00bb0&#8243;]\u00a0[\/wp_float][\/vc_column_inner][\/vc_row_inner][\/vc_column][\/vc_row]<\/p>\n","protected":false},"author":1,"featured_media":0,"parent":10984,"menu_order":0,"comment_status":"open","ping_status":"closed","template":"template-blank-1.php","meta":{"_bbp_topic_count":0,"_bbp_reply_count":0,"_bbp_total_topic_count":0,"_bbp_total_reply_count":0,"_bbp_voice_count":0,"_bbp_anonymous_reply_count":0,"_bbp_topic_count_hidden":0,"_bbp_reply_count_hidden":0,"_bbp_forum_subforum_count":0,"footnotes":""},"categories":[],"class_list":["post-10764","page","type-page","status-publish","hentry","no-post-thumbnail"],"pp_force_visibility":null,"pp_subpost_visibility":null,"pp_inherited_force_visibility":null,"pp_inherited_subpost_visibility":null,"yoast_head":"<!-- This site is optimized with the Yoast SEO Premium plugin v27.4 (Yoast SEO v27.4) - https:\/\/yoast.com\/product\/yoast-seo-premium-wordpress\/ -->\n<title>Vector Capital es una empresa de inversiones privada internacional<\/title>\n<meta name=\"description\" content=\"2020 fue adquirida por Vector Capital en septiembre de 2012. Con m\u00e1s de 2 mil millones de d\u00f3lares de capital.\" \/>\n<meta name=\"robots\" content=\"index, follow, max-snippet:-1, max-image-preview:large, max-video-preview:-1\" \/>\n<link rel=\"canonical\" href=\"https:\/\/www.2020spaces.com\/es\/nosotros\/vector-capital-3\/\" \/>\n<meta property=\"og:locale\" content=\"es_ES\" \/>\n<meta property=\"og:type\" content=\"article\" \/>\n<meta property=\"og:title\" content=\"Vector Capital\" \/>\n<meta property=\"og:description\" content=\"2020 fue adquirida por Vector Capital en septiembre de 2012. Con m\u00e1s de 2 mil millones de d\u00f3lares de capital.\" \/>\n<meta property=\"og:url\" content=\"https:\/\/www.2020spaces.com\/es\/nosotros\/vector-capital-3\/\" \/>\n<meta property=\"og:site_name\" content=\"2020\" \/>\n<meta property=\"article:publisher\" content=\"https:\/\/www.facebook.com\/2020spaces\" \/>\n<meta property=\"article:modified_time\" content=\"2023-06-16T07:06:48+00:00\" \/>\n<meta name=\"twitter:card\" content=\"summary_large_image\" \/>\n<meta name=\"twitter:site\" content=\"@2020spaces\" \/>\n<meta name=\"twitter:label1\" content=\"Tiempo de lectura\" \/>\n\t<meta name=\"twitter:data1\" content=\"1 minuto\" \/>\n<script type=\"application\/ld+json\" class=\"yoast-schema-graph\">{\"@context\":\"https:\\\/\\\/schema.org\",\"@graph\":[{\"@type\":\"WebPage\",\"@id\":\"https:\\\/\\\/www.2020spaces.com\\\/es\\\/nosotros\\\/vector-capital-3\\\/\",\"url\":\"https:\\\/\\\/www.2020spaces.com\\\/es\\\/nosotros\\\/vector-capital-3\\\/\",\"name\":\"Vector Capital es una empresa de inversiones privada internacional\",\"isPartOf\":{\"@id\":\"https:\\\/\\\/www.2020spaces.com\\\/#website\"},\"datePublished\":\"2014-06-10T14:23:39+00:00\",\"dateModified\":\"2023-06-16T07:06:48+00:00\",\"description\":\"2020 fue adquirida por Vector Capital en septiembre de 2012. Con m\u00e1s de 2 mil millones de d\u00f3lares de capital.\",\"breadcrumb\":{\"@id\":\"https:\\\/\\\/www.2020spaces.com\\\/es\\\/nosotros\\\/vector-capital-3\\\/#breadcrumb\"},\"inLanguage\":\"es\",\"potentialAction\":[{\"@type\":\"ReadAction\",\"target\":[\"https:\\\/\\\/www.2020spaces.com\\\/es\\\/nosotros\\\/vector-capital-3\\\/\"]}]},{\"@type\":\"BreadcrumbList\",\"@id\":\"https:\\\/\\\/www.2020spaces.com\\\/es\\\/nosotros\\\/vector-capital-3\\\/#breadcrumb\",\"itemListElement\":[{\"@type\":\"ListItem\",\"position\":1,\"name\":\"Home\",\"item\":\"https:\\\/\\\/www.2020spaces.com\\\/es\\\/inicio-2-2\\\/\"},{\"@type\":\"ListItem\",\"position\":2,\"name\":\"Nosotros\",\"item\":\"https:\\\/\\\/www.2020spaces.com\\\/es\\\/nosotros\\\/\"},{\"@type\":\"ListItem\",\"position\":3,\"name\":\"Vector Capital\"}]},{\"@type\":\"WebSite\",\"@id\":\"https:\\\/\\\/www.2020spaces.com\\\/#website\",\"url\":\"https:\\\/\\\/www.2020spaces.com\\\/\",\"name\":\"2020\",\"description\":\"Making Spaces for Life\u2122\",\"potentialAction\":[{\"@type\":\"SearchAction\",\"target\":{\"@type\":\"EntryPoint\",\"urlTemplate\":\"https:\\\/\\\/www.2020spaces.com\\\/?s={search_term_string}\"},\"query-input\":{\"@type\":\"PropertyValueSpecification\",\"valueRequired\":true,\"valueName\":\"search_term_string\"}}],\"inLanguage\":\"es\"}]}<\/script>\n<!-- \/ Yoast SEO Premium plugin. -->","yoast_head_json":{"title":"Vector Capital es una empresa de inversiones privada internacional","description":"2020 fue adquirida por Vector Capital en septiembre de 2012. Con m\u00e1s de 2 mil millones de d\u00f3lares de capital.","robots":{"index":"index","follow":"follow","max-snippet":"max-snippet:-1","max-image-preview":"max-image-preview:large","max-video-preview":"max-video-preview:-1"},"canonical":"https:\/\/www.2020spaces.com\/es\/nosotros\/vector-capital-3\/","og_locale":"es_ES","og_type":"article","og_title":"Vector Capital","og_description":"2020 fue adquirida por Vector Capital en septiembre de 2012. Con m\u00e1s de 2 mil millones de d\u00f3lares de capital.","og_url":"https:\/\/www.2020spaces.com\/es\/nosotros\/vector-capital-3\/","og_site_name":"2020","article_publisher":"https:\/\/www.facebook.com\/2020spaces","article_modified_time":"2023-06-16T07:06:48+00:00","twitter_card":"summary_large_image","twitter_site":"@2020spaces","twitter_misc":{"Tiempo de lectura":"1 minuto"},"schema":{"@context":"https:\/\/schema.org","@graph":[{"@type":"WebPage","@id":"https:\/\/www.2020spaces.com\/es\/nosotros\/vector-capital-3\/","url":"https:\/\/www.2020spaces.com\/es\/nosotros\/vector-capital-3\/","name":"Vector Capital es una empresa de inversiones privada internacional","isPartOf":{"@id":"https:\/\/www.2020spaces.com\/#website"},"datePublished":"2014-06-10T14:23:39+00:00","dateModified":"2023-06-16T07:06:48+00:00","description":"2020 fue adquirida por Vector Capital en septiembre de 2012. Con m\u00e1s de 2 mil millones de d\u00f3lares de capital.","breadcrumb":{"@id":"https:\/\/www.2020spaces.com\/es\/nosotros\/vector-capital-3\/#breadcrumb"},"inLanguage":"es","potentialAction":[{"@type":"ReadAction","target":["https:\/\/www.2020spaces.com\/es\/nosotros\/vector-capital-3\/"]}]},{"@type":"BreadcrumbList","@id":"https:\/\/www.2020spaces.com\/es\/nosotros\/vector-capital-3\/#breadcrumb","itemListElement":[{"@type":"ListItem","position":1,"name":"Home","item":"https:\/\/www.2020spaces.com\/es\/inicio-2-2\/"},{"@type":"ListItem","position":2,"name":"Nosotros","item":"https:\/\/www.2020spaces.com\/es\/nosotros\/"},{"@type":"ListItem","position":3,"name":"Vector Capital"}]},{"@type":"WebSite","@id":"https:\/\/www.2020spaces.com\/#website","url":"https:\/\/www.2020spaces.com\/","name":"2020","description":"Making Spaces for Life\u2122","potentialAction":[{"@type":"SearchAction","target":{"@type":"EntryPoint","urlTemplate":"https:\/\/www.2020spaces.com\/?s={search_term_string}"},"query-input":{"@type":"PropertyValueSpecification","valueRequired":true,"valueName":"search_term_string"}}],"inLanguage":"es"}]}},"_links":{"self":[{"href":"https:\/\/www.2020spaces.com\/es\/wp-json\/wp\/v2\/pages\/10764","targetHints":{"allow":["GET"]}}],"collection":[{"href":"https:\/\/www.2020spaces.com\/es\/wp-json\/wp\/v2\/pages"}],"about":[{"href":"https:\/\/www.2020spaces.com\/es\/wp-json\/wp\/v2\/types\/page"}],"author":[{"embeddable":true,"href":"https:\/\/www.2020spaces.com\/es\/wp-json\/wp\/v2\/users\/1"}],"replies":[{"embeddable":true,"href":"https:\/\/www.2020spaces.com\/es\/wp-json\/wp\/v2\/comments?post=10764"}],"version-history":[{"count":0,"href":"https:\/\/www.2020spaces.com\/es\/wp-json\/wp\/v2\/pages\/10764\/revisions"}],"up":[{"embeddable":true,"href":"https:\/\/www.2020spaces.com\/es\/wp-json\/wp\/v2\/pages\/10984"}],"wp:attachment":[{"href":"https:\/\/www.2020spaces.com\/es\/wp-json\/wp\/v2\/media?parent=10764"}],"wp:term":[{"taxonomy":"category","embeddable":true,"href":"https:\/\/www.2020spaces.com\/es\/wp-json\/wp\/v2\/categories?post=10764"}],"curies":[{"name":"wp","href":"https:\/\/api.w.org\/{rel}","templated":true}]}}