{"id":10786,"date":"2014-05-06T09:32:42","date_gmt":"2014-05-06T13:32:42","guid":{"rendered":"https:\/\/www.2020spaces.com\/contacto\/"},"modified":"2024-10-03T14:09:13","modified_gmt":"2024-10-03T18:09:13","slug":"contacto","status":"publish","type":"page","link":"https:\/\/www.2020spaces.com\/es\/contacto\/","title":{"rendered":"Cont\u00e1ctenos"},"content":{"rendered":"<div id=\"cs-content\" class=\"cs-content\"><\/div>\n","protected":false},"excerpt":{"rendered":"<p>P\u00f3ngase en contacto con nosotros \u00bfC\u00f3mo podemos ayudarle?Contactar P\u00f3ngase en contacto con nosotros \u00bfC\u00f3mo podemos ayudarle?Contactar M\u00e1s informaci\u00f3n\u00bfBusca algo en particular? Seleccione su producto y regi\u00f3n para comenzar. Contact Us Page &#8211; ES &#8211; Final Draft Seleccione su producto*Seleccione una opci\u00f3n2020 Cap2020 Cap CompleteDesign Flex2020 Fusion Live2020 Giza2020 Icovia2020 Ideal &#8230; <\/p>\n<div><a href=\"https:\/\/www.2020spaces.com\/es\/contacto\/\" class=\"more-link\">Read More<\/a><\/div>\n","protected":false},"author":26709,"featured_media":337383,"parent":0,"menu_order":0,"comment_status":"open","ping_status":"closed","template":"template-blank-4.php","meta":{"_bbp_topic_count":0,"_bbp_reply_count":0,"_bbp_total_topic_count":0,"_bbp_total_reply_count":0,"_bbp_voice_count":0,"_bbp_anonymous_reply_count":0,"_bbp_topic_count_hidden":0,"_bbp_reply_count_hidden":0,"_bbp_forum_subforum_count":0,"footnotes":""},"categories":[],"class_list":["post-10786","page","type-page","status-publish","has-post-thumbnail","hentry"],"pp_force_visibility":null,"pp_subpost_visibility":null,"pp_inherited_force_visibility":null,"pp_inherited_subpost_visibility":null,"yoast_head":"<!-- This site is optimized with the Yoast SEO Premium plugin v26.7 (Yoast SEO v26.7) - https:\/\/yoast.com\/wordpress\/plugins\/seo\/ -->\n<title>Cont\u00e1ctenos | 2020<\/title>\n<meta name=\"description\" content=\"Cont\u00e1ctenos para obtener informaci\u00f3n sobre nuestros productos que sirven a dise\u00f1adores de cocina y ba\u00f1o, dise\u00f1adores de oficina\" \/>\n<meta name=\"robots\" content=\"index, follow, max-snippet:-1, max-image-preview:large, max-video-preview:-1\" \/>\n<link rel=\"canonical\" href=\"https:\/\/www.2020spaces.com\/es\/contacto\/\" \/>\n<meta property=\"og:locale\" content=\"es_ES\" \/>\n<meta property=\"og:type\" content=\"article\" \/>\n<meta property=\"og:title\" content=\"Cont\u00e1ctenos | 2020\" \/>\n<meta property=\"og:description\" content=\"Cont\u00e1ctenos para obtener informaci\u00f3n sobre nuestros productos que sirven a dise\u00f1adores de cocina y ba\u00f1o, dise\u00f1adores de oficina, fabricantes y minoristas en l\u00ednea.\" \/>\n<meta property=\"og:url\" content=\"https:\/\/www.2020spaces.com\/es\/contacto\/\" \/>\n<meta property=\"og:site_name\" content=\"2020\" \/>\n<meta property=\"article:publisher\" content=\"https:\/\/www.facebook.com\/2020spaces\" \/>\n<meta property=\"article:modified_time\" content=\"2024-10-03T18:09:13+00:00\" \/>\n<meta property=\"og:image\" content=\"https:\/\/www.2020spaces.com\/wp-content\/uploads\/2021\/06\/Social_1200x630_Icons_ES.jpg\" \/>\n\t<meta property=\"og:image:width\" content=\"1200\" \/>\n\t<meta property=\"og:image:height\" content=\"630\" \/>\n\t<meta property=\"og:image:type\" content=\"image\/jpeg\" \/>\n<meta name=\"twitter:card\" content=\"summary_large_image\" \/>\n<meta name=\"twitter:title\" content=\"Cont\u00e1ctenos | 2020\" \/>\n<meta name=\"twitter:description\" content=\"Cont\u00e1ctenos para obtener informaci\u00f3n sobre nuestros productos que sirven a dise\u00f1adores de cocina y ba\u00f1o, dise\u00f1adores de oficina, fabricantes y minoristas en l\u00ednea.\" \/>\n<meta name=\"twitter:image\" content=\"https:\/\/www.2020spaces.com\/wp-content\/uploads\/2021\/06\/Social_1200x630_Icons_ES.jpg\" \/>\n<meta name=\"twitter:site\" content=\"@2020spaces\" \/>\n<meta name=\"twitter:label1\" content=\"Tiempo de lectura\" \/>\n\t<meta name=\"twitter:data1\" content=\"1 minuto\" \/>\n<script type=\"application\/ld+json\" class=\"yoast-schema-graph\">{\"@context\":\"https:\/\/schema.org\",\"@graph\":[{\"@type\":\"WebPage\",\"@id\":\"https:\/\/www.2020spaces.com\/es\/contacto\/\",\"url\":\"https:\/\/www.2020spaces.com\/es\/contacto\/\",\"name\":\"Cont\u00e1ctenos | 2020\",\"isPartOf\":{\"@id\":\"https:\/\/www.2020spaces.com\/#website\"},\"primaryImageOfPage\":{\"@id\":\"https:\/\/www.2020spaces.com\/es\/contacto\/#primaryimage\"},\"image\":{\"@id\":\"https:\/\/www.2020spaces.com\/es\/contacto\/#primaryimage\"},\"thumbnailUrl\":\"https:\/\/www.2020spaces.com\/wp-content\/uploads\/2021\/06\/Featured_400x323_Icons_ES.jpg\",\"datePublished\":\"2014-05-06T13:32:42+00:00\",\"dateModified\":\"2024-10-03T18:09:13+00:00\",\"description\":\"Cont\u00e1ctenos para obtener informaci\u00f3n sobre nuestros productos que sirven a dise\u00f1adores de cocina y ba\u00f1o, dise\u00f1adores de oficina\",\"breadcrumb\":{\"@id\":\"https:\/\/www.2020spaces.com\/es\/contacto\/#breadcrumb\"},\"inLanguage\":\"es\",\"potentialAction\":[{\"@type\":\"ReadAction\",\"target\":[\"https:\/\/www.2020spaces.com\/es\/contacto\/\"]}]},{\"@type\":\"ImageObject\",\"inLanguage\":\"es\",\"@id\":\"https:\/\/www.2020spaces.com\/es\/contacto\/#primaryimage\",\"url\":\"https:\/\/www.2020spaces.com\/wp-content\/uploads\/2021\/06\/Featured_400x323_Icons_ES.jpg\",\"contentUrl\":\"https:\/\/www.2020spaces.com\/wp-content\/uploads\/2021\/06\/Featured_400x323_Icons_ES.jpg\",\"width\":400,\"height\":323},{\"@type\":\"BreadcrumbList\",\"@id\":\"https:\/\/www.2020spaces.com\/es\/contacto\/#breadcrumb\",\"itemListElement\":[{\"@type\":\"ListItem\",\"position\":1,\"name\":\"Home\",\"item\":\"https:\/\/www.2020spaces.com\/es\/inicio-2-2\/\"},{\"@type\":\"ListItem\",\"position\":2,\"name\":\"Cont\u00e1ctenos\"}]},{\"@type\":\"WebSite\",\"@id\":\"https:\/\/www.2020spaces.com\/#website\",\"url\":\"https:\/\/www.2020spaces.com\/\",\"name\":\"2020\",\"description\":\"Making Spaces for Life\u2122\",\"potentialAction\":[{\"@type\":\"SearchAction\",\"target\":{\"@type\":\"EntryPoint\",\"urlTemplate\":\"https:\/\/www.2020spaces.com\/?s={search_term_string}\"},\"query-input\":{\"@type\":\"PropertyValueSpecification\",\"valueRequired\":true,\"valueName\":\"search_term_string\"}}],\"inLanguage\":\"es\"}]}<\/script>\n<!-- \/ Yoast SEO Premium plugin. -->","yoast_head_json":{"title":"Cont\u00e1ctenos | 2020","description":"Cont\u00e1ctenos para obtener informaci\u00f3n sobre nuestros productos que sirven a dise\u00f1adores de cocina y ba\u00f1o, dise\u00f1adores de oficina","robots":{"index":"index","follow":"follow","max-snippet":"max-snippet:-1","max-image-preview":"max-image-preview:large","max-video-preview":"max-video-preview:-1"},"canonical":"https:\/\/www.2020spaces.com\/es\/contacto\/","og_locale":"es_ES","og_type":"article","og_title":"Cont\u00e1ctenos | 2020","og_description":"Cont\u00e1ctenos para obtener informaci\u00f3n sobre nuestros productos que sirven a dise\u00f1adores de cocina y ba\u00f1o, dise\u00f1adores de oficina, fabricantes y minoristas en l\u00ednea.","og_url":"https:\/\/www.2020spaces.com\/es\/contacto\/","og_site_name":"2020","article_publisher":"https:\/\/www.facebook.com\/2020spaces","article_modified_time":"2024-10-03T18:09:13+00:00","og_image":[{"width":1200,"height":630,"url":"https:\/\/www.2020spaces.com\/wp-content\/uploads\/2021\/06\/Social_1200x630_Icons_ES.jpg","type":"image\/jpeg"}],"twitter_card":"summary_large_image","twitter_title":"Cont\u00e1ctenos | 2020","twitter_description":"Cont\u00e1ctenos para obtener informaci\u00f3n sobre nuestros productos que sirven a dise\u00f1adores de cocina y ba\u00f1o, dise\u00f1adores de oficina, fabricantes y minoristas en l\u00ednea.","twitter_image":"https:\/\/www.2020spaces.com\/wp-content\/uploads\/2021\/06\/Social_1200x630_Icons_ES.jpg","twitter_site":"@2020spaces","twitter_misc":{"Tiempo de lectura":"1 minuto"},"schema":{"@context":"https:\/\/schema.org","@graph":[{"@type":"WebPage","@id":"https:\/\/www.2020spaces.com\/es\/contacto\/","url":"https:\/\/www.2020spaces.com\/es\/contacto\/","name":"Cont\u00e1ctenos | 2020","isPartOf":{"@id":"https:\/\/www.2020spaces.com\/#website"},"primaryImageOfPage":{"@id":"https:\/\/www.2020spaces.com\/es\/contacto\/#primaryimage"},"image":{"@id":"https:\/\/www.2020spaces.com\/es\/contacto\/#primaryimage"},"thumbnailUrl":"https:\/\/www.2020spaces.com\/wp-content\/uploads\/2021\/06\/Featured_400x323_Icons_ES.jpg","datePublished":"2014-05-06T13:32:42+00:00","dateModified":"2024-10-03T18:09:13+00:00","description":"Cont\u00e1ctenos para obtener informaci\u00f3n sobre nuestros productos que sirven a dise\u00f1adores de cocina y ba\u00f1o, dise\u00f1adores de oficina","breadcrumb":{"@id":"https:\/\/www.2020spaces.com\/es\/contacto\/#breadcrumb"},"inLanguage":"es","potentialAction":[{"@type":"ReadAction","target":["https:\/\/www.2020spaces.com\/es\/contacto\/"]}]},{"@type":"ImageObject","inLanguage":"es","@id":"https:\/\/www.2020spaces.com\/es\/contacto\/#primaryimage","url":"https:\/\/www.2020spaces.com\/wp-content\/uploads\/2021\/06\/Featured_400x323_Icons_ES.jpg","contentUrl":"https:\/\/www.2020spaces.com\/wp-content\/uploads\/2021\/06\/Featured_400x323_Icons_ES.jpg","width":400,"height":323},{"@type":"BreadcrumbList","@id":"https:\/\/www.2020spaces.com\/es\/contacto\/#breadcrumb","itemListElement":[{"@type":"ListItem","position":1,"name":"Home","item":"https:\/\/www.2020spaces.com\/es\/inicio-2-2\/"},{"@type":"ListItem","position":2,"name":"Cont\u00e1ctenos"}]},{"@type":"WebSite","@id":"https:\/\/www.2020spaces.com\/#website","url":"https:\/\/www.2020spaces.com\/","name":"2020","description":"Making Spaces for Life\u2122","potentialAction":[{"@type":"SearchAction","target":{"@type":"EntryPoint","urlTemplate":"https:\/\/www.2020spaces.com\/?s={search_term_string}"},"query-input":{"@type":"PropertyValueSpecification","valueRequired":true,"valueName":"search_term_string"}}],"inLanguage":"es"}]}},"_links":{"self":[{"href":"https:\/\/www.2020spaces.com\/es\/wp-json\/wp\/v2\/pages\/10786","targetHints":{"allow":["GET"]}}],"collection":[{"href":"https:\/\/www.2020spaces.com\/es\/wp-json\/wp\/v2\/pages"}],"about":[{"href":"https:\/\/www.2020spaces.com\/es\/wp-json\/wp\/v2\/types\/page"}],"author":[{"embeddable":true,"href":"https:\/\/www.2020spaces.com\/es\/wp-json\/wp\/v2\/users\/26709"}],"replies":[{"embeddable":true,"href":"https:\/\/www.2020spaces.com\/es\/wp-json\/wp\/v2\/comments?post=10786"}],"version-history":[{"count":0,"href":"https:\/\/www.2020spaces.com\/es\/wp-json\/wp\/v2\/pages\/10786\/revisions"}],"wp:featuredmedia":[{"embeddable":true,"href":"https:\/\/www.2020spaces.com\/es\/wp-json\/wp\/v2\/media\/337383"}],"wp:attachment":[{"href":"https:\/\/www.2020spaces.com\/es\/wp-json\/wp\/v2\/media?parent=10786"}],"wp:term":[{"taxonomy":"category","embeddable":true,"href":"https:\/\/www.2020spaces.com\/es\/wp-json\/wp\/v2\/categories?post=10786"}],"curies":[{"name":"wp","href":"https:\/\/api.w.org\/{rel}","templated":true}]}}