{"id":10846,"date":"2014-05-15T04:46:55","date_gmt":"2014-05-15T08:46:55","guid":{"rendered":"https:\/\/www.2020spaces.com\/socios-de-2020\/"},"modified":"2024-07-23T16:40:47","modified_gmt":"2024-07-23T20:40:47","slug":"socios-de-2020","status":"publish","type":"page","link":"https:\/\/www.2020spaces.com\/es\/socios-de-2020\/","title":{"rendered":"Socios de 2020"},"content":{"rendered":"<div id=\"cs-content\" class=\"cs-content\"><\/div>\n","protected":false},"excerpt":{"rendered":"<p>Socios de 2020 No se puede llegar a ser l\u00edder mundial y un est\u00e1ndar de la industria sin un poco de ayuda. A trav\u00e9s de los a\u00f1os, 2020 ha desarrollado el ecosistema de socios m\u00e1s grande de nuestra industria, y esto nos ayuda a brindar soporte a nuestros clientes de &#8230; <\/p>\n<div><a href=\"https:\/\/www.2020spaces.com\/es\/socios-de-2020\/\" class=\"more-link\">Read More<\/a><\/div>\n","protected":false},"author":1,"featured_media":0,"parent":0,"menu_order":0,"comment_status":"open","ping_status":"open","template":"template-blank-4.php","meta":{"_bbp_topic_count":0,"_bbp_reply_count":0,"_bbp_total_topic_count":0,"_bbp_total_reply_count":0,"_bbp_voice_count":0,"_bbp_anonymous_reply_count":0,"_bbp_topic_count_hidden":0,"_bbp_reply_count_hidden":0,"_bbp_forum_subforum_count":0,"footnotes":""},"categories":[],"class_list":["post-10846","page","type-page","status-publish","hentry","no-post-thumbnail"],"pp_force_visibility":null,"pp_subpost_visibility":null,"pp_inherited_force_visibility":null,"pp_inherited_subpost_visibility":null,"yoast_head":"<!-- This site is optimized with the Yoast SEO Premium plugin v27.4 (Yoast SEO v27.4) - https:\/\/yoast.com\/product\/yoast-seo-premium-wordpress\/ -->\n<title>Socios de 2020 | 2020 Spaces<\/title>\n<meta name=\"description\" content=\"La red mundial de socios de 2020 se centra en atender las necesidades comerciales de nuestros clientes, maximizando el retorno.\" \/>\n<meta name=\"robots\" content=\"index, follow, max-snippet:-1, max-image-preview:large, max-video-preview:-1\" \/>\n<link rel=\"canonical\" href=\"https:\/\/www.2020spaces.com\/es\/socios-de-2020\/\" \/>\n<meta property=\"og:locale\" content=\"es_ES\" \/>\n<meta property=\"og:type\" content=\"article\" \/>\n<meta property=\"og:title\" content=\"Socios de 2020\" \/>\n<meta property=\"og:description\" content=\"La red mundial de socios de 2020 se centra en atender las necesidades comerciales de nuestros clientes, maximizando el retorno.\" \/>\n<meta property=\"og:url\" content=\"https:\/\/www.2020spaces.com\/es\/socios-de-2020\/\" \/>\n<meta property=\"og:site_name\" content=\"2020\" \/>\n<meta property=\"article:publisher\" content=\"https:\/\/www.facebook.com\/2020spaces\" \/>\n<meta property=\"article:modified_time\" content=\"2024-07-23T20:40:47+00:00\" \/>\n<meta name=\"twitter:card\" content=\"summary_large_image\" \/>\n<meta name=\"twitter:site\" content=\"@2020spaces\" \/>\n<meta name=\"twitter:label1\" content=\"Tiempo de lectura\" \/>\n\t<meta name=\"twitter:data1\" content=\"5 minutos\" \/>\n<script type=\"application\/ld+json\" class=\"yoast-schema-graph\">{\"@context\":\"https:\\\/\\\/schema.org\",\"@graph\":[{\"@type\":\"WebPage\",\"@id\":\"https:\\\/\\\/www.2020spaces.com\\\/es\\\/socios-de-2020\\\/\",\"url\":\"https:\\\/\\\/www.2020spaces.com\\\/es\\\/socios-de-2020\\\/\",\"name\":\"Socios de 2020 | 2020 Spaces\",\"isPartOf\":{\"@id\":\"https:\\\/\\\/www.2020spaces.com\\\/#website\"},\"datePublished\":\"2014-05-15T08:46:55+00:00\",\"dateModified\":\"2024-07-23T20:40:47+00:00\",\"description\":\"La red mundial de socios de 2020 se centra en atender las necesidades comerciales de nuestros clientes, maximizando el retorno.\",\"breadcrumb\":{\"@id\":\"https:\\\/\\\/www.2020spaces.com\\\/es\\\/socios-de-2020\\\/#breadcrumb\"},\"inLanguage\":\"es\",\"potentialAction\":[{\"@type\":\"ReadAction\",\"target\":[\"https:\\\/\\\/www.2020spaces.com\\\/es\\\/socios-de-2020\\\/\"]}]},{\"@type\":\"BreadcrumbList\",\"@id\":\"https:\\\/\\\/www.2020spaces.com\\\/es\\\/socios-de-2020\\\/#breadcrumb\",\"itemListElement\":[{\"@type\":\"ListItem\",\"position\":1,\"name\":\"Home\",\"item\":\"https:\\\/\\\/www.2020spaces.com\\\/es\\\/inicio-2-2\\\/\"},{\"@type\":\"ListItem\",\"position\":2,\"name\":\"Socios de 2020\"}]},{\"@type\":\"WebSite\",\"@id\":\"https:\\\/\\\/www.2020spaces.com\\\/#website\",\"url\":\"https:\\\/\\\/www.2020spaces.com\\\/\",\"name\":\"2020\",\"description\":\"Making Spaces for Life\u2122\",\"potentialAction\":[{\"@type\":\"SearchAction\",\"target\":{\"@type\":\"EntryPoint\",\"urlTemplate\":\"https:\\\/\\\/www.2020spaces.com\\\/?s={search_term_string}\"},\"query-input\":{\"@type\":\"PropertyValueSpecification\",\"valueRequired\":true,\"valueName\":\"search_term_string\"}}],\"inLanguage\":\"es\"}]}<\/script>\n<!-- \/ Yoast SEO Premium plugin. -->","yoast_head_json":{"title":"Socios de 2020 | 2020 Spaces","description":"La red mundial de socios de 2020 se centra en atender las necesidades comerciales de nuestros clientes, maximizando el retorno.","robots":{"index":"index","follow":"follow","max-snippet":"max-snippet:-1","max-image-preview":"max-image-preview:large","max-video-preview":"max-video-preview:-1"},"canonical":"https:\/\/www.2020spaces.com\/es\/socios-de-2020\/","og_locale":"es_ES","og_type":"article","og_title":"Socios de 2020","og_description":"La red mundial de socios de 2020 se centra en atender las necesidades comerciales de nuestros clientes, maximizando el retorno.","og_url":"https:\/\/www.2020spaces.com\/es\/socios-de-2020\/","og_site_name":"2020","article_publisher":"https:\/\/www.facebook.com\/2020spaces","article_modified_time":"2024-07-23T20:40:47+00:00","twitter_card":"summary_large_image","twitter_site":"@2020spaces","twitter_misc":{"Tiempo de lectura":"5 minutos"},"schema":{"@context":"https:\/\/schema.org","@graph":[{"@type":"WebPage","@id":"https:\/\/www.2020spaces.com\/es\/socios-de-2020\/","url":"https:\/\/www.2020spaces.com\/es\/socios-de-2020\/","name":"Socios de 2020 | 2020 Spaces","isPartOf":{"@id":"https:\/\/www.2020spaces.com\/#website"},"datePublished":"2014-05-15T08:46:55+00:00","dateModified":"2024-07-23T20:40:47+00:00","description":"La red mundial de socios de 2020 se centra en atender las necesidades comerciales de nuestros clientes, maximizando el retorno.","breadcrumb":{"@id":"https:\/\/www.2020spaces.com\/es\/socios-de-2020\/#breadcrumb"},"inLanguage":"es","potentialAction":[{"@type":"ReadAction","target":["https:\/\/www.2020spaces.com\/es\/socios-de-2020\/"]}]},{"@type":"BreadcrumbList","@id":"https:\/\/www.2020spaces.com\/es\/socios-de-2020\/#breadcrumb","itemListElement":[{"@type":"ListItem","position":1,"name":"Home","item":"https:\/\/www.2020spaces.com\/es\/inicio-2-2\/"},{"@type":"ListItem","position":2,"name":"Socios de 2020"}]},{"@type":"WebSite","@id":"https:\/\/www.2020spaces.com\/#website","url":"https:\/\/www.2020spaces.com\/","name":"2020","description":"Making Spaces for Life\u2122","potentialAction":[{"@type":"SearchAction","target":{"@type":"EntryPoint","urlTemplate":"https:\/\/www.2020spaces.com\/?s={search_term_string}"},"query-input":{"@type":"PropertyValueSpecification","valueRequired":true,"valueName":"search_term_string"}}],"inLanguage":"es"}]}},"_links":{"self":[{"href":"https:\/\/www.2020spaces.com\/es\/wp-json\/wp\/v2\/pages\/10846","targetHints":{"allow":["GET"]}}],"collection":[{"href":"https:\/\/www.2020spaces.com\/es\/wp-json\/wp\/v2\/pages"}],"about":[{"href":"https:\/\/www.2020spaces.com\/es\/wp-json\/wp\/v2\/types\/page"}],"author":[{"embeddable":true,"href":"https:\/\/www.2020spaces.com\/es\/wp-json\/wp\/v2\/users\/1"}],"replies":[{"embeddable":true,"href":"https:\/\/www.2020spaces.com\/es\/wp-json\/wp\/v2\/comments?post=10846"}],"version-history":[{"count":0,"href":"https:\/\/www.2020spaces.com\/es\/wp-json\/wp\/v2\/pages\/10846\/revisions"}],"wp:attachment":[{"href":"https:\/\/www.2020spaces.com\/es\/wp-json\/wp\/v2\/media?parent=10846"}],"wp:term":[{"taxonomy":"category","embeddable":true,"href":"https:\/\/www.2020spaces.com\/es\/wp-json\/wp\/v2\/categories?post=10846"}],"curies":[{"name":"wp","href":"https:\/\/api.w.org\/{rel}","templated":true}]}}