{"id":10876,"date":"2014-06-03T08:27:41","date_gmt":"2014-06-03T12:27:41","guid":{"rendered":"https:\/\/www.2020spaces.com\/soporte\/"},"modified":"2023-05-30T05:51:55","modified_gmt":"2023-05-30T09:51:55","slug":"soporte","status":"publish","type":"page","link":"https:\/\/www.2020spaces.com\/es\/soporte\/","title":{"rendered":"Soporte"},"content":{"rendered":"<div id=\"cs-content\" class=\"cs-content\"><\/div>\n","protected":false},"excerpt":{"rendered":"<p>Bienvenido al Centro de asistencia al cliente de 2020\u00bfEn qu\u00e9 podemos ayudarlo?\u00bfCon qu\u00e9 producto necesita ayuda? Elija su productoSeleccione una opci\u00f3n2020 Design2020 Design Live2020 Fusion2020 Insight2020 Cap2020 Giza2020 Visual Impression2020 Worksheet2020 Ideal Spaces2020 DesignElija su regi\u00f3nAustriaAm\u00e9rica del Sur (excepto Brasil)Brazil (VAR)Canad\u00e1Estados UnidosFranciaIndiaJap\u00f3n (VAR)M\u00e9xicoNueva Zelanda (VAR)Oriente MedioReino UnidoOtro2020 Design LiveElija su &#8230; <\/p>\n<div><a href=\"https:\/\/www.2020spaces.com\/es\/soporte\/\" class=\"more-link\">Read More<\/a><\/div>\n","protected":false},"author":1,"featured_media":0,"parent":0,"menu_order":0,"comment_status":"closed","ping_status":"closed","template":"template-blank-4.php","meta":{"_bbp_topic_count":0,"_bbp_reply_count":0,"_bbp_total_topic_count":0,"_bbp_total_reply_count":0,"_bbp_voice_count":0,"_bbp_anonymous_reply_count":0,"_bbp_topic_count_hidden":0,"_bbp_reply_count_hidden":0,"_bbp_forum_subforum_count":0,"footnotes":""},"categories":[],"class_list":["post-10876","page","type-page","status-publish","hentry","no-post-thumbnail"],"pp_force_visibility":null,"pp_subpost_visibility":null,"pp_inherited_force_visibility":null,"pp_inherited_subpost_visibility":null,"yoast_head":"<!-- This site is optimized with the Yoast SEO Premium plugin v26.7 (Yoast SEO v26.7) - https:\/\/yoast.com\/wordpress\/plugins\/seo\/ -->\n<title>Soporte | 2020 Spaces<\/title>\n<meta name=\"description\" content=\"Bienvenido al Centro de asistencia al cliente de 2020. \u00bfCon qu\u00e9 producto necesita ayuda? Centro de conocimientos de 2020\" \/>\n<meta name=\"robots\" content=\"index, follow, max-snippet:-1, max-image-preview:large, max-video-preview:-1\" \/>\n<link rel=\"canonical\" href=\"https:\/\/www.2020spaces.com\/es\/soporte\/\" \/>\n<meta property=\"og:locale\" content=\"es_ES\" \/>\n<meta property=\"og:type\" content=\"article\" \/>\n<meta property=\"og:title\" content=\"Soporte\" \/>\n<meta property=\"og:description\" content=\"Bienvenido al Centro de asistencia al cliente de 2020. \u00bfCon qu\u00e9 producto necesita ayuda? Centro de conocimientos de 2020\" \/>\n<meta property=\"og:url\" content=\"https:\/\/www.2020spaces.com\/es\/soporte\/\" \/>\n<meta property=\"og:site_name\" content=\"2020\" \/>\n<meta property=\"article:publisher\" content=\"https:\/\/www.facebook.com\/2020spaces\" \/>\n<meta property=\"article:modified_time\" content=\"2023-05-30T09:51:55+00:00\" \/>\n<meta name=\"twitter:card\" content=\"summary_large_image\" \/>\n<meta name=\"twitter:site\" content=\"@2020spaces\" \/>\n<meta name=\"twitter:label1\" content=\"Tiempo de lectura\" \/>\n\t<meta name=\"twitter:data1\" content=\"4 minutos\" \/>\n<script type=\"application\/ld+json\" class=\"yoast-schema-graph\">{\"@context\":\"https:\/\/schema.org\",\"@graph\":[{\"@type\":\"WebPage\",\"@id\":\"https:\/\/www.2020spaces.com\/es\/soporte\/\",\"url\":\"https:\/\/www.2020spaces.com\/es\/soporte\/\",\"name\":\"Soporte | 2020 Spaces\",\"isPartOf\":{\"@id\":\"https:\/\/www.2020spaces.com\/#website\"},\"datePublished\":\"2014-06-03T12:27:41+00:00\",\"dateModified\":\"2023-05-30T09:51:55+00:00\",\"description\":\"Bienvenido al Centro de asistencia al cliente de 2020. \u00bfCon qu\u00e9 producto necesita ayuda? Centro de conocimientos de 2020\",\"breadcrumb\":{\"@id\":\"https:\/\/www.2020spaces.com\/es\/soporte\/#breadcrumb\"},\"inLanguage\":\"es\",\"potentialAction\":[{\"@type\":\"ReadAction\",\"target\":[\"https:\/\/www.2020spaces.com\/es\/soporte\/\"]}]},{\"@type\":\"BreadcrumbList\",\"@id\":\"https:\/\/www.2020spaces.com\/es\/soporte\/#breadcrumb\",\"itemListElement\":[{\"@type\":\"ListItem\",\"position\":1,\"name\":\"Home\",\"item\":\"https:\/\/www.2020spaces.com\/es\/inicio-2-2\/\"},{\"@type\":\"ListItem\",\"position\":2,\"name\":\"Soporte\"}]},{\"@type\":\"WebSite\",\"@id\":\"https:\/\/www.2020spaces.com\/#website\",\"url\":\"https:\/\/www.2020spaces.com\/\",\"name\":\"2020\",\"description\":\"Making Spaces for Life\u2122\",\"potentialAction\":[{\"@type\":\"SearchAction\",\"target\":{\"@type\":\"EntryPoint\",\"urlTemplate\":\"https:\/\/www.2020spaces.com\/?s={search_term_string}\"},\"query-input\":{\"@type\":\"PropertyValueSpecification\",\"valueRequired\":true,\"valueName\":\"search_term_string\"}}],\"inLanguage\":\"es\"}]}<\/script>\n<!-- \/ Yoast SEO Premium plugin. -->","yoast_head_json":{"title":"Soporte | 2020 Spaces","description":"Bienvenido al Centro de asistencia al cliente de 2020. \u00bfCon qu\u00e9 producto necesita ayuda? Centro de conocimientos de 2020","robots":{"index":"index","follow":"follow","max-snippet":"max-snippet:-1","max-image-preview":"max-image-preview:large","max-video-preview":"max-video-preview:-1"},"canonical":"https:\/\/www.2020spaces.com\/es\/soporte\/","og_locale":"es_ES","og_type":"article","og_title":"Soporte","og_description":"Bienvenido al Centro de asistencia al cliente de 2020. \u00bfCon qu\u00e9 producto necesita ayuda? Centro de conocimientos de 2020","og_url":"https:\/\/www.2020spaces.com\/es\/soporte\/","og_site_name":"2020","article_publisher":"https:\/\/www.facebook.com\/2020spaces","article_modified_time":"2023-05-30T09:51:55+00:00","twitter_card":"summary_large_image","twitter_site":"@2020spaces","twitter_misc":{"Tiempo de lectura":"4 minutos"},"schema":{"@context":"https:\/\/schema.org","@graph":[{"@type":"WebPage","@id":"https:\/\/www.2020spaces.com\/es\/soporte\/","url":"https:\/\/www.2020spaces.com\/es\/soporte\/","name":"Soporte | 2020 Spaces","isPartOf":{"@id":"https:\/\/www.2020spaces.com\/#website"},"datePublished":"2014-06-03T12:27:41+00:00","dateModified":"2023-05-30T09:51:55+00:00","description":"Bienvenido al Centro de asistencia al cliente de 2020. \u00bfCon qu\u00e9 producto necesita ayuda? Centro de conocimientos de 2020","breadcrumb":{"@id":"https:\/\/www.2020spaces.com\/es\/soporte\/#breadcrumb"},"inLanguage":"es","potentialAction":[{"@type":"ReadAction","target":["https:\/\/www.2020spaces.com\/es\/soporte\/"]}]},{"@type":"BreadcrumbList","@id":"https:\/\/www.2020spaces.com\/es\/soporte\/#breadcrumb","itemListElement":[{"@type":"ListItem","position":1,"name":"Home","item":"https:\/\/www.2020spaces.com\/es\/inicio-2-2\/"},{"@type":"ListItem","position":2,"name":"Soporte"}]},{"@type":"WebSite","@id":"https:\/\/www.2020spaces.com\/#website","url":"https:\/\/www.2020spaces.com\/","name":"2020","description":"Making Spaces for Life\u2122","potentialAction":[{"@type":"SearchAction","target":{"@type":"EntryPoint","urlTemplate":"https:\/\/www.2020spaces.com\/?s={search_term_string}"},"query-input":{"@type":"PropertyValueSpecification","valueRequired":true,"valueName":"search_term_string"}}],"inLanguage":"es"}]}},"_links":{"self":[{"href":"https:\/\/www.2020spaces.com\/es\/wp-json\/wp\/v2\/pages\/10876","targetHints":{"allow":["GET"]}}],"collection":[{"href":"https:\/\/www.2020spaces.com\/es\/wp-json\/wp\/v2\/pages"}],"about":[{"href":"https:\/\/www.2020spaces.com\/es\/wp-json\/wp\/v2\/types\/page"}],"author":[{"embeddable":true,"href":"https:\/\/www.2020spaces.com\/es\/wp-json\/wp\/v2\/users\/1"}],"replies":[{"embeddable":true,"href":"https:\/\/www.2020spaces.com\/es\/wp-json\/wp\/v2\/comments?post=10876"}],"version-history":[{"count":0,"href":"https:\/\/www.2020spaces.com\/es\/wp-json\/wp\/v2\/pages\/10876\/revisions"}],"wp:attachment":[{"href":"https:\/\/www.2020spaces.com\/es\/wp-json\/wp\/v2\/media?parent=10876"}],"wp:term":[{"taxonomy":"category","embeddable":true,"href":"https:\/\/www.2020spaces.com\/es\/wp-json\/wp\/v2\/categories?post=10876"}],"curies":[{"name":"wp","href":"https:\/\/api.w.org\/{rel}","templated":true}]}}