{"id":10893,"date":"2014-05-27T10:11:56","date_gmt":"2014-05-27T14:11:56","guid":{"rendered":"https:\/\/www.2020spaces.com\/2020-cap-2\/"},"modified":"2021-10-21T11:32:25","modified_gmt":"2021-10-21T15:32:25","slug":"2020-cap-2","status":"publish","type":"page","link":"https:\/\/www.2020spaces.com\/es\/productos-de-2020\/2020-cap-2\/","title":{"rendered":"2020 Cap"},"content":{"rendered":"<div id=\"cs-content\" class=\"cs-content\"><\/div>\n","protected":false},"excerpt":{"rendered":"<p>2020 Cap Office Space Planning Software Based on AutoCAD\u00ae, 2020 Cap is the perfect furniture layout and space planning software for designing faster with fewer errors thanks to the automation of time-consuming tasks and the most up-to-date catalogs in the industry. With our furniture layout software, you can create innovative &#8230; <\/p>\n<div><a href=\"https:\/\/www.2020spaces.com\/es\/productos-de-2020\/2020-cap-2\/\" class=\"more-link\">Read More<\/a><\/div>\n","protected":false},"author":1,"featured_media":0,"parent":10894,"menu_order":0,"comment_status":"open","ping_status":"closed","template":"template-blank-4.php","meta":{"_bbp_topic_count":0,"_bbp_reply_count":0,"_bbp_total_topic_count":0,"_bbp_total_reply_count":0,"_bbp_voice_count":0,"_bbp_anonymous_reply_count":0,"_bbp_topic_count_hidden":0,"_bbp_reply_count_hidden":0,"_bbp_forum_subforum_count":0,"footnotes":""},"categories":[],"class_list":["post-10893","page","type-page","status-publish","hentry","no-post-thumbnail"],"pp_force_visibility":null,"pp_subpost_visibility":null,"pp_inherited_force_visibility":null,"pp_inherited_subpost_visibility":null,"yoast_head":"<!-- This site is optimized with the Yoast SEO Premium plugin v27.4 (Yoast SEO v27.4) - https:\/\/yoast.com\/product\/yoast-seo-premium-wordpress\/ -->\n<title>Programa para dise\u00f1ar oficinas 2020 Cap | 2020 Spaces<\/title>\n<meta name=\"description\" content=\"Aprende m\u00e1s sobre el software 2020 Cap. Descubre la cartera de productos y soluciones de 2020 para dise\u00f1adores profesionales.\u00a0Prueba gratuita.\u00a0\" \/>\n<meta name=\"robots\" content=\"index, follow, max-snippet:-1, max-image-preview:large, max-video-preview:-1\" \/>\n<link rel=\"canonical\" href=\"https:\/\/www.2020spaces.com\/es\/productos-de-2020\/2020-cap-2\/\" \/>\n<meta property=\"og:locale\" content=\"es_ES\" \/>\n<meta property=\"og:type\" content=\"article\" \/>\n<meta property=\"og:title\" content=\"2020 Cap\" \/>\n<meta property=\"og:description\" content=\"Aprende m\u00e1s sobre el software 2020 Cap. Descubre la cartera de productos y soluciones de 2020 para dise\u00f1adores profesionales.\u00a0Prueba gratuita.\u00a0\" \/>\n<meta property=\"og:url\" content=\"https:\/\/www.2020spaces.com\/es\/productos-de-2020\/2020-cap-2\/\" \/>\n<meta property=\"og:site_name\" content=\"2020\" \/>\n<meta property=\"article:publisher\" content=\"https:\/\/www.facebook.com\/2020spaces\" \/>\n<meta property=\"article:modified_time\" content=\"2021-10-21T15:32:25+00:00\" \/>\n<meta property=\"og:image\" content=\"https:\/\/www.2020spaces.com\/wp-content\/uploads\/2015\/12\/MfgContent_CommercialContent_575x270.jpg\" \/>\n<meta name=\"twitter:card\" content=\"summary_large_image\" \/>\n<meta name=\"twitter:site\" content=\"@2020spaces\" \/>\n<meta name=\"twitter:label1\" content=\"Tiempo de lectura\" \/>\n\t<meta name=\"twitter:data1\" content=\"8 minutos\" \/>\n<script type=\"application\/ld+json\" class=\"yoast-schema-graph\">{\"@context\":\"https:\\\/\\\/schema.org\",\"@graph\":[{\"@type\":\"WebPage\",\"@id\":\"https:\\\/\\\/www.2020spaces.com\\\/es\\\/productos-de-2020\\\/2020-cap-2\\\/\",\"url\":\"https:\\\/\\\/www.2020spaces.com\\\/es\\\/productos-de-2020\\\/2020-cap-2\\\/\",\"name\":\"Programa para dise\u00f1ar oficinas 2020 Cap | 2020 Spaces\",\"isPartOf\":{\"@id\":\"https:\\\/\\\/www.2020spaces.com\\\/#website\"},\"datePublished\":\"2014-05-27T14:11:56+00:00\",\"dateModified\":\"2021-10-21T15:32:25+00:00\",\"description\":\"Aprende m\u00e1s sobre el software 2020 Cap. Descubre la cartera de productos y soluciones de 2020 para dise\u00f1adores profesionales.\u00a0Prueba gratuita.\u00a0\",\"breadcrumb\":{\"@id\":\"https:\\\/\\\/www.2020spaces.com\\\/es\\\/productos-de-2020\\\/2020-cap-2\\\/#breadcrumb\"},\"inLanguage\":\"es\",\"potentialAction\":[{\"@type\":\"ReadAction\",\"target\":[\"https:\\\/\\\/www.2020spaces.com\\\/es\\\/productos-de-2020\\\/2020-cap-2\\\/\"]}]},{\"@type\":\"BreadcrumbList\",\"@id\":\"https:\\\/\\\/www.2020spaces.com\\\/es\\\/productos-de-2020\\\/2020-cap-2\\\/#breadcrumb\",\"itemListElement\":[{\"@type\":\"ListItem\",\"position\":1,\"name\":\"Home\",\"item\":\"https:\\\/\\\/www.2020spaces.com\\\/es\\\/inicio-2-2\\\/\"},{\"@type\":\"ListItem\",\"position\":2,\"name\":\"Productos de 2020\",\"item\":\"https:\\\/\\\/www.2020spaces.com\\\/es\\\/productos-de-2020\\\/\"},{\"@type\":\"ListItem\",\"position\":3,\"name\":\"2020 Cap\"}]},{\"@type\":\"WebSite\",\"@id\":\"https:\\\/\\\/www.2020spaces.com\\\/#website\",\"url\":\"https:\\\/\\\/www.2020spaces.com\\\/\",\"name\":\"2020\",\"description\":\"Making Spaces for Life\u2122\",\"potentialAction\":[{\"@type\":\"SearchAction\",\"target\":{\"@type\":\"EntryPoint\",\"urlTemplate\":\"https:\\\/\\\/www.2020spaces.com\\\/?s={search_term_string}\"},\"query-input\":{\"@type\":\"PropertyValueSpecification\",\"valueRequired\":true,\"valueName\":\"search_term_string\"}}],\"inLanguage\":\"es\"}]}<\/script>\n<!-- \/ Yoast SEO Premium plugin. -->","yoast_head_json":{"title":"Programa para dise\u00f1ar oficinas 2020 Cap | 2020 Spaces","description":"Aprende m\u00e1s sobre el software 2020 Cap. Descubre la cartera de productos y soluciones de 2020 para dise\u00f1adores profesionales.\u00a0Prueba gratuita.\u00a0","robots":{"index":"index","follow":"follow","max-snippet":"max-snippet:-1","max-image-preview":"max-image-preview:large","max-video-preview":"max-video-preview:-1"},"canonical":"https:\/\/www.2020spaces.com\/es\/productos-de-2020\/2020-cap-2\/","og_locale":"es_ES","og_type":"article","og_title":"2020 Cap","og_description":"Aprende m\u00e1s sobre el software 2020 Cap. Descubre la cartera de productos y soluciones de 2020 para dise\u00f1adores profesionales.\u00a0Prueba gratuita.\u00a0","og_url":"https:\/\/www.2020spaces.com\/es\/productos-de-2020\/2020-cap-2\/","og_site_name":"2020","article_publisher":"https:\/\/www.facebook.com\/2020spaces","article_modified_time":"2021-10-21T15:32:25+00:00","og_image":[{"url":"https:\/\/www.2020spaces.com\/wp-content\/uploads\/2015\/12\/MfgContent_CommercialContent_575x270.jpg","type":"","width":"","height":""}],"twitter_card":"summary_large_image","twitter_site":"@2020spaces","twitter_misc":{"Tiempo de lectura":"8 minutos"},"schema":{"@context":"https:\/\/schema.org","@graph":[{"@type":"WebPage","@id":"https:\/\/www.2020spaces.com\/es\/productos-de-2020\/2020-cap-2\/","url":"https:\/\/www.2020spaces.com\/es\/productos-de-2020\/2020-cap-2\/","name":"Programa para dise\u00f1ar oficinas 2020 Cap | 2020 Spaces","isPartOf":{"@id":"https:\/\/www.2020spaces.com\/#website"},"datePublished":"2014-05-27T14:11:56+00:00","dateModified":"2021-10-21T15:32:25+00:00","description":"Aprende m\u00e1s sobre el software 2020 Cap. Descubre la cartera de productos y soluciones de 2020 para dise\u00f1adores profesionales.\u00a0Prueba gratuita.\u00a0","breadcrumb":{"@id":"https:\/\/www.2020spaces.com\/es\/productos-de-2020\/2020-cap-2\/#breadcrumb"},"inLanguage":"es","potentialAction":[{"@type":"ReadAction","target":["https:\/\/www.2020spaces.com\/es\/productos-de-2020\/2020-cap-2\/"]}]},{"@type":"BreadcrumbList","@id":"https:\/\/www.2020spaces.com\/es\/productos-de-2020\/2020-cap-2\/#breadcrumb","itemListElement":[{"@type":"ListItem","position":1,"name":"Home","item":"https:\/\/www.2020spaces.com\/es\/inicio-2-2\/"},{"@type":"ListItem","position":2,"name":"Productos de 2020","item":"https:\/\/www.2020spaces.com\/es\/productos-de-2020\/"},{"@type":"ListItem","position":3,"name":"2020 Cap"}]},{"@type":"WebSite","@id":"https:\/\/www.2020spaces.com\/#website","url":"https:\/\/www.2020spaces.com\/","name":"2020","description":"Making Spaces for Life\u2122","potentialAction":[{"@type":"SearchAction","target":{"@type":"EntryPoint","urlTemplate":"https:\/\/www.2020spaces.com\/?s={search_term_string}"},"query-input":{"@type":"PropertyValueSpecification","valueRequired":true,"valueName":"search_term_string"}}],"inLanguage":"es"}]}},"_links":{"self":[{"href":"https:\/\/www.2020spaces.com\/es\/wp-json\/wp\/v2\/pages\/10893","targetHints":{"allow":["GET"]}}],"collection":[{"href":"https:\/\/www.2020spaces.com\/es\/wp-json\/wp\/v2\/pages"}],"about":[{"href":"https:\/\/www.2020spaces.com\/es\/wp-json\/wp\/v2\/types\/page"}],"author":[{"embeddable":true,"href":"https:\/\/www.2020spaces.com\/es\/wp-json\/wp\/v2\/users\/1"}],"replies":[{"embeddable":true,"href":"https:\/\/www.2020spaces.com\/es\/wp-json\/wp\/v2\/comments?post=10893"}],"version-history":[{"count":0,"href":"https:\/\/www.2020spaces.com\/es\/wp-json\/wp\/v2\/pages\/10893\/revisions"}],"up":[{"embeddable":true,"href":"https:\/\/www.2020spaces.com\/es\/wp-json\/wp\/v2\/pages\/10894"}],"wp:attachment":[{"href":"https:\/\/www.2020spaces.com\/es\/wp-json\/wp\/v2\/media?parent=10893"}],"wp:term":[{"taxonomy":"category","embeddable":true,"href":"https:\/\/www.2020spaces.com\/es\/wp-json\/wp\/v2\/categories?post=10893"}],"curies":[{"name":"wp","href":"https:\/\/api.w.org\/{rel}","templated":true}]}}