{"id":10912,"date":"2014-05-28T09:34:51","date_gmt":"2014-05-28T13:34:51","guid":{"rendered":"https:\/\/www.2020spaces.com\/productos-de-2020\/2020-giza\/"},"modified":"2024-08-09T02:35:34","modified_gmt":"2024-08-09T06:35:34","slug":"2020-giza","status":"publish","type":"page","link":"https:\/\/www.2020spaces.com\/es\/productos-de-2020\/2020-giza\/","title":{"rendered":"2020 Giza"},"content":{"rendered":"<div id=\"cs-content\" class=\"cs-content\"><\/div>\n","protected":false},"excerpt":{"rendered":"","protected":false},"author":1,"featured_media":0,"parent":10894,"menu_order":0,"comment_status":"open","ping_status":"closed","template":"template-blank-4.php","meta":{"_bbp_topic_count":0,"_bbp_reply_count":0,"_bbp_total_topic_count":0,"_bbp_total_reply_count":0,"_bbp_voice_count":0,"_bbp_anonymous_reply_count":0,"_bbp_topic_count_hidden":0,"_bbp_reply_count_hidden":0,"_bbp_forum_subforum_count":0,"footnotes":""},"categories":[],"class_list":["post-10912","page","type-page","status-publish","hentry","no-post-thumbnail"],"pp_force_visibility":null,"pp_subpost_visibility":null,"pp_inherited_force_visibility":null,"pp_inherited_subpost_visibility":null,"yoast_head":"<!-- This site is optimized with the Yoast SEO Premium plugin v26.7 (Yoast SEO v26.7) - https:\/\/yoast.com\/wordpress\/plugins\/seo\/ -->\n<title>Programa para dise\u00f1ar oficinas 2020 Giza | 2020 Spaces<\/title>\n<meta name=\"description\" content=\"Aprende m\u00e1s sobre el software 2020 Giza. Descubre la cartera de productos y soluciones de 2020 para dise\u00f1adores profesionales.\u00a0Prueba gratuita.\u00a0\" \/>\n<meta name=\"robots\" content=\"index, follow, max-snippet:-1, max-image-preview:large, max-video-preview:-1\" \/>\n<link rel=\"canonical\" href=\"https:\/\/www.2020spaces.com\/es\/productos-de-2020\/2020-giza\/\" \/>\n<meta property=\"og:locale\" content=\"es_ES\" \/>\n<meta property=\"og:type\" content=\"article\" \/>\n<meta property=\"og:title\" content=\"2020 Giza\" \/>\n<meta property=\"og:description\" content=\"Aprende m\u00e1s sobre el software 2020 Giza. Descubre la cartera de productos y soluciones de 2020 para dise\u00f1adores profesionales.\u00a0Prueba gratuita.\u00a0\" \/>\n<meta property=\"og:url\" content=\"https:\/\/www.2020spaces.com\/es\/productos-de-2020\/2020-giza\/\" \/>\n<meta property=\"og:site_name\" content=\"2020\" \/>\n<meta property=\"article:publisher\" content=\"https:\/\/www.facebook.com\/2020spaces\" \/>\n<meta property=\"article:modified_time\" content=\"2024-08-09T06:35:34+00:00\" \/>\n<meta name=\"twitter:card\" content=\"summary_large_image\" \/>\n<meta name=\"twitter:site\" content=\"@2020spaces\" \/>\n<meta name=\"twitter:label1\" content=\"Tiempo de lectura\" \/>\n\t<meta name=\"twitter:data1\" content=\"7 minutos\" \/>\n<script type=\"application\/ld+json\" class=\"yoast-schema-graph\">{\"@context\":\"https:\/\/schema.org\",\"@graph\":[{\"@type\":\"WebPage\",\"@id\":\"https:\/\/www.2020spaces.com\/es\/productos-de-2020\/2020-giza\/\",\"url\":\"https:\/\/www.2020spaces.com\/es\/productos-de-2020\/2020-giza\/\",\"name\":\"Programa para dise\u00f1ar oficinas 2020 Giza | 2020 Spaces\",\"isPartOf\":{\"@id\":\"https:\/\/www.2020spaces.com\/#website\"},\"datePublished\":\"2014-05-28T13:34:51+00:00\",\"dateModified\":\"2024-08-09T06:35:34+00:00\",\"description\":\"Aprende m\u00e1s sobre el software 2020 Giza. Descubre la cartera de productos y soluciones de 2020 para dise\u00f1adores profesionales.\u00a0Prueba gratuita.\u00a0\",\"breadcrumb\":{\"@id\":\"https:\/\/www.2020spaces.com\/es\/productos-de-2020\/2020-giza\/#breadcrumb\"},\"inLanguage\":\"es\",\"potentialAction\":[{\"@type\":\"ReadAction\",\"target\":[\"https:\/\/www.2020spaces.com\/es\/productos-de-2020\/2020-giza\/\"]}]},{\"@type\":\"BreadcrumbList\",\"@id\":\"https:\/\/www.2020spaces.com\/es\/productos-de-2020\/2020-giza\/#breadcrumb\",\"itemListElement\":[{\"@type\":\"ListItem\",\"position\":1,\"name\":\"Home\",\"item\":\"https:\/\/www.2020spaces.com\/es\/inicio-2-2\/\"},{\"@type\":\"ListItem\",\"position\":2,\"name\":\"Productos de 2020\",\"item\":\"https:\/\/www.2020spaces.com\/es\/productos-de-2020\/\"},{\"@type\":\"ListItem\",\"position\":3,\"name\":\"2020 Giza\"}]},{\"@type\":\"WebSite\",\"@id\":\"https:\/\/www.2020spaces.com\/#website\",\"url\":\"https:\/\/www.2020spaces.com\/\",\"name\":\"2020\",\"description\":\"Making Spaces for Life\u2122\",\"potentialAction\":[{\"@type\":\"SearchAction\",\"target\":{\"@type\":\"EntryPoint\",\"urlTemplate\":\"https:\/\/www.2020spaces.com\/?s={search_term_string}\"},\"query-input\":{\"@type\":\"PropertyValueSpecification\",\"valueRequired\":true,\"valueName\":\"search_term_string\"}}],\"inLanguage\":\"es\"}]}<\/script>\n<!-- \/ Yoast SEO Premium plugin. -->","yoast_head_json":{"title":"Programa para dise\u00f1ar oficinas 2020 Giza | 2020 Spaces","description":"Aprende m\u00e1s sobre el software 2020 Giza. Descubre la cartera de productos y soluciones de 2020 para dise\u00f1adores profesionales.\u00a0Prueba gratuita.\u00a0","robots":{"index":"index","follow":"follow","max-snippet":"max-snippet:-1","max-image-preview":"max-image-preview:large","max-video-preview":"max-video-preview:-1"},"canonical":"https:\/\/www.2020spaces.com\/es\/productos-de-2020\/2020-giza\/","og_locale":"es_ES","og_type":"article","og_title":"2020 Giza","og_description":"Aprende m\u00e1s sobre el software 2020 Giza. Descubre la cartera de productos y soluciones de 2020 para dise\u00f1adores profesionales.\u00a0Prueba gratuita.\u00a0","og_url":"https:\/\/www.2020spaces.com\/es\/productos-de-2020\/2020-giza\/","og_site_name":"2020","article_publisher":"https:\/\/www.facebook.com\/2020spaces","article_modified_time":"2024-08-09T06:35:34+00:00","twitter_card":"summary_large_image","twitter_site":"@2020spaces","twitter_misc":{"Tiempo de lectura":"7 minutos"},"schema":{"@context":"https:\/\/schema.org","@graph":[{"@type":"WebPage","@id":"https:\/\/www.2020spaces.com\/es\/productos-de-2020\/2020-giza\/","url":"https:\/\/www.2020spaces.com\/es\/productos-de-2020\/2020-giza\/","name":"Programa para dise\u00f1ar oficinas 2020 Giza | 2020 Spaces","isPartOf":{"@id":"https:\/\/www.2020spaces.com\/#website"},"datePublished":"2014-05-28T13:34:51+00:00","dateModified":"2024-08-09T06:35:34+00:00","description":"Aprende m\u00e1s sobre el software 2020 Giza. Descubre la cartera de productos y soluciones de 2020 para dise\u00f1adores profesionales.\u00a0Prueba gratuita.\u00a0","breadcrumb":{"@id":"https:\/\/www.2020spaces.com\/es\/productos-de-2020\/2020-giza\/#breadcrumb"},"inLanguage":"es","potentialAction":[{"@type":"ReadAction","target":["https:\/\/www.2020spaces.com\/es\/productos-de-2020\/2020-giza\/"]}]},{"@type":"BreadcrumbList","@id":"https:\/\/www.2020spaces.com\/es\/productos-de-2020\/2020-giza\/#breadcrumb","itemListElement":[{"@type":"ListItem","position":1,"name":"Home","item":"https:\/\/www.2020spaces.com\/es\/inicio-2-2\/"},{"@type":"ListItem","position":2,"name":"Productos de 2020","item":"https:\/\/www.2020spaces.com\/es\/productos-de-2020\/"},{"@type":"ListItem","position":3,"name":"2020 Giza"}]},{"@type":"WebSite","@id":"https:\/\/www.2020spaces.com\/#website","url":"https:\/\/www.2020spaces.com\/","name":"2020","description":"Making Spaces for Life\u2122","potentialAction":[{"@type":"SearchAction","target":{"@type":"EntryPoint","urlTemplate":"https:\/\/www.2020spaces.com\/?s={search_term_string}"},"query-input":{"@type":"PropertyValueSpecification","valueRequired":true,"valueName":"search_term_string"}}],"inLanguage":"es"}]}},"_links":{"self":[{"href":"https:\/\/www.2020spaces.com\/es\/wp-json\/wp\/v2\/pages\/10912","targetHints":{"allow":["GET"]}}],"collection":[{"href":"https:\/\/www.2020spaces.com\/es\/wp-json\/wp\/v2\/pages"}],"about":[{"href":"https:\/\/www.2020spaces.com\/es\/wp-json\/wp\/v2\/types\/page"}],"author":[{"embeddable":true,"href":"https:\/\/www.2020spaces.com\/es\/wp-json\/wp\/v2\/users\/1"}],"replies":[{"embeddable":true,"href":"https:\/\/www.2020spaces.com\/es\/wp-json\/wp\/v2\/comments?post=10912"}],"version-history":[{"count":0,"href":"https:\/\/www.2020spaces.com\/es\/wp-json\/wp\/v2\/pages\/10912\/revisions"}],"up":[{"embeddable":true,"href":"https:\/\/www.2020spaces.com\/es\/wp-json\/wp\/v2\/pages\/10894"}],"wp:attachment":[{"href":"https:\/\/www.2020spaces.com\/es\/wp-json\/wp\/v2\/media?parent=10912"}],"wp:term":[{"taxonomy":"category","embeddable":true,"href":"https:\/\/www.2020spaces.com\/es\/wp-json\/wp\/v2\/categories?post=10912"}],"curies":[{"name":"wp","href":"https:\/\/api.w.org\/{rel}","templated":true}]}}