{"id":10914,"date":"2014-06-05T16:50:10","date_gmt":"2014-06-05T20:50:10","guid":{"rendered":"https:\/\/www.2020spaces.com\/productos-de-2020\/servicios-de-contenido-de-2020\/"},"modified":"2022-02-09T14:23:54","modified_gmt":"2022-02-09T19:23:54","slug":"servicios-de-contenido-de-2020","status":"publish","type":"page","link":"https:\/\/www.2020spaces.com\/es\/productos-de-2020\/servicios-de-contenido-de-2020\/","title":{"rendered":"Cat\u00e1logos de fabricantes de 2020"},"content":{"rendered":"<div id=\"cs-content\" class=\"cs-content\"><\/div>\n","protected":false},"excerpt":{"rendered":"<p>Los cat\u00e1logos de fabricantes son el pegamento que mantiene todo unido. Entregando el contenido adecuado. A las personas correctas. En el momento preciso.Sus productos son el centro de su negocio, pero entregar contenido actualizado a sus cliente puede ser un desaf\u00edo. Ampl\u00ede su alcance ofreciendo a los dise\u00f1adores sus cat\u00e1logos &#8230; <\/p>\n<div><a href=\"https:\/\/www.2020spaces.com\/es\/productos-de-2020\/servicios-de-contenido-de-2020\/\" class=\"more-link\">Read More<\/a><\/div>\n","protected":false},"author":1,"featured_media":422605,"parent":10894,"menu_order":0,"comment_status":"open","ping_status":"closed","template":"template-blank-4.php","meta":{"_bbp_topic_count":0,"_bbp_reply_count":0,"_bbp_total_topic_count":0,"_bbp_total_reply_count":0,"_bbp_voice_count":0,"_bbp_anonymous_reply_count":0,"_bbp_topic_count_hidden":0,"_bbp_reply_count_hidden":0,"_bbp_forum_subforum_count":0,"footnotes":""},"categories":[],"class_list":["post-10914","page","type-page","status-publish","has-post-thumbnail","hentry"],"pp_force_visibility":null,"pp_subpost_visibility":null,"pp_inherited_force_visibility":null,"pp_inherited_subpost_visibility":null,"yoast_head":"<!-- This site is optimized with the Yoast SEO Premium plugin v27.4 (Yoast SEO v27.4) - https:\/\/yoast.com\/product\/yoast-seo-premium-wordpress\/ -->\n<title>Cat\u00e1logos de fabricantes | 2020<\/title>\n<meta name=\"description\" content=\"Expanda su negocio colocando sus cat\u00e1logos de fabricantes a disposici\u00f3n de miles de dise\u00f1adores a trav\u00e9s del ecosistema de 2020.\" \/>\n<meta name=\"robots\" content=\"index, follow, max-snippet:-1, max-image-preview:large, max-video-preview:-1\" \/>\n<link rel=\"canonical\" href=\"https:\/\/www.2020spaces.com\/es\/productos-de-2020\/servicios-de-contenido-de-2020\/\" \/>\n<meta property=\"og:locale\" content=\"es_ES\" \/>\n<meta property=\"og:type\" content=\"article\" \/>\n<meta property=\"og:title\" content=\"Cat\u00e1logos de fabricantes | Haga que sus cat\u00e1logos est\u00e9n disponibles en 2020\" \/>\n<meta property=\"og:description\" content=\"Expanda su negocio colocando sus cat\u00e1logos de fabricantes a disposici\u00f3n de miles de dise\u00f1adores a trav\u00e9s del ecosistema de 2020.\" \/>\n<meta property=\"og:url\" content=\"https:\/\/www.2020spaces.com\/es\/productos-de-2020\/servicios-de-contenido-de-2020\/\" \/>\n<meta property=\"og:site_name\" content=\"2020\" \/>\n<meta property=\"article:publisher\" content=\"https:\/\/www.facebook.com\/2020spaces\" \/>\n<meta property=\"article:modified_time\" content=\"2022-02-09T19:23:54+00:00\" \/>\n<meta property=\"og:image\" content=\"https:\/\/www.2020spaces.com\/wp-content\/uploads\/2021\/04\/Illus_1200x630_Content_MainImage.jpg\" \/>\n\t<meta property=\"og:image:width\" content=\"1200\" \/>\n\t<meta property=\"og:image:height\" content=\"630\" \/>\n\t<meta property=\"og:image:type\" content=\"image\/jpeg\" \/>\n<meta name=\"twitter:card\" content=\"summary_large_image\" \/>\n<meta name=\"twitter:title\" content=\"Cat\u00e1logos de fabricantes | Haga que sus cat\u00e1logos est\u00e9n disponibles en 2020\" \/>\n<meta name=\"twitter:description\" content=\"Expanda su negocio colocando sus cat\u00e1logos de fabricantes a disposici\u00f3n de miles de dise\u00f1adores a trav\u00e9s del ecosistema de 2020.\" \/>\n<meta name=\"twitter:image\" content=\"https:\/\/www.2020spaces.com\/wp-content\/uploads\/2021\/04\/Illus_1200x630_Content_MainImage.jpg\" \/>\n<meta name=\"twitter:site\" content=\"@2020spaces\" \/>\n<meta name=\"twitter:label1\" content=\"Tiempo de lectura\" \/>\n\t<meta name=\"twitter:data1\" content=\"4 minutos\" \/>\n<script type=\"application\/ld+json\" class=\"yoast-schema-graph\">{\"@context\":\"https:\\\/\\\/schema.org\",\"@graph\":[{\"@type\":\"WebPage\",\"@id\":\"https:\\\/\\\/www.2020spaces.com\\\/es\\\/productos-de-2020\\\/servicios-de-contenido-de-2020\\\/\",\"url\":\"https:\\\/\\\/www.2020spaces.com\\\/es\\\/productos-de-2020\\\/servicios-de-contenido-de-2020\\\/\",\"name\":\"Cat\u00e1logos de fabricantes | 2020\",\"isPartOf\":{\"@id\":\"https:\\\/\\\/www.2020spaces.com\\\/#website\"},\"primaryImageOfPage\":{\"@id\":\"https:\\\/\\\/www.2020spaces.com\\\/es\\\/productos-de-2020\\\/servicios-de-contenido-de-2020\\\/#primaryimage\"},\"image\":{\"@id\":\"https:\\\/\\\/www.2020spaces.com\\\/es\\\/productos-de-2020\\\/servicios-de-contenido-de-2020\\\/#primaryimage\"},\"thumbnailUrl\":\"https:\\\/\\\/www.2020spaces.com\\\/wp-content\\\/uploads\\\/2023\\\/04\\\/Featured_800x800_Content.jpg\",\"datePublished\":\"2014-06-05T20:50:10+00:00\",\"dateModified\":\"2022-02-09T19:23:54+00:00\",\"description\":\"Expanda su negocio colocando sus cat\u00e1logos de fabricantes a disposici\u00f3n de miles de dise\u00f1adores a trav\u00e9s del ecosistema de 2020.\",\"breadcrumb\":{\"@id\":\"https:\\\/\\\/www.2020spaces.com\\\/es\\\/productos-de-2020\\\/servicios-de-contenido-de-2020\\\/#breadcrumb\"},\"inLanguage\":\"es\",\"potentialAction\":[{\"@type\":\"ReadAction\",\"target\":[\"https:\\\/\\\/www.2020spaces.com\\\/es\\\/productos-de-2020\\\/servicios-de-contenido-de-2020\\\/\"]}]},{\"@type\":\"ImageObject\",\"inLanguage\":\"es\",\"@id\":\"https:\\\/\\\/www.2020spaces.com\\\/es\\\/productos-de-2020\\\/servicios-de-contenido-de-2020\\\/#primaryimage\",\"url\":\"https:\\\/\\\/www.2020spaces.com\\\/wp-content\\\/uploads\\\/2023\\\/04\\\/Featured_800x800_Content.jpg\",\"contentUrl\":\"https:\\\/\\\/www.2020spaces.com\\\/wp-content\\\/uploads\\\/2023\\\/04\\\/Featured_800x800_Content.jpg\",\"width\":800,\"height\":800},{\"@type\":\"BreadcrumbList\",\"@id\":\"https:\\\/\\\/www.2020spaces.com\\\/es\\\/productos-de-2020\\\/servicios-de-contenido-de-2020\\\/#breadcrumb\",\"itemListElement\":[{\"@type\":\"ListItem\",\"position\":1,\"name\":\"Home\",\"item\":\"https:\\\/\\\/www.2020spaces.com\\\/es\\\/inicio-2-2\\\/\"},{\"@type\":\"ListItem\",\"position\":2,\"name\":\"Productos de 2020\",\"item\":\"https:\\\/\\\/www.2020spaces.com\\\/es\\\/productos-de-2020\\\/\"},{\"@type\":\"ListItem\",\"position\":3,\"name\":\"Cat\u00e1logos de fabricantes de 2020\"}]},{\"@type\":\"WebSite\",\"@id\":\"https:\\\/\\\/www.2020spaces.com\\\/#website\",\"url\":\"https:\\\/\\\/www.2020spaces.com\\\/\",\"name\":\"2020\",\"description\":\"Making Spaces for Life\u2122\",\"potentialAction\":[{\"@type\":\"SearchAction\",\"target\":{\"@type\":\"EntryPoint\",\"urlTemplate\":\"https:\\\/\\\/www.2020spaces.com\\\/?s={search_term_string}\"},\"query-input\":{\"@type\":\"PropertyValueSpecification\",\"valueRequired\":true,\"valueName\":\"search_term_string\"}}],\"inLanguage\":\"es\"}]}<\/script>\n<!-- \/ Yoast SEO Premium plugin. -->","yoast_head_json":{"title":"Cat\u00e1logos de fabricantes | 2020","description":"Expanda su negocio colocando sus cat\u00e1logos de fabricantes a disposici\u00f3n de miles de dise\u00f1adores a trav\u00e9s del ecosistema de 2020.","robots":{"index":"index","follow":"follow","max-snippet":"max-snippet:-1","max-image-preview":"max-image-preview:large","max-video-preview":"max-video-preview:-1"},"canonical":"https:\/\/www.2020spaces.com\/es\/productos-de-2020\/servicios-de-contenido-de-2020\/","og_locale":"es_ES","og_type":"article","og_title":"Cat\u00e1logos de fabricantes | Haga que sus cat\u00e1logos est\u00e9n disponibles en 2020","og_description":"Expanda su negocio colocando sus cat\u00e1logos de fabricantes a disposici\u00f3n de miles de dise\u00f1adores a trav\u00e9s del ecosistema de 2020.","og_url":"https:\/\/www.2020spaces.com\/es\/productos-de-2020\/servicios-de-contenido-de-2020\/","og_site_name":"2020","article_publisher":"https:\/\/www.facebook.com\/2020spaces","article_modified_time":"2022-02-09T19:23:54+00:00","og_image":[{"width":1200,"height":630,"url":"https:\/\/www.2020spaces.com\/wp-content\/uploads\/2021\/04\/Illus_1200x630_Content_MainImage.jpg","type":"image\/jpeg"}],"twitter_card":"summary_large_image","twitter_title":"Cat\u00e1logos de fabricantes | Haga que sus cat\u00e1logos est\u00e9n disponibles en 2020","twitter_description":"Expanda su negocio colocando sus cat\u00e1logos de fabricantes a disposici\u00f3n de miles de dise\u00f1adores a trav\u00e9s del ecosistema de 2020.","twitter_image":"https:\/\/www.2020spaces.com\/wp-content\/uploads\/2021\/04\/Illus_1200x630_Content_MainImage.jpg","twitter_site":"@2020spaces","twitter_misc":{"Tiempo de lectura":"4 minutos"},"schema":{"@context":"https:\/\/schema.org","@graph":[{"@type":"WebPage","@id":"https:\/\/www.2020spaces.com\/es\/productos-de-2020\/servicios-de-contenido-de-2020\/","url":"https:\/\/www.2020spaces.com\/es\/productos-de-2020\/servicios-de-contenido-de-2020\/","name":"Cat\u00e1logos de fabricantes | 2020","isPartOf":{"@id":"https:\/\/www.2020spaces.com\/#website"},"primaryImageOfPage":{"@id":"https:\/\/www.2020spaces.com\/es\/productos-de-2020\/servicios-de-contenido-de-2020\/#primaryimage"},"image":{"@id":"https:\/\/www.2020spaces.com\/es\/productos-de-2020\/servicios-de-contenido-de-2020\/#primaryimage"},"thumbnailUrl":"https:\/\/www.2020spaces.com\/wp-content\/uploads\/2023\/04\/Featured_800x800_Content.jpg","datePublished":"2014-06-05T20:50:10+00:00","dateModified":"2022-02-09T19:23:54+00:00","description":"Expanda su negocio colocando sus cat\u00e1logos de fabricantes a disposici\u00f3n de miles de dise\u00f1adores a trav\u00e9s del ecosistema de 2020.","breadcrumb":{"@id":"https:\/\/www.2020spaces.com\/es\/productos-de-2020\/servicios-de-contenido-de-2020\/#breadcrumb"},"inLanguage":"es","potentialAction":[{"@type":"ReadAction","target":["https:\/\/www.2020spaces.com\/es\/productos-de-2020\/servicios-de-contenido-de-2020\/"]}]},{"@type":"ImageObject","inLanguage":"es","@id":"https:\/\/www.2020spaces.com\/es\/productos-de-2020\/servicios-de-contenido-de-2020\/#primaryimage","url":"https:\/\/www.2020spaces.com\/wp-content\/uploads\/2023\/04\/Featured_800x800_Content.jpg","contentUrl":"https:\/\/www.2020spaces.com\/wp-content\/uploads\/2023\/04\/Featured_800x800_Content.jpg","width":800,"height":800},{"@type":"BreadcrumbList","@id":"https:\/\/www.2020spaces.com\/es\/productos-de-2020\/servicios-de-contenido-de-2020\/#breadcrumb","itemListElement":[{"@type":"ListItem","position":1,"name":"Home","item":"https:\/\/www.2020spaces.com\/es\/inicio-2-2\/"},{"@type":"ListItem","position":2,"name":"Productos de 2020","item":"https:\/\/www.2020spaces.com\/es\/productos-de-2020\/"},{"@type":"ListItem","position":3,"name":"Cat\u00e1logos de fabricantes de 2020"}]},{"@type":"WebSite","@id":"https:\/\/www.2020spaces.com\/#website","url":"https:\/\/www.2020spaces.com\/","name":"2020","description":"Making Spaces for Life\u2122","potentialAction":[{"@type":"SearchAction","target":{"@type":"EntryPoint","urlTemplate":"https:\/\/www.2020spaces.com\/?s={search_term_string}"},"query-input":{"@type":"PropertyValueSpecification","valueRequired":true,"valueName":"search_term_string"}}],"inLanguage":"es"}]}},"_links":{"self":[{"href":"https:\/\/www.2020spaces.com\/es\/wp-json\/wp\/v2\/pages\/10914","targetHints":{"allow":["GET"]}}],"collection":[{"href":"https:\/\/www.2020spaces.com\/es\/wp-json\/wp\/v2\/pages"}],"about":[{"href":"https:\/\/www.2020spaces.com\/es\/wp-json\/wp\/v2\/types\/page"}],"author":[{"embeddable":true,"href":"https:\/\/www.2020spaces.com\/es\/wp-json\/wp\/v2\/users\/1"}],"replies":[{"embeddable":true,"href":"https:\/\/www.2020spaces.com\/es\/wp-json\/wp\/v2\/comments?post=10914"}],"version-history":[{"count":0,"href":"https:\/\/www.2020spaces.com\/es\/wp-json\/wp\/v2\/pages\/10914\/revisions"}],"up":[{"embeddable":true,"href":"https:\/\/www.2020spaces.com\/es\/wp-json\/wp\/v2\/pages\/10894"}],"wp:featuredmedia":[{"embeddable":true,"href":"https:\/\/www.2020spaces.com\/es\/wp-json\/wp\/v2\/media\/422605"}],"wp:attachment":[{"href":"https:\/\/www.2020spaces.com\/es\/wp-json\/wp\/v2\/media?parent=10914"}],"wp:term":[{"taxonomy":"category","embeddable":true,"href":"https:\/\/www.2020spaces.com\/es\/wp-json\/wp\/v2\/categories?post=10914"}],"curies":[{"name":"wp","href":"https:\/\/api.w.org\/{rel}","templated":true}]}}