{"id":10943,"date":"2014-05-06T08:08:53","date_gmt":"2014-05-06T12:08:53","guid":{"rendered":"https:\/\/www.2020spaces.com\/venta-minorista\/"},"modified":"2024-01-01T00:59:03","modified_gmt":"2024-01-01T05:59:03","slug":"venta-minorista","status":"publish","type":"page","link":"https:\/\/www.2020spaces.com\/es\/soluciones\/venta-minorista\/","title":{"rendered":"Comerciales"},"content":{"rendered":"<div class=\"wpb-content-wrapper\">[vc_row inner_container=\u00bbtrue\u00bb padding_top=\u00bb0px\u00bb padding_bottom=\u00bb0px\u00bb border=\u00bbnone\u00bb no_margin=\u00bbtrue\u00bb][vc_column width=\u00bb1\/1&#8243;]<h1  class=\"h-custom-headline h1 accent\" ><span>Soluciones comerciales de 2020<\/span><\/h1>[\/vc_column][\/vc_row][vc_row inner_container=\u00bbtrue\u00bb padding_top=\u00bb0px\u00bb padding_bottom=\u00bb50px\u00bb border=\u00bbnone\u00bb no_margin=\u00bbtrue\u00bb][vc_column width=\u00bb1\/1&#8243;]<img decoding=\"async\"  class=\"x-img x-img-none right\" style=\"width:400px;\" src=\"https:\/\/www.2020spaces.com\/wp-content\/uploads\/2014\/05\/2020_Retail_Solutions_300x200.jpg\" alt=\"Soluciones comerciales de 2020\"><p>Exhiba sus productos en la Web en un modo que inspirar\u00e1 a los clientes a explorar, dise\u00f1ar y visualizar esos productos en el contexto de sus propias casas. Imagine lo que significa para sus clientes poder planificar un cuarto en 3D antes de la compra de los materiales y compartir el dise\u00f1o con sus amigos a trav\u00e9s de las redes sociales. Nuestras soluciones de venta, f\u00e1ciles de usar y divertidas, captan las ideas de los clientes desde el principio del proceso de compra y los convierten de visitantes a compradores. \u00a1Despierte la imaginaci\u00f3n del cliente!<\/p>\n<ul>\n<li>Ofrezca cotizaciones en tiempo real de productos, accesorios, opciones y alternativas.<\/li>\n<li>Los clientes podr\u00e1n trabajar solos o junto con sus dise\u00f1adores y vendedores favoritos.<\/li>\n<li>Atraiga m\u00e1s visitantes al sitio web y aumente la tasa de conversi\u00f3n de visitantes en compradores.<\/li>\n<li>Nuestros programas integran los dise\u00f1os de los clientes con los procesos de transacciones internos de la empresa, desde la venta hasta el env\u00edo.<\/li>\n<\/ul>\n[\/vc_column][\/vc_row][vc_row inner_container=\u00bbtrue\u00bb padding_top=\u00bb0px\u00bb padding_bottom=\u00bb50px\u00bb border=\u00bbnone\u00bb no_margin=\u00bbtrue\u00bb][vc_column width=\u00bb1\/1&#8243;][vc_row_inner no_margin=\u00bbtrue\u00bb padding_top=\u00bb0px\u00bb padding_bottom=\u00bb0px\u00bb border=\u00bbnone\u00bb][vc_column_inner width=\u00bb1\/2&#8243;]<hr  class=\"x-gap\" style=\"margin: 1.313em 0 0 0;\"><p><img loading=\"lazy\" decoding=\"async\" class=\"alignnone wp-image-7825 size-medium\" src=\"https:\/\/www.2020spaces.com\/wp-content\/uploads\/2014\/05\/Logo_2020IdealSpaces-300x40.png\" alt=\"Logo de 2020 Ideal Spaces\" width=\"300\" height=\"40\" srcset=\"https:\/\/www.2020spaces.com\/wp-content\/uploads\/2014\/05\/Logo_2020IdealSpaces-300x40.png 300w, https:\/\/www.2020spaces.com\/wp-content\/uploads\/2014\/05\/Logo_2020IdealSpaces-100x13.png 100w, https:\/\/www.2020spaces.com\/wp-content\/uploads\/2014\/05\/Logo_2020IdealSpaces.png 515w\" sizes=\"auto, (max-width: 300px) 100vw, 300px\" \/><\/p>\n<p>2020 Ideal Spaces es una potente soluci\u00f3n de dise\u00f1o de interiores basada en la Web, que puede alojarse en el servidor web de una tienda para crear un portal de avanzada donde los clientes podr\u00e1n planificar su pr\u00f3ximo proyecto de dise\u00f1o y hacer las compras necesarias. 2020 Ideal Spaces permite a los clientes crear proyectos de dise\u00f1o en forma f\u00e1cil y divertida, de principio a fin, desde cualquier lugar, dentro del sitio web y con los productos reales de la tienda. <a href=\"https:\/\/www.2020spaces.com\/es\/productos-de-2020\/2020-ideal-spaces\/\" title=\"2020 Ideal Spaces\">M\u00e1s informaci\u00f3n&#8230;<\/a><\/p>\n[\/vc_column_inner][vc_column_inner width=\u00bb1\/2&#8243;]<h2  class=\"h-custom-headline h3\" ><span>\u00bfQu\u00e9 factores influyen sobre los clientes?<\/span><\/h2><h6 class=\"h-skill-bar\">Disponibilidad de productos<\/h6><div  class=\"x-skill-bar\" data-x-element=\"skill_bar\" data-x-params=\"{&quot;percent&quot;:&quot;78%&quot;}\"><div class=\"bar\" style=\"\"><div class=\"percent\">\u00bfPodr\u00e9 realmente comprar estos productos?<\/div><\/div><\/div><h6 class=\"h-skill-bar\">Respuesta social<\/h6><div  class=\"x-skill-bar\" data-x-element=\"skill_bar\" data-x-params=\"{&quot;percent&quot;:&quot;89%&quot;}\"><div class=\"bar\" style=\"\"><div class=\"percent\">\u00bfLes gustar\u00e1 a mis familiares y amigos?<\/div><\/div><\/div><h6 class=\"h-skill-bar\">Visualizaci\u00f3n realista<\/h6><div  class=\"x-skill-bar\" data-x-element=\"skill_bar\" data-x-params=\"{&quot;percent&quot;:&quot;96%&quot;}\"><div class=\"bar\" style=\"\"><div class=\"percent\">\u00bfC\u00f3mo se ver\u00e1 en la realidad?<\/div><\/div><\/div><h6 class=\"h-skill-bar\">Capacidad del dise\u00f1ador<\/h6><div  class=\"x-skill-bar\" data-x-element=\"skill_bar\" data-x-params=\"{&quot;percent&quot;:&quot;83%&quot;}\"><div class=\"bar\" style=\"\"><div class=\"percent\">\u00bfSabe esta persona lo que hace?<\/div><\/div><\/div>[\/vc_column_inner][\/vc_row_inner]<hr  class=\"x-gap\" style=\"margin: 1.313em 0 0 0;\"><hr  class=\"x-hr\" >[vc_row_inner inner_container=\u00bbtrue\u00bb padding_top=\u00bb0px\u00bb padding_bottom=\u00bb0px\u00bb border=\u00bbnone\u00bb][vc_column_inner width=\u00bb1\/4&#8243;]<p style=\"text-align: center; color: #f8971d;\"><i  class=\"x-icon x-icon-cogs\" style=\"text-align: center;      font-size:100px;\" data-x-icon-s=\"&#xf085;\" aria-hidden=\"true\"><\/i><\/p>\n[\/vc_column_inner][vc_column_inner width=\u00bb3\/4&#8243;]<hr  class=\"x-gap\" style=\"margin: 1.313em 0 0 0;\"><p>Nuestros clientes en el sector minorista tambi\u00e9n usan <a href=\"https:\/\/www.2020spaces.com\/es\/productos-de-2020\/2020design\/\">2020 Design<\/a> y <a href=\"https:\/\/www.2020spaces.com\/2020products\/2020fusionlive\/\">2020 Fusion<\/a> para ofrecer servicios de dise\u00f1o profesional en el punto de venta dentro de la tienda, mediante cat\u00e1logos administrados centralmente que permiten entregar cotizaciones en tiempo real. Ofrecemos servicios de implementaci\u00f3n para integrar 2020 Design y 2020 Fusion con los sistemas inform\u00e1ticos empresariales y de soporte de cadenas minoristas internacionales con miles de sucursales en todo el mundo.<\/p>\n[\/vc_column_inner][\/vc_row_inner][\/vc_column][\/vc_row]\n<\/div>","protected":false},"excerpt":{"rendered":"<p>[vc_row inner_container=\u00bbtrue\u00bb padding_top=\u00bb0px\u00bb padding_bottom=\u00bb0px\u00bb border=\u00bbnone\u00bb no_margin=\u00bbtrue\u00bb][vc_column width=\u00bb1\/1&#8243;][\/vc_column][\/vc_row][vc_row inner_container=\u00bbtrue\u00bb padding_top=\u00bb0px\u00bb padding_bottom=\u00bb50px\u00bb border=\u00bbnone\u00bb no_margin=\u00bbtrue\u00bb][vc_column width=\u00bb1\/1&#8243;][\/vc_column][\/vc_row][vc_row inner_container=\u00bbtrue\u00bb padding_top=\u00bb0px\u00bb padding_bottom=\u00bb50px\u00bb border=\u00bbnone\u00bb no_margin=\u00bbtrue\u00bb][vc_column width=\u00bb1\/1&#8243;][vc_row_inner no_margin=\u00bbtrue\u00bb padding_top=\u00bb0px\u00bb padding_bottom=\u00bb0px\u00bb border=\u00bbnone\u00bb][vc_column_inner width=\u00bb1\/2&#8243;][\/vc_column_inner][vc_column_inner width=\u00bb1\/2&#8243;][\/vc_column_inner][\/vc_row_inner][vc_row_inner inner_container=\u00bbtrue\u00bb padding_top=\u00bb0px\u00bb padding_bottom=\u00bb0px\u00bb border=\u00bbnone\u00bb][vc_column_inner width=\u00bb1\/4&#8243;][\/vc_column_inner][vc_column_inner width=\u00bb3\/4&#8243;][\/vc_column_inner][\/vc_row_inner][\/vc_column][\/vc_row]<\/p>\n","protected":false},"author":1,"featured_media":0,"parent":10978,"menu_order":0,"comment_status":"open","ping_status":"closed","template":"template-blank-4.php","meta":{"_bbp_topic_count":0,"_bbp_reply_count":0,"_bbp_total_topic_count":0,"_bbp_total_reply_count":0,"_bbp_voice_count":0,"_bbp_anonymous_reply_count":0,"_bbp_topic_count_hidden":0,"_bbp_reply_count_hidden":0,"_bbp_forum_subforum_count":0,"footnotes":""},"categories":[],"class_list":["post-10943","page","type-page","status-publish","hentry","no-post-thumbnail"],"pp_force_visibility":null,"pp_subpost_visibility":null,"pp_inherited_force_visibility":null,"pp_inherited_subpost_visibility":null,"yoast_head":"<!-- This site is optimized with the Yoast SEO Premium plugin v27.4 (Yoast SEO v27.4) - https:\/\/yoast.com\/product\/yoast-seo-premium-wordpress\/ -->\n<title>Soluciones para minoristas | 2020 Spaces<\/title>\n<meta name=\"description\" content=\"Nuestras soluciones de venta para minoristas. Descubre la cartera de productos y soluciones de 2020 para dise\u00f1adores profesionales.\u00a0Prueba gratuita.\u00a0\" \/>\n<meta name=\"robots\" content=\"index, follow, max-snippet:-1, max-image-preview:large, max-video-preview:-1\" \/>\n<link rel=\"canonical\" href=\"https:\/\/www.2020spaces.com\/es\/soluciones\/venta-minorista\/\" \/>\n<meta property=\"og:locale\" content=\"es_ES\" \/>\n<meta property=\"og:type\" content=\"article\" \/>\n<meta property=\"og:title\" content=\"Comerciales\" \/>\n<meta property=\"og:description\" content=\"Nuestras soluciones de venta para minoristas. Descubre la cartera de productos y soluciones de 2020 para dise\u00f1adores profesionales.\u00a0Prueba gratuita.\u00a0\" \/>\n<meta property=\"og:url\" content=\"https:\/\/www.2020spaces.com\/es\/soluciones\/venta-minorista\/\" \/>\n<meta property=\"og:site_name\" content=\"2020\" \/>\n<meta property=\"article:publisher\" content=\"https:\/\/www.facebook.com\/2020spaces\" \/>\n<meta property=\"article:modified_time\" content=\"2024-01-01T05:59:03+00:00\" \/>\n<meta property=\"og:image\" content=\"https:\/\/www.2020spaces.com\/wp-content\/uploads\/2014\/05\/Logo_2020IdealSpaces-300x40.png\" \/>\n<meta name=\"twitter:card\" content=\"summary_large_image\" \/>\n<meta name=\"twitter:site\" content=\"@2020spaces\" \/>\n<meta name=\"twitter:label1\" content=\"Tiempo de lectura\" \/>\n\t<meta name=\"twitter:data1\" content=\"3 minutos\" \/>\n<script type=\"application\/ld+json\" class=\"yoast-schema-graph\">{\"@context\":\"https:\\\/\\\/schema.org\",\"@graph\":[{\"@type\":\"WebPage\",\"@id\":\"https:\\\/\\\/www.2020spaces.com\\\/es\\\/soluciones\\\/venta-minorista\\\/\",\"url\":\"https:\\\/\\\/www.2020spaces.com\\\/es\\\/soluciones\\\/venta-minorista\\\/\",\"name\":\"Soluciones para minoristas | 2020 Spaces\",\"isPartOf\":{\"@id\":\"https:\\\/\\\/www.2020spaces.com\\\/#website\"},\"primaryImageOfPage\":{\"@id\":\"https:\\\/\\\/www.2020spaces.com\\\/es\\\/soluciones\\\/venta-minorista\\\/#primaryimage\"},\"image\":{\"@id\":\"https:\\\/\\\/www.2020spaces.com\\\/es\\\/soluciones\\\/venta-minorista\\\/#primaryimage\"},\"thumbnailUrl\":\"https:\\\/\\\/www.2020spaces.com\\\/wp-content\\\/uploads\\\/2014\\\/05\\\/Logo_2020IdealSpaces-300x40.png\",\"datePublished\":\"2014-05-06T12:08:53+00:00\",\"dateModified\":\"2024-01-01T05:59:03+00:00\",\"description\":\"Nuestras soluciones de venta para minoristas. Descubre la cartera de productos y soluciones de 2020 para dise\u00f1adores profesionales.\u00a0Prueba gratuita.\u00a0\",\"breadcrumb\":{\"@id\":\"https:\\\/\\\/www.2020spaces.com\\\/es\\\/soluciones\\\/venta-minorista\\\/#breadcrumb\"},\"inLanguage\":\"es\",\"potentialAction\":[{\"@type\":\"ReadAction\",\"target\":[\"https:\\\/\\\/www.2020spaces.com\\\/es\\\/soluciones\\\/venta-minorista\\\/\"]}]},{\"@type\":\"ImageObject\",\"inLanguage\":\"es\",\"@id\":\"https:\\\/\\\/www.2020spaces.com\\\/es\\\/soluciones\\\/venta-minorista\\\/#primaryimage\",\"url\":\"https:\\\/\\\/www.2020spaces.com\\\/wp-content\\\/uploads\\\/2014\\\/05\\\/Logo_2020IdealSpaces-300x40.png\",\"contentUrl\":\"https:\\\/\\\/www.2020spaces.com\\\/wp-content\\\/uploads\\\/2014\\\/05\\\/Logo_2020IdealSpaces-300x40.png\"},{\"@type\":\"BreadcrumbList\",\"@id\":\"https:\\\/\\\/www.2020spaces.com\\\/es\\\/soluciones\\\/venta-minorista\\\/#breadcrumb\",\"itemListElement\":[{\"@type\":\"ListItem\",\"position\":1,\"name\":\"Home\",\"item\":\"https:\\\/\\\/www.2020spaces.com\\\/es\\\/inicio-2-2\\\/\"},{\"@type\":\"ListItem\",\"position\":2,\"name\":\"Soluciones\",\"item\":\"https:\\\/\\\/www.2020spaces.com\\\/es\\\/soluciones\\\/\"},{\"@type\":\"ListItem\",\"position\":3,\"name\":\"Comerciales\"}]},{\"@type\":\"WebSite\",\"@id\":\"https:\\\/\\\/www.2020spaces.com\\\/#website\",\"url\":\"https:\\\/\\\/www.2020spaces.com\\\/\",\"name\":\"2020\",\"description\":\"Making Spaces for Life\u2122\",\"potentialAction\":[{\"@type\":\"SearchAction\",\"target\":{\"@type\":\"EntryPoint\",\"urlTemplate\":\"https:\\\/\\\/www.2020spaces.com\\\/?s={search_term_string}\"},\"query-input\":{\"@type\":\"PropertyValueSpecification\",\"valueRequired\":true,\"valueName\":\"search_term_string\"}}],\"inLanguage\":\"es\"}]}<\/script>\n<!-- \/ Yoast SEO Premium plugin. -->","yoast_head_json":{"title":"Soluciones para minoristas | 2020 Spaces","description":"Nuestras soluciones de venta para minoristas. Descubre la cartera de productos y soluciones de 2020 para dise\u00f1adores profesionales.\u00a0Prueba gratuita.\u00a0","robots":{"index":"index","follow":"follow","max-snippet":"max-snippet:-1","max-image-preview":"max-image-preview:large","max-video-preview":"max-video-preview:-1"},"canonical":"https:\/\/www.2020spaces.com\/es\/soluciones\/venta-minorista\/","og_locale":"es_ES","og_type":"article","og_title":"Comerciales","og_description":"Nuestras soluciones de venta para minoristas. Descubre la cartera de productos y soluciones de 2020 para dise\u00f1adores profesionales.\u00a0Prueba gratuita.\u00a0","og_url":"https:\/\/www.2020spaces.com\/es\/soluciones\/venta-minorista\/","og_site_name":"2020","article_publisher":"https:\/\/www.facebook.com\/2020spaces","article_modified_time":"2024-01-01T05:59:03+00:00","og_image":[{"url":"https:\/\/www.2020spaces.com\/wp-content\/uploads\/2014\/05\/Logo_2020IdealSpaces-300x40.png","type":"","width":"","height":""}],"twitter_card":"summary_large_image","twitter_site":"@2020spaces","twitter_misc":{"Tiempo de lectura":"3 minutos"},"schema":{"@context":"https:\/\/schema.org","@graph":[{"@type":"WebPage","@id":"https:\/\/www.2020spaces.com\/es\/soluciones\/venta-minorista\/","url":"https:\/\/www.2020spaces.com\/es\/soluciones\/venta-minorista\/","name":"Soluciones para minoristas | 2020 Spaces","isPartOf":{"@id":"https:\/\/www.2020spaces.com\/#website"},"primaryImageOfPage":{"@id":"https:\/\/www.2020spaces.com\/es\/soluciones\/venta-minorista\/#primaryimage"},"image":{"@id":"https:\/\/www.2020spaces.com\/es\/soluciones\/venta-minorista\/#primaryimage"},"thumbnailUrl":"https:\/\/www.2020spaces.com\/wp-content\/uploads\/2014\/05\/Logo_2020IdealSpaces-300x40.png","datePublished":"2014-05-06T12:08:53+00:00","dateModified":"2024-01-01T05:59:03+00:00","description":"Nuestras soluciones de venta para minoristas. Descubre la cartera de productos y soluciones de 2020 para dise\u00f1adores profesionales.\u00a0Prueba gratuita.\u00a0","breadcrumb":{"@id":"https:\/\/www.2020spaces.com\/es\/soluciones\/venta-minorista\/#breadcrumb"},"inLanguage":"es","potentialAction":[{"@type":"ReadAction","target":["https:\/\/www.2020spaces.com\/es\/soluciones\/venta-minorista\/"]}]},{"@type":"ImageObject","inLanguage":"es","@id":"https:\/\/www.2020spaces.com\/es\/soluciones\/venta-minorista\/#primaryimage","url":"https:\/\/www.2020spaces.com\/wp-content\/uploads\/2014\/05\/Logo_2020IdealSpaces-300x40.png","contentUrl":"https:\/\/www.2020spaces.com\/wp-content\/uploads\/2014\/05\/Logo_2020IdealSpaces-300x40.png"},{"@type":"BreadcrumbList","@id":"https:\/\/www.2020spaces.com\/es\/soluciones\/venta-minorista\/#breadcrumb","itemListElement":[{"@type":"ListItem","position":1,"name":"Home","item":"https:\/\/www.2020spaces.com\/es\/inicio-2-2\/"},{"@type":"ListItem","position":2,"name":"Soluciones","item":"https:\/\/www.2020spaces.com\/es\/soluciones\/"},{"@type":"ListItem","position":3,"name":"Comerciales"}]},{"@type":"WebSite","@id":"https:\/\/www.2020spaces.com\/#website","url":"https:\/\/www.2020spaces.com\/","name":"2020","description":"Making Spaces for Life\u2122","potentialAction":[{"@type":"SearchAction","target":{"@type":"EntryPoint","urlTemplate":"https:\/\/www.2020spaces.com\/?s={search_term_string}"},"query-input":{"@type":"PropertyValueSpecification","valueRequired":true,"valueName":"search_term_string"}}],"inLanguage":"es"}]}},"_links":{"self":[{"href":"https:\/\/www.2020spaces.com\/es\/wp-json\/wp\/v2\/pages\/10943","targetHints":{"allow":["GET"]}}],"collection":[{"href":"https:\/\/www.2020spaces.com\/es\/wp-json\/wp\/v2\/pages"}],"about":[{"href":"https:\/\/www.2020spaces.com\/es\/wp-json\/wp\/v2\/types\/page"}],"author":[{"embeddable":true,"href":"https:\/\/www.2020spaces.com\/es\/wp-json\/wp\/v2\/users\/1"}],"replies":[{"embeddable":true,"href":"https:\/\/www.2020spaces.com\/es\/wp-json\/wp\/v2\/comments?post=10943"}],"version-history":[{"count":0,"href":"https:\/\/www.2020spaces.com\/es\/wp-json\/wp\/v2\/pages\/10943\/revisions"}],"up":[{"embeddable":true,"href":"https:\/\/www.2020spaces.com\/es\/wp-json\/wp\/v2\/pages\/10978"}],"wp:attachment":[{"href":"https:\/\/www.2020spaces.com\/es\/wp-json\/wp\/v2\/media?parent=10943"}],"wp:term":[{"taxonomy":"category","embeddable":true,"href":"https:\/\/www.2020spaces.com\/es\/wp-json\/wp\/v2\/categories?post=10943"}],"curies":[{"name":"wp","href":"https:\/\/api.w.org\/{rel}","templated":true}]}}