{"id":10978,"date":"2014-06-07T20:37:14","date_gmt":"2014-06-08T00:37:14","guid":{"rendered":"https:\/\/www.2020spaces.com\/soluciones\/"},"modified":"2020-10-21T09:09:37","modified_gmt":"2020-10-21T13:09:37","slug":"soluciones","status":"publish","type":"page","link":"https:\/\/www.2020spaces.com\/es\/soluciones\/","title":{"rendered":"Soluciones"},"content":{"rendered":"<div id=\"cs-content\" class=\"cs-content\"><\/div>\n","protected":false},"excerpt":{"rendered":"<p>Desde la inspiraci\u00f3n hasta la instalaci\u00f3n, le ayudamos a crear grandes espacios para la vida. &nbsp;\u00bfEs usted un dise\u00f1ador profesional? &nbsp;\u00bfEs usted un minorista? &nbsp;\u00bfEs usted un fabricante? Programa de Dise\u00f1o para profesionales de dise\u00f1o residencial &#038; comercialLas aplicaciones de dise\u00f1os interiores son utilizadas por dise\u00f1adores profesionales para crear hermosos &#8230; <\/p>\n<div><a href=\"https:\/\/www.2020spaces.com\/es\/soluciones\/\" class=\"more-link\">Read More<\/a><\/div>\n","protected":false},"author":1,"featured_media":278680,"parent":0,"menu_order":0,"comment_status":"closed","ping_status":"closed","template":"template-blank-4.php","meta":{"_bbp_topic_count":0,"_bbp_reply_count":0,"_bbp_total_topic_count":0,"_bbp_total_reply_count":0,"_bbp_voice_count":0,"_bbp_anonymous_reply_count":0,"_bbp_topic_count_hidden":0,"_bbp_reply_count_hidden":0,"_bbp_forum_subforum_count":0,"footnotes":""},"categories":[],"class_list":["post-10978","page","type-page","status-publish","has-post-thumbnail","hentry"],"pp_force_visibility":null,"pp_subpost_visibility":null,"pp_inherited_force_visibility":null,"pp_inherited_subpost_visibility":null,"yoast_head":"<!-- This site is optimized with the Yoast SEO Premium plugin v27.4 (Yoast SEO v27.4) - https:\/\/yoast.com\/product\/yoast-seo-premium-wordpress\/ -->\n<title>Nuestras soluciones para dise\u00f1adores | 2020 Spaces<\/title>\n<meta name=\"description\" content=\"Aprende m\u00e1s sobre nuestras soluciones para dise\u00f1adores. Descubre la cartera de productos y soluciones de 2020 para dise\u00f1adores.\u00a0Prueba gratuita.\u00a0\" \/>\n<meta name=\"robots\" content=\"index, follow, max-snippet:-1, max-image-preview:large, max-video-preview:-1\" \/>\n<link rel=\"canonical\" href=\"https:\/\/www.2020spaces.com\/es\/soluciones\/\" \/>\n<meta property=\"og:locale\" content=\"es_ES\" \/>\n<meta property=\"og:type\" content=\"article\" \/>\n<meta property=\"og:title\" content=\"Nuestras soluciones para dise\u00f1adores | 2020 Spaces\" \/>\n<meta property=\"og:description\" content=\"Aprende m\u00e1s sobre nuestras soluciones para dise\u00f1adores. Descubre la cartera de productos y soluciones de 2020 para dise\u00f1adores. Prueba gratuita.\" \/>\n<meta property=\"og:url\" content=\"https:\/\/www.2020spaces.com\/es\/soluciones\/\" \/>\n<meta property=\"og:site_name\" content=\"2020\" \/>\n<meta property=\"article:publisher\" content=\"https:\/\/www.facebook.com\/2020spaces\" \/>\n<meta property=\"article:modified_time\" content=\"2020-10-21T13:09:37+00:00\" \/>\n<meta property=\"og:image\" content=\"https:\/\/www.2020spaces.com\/wp-content\/uploads\/2020\/04\/Social_1200x630_EndToEnd_Generic_ES.jpg\" \/>\n\t<meta property=\"og:image:width\" content=\"1200\" \/>\n\t<meta property=\"og:image:height\" content=\"630\" \/>\n\t<meta property=\"og:image:type\" content=\"image\/jpeg\" \/>\n<meta name=\"twitter:card\" content=\"summary_large_image\" \/>\n<meta name=\"twitter:title\" content=\"Nuestras soluciones para dise\u00f1adores | 2020 Spaces\" \/>\n<meta name=\"twitter:description\" content=\"Aprende m\u00e1s sobre nuestras soluciones para dise\u00f1adores. Descubre la cartera de productos y soluciones de 2020 para dise\u00f1adores. Prueba gratuita.\" \/>\n<meta name=\"twitter:image\" content=\"https:\/\/www.2020spaces.com\/wp-content\/uploads\/2020\/04\/Social_1200x630_EndToEnd_Generic_ES.jpg\" \/>\n<meta name=\"twitter:site\" content=\"@2020spaces\" \/>\n<meta name=\"twitter:label1\" content=\"Tiempo de lectura\" \/>\n\t<meta name=\"twitter:data1\" content=\"5 minutos\" \/>\n<script type=\"application\/ld+json\" class=\"yoast-schema-graph\">{\"@context\":\"https:\\\/\\\/schema.org\",\"@graph\":[{\"@type\":\"WebPage\",\"@id\":\"https:\\\/\\\/www.2020spaces.com\\\/es\\\/soluciones\\\/\",\"url\":\"https:\\\/\\\/www.2020spaces.com\\\/es\\\/soluciones\\\/\",\"name\":\"Nuestras soluciones para dise\u00f1adores | 2020 Spaces\",\"isPartOf\":{\"@id\":\"https:\\\/\\\/www.2020spaces.com\\\/#website\"},\"primaryImageOfPage\":{\"@id\":\"https:\\\/\\\/www.2020spaces.com\\\/es\\\/soluciones\\\/#primaryimage\"},\"image\":{\"@id\":\"https:\\\/\\\/www.2020spaces.com\\\/es\\\/soluciones\\\/#primaryimage\"},\"thumbnailUrl\":\"https:\\\/\\\/www.2020spaces.com\\\/wp-content\\\/uploads\\\/2020\\\/04\\\/Featured_400x323_EndToEnd_Generic_ES.jpg\",\"datePublished\":\"2014-06-08T00:37:14+00:00\",\"dateModified\":\"2020-10-21T13:09:37+00:00\",\"description\":\"Aprende m\u00e1s sobre nuestras soluciones para dise\u00f1adores. Descubre la cartera de productos y soluciones de 2020 para dise\u00f1adores.\u00a0Prueba gratuita.\u00a0\",\"breadcrumb\":{\"@id\":\"https:\\\/\\\/www.2020spaces.com\\\/es\\\/soluciones\\\/#breadcrumb\"},\"inLanguage\":\"es\",\"potentialAction\":[{\"@type\":\"ReadAction\",\"target\":[\"https:\\\/\\\/www.2020spaces.com\\\/es\\\/soluciones\\\/\"]}]},{\"@type\":\"ImageObject\",\"inLanguage\":\"es\",\"@id\":\"https:\\\/\\\/www.2020spaces.com\\\/es\\\/soluciones\\\/#primaryimage\",\"url\":\"https:\\\/\\\/www.2020spaces.com\\\/wp-content\\\/uploads\\\/2020\\\/04\\\/Featured_400x323_EndToEnd_Generic_ES.jpg\",\"contentUrl\":\"https:\\\/\\\/www.2020spaces.com\\\/wp-content\\\/uploads\\\/2020\\\/04\\\/Featured_400x323_EndToEnd_Generic_ES.jpg\",\"width\":400,\"height\":323,\"caption\":\"Soluciones 2020\"},{\"@type\":\"BreadcrumbList\",\"@id\":\"https:\\\/\\\/www.2020spaces.com\\\/es\\\/soluciones\\\/#breadcrumb\",\"itemListElement\":[{\"@type\":\"ListItem\",\"position\":1,\"name\":\"Home\",\"item\":\"https:\\\/\\\/www.2020spaces.com\\\/es\\\/inicio-2-2\\\/\"},{\"@type\":\"ListItem\",\"position\":2,\"name\":\"Soluciones\"}]},{\"@type\":\"WebSite\",\"@id\":\"https:\\\/\\\/www.2020spaces.com\\\/#website\",\"url\":\"https:\\\/\\\/www.2020spaces.com\\\/\",\"name\":\"2020\",\"description\":\"Making Spaces for Life\u2122\",\"potentialAction\":[{\"@type\":\"SearchAction\",\"target\":{\"@type\":\"EntryPoint\",\"urlTemplate\":\"https:\\\/\\\/www.2020spaces.com\\\/?s={search_term_string}\"},\"query-input\":{\"@type\":\"PropertyValueSpecification\",\"valueRequired\":true,\"valueName\":\"search_term_string\"}}],\"inLanguage\":\"es\"}]}<\/script>\n<!-- \/ Yoast SEO Premium plugin. -->","yoast_head_json":{"title":"Nuestras soluciones para dise\u00f1adores | 2020 Spaces","description":"Aprende m\u00e1s sobre nuestras soluciones para dise\u00f1adores. Descubre la cartera de productos y soluciones de 2020 para dise\u00f1adores.\u00a0Prueba gratuita.\u00a0","robots":{"index":"index","follow":"follow","max-snippet":"max-snippet:-1","max-image-preview":"max-image-preview:large","max-video-preview":"max-video-preview:-1"},"canonical":"https:\/\/www.2020spaces.com\/es\/soluciones\/","og_locale":"es_ES","og_type":"article","og_title":"Nuestras soluciones para dise\u00f1adores | 2020 Spaces","og_description":"Aprende m\u00e1s sobre nuestras soluciones para dise\u00f1adores. Descubre la cartera de productos y soluciones de 2020 para dise\u00f1adores. Prueba gratuita.","og_url":"https:\/\/www.2020spaces.com\/es\/soluciones\/","og_site_name":"2020","article_publisher":"https:\/\/www.facebook.com\/2020spaces","article_modified_time":"2020-10-21T13:09:37+00:00","og_image":[{"width":1200,"height":630,"url":"https:\/\/www.2020spaces.com\/wp-content\/uploads\/2020\/04\/Social_1200x630_EndToEnd_Generic_ES.jpg","type":"image\/jpeg"}],"twitter_card":"summary_large_image","twitter_title":"Nuestras soluciones para dise\u00f1adores | 2020 Spaces","twitter_description":"Aprende m\u00e1s sobre nuestras soluciones para dise\u00f1adores. Descubre la cartera de productos y soluciones de 2020 para dise\u00f1adores. Prueba gratuita.","twitter_image":"https:\/\/www.2020spaces.com\/wp-content\/uploads\/2020\/04\/Social_1200x630_EndToEnd_Generic_ES.jpg","twitter_site":"@2020spaces","twitter_misc":{"Tiempo de lectura":"5 minutos"},"schema":{"@context":"https:\/\/schema.org","@graph":[{"@type":"WebPage","@id":"https:\/\/www.2020spaces.com\/es\/soluciones\/","url":"https:\/\/www.2020spaces.com\/es\/soluciones\/","name":"Nuestras soluciones para dise\u00f1adores | 2020 Spaces","isPartOf":{"@id":"https:\/\/www.2020spaces.com\/#website"},"primaryImageOfPage":{"@id":"https:\/\/www.2020spaces.com\/es\/soluciones\/#primaryimage"},"image":{"@id":"https:\/\/www.2020spaces.com\/es\/soluciones\/#primaryimage"},"thumbnailUrl":"https:\/\/www.2020spaces.com\/wp-content\/uploads\/2020\/04\/Featured_400x323_EndToEnd_Generic_ES.jpg","datePublished":"2014-06-08T00:37:14+00:00","dateModified":"2020-10-21T13:09:37+00:00","description":"Aprende m\u00e1s sobre nuestras soluciones para dise\u00f1adores. Descubre la cartera de productos y soluciones de 2020 para dise\u00f1adores.\u00a0Prueba gratuita.\u00a0","breadcrumb":{"@id":"https:\/\/www.2020spaces.com\/es\/soluciones\/#breadcrumb"},"inLanguage":"es","potentialAction":[{"@type":"ReadAction","target":["https:\/\/www.2020spaces.com\/es\/soluciones\/"]}]},{"@type":"ImageObject","inLanguage":"es","@id":"https:\/\/www.2020spaces.com\/es\/soluciones\/#primaryimage","url":"https:\/\/www.2020spaces.com\/wp-content\/uploads\/2020\/04\/Featured_400x323_EndToEnd_Generic_ES.jpg","contentUrl":"https:\/\/www.2020spaces.com\/wp-content\/uploads\/2020\/04\/Featured_400x323_EndToEnd_Generic_ES.jpg","width":400,"height":323,"caption":"Soluciones 2020"},{"@type":"BreadcrumbList","@id":"https:\/\/www.2020spaces.com\/es\/soluciones\/#breadcrumb","itemListElement":[{"@type":"ListItem","position":1,"name":"Home","item":"https:\/\/www.2020spaces.com\/es\/inicio-2-2\/"},{"@type":"ListItem","position":2,"name":"Soluciones"}]},{"@type":"WebSite","@id":"https:\/\/www.2020spaces.com\/#website","url":"https:\/\/www.2020spaces.com\/","name":"2020","description":"Making Spaces for Life\u2122","potentialAction":[{"@type":"SearchAction","target":{"@type":"EntryPoint","urlTemplate":"https:\/\/www.2020spaces.com\/?s={search_term_string}"},"query-input":{"@type":"PropertyValueSpecification","valueRequired":true,"valueName":"search_term_string"}}],"inLanguage":"es"}]}},"_links":{"self":[{"href":"https:\/\/www.2020spaces.com\/es\/wp-json\/wp\/v2\/pages\/10978","targetHints":{"allow":["GET"]}}],"collection":[{"href":"https:\/\/www.2020spaces.com\/es\/wp-json\/wp\/v2\/pages"}],"about":[{"href":"https:\/\/www.2020spaces.com\/es\/wp-json\/wp\/v2\/types\/page"}],"author":[{"embeddable":true,"href":"https:\/\/www.2020spaces.com\/es\/wp-json\/wp\/v2\/users\/1"}],"replies":[{"embeddable":true,"href":"https:\/\/www.2020spaces.com\/es\/wp-json\/wp\/v2\/comments?post=10978"}],"version-history":[{"count":0,"href":"https:\/\/www.2020spaces.com\/es\/wp-json\/wp\/v2\/pages\/10978\/revisions"}],"wp:featuredmedia":[{"embeddable":true,"href":"https:\/\/www.2020spaces.com\/es\/wp-json\/wp\/v2\/media\/278680"}],"wp:attachment":[{"href":"https:\/\/www.2020spaces.com\/es\/wp-json\/wp\/v2\/media?parent=10978"}],"wp:term":[{"taxonomy":"category","embeddable":true,"href":"https:\/\/www.2020spaces.com\/es\/wp-json\/wp\/v2\/categories?post=10978"}],"curies":[{"name":"wp","href":"https:\/\/api.w.org\/{rel}","templated":true}]}}