{"id":10986,"date":"2014-06-08T10:49:57","date_gmt":"2014-06-08T14:49:57","guid":{"rendered":"https:\/\/www.2020spaces.com\/inicio\/"},"modified":"2024-07-20T09:52:25","modified_gmt":"2024-07-20T13:52:25","slug":"inicio-2-2","status":"publish","type":"page","link":"https:\/\/www.2020spaces.com\/es\/","title":{"rendered":"Inicio"},"content":{"rendered":"<div id=\"cs-content\" class=\"cs-content\"><\/div>\n","protected":false},"excerpt":{"rendered":"<p>Hacer espacios para la vida\u2122 2020 proporciona soluciones integrales de software para dise\u00f1adores, fabricantes y minoristasEncuentre la soluci\u00f3n adecuada para usted \u00bfQu\u00e9 busca alcanzar?Seleccione una opci\u00f3nMejorar mi dise\u00f1o, visualizaci\u00f3n y estimaci\u00f3nA\u00f1adir mis productos a los cat\u00e1logos de 2020Optimice y automatice la fabricaci\u00f3nInvolucre a los consumidores en l\u00edneaNecesito inspiraci\u00f3n 3D y &#8230; <\/p>\n<div><a href=\"https:\/\/www.2020spaces.com\/es\/\" class=\"more-link\">Read More<\/a><\/div>\n","protected":false},"author":1,"featured_media":0,"parent":0,"menu_order":0,"comment_status":"closed","ping_status":"closed","template":"template-blank-4.php","meta":{"_bbp_topic_count":0,"_bbp_reply_count":0,"_bbp_total_topic_count":0,"_bbp_total_reply_count":0,"_bbp_voice_count":0,"_bbp_anonymous_reply_count":0,"_bbp_topic_count_hidden":0,"_bbp_reply_count_hidden":0,"_bbp_forum_subforum_count":0,"footnotes":""},"categories":[],"class_list":["post-10986","page","type-page","status-publish","hentry","no-post-thumbnail"],"pp_force_visibility":null,"pp_subpost_visibility":null,"pp_inherited_force_visibility":null,"pp_inherited_subpost_visibility":null,"yoast_head":"<!-- This site is optimized with the Yoast SEO Premium plugin v27.4 (Yoast SEO v27.4) - https:\/\/yoast.com\/product\/yoast-seo-premium-wordpress\/ -->\n<title>2020 Spaces: Soluciones para dise\u00f1adores, fabricantes &amp; minoristas<\/title>\n<meta name=\"description\" content=\"Optimice los procesos y haga espacios para la vida con el software de dise\u00f1o de interiores 2020, ERP y soluciones de planificaci\u00f3n de espacios en l\u00ednea.\" \/>\n<meta name=\"robots\" content=\"index, follow, max-snippet:-1, max-image-preview:large, max-video-preview:-1\" \/>\n<link rel=\"canonical\" href=\"https:\/\/www.2020spaces.com\/es\/inicio-2-2\/\" \/>\n<meta property=\"og:locale\" content=\"es_ES\" \/>\n<meta property=\"og:type\" content=\"article\" \/>\n<meta property=\"og:title\" content=\"2020 Spaces: Soluciones para dise\u00f1adores, fabricantes &amp; minoristas\" \/>\n<meta property=\"og:description\" content=\"Optimice los procesos y haga espacios para la vida con el software de dise\u00f1o de interiores 2020, ERP y soluciones de planificaci\u00f3n de espacios en l\u00ednea.\" \/>\n<meta property=\"og:url\" content=\"https:\/\/www.2020spaces.com\/es\/inicio-2-2\/\" \/>\n<meta property=\"og:site_name\" content=\"2020\" \/>\n<meta property=\"article:publisher\" content=\"https:\/\/www.facebook.com\/2020spaces\" \/>\n<meta property=\"article:modified_time\" content=\"2024-07-20T13:52:25+00:00\" \/>\n<meta property=\"og:image\" content=\"https:\/\/www.2020spaces.com\/wp-content\/uploads\/2019\/02\/2020.png\" \/>\n\t<meta property=\"og:image:width\" content=\"1200\" \/>\n\t<meta property=\"og:image:height\" content=\"630\" \/>\n\t<meta property=\"og:image:type\" content=\"image\/png\" \/>\n<meta name=\"twitter:card\" content=\"summary_large_image\" \/>\n<meta name=\"twitter:title\" content=\"2020 Spaces: Soluciones para dise\u00f1adores, fabricantes &amp; minoristas\" \/>\n<meta name=\"twitter:description\" content=\"Optimice los procesos y haga espacios para la vida con el software de dise\u00f1o de interiores 2020, ERP y soluciones de planificaci\u00f3n de espacios en l\u00ednea.\" \/>\n<meta name=\"twitter:site\" content=\"@2020spaces\" \/>\n<meta name=\"twitter:label1\" content=\"Tiempo de lectura\" \/>\n\t<meta name=\"twitter:data1\" content=\"3 minutos\" \/>\n<script type=\"application\/ld+json\" class=\"yoast-schema-graph\">{\"@context\":\"https:\\\/\\\/schema.org\",\"@graph\":[{\"@type\":\"WebPage\",\"@id\":\"https:\\\/\\\/www.2020spaces.com\\\/es\\\/inicio-2-2\\\/\",\"url\":\"https:\\\/\\\/www.2020spaces.com\\\/es\\\/inicio-2-2\\\/\",\"name\":\"2020 Spaces: Soluciones para dise\u00f1adores, fabricantes & minoristas\",\"isPartOf\":{\"@id\":\"https:\\\/\\\/www.2020spaces.com\\\/#website\"},\"datePublished\":\"2014-06-08T14:49:57+00:00\",\"dateModified\":\"2024-07-20T13:52:25+00:00\",\"description\":\"Optimice los procesos y haga espacios para la vida con el software de dise\u00f1o de interiores 2020, ERP y soluciones de planificaci\u00f3n de espacios en l\u00ednea.\",\"breadcrumb\":{\"@id\":\"https:\\\/\\\/www.2020spaces.com\\\/es\\\/inicio-2-2\\\/#breadcrumb\"},\"inLanguage\":\"es\",\"potentialAction\":[{\"@type\":\"ReadAction\",\"target\":[\"https:\\\/\\\/www.2020spaces.com\\\/es\\\/inicio-2-2\\\/\"]}]},{\"@type\":\"BreadcrumbList\",\"@id\":\"https:\\\/\\\/www.2020spaces.com\\\/es\\\/inicio-2-2\\\/#breadcrumb\",\"itemListElement\":[{\"@type\":\"ListItem\",\"position\":1,\"name\":\"Home\",\"item\":\"https:\\\/\\\/www.2020spaces.com\\\/es\\\/inicio-2-2\\\/\"},{\"@type\":\"ListItem\",\"position\":2,\"name\":\"Inicio\"}]},{\"@type\":\"WebSite\",\"@id\":\"https:\\\/\\\/www.2020spaces.com\\\/#website\",\"url\":\"https:\\\/\\\/www.2020spaces.com\\\/\",\"name\":\"2020\",\"description\":\"Making Spaces for Life\u2122\",\"potentialAction\":[{\"@type\":\"SearchAction\",\"target\":{\"@type\":\"EntryPoint\",\"urlTemplate\":\"https:\\\/\\\/www.2020spaces.com\\\/?s={search_term_string}\"},\"query-input\":{\"@type\":\"PropertyValueSpecification\",\"valueRequired\":true,\"valueName\":\"search_term_string\"}}],\"inLanguage\":\"es\"}]}<\/script>\n<!-- \/ Yoast SEO Premium plugin. -->","yoast_head_json":{"title":"2020 Spaces: Soluciones para dise\u00f1adores, fabricantes & minoristas","description":"Optimice los procesos y haga espacios para la vida con el software de dise\u00f1o de interiores 2020, ERP y soluciones de planificaci\u00f3n de espacios en l\u00ednea.","robots":{"index":"index","follow":"follow","max-snippet":"max-snippet:-1","max-image-preview":"max-image-preview:large","max-video-preview":"max-video-preview:-1"},"canonical":"https:\/\/www.2020spaces.com\/es\/inicio-2-2\/","og_locale":"es_ES","og_type":"article","og_title":"2020 Spaces: Soluciones para dise\u00f1adores, fabricantes & minoristas","og_description":"Optimice los procesos y haga espacios para la vida con el software de dise\u00f1o de interiores 2020, ERP y soluciones de planificaci\u00f3n de espacios en l\u00ednea.","og_url":"https:\/\/www.2020spaces.com\/es\/inicio-2-2\/","og_site_name":"2020","article_publisher":"https:\/\/www.facebook.com\/2020spaces","article_modified_time":"2024-07-20T13:52:25+00:00","og_image":[{"width":1200,"height":630,"url":"https:\/\/www.2020spaces.com\/wp-content\/uploads\/2019\/02\/2020.png","type":"image\/png"}],"twitter_card":"summary_large_image","twitter_title":"2020 Spaces: Soluciones para dise\u00f1adores, fabricantes & minoristas","twitter_description":"Optimice los procesos y haga espacios para la vida con el software de dise\u00f1o de interiores 2020, ERP y soluciones de planificaci\u00f3n de espacios en l\u00ednea.","twitter_site":"@2020spaces","twitter_misc":{"Tiempo de lectura":"3 minutos"},"schema":{"@context":"https:\/\/schema.org","@graph":[{"@type":"WebPage","@id":"https:\/\/www.2020spaces.com\/es\/inicio-2-2\/","url":"https:\/\/www.2020spaces.com\/es\/inicio-2-2\/","name":"2020 Spaces: Soluciones para dise\u00f1adores, fabricantes & minoristas","isPartOf":{"@id":"https:\/\/www.2020spaces.com\/#website"},"datePublished":"2014-06-08T14:49:57+00:00","dateModified":"2024-07-20T13:52:25+00:00","description":"Optimice los procesos y haga espacios para la vida con el software de dise\u00f1o de interiores 2020, ERP y soluciones de planificaci\u00f3n de espacios en l\u00ednea.","breadcrumb":{"@id":"https:\/\/www.2020spaces.com\/es\/inicio-2-2\/#breadcrumb"},"inLanguage":"es","potentialAction":[{"@type":"ReadAction","target":["https:\/\/www.2020spaces.com\/es\/inicio-2-2\/"]}]},{"@type":"BreadcrumbList","@id":"https:\/\/www.2020spaces.com\/es\/inicio-2-2\/#breadcrumb","itemListElement":[{"@type":"ListItem","position":1,"name":"Home","item":"https:\/\/www.2020spaces.com\/es\/inicio-2-2\/"},{"@type":"ListItem","position":2,"name":"Inicio"}]},{"@type":"WebSite","@id":"https:\/\/www.2020spaces.com\/#website","url":"https:\/\/www.2020spaces.com\/","name":"2020","description":"Making Spaces for Life\u2122","potentialAction":[{"@type":"SearchAction","target":{"@type":"EntryPoint","urlTemplate":"https:\/\/www.2020spaces.com\/?s={search_term_string}"},"query-input":{"@type":"PropertyValueSpecification","valueRequired":true,"valueName":"search_term_string"}}],"inLanguage":"es"}]}},"_links":{"self":[{"href":"https:\/\/www.2020spaces.com\/es\/wp-json\/wp\/v2\/pages\/10986","targetHints":{"allow":["GET"]}}],"collection":[{"href":"https:\/\/www.2020spaces.com\/es\/wp-json\/wp\/v2\/pages"}],"about":[{"href":"https:\/\/www.2020spaces.com\/es\/wp-json\/wp\/v2\/types\/page"}],"author":[{"embeddable":true,"href":"https:\/\/www.2020spaces.com\/es\/wp-json\/wp\/v2\/users\/1"}],"replies":[{"embeddable":true,"href":"https:\/\/www.2020spaces.com\/es\/wp-json\/wp\/v2\/comments?post=10986"}],"version-history":[{"count":0,"href":"https:\/\/www.2020spaces.com\/es\/wp-json\/wp\/v2\/pages\/10986\/revisions"}],"wp:attachment":[{"href":"https:\/\/www.2020spaces.com\/es\/wp-json\/wp\/v2\/media?parent=10986"}],"wp:term":[{"taxonomy":"category","embeddable":true,"href":"https:\/\/www.2020spaces.com\/es\/wp-json\/wp\/v2\/categories?post=10986"}],"curies":[{"name":"wp","href":"https:\/\/api.w.org\/{rel}","templated":true}]}}