{"id":120613,"date":"2014-06-09T13:32:21","date_gmt":"2014-06-09T17:32:21","guid":{"rendered":"https:\/\/www.2020spaces.com\/es\/?page_id=120613"},"modified":"2023-04-25T05:48:44","modified_gmt":"2023-04-25T09:48:44","slug":"terms-of-use","status":"publish","type":"page","link":"https:\/\/www.2020spaces.com\/es\/terms-of-use\/","title":{"rendered":"T\u00e9rminos de Uso"},"content":{"rendered":"<div id=\"cs-content\" class=\"cs-content\"><\/div>\n","protected":false},"excerpt":{"rendered":"","protected":false},"author":5,"featured_media":0,"parent":0,"menu_order":0,"comment_status":"closed","ping_status":"closed","template":"template-blank-1.php","meta":{"_bbp_topic_count":0,"_bbp_reply_count":0,"_bbp_total_topic_count":0,"_bbp_total_reply_count":0,"_bbp_voice_count":0,"_bbp_anonymous_reply_count":0,"_bbp_topic_count_hidden":0,"_bbp_reply_count_hidden":0,"_bbp_forum_subforum_count":0,"footnotes":""},"categories":[],"class_list":["post-120613","page","type-page","status-publish","hentry","no-post-thumbnail"],"pp_force_visibility":null,"pp_subpost_visibility":null,"pp_inherited_force_visibility":null,"pp_inherited_subpost_visibility":null,"yoast_head":"<!-- This site is optimized with the Yoast SEO Premium plugin v26.7 (Yoast SEO v26.7) - https:\/\/yoast.com\/wordpress\/plugins\/seo\/ -->\n<title>T\u00e9rminos de Uso - 2020<\/title>\n<meta name=\"description\" content=\"Encuentre aqu\u00ed informaci\u00f3n sobre el aviso de derechos de autor de 2020, el aviso de marca comercial, el aviso legal, la ley y la jurisdicci\u00f3n\" \/>\n<meta name=\"robots\" content=\"index, follow, max-snippet:-1, max-image-preview:large, max-video-preview:-1\" \/>\n<link rel=\"canonical\" href=\"https:\/\/www.2020spaces.com\/es\/terms-of-use\/\" \/>\n<meta property=\"og:locale\" content=\"es_ES\" \/>\n<meta property=\"og:type\" content=\"article\" \/>\n<meta property=\"og:title\" content=\"T\u00e9rminos de Uso\" \/>\n<meta property=\"og:description\" content=\"Encuentre aqu\u00ed informaci\u00f3n sobre el aviso de derechos de autor de 2020, el aviso de marca comercial, el aviso legal, la ley y la jurisdicci\u00f3n\" \/>\n<meta property=\"og:url\" content=\"https:\/\/www.2020spaces.com\/es\/terms-of-use\/\" \/>\n<meta property=\"og:site_name\" content=\"2020\" \/>\n<meta property=\"article:publisher\" content=\"https:\/\/www.facebook.com\/2020spaces\" \/>\n<meta property=\"article:modified_time\" content=\"2023-04-25T09:48:44+00:00\" \/>\n<meta name=\"twitter:card\" content=\"summary_large_image\" \/>\n<meta name=\"twitter:site\" content=\"@2020spaces\" \/>\n<meta name=\"twitter:label1\" content=\"Tiempo de lectura\" \/>\n\t<meta name=\"twitter:data1\" content=\"23 minutos\" \/>\n<script type=\"application\/ld+json\" class=\"yoast-schema-graph\">{\"@context\":\"https:\/\/schema.org\",\"@graph\":[{\"@type\":\"WebPage\",\"@id\":\"https:\/\/www.2020spaces.com\/es\/terms-of-use\/\",\"url\":\"https:\/\/www.2020spaces.com\/es\/terms-of-use\/\",\"name\":\"T\u00e9rminos de Uso - 2020\",\"isPartOf\":{\"@id\":\"https:\/\/www.2020spaces.com\/#website\"},\"datePublished\":\"2014-06-09T17:32:21+00:00\",\"dateModified\":\"2023-04-25T09:48:44+00:00\",\"description\":\"Encuentre aqu\u00ed informaci\u00f3n sobre el aviso de derechos de autor de 2020, el aviso de marca comercial, el aviso legal, la ley y la jurisdicci\u00f3n\",\"breadcrumb\":{\"@id\":\"https:\/\/www.2020spaces.com\/es\/terms-of-use\/#breadcrumb\"},\"inLanguage\":\"es\",\"potentialAction\":[{\"@type\":\"ReadAction\",\"target\":[\"https:\/\/www.2020spaces.com\/es\/terms-of-use\/\"]}]},{\"@type\":\"BreadcrumbList\",\"@id\":\"https:\/\/www.2020spaces.com\/es\/terms-of-use\/#breadcrumb\",\"itemListElement\":[{\"@type\":\"ListItem\",\"position\":1,\"name\":\"Home\",\"item\":\"https:\/\/www.2020spaces.com\/es\/inicio-2-2\/\"},{\"@type\":\"ListItem\",\"position\":2,\"name\":\"T\u00e9rminos de Uso\"}]},{\"@type\":\"WebSite\",\"@id\":\"https:\/\/www.2020spaces.com\/#website\",\"url\":\"https:\/\/www.2020spaces.com\/\",\"name\":\"2020\",\"description\":\"Making Spaces for Life\u2122\",\"potentialAction\":[{\"@type\":\"SearchAction\",\"target\":{\"@type\":\"EntryPoint\",\"urlTemplate\":\"https:\/\/www.2020spaces.com\/?s={search_term_string}\"},\"query-input\":{\"@type\":\"PropertyValueSpecification\",\"valueRequired\":true,\"valueName\":\"search_term_string\"}}],\"inLanguage\":\"es\"}]}<\/script>\n<!-- \/ Yoast SEO Premium plugin. -->","yoast_head_json":{"title":"T\u00e9rminos de Uso - 2020","description":"Encuentre aqu\u00ed informaci\u00f3n sobre el aviso de derechos de autor de 2020, el aviso de marca comercial, el aviso legal, la ley y la jurisdicci\u00f3n","robots":{"index":"index","follow":"follow","max-snippet":"max-snippet:-1","max-image-preview":"max-image-preview:large","max-video-preview":"max-video-preview:-1"},"canonical":"https:\/\/www.2020spaces.com\/es\/terms-of-use\/","og_locale":"es_ES","og_type":"article","og_title":"T\u00e9rminos de Uso","og_description":"Encuentre aqu\u00ed informaci\u00f3n sobre el aviso de derechos de autor de 2020, el aviso de marca comercial, el aviso legal, la ley y la jurisdicci\u00f3n","og_url":"https:\/\/www.2020spaces.com\/es\/terms-of-use\/","og_site_name":"2020","article_publisher":"https:\/\/www.facebook.com\/2020spaces","article_modified_time":"2023-04-25T09:48:44+00:00","twitter_card":"summary_large_image","twitter_site":"@2020spaces","twitter_misc":{"Tiempo de lectura":"23 minutos"},"schema":{"@context":"https:\/\/schema.org","@graph":[{"@type":"WebPage","@id":"https:\/\/www.2020spaces.com\/es\/terms-of-use\/","url":"https:\/\/www.2020spaces.com\/es\/terms-of-use\/","name":"T\u00e9rminos de Uso - 2020","isPartOf":{"@id":"https:\/\/www.2020spaces.com\/#website"},"datePublished":"2014-06-09T17:32:21+00:00","dateModified":"2023-04-25T09:48:44+00:00","description":"Encuentre aqu\u00ed informaci\u00f3n sobre el aviso de derechos de autor de 2020, el aviso de marca comercial, el aviso legal, la ley y la jurisdicci\u00f3n","breadcrumb":{"@id":"https:\/\/www.2020spaces.com\/es\/terms-of-use\/#breadcrumb"},"inLanguage":"es","potentialAction":[{"@type":"ReadAction","target":["https:\/\/www.2020spaces.com\/es\/terms-of-use\/"]}]},{"@type":"BreadcrumbList","@id":"https:\/\/www.2020spaces.com\/es\/terms-of-use\/#breadcrumb","itemListElement":[{"@type":"ListItem","position":1,"name":"Home","item":"https:\/\/www.2020spaces.com\/es\/inicio-2-2\/"},{"@type":"ListItem","position":2,"name":"T\u00e9rminos de Uso"}]},{"@type":"WebSite","@id":"https:\/\/www.2020spaces.com\/#website","url":"https:\/\/www.2020spaces.com\/","name":"2020","description":"Making Spaces for Life\u2122","potentialAction":[{"@type":"SearchAction","target":{"@type":"EntryPoint","urlTemplate":"https:\/\/www.2020spaces.com\/?s={search_term_string}"},"query-input":{"@type":"PropertyValueSpecification","valueRequired":true,"valueName":"search_term_string"}}],"inLanguage":"es"}]}},"_links":{"self":[{"href":"https:\/\/www.2020spaces.com\/es\/wp-json\/wp\/v2\/pages\/120613","targetHints":{"allow":["GET"]}}],"collection":[{"href":"https:\/\/www.2020spaces.com\/es\/wp-json\/wp\/v2\/pages"}],"about":[{"href":"https:\/\/www.2020spaces.com\/es\/wp-json\/wp\/v2\/types\/page"}],"author":[{"embeddable":true,"href":"https:\/\/www.2020spaces.com\/es\/wp-json\/wp\/v2\/users\/5"}],"replies":[{"embeddable":true,"href":"https:\/\/www.2020spaces.com\/es\/wp-json\/wp\/v2\/comments?post=120613"}],"version-history":[{"count":0,"href":"https:\/\/www.2020spaces.com\/es\/wp-json\/wp\/v2\/pages\/120613\/revisions"}],"wp:attachment":[{"href":"https:\/\/www.2020spaces.com\/es\/wp-json\/wp\/v2\/media?parent=120613"}],"wp:term":[{"taxonomy":"category","embeddable":true,"href":"https:\/\/www.2020spaces.com\/es\/wp-json\/wp\/v2\/categories?post=120613"}],"curies":[{"name":"wp","href":"https:\/\/api.w.org\/{rel}","templated":true}]}}