{"id":120622,"date":"2016-02-01T17:29:53","date_gmt":"2016-02-01T22:29:53","guid":{"rendered":"https:\/\/www.2020spaces.com\/es\/?page_id=120622"},"modified":"2023-04-21T06:11:39","modified_gmt":"2023-04-21T10:11:39","slug":"getting-started-2020-design","status":"publish","type":"page","link":"https:\/\/www.2020spaces.com\/es\/productos-de-2020\/2020design\/getting-started-2020-design\/","title":{"rendered":"Getting started with 2020 Design"},"content":{"rendered":"<div class=\"wpb-content-wrapper\">[vc_row padding_top=\u00bb0px\u00bb padding_bottom=\u00bb0px\u00bb][vc_column fade_animation_offset=\u00bb45px\u00bb width=\u00bb1\/1&#8243;][vc_column_text]\n<style>\n.x-code<br \/>{<br \/>padding:0px;<br \/>}<br \/><\/style>\n[\/vc_column_text][\/vc_column][\/vc_row][vc_row no_margin=\u00bbtrue\u00bb padding_top=\u00bb0px\u00bb padding_bottom=\u00bb0px\u00bb border=\u00bbnone\u00bb][vc_column fade_animation_offset=\u00bb45px\u00bb width=\u00bb1\/1&#8243;]<img decoding=\"async\"  class=\"x-img x-img-none none\"  src=\"https:\/\/www.2020spaces.com\/wp-content\/uploads\/2016\/12\/HelloLanguages_lp1-1.jpg\" alt=\"2020 Design Kitchen and Bath Design software\">[\/vc_column][\/vc_row][vc_row no_margin=\u00bbtrue\u00bb padding_top=\u00bb0px\u00bb padding_bottom=\u00bb0px\u00bb border=\u00bbnone\u00bb bg_color=\u00bb#ffffff\u00bb][vc_column fade_animation=\u00bbin\u00bb fade_animation_offset=\u00bb45px\u00bb width=\u00bb1\/1&#8243; id=\u00bbproduct\u00bb][vc_row_inner inner_container=\u00bbtrue\u00bb padding_top=\u00bb0px\u00bb padding_bottom=\u00bb0px\u00bb border=\u00bbnone\u00bb][vc_column_inner fade_animation_offset=\u00bb45px\u00bb width=\u00bb2\/3&#8243;]<div  class=\"x-container max width\" ><h1 style=\"text-align: center;\">\u00a0C\u00f3mo empezar con<br \/>\n2020 Design<\/h1>\n<h4 style=\"text-align: center;\"><strong>\u00a1Gracias por seleccionar <a href=\"https:\/\/www.2020spaces.com\/2020products\/2020design\/\">el software de dise\u00f1o de ba\u00f1os y cocinas 2020 Design<\/a> y bienvenido a nuestra comunidad de usuarios!<\/strong><\/h4>\n<\/div><hr  class=\"x-gap\" style=\"margin: 2.626em 0 0 0;\">[\/vc_column_inner][vc_column_inner fade_animation_offset=\u00bb45px\u00bb width=\u00bb1\/3&#8243;]<hr  class=\"x-gap\" style=\"margin: 15% 0 0 0;\">[\/vc_column_inner][\/vc_row_inner][\/vc_column][\/vc_row][vc_row padding_top=\u00bb0px\u00bb padding_bottom=\u00bb0px\u00bb][vc_column fade_animation_offset=\u00bb45px\u00bb width=\u00bb1\/1&#8243;][vc_row_inner inner_container=\u00bbtrue\u00bb padding_top=\u00bb0px\u00bb padding_bottom=\u00bb0px\u00bb border=\u00bbnone\u00bb][vc_column_inner fade_animation_offset=\u00bb45px\u00bb width=\u00bb1\/3&#8243;]<h2  class=\"h-custom-headline h2\" ><span>\n<p style=\"text-align: center;\">\u00a0<strong>2020 Community<\/strong><\/p>\n<\/span><\/h2><p style=\"text-align: center;\"><a href=\"\/registration\/\" title=\"Register\"><i  class=\"x-icon x-icon-users\" style=\"text-align: center;      font-size:100px;\" data-x-icon-s=\"&#xf0c0;\" aria-hidden=\"true\"><\/i><\/a><\/p>\n<p>2020 Community es un gran recurso para que los dise\u00f1adores profesionales y los aficionados de la industria establezcan redes con colegas, encuentren respuestas a sus preguntas, compartan consejos, accedan a excelentes sugerencias y mucho m\u00e1s.<\/p>\n<p><a target=\"_blank\" href=\"https:\/\/www.2020spaces.com\/community\/\" rel=\"noopener noreferrer\">Haga clic aqu\u00ed para registrarse en 2020 Community<\/a><\/p>\n<p><em>Sus datos de registro de Community son los mismos que usa para 2020 Cloud, as\u00ed que es fundamental que genere una cuenta para poder acceder a estos importantes recursos.<\/em><\/p>\n[\/vc_column_inner][vc_column_inner fade_animation_offset=\u00bb45px\u00bb width=\u00bb1\/3&#8243;]<h2  class=\"h-custom-headline h2\" ><span>\n<p style=\"text-align: center;\">\u00a0<strong>2020\u00a0Cloud<\/strong><\/p>\n<\/span><\/h2><p style=\"text-align: center;\"><i  class=\"x-icon x-icon-cloud\" style=\"text-align: center;      font-size:100px;color:#f8971d;\" data-x-icon-s=\"&#xf0c2;\" aria-hidden=\"true\"><\/i><\/p>\n<p><strong>2020 Cloud* es una nueva manera de acceder al contenido del cat\u00e1logo directamente desde 2020 Design. Los cat\u00e1logos de 2020 Cloud siempre est\u00e1n actualizados y certificados para trabajar con la \u00faltima versi\u00f3n de su software. <\/strong>Para obtener m\u00e1s informaci\u00f3n acerca de 2020 Cloud, <a href=\"https:\/\/www.2020spaces.com\/2020-cloud\/\"> haga clic aqu\u00ed<\/a>.<\/p>\n<ul>\n<li>Para acceder a 2020 Cloud, abra 2020 Design y haga clic en el icono de 2020 Cloud que est\u00e1 localizado en la pesta\u00f1a \u201cView\u201d (ver).<\/li>\n<li>Inicie sesi\u00f3n en 2020 Cloud usando sus datos de registro de 2020 Community. Si no tiene una cuenta 2020 Community,\u00a0<a href=\"https:\/\/www.2020spaces.com\/community\/\">genere una aqu\u00ed.<\/a><\/li>\n<\/ul>\n<p style=\"text-align: center;\"><strong><em>*2020 Cloud solamente est\u00e1 disponible en algunas regiones.<br \/>\n<a target=\"_blank\" href=\"https:\/\/www.2020spaces.com\/ecommerce-faq\/\" rel=\"noopener noreferrer\">See the most frequently asked questions<\/a><\/em><\/strong><\/p>\n[\/vc_column_inner][vc_column_inner fade_animation_offset=\u00bb45px\u00bb width=\u00bb1\/3&#8243;]<h2  class=\"h-custom-headline h2\" ><span>\n<p style=\"text-align: center;\"><strong>Instalaci\u00f3n y soporte<\/strong><\/p>\n<\/span><\/h2><p style=\"text-align: center;\"><i  class=\"x-icon x-icon-wrench\" style=\"text-align: center;      font-size:100px;color:#f8971d;\" data-x-icon-s=\"&#xf0ad;\" aria-hidden=\"true\"><\/i><\/p>\n<p>Acceda a los requisitos del sistema y la \u00faltima gu\u00eda de instalaci\u00f3n de 2020 Design en <a href=\"https:\/\/www.2020spaces.com\/es\/soporte\/soporte-de-instalacion\/\">https:\/\/www.2020spaces.com\/es\/soporte\/soporte-de-instalacion\/<\/a><\/p>\n[\/vc_column_inner][\/vc_row_inner]<hr  class=\"x-gap\" style=\"margin: 2.626em 0 0 0;\">[\/vc_column][\/vc_row][vc_row padding_top=\u00bb0px\u00bb padding_bottom=\u00bb0px\u00bb border=\u00bbnone\u00bb parallax=\u00bbtrue\u00bb bg_image=\u00bb84417&#8243;][vc_column fade_animation_offset=\u00bb45px\u00bb width=\u00bb1\/1&#8243;][vc_row_inner inner_container=\u00bbtrue\u00bb padding_top=\u00bb0px\u00bb padding_bottom=\u00bb0px\u00bb border=\u00bbnone\u00bb][vc_column_inner fade_animation_offset=\u00bb45px\u00bb width=\u00bb1\/2&#8243;][vc_column_text][\/vc_column_text][\/vc_column_inner][vc_column_inner fade_animation=\u00bbin\u00bb fade_animation_offset=\u00bb45px\u00bb width=\u00bb1\/2&#8243; style=\u00bbfloat:right;\u00bb]<hr  class=\"x-gap\" style=\"margin: 2.626em 0 0 0;\"><h2  class=\"h-custom-headline h1\" style=\"min-height:350px; float:right; vertical-align:middle;\"><span>\n<p style=\"text-align: center;\"><span style=\"color: #ffffff;\">\u00a1S\u00e1quele ventaja a su inversi\u00f3n con la capacitaci\u00f3n!<\/span><\/p>\n<\/span><\/h2>[\/vc_column_inner][\/vc_row_inner][\/vc_column][\/vc_row][vc_row padding_top=\u00bb0px\u00bb padding_bottom=\u00bb0px\u00bb][vc_column fade_animation_offset=\u00bb45px\u00bb width=\u00bb1\/1&#8243;][vc_row_inner inner_container=\u00bbtrue\u00bb padding_top=\u00bb0px\u00bb padding_bottom=\u00bb0px\u00bb border=\u00bbnone\u00bb][vc_column_inner fade_animation_offset=\u00bb45px\u00bb width=\u00bb1\/2&#8243;]<h2  class=\"h-custom-headline h2\" ><span>\n<p style=\"text-align: center;\"><strong>e-Learning de 2020 Design<\/strong><\/p>\n<\/span><\/h2><p style=\"text-align: center;\"><i  class=\"x-icon x-icon-youtube-play\" style=\"text-align: center;      font-size:100px;color:#f8971d;\" data-x-icon-b=\"&#xf167;\" aria-hidden=\"true\"><\/i><\/p>\n<p style=\"text-align: left;\"><strong>\u00a1Use nuestros tutoriales de capacitaci\u00f3n en l\u00ednea para ponerse en marcha r\u00e1pidamente!<\/strong><\/p>\n<ul>\n<li style=\"text-align: left;\"><strong>e-Learning 101:<\/strong> un conjunto de videos de nivel inicial dise\u00f1ados para que los usuarios nuevos se familiaricen con 2020 Design<\/li>\n<li style=\"text-align: left;\"><strong>e-Learning 201:<\/strong> un conjunto de videos dise\u00f1ados para ayudar a los usuarios a aprender los temas m\u00e1s avanzados de 2020 Design<\/li>\n<\/ul>\n[\/vc_column_inner][vc_column_inner fade_animation_offset=\u00bb45px\u00bb width=\u00bb1\/2&#8243;]<h2  class=\"h-custom-headline h2\" ><span>\n<p style=\"text-align: center;\"><strong>Cursos de capacitaci\u00f3n<\/strong><\/p>\n<\/span><\/h2><p style=\"text-align: center;\"><i  class=\"x-icon x-icon-globe\" style=\"text-align: center;      font-size:100px;color:#f8971d;\" data-x-icon-s=\"&#xf0ac;\" aria-hidden=\"true\"><\/i><\/p>\n<p style=\"text-align: left;\"><strong>\u00a1Encuentre una clase que sea adecuada para usted! <\/strong>\u00a0Ofrecemos completos cursos de capacitaci\u00f3n dictados por un instructor en un entorno de clase presencial o en l\u00ednea.<\/p>\n<ul>\n<li style=\"text-align: left;\">Encuentre un <a href=\"https:\/\/www.2020spaces.com\/es\/capacitacion\/2020design\/aula\/\">curso de capacitaci\u00f3n en l\u00ednea<\/a><\/li>\n<li style=\"text-align: left;\">Inicie sesi\u00f3n para realizar una\u00a0<a target=\"_blank\" href=\"https:\/\/www.2020spaces.com\/support\/north-america\/#tab-4\" rel=\"noopener noreferrer\">capacitaci\u00f3n en clase en Norteam\u00e9rica<\/a>\u00a0o\u00a0<a target=\"_blank\" href=\"https:\/\/www.2020spaces.com\/support\/france\/#tab-4\" rel=\"noopener noreferrer\">Francia<\/a><\/li>\n<\/ul>\n<p style=\"text-align: left;\">Para saber m\u00e1s acerca de los eventos de capacitaci\u00f3n local, haga clic en el icono que se encuentra en la esquina superior derecha de <a href=\"https:\/\/www.2020spaces.com\/\">2020spaces.com<\/a> y luego elija una ubicaci\u00f3n de la oficina regional.<\/p>\n[\/vc_column_inner][\/vc_row_inner][\/vc_column][\/vc_row]\n<\/div>","protected":false},"excerpt":{"rendered":"<p>[vc_row padding_top=\u00bb0px\u00bb padding_bottom=\u00bb0px\u00bb][vc_column fade_animation_offset=\u00bb45px\u00bb width=\u00bb1\/1&#8243;][vc_column_text] [\/vc_column_text][\/vc_column][\/vc_row][vc_row no_margin=\u00bbtrue\u00bb padding_top=\u00bb0px\u00bb padding_bottom=\u00bb0px\u00bb border=\u00bbnone\u00bb][vc_column fade_animation_offset=\u00bb45px\u00bb width=\u00bb1\/1&#8243;][\/vc_column][\/vc_row][vc_row no_margin=\u00bbtrue\u00bb padding_top=\u00bb0px\u00bb padding_bottom=\u00bb0px\u00bb border=\u00bbnone\u00bb bg_color=\u00bb#ffffff\u00bb][vc_column fade_animation=\u00bbin\u00bb fade_animation_offset=\u00bb45px\u00bb width=\u00bb1\/1&#8243; id=\u00bbproduct\u00bb][vc_row_inner inner_container=\u00bbtrue\u00bb padding_top=\u00bb0px\u00bb padding_bottom=\u00bb0px\u00bb border=\u00bbnone\u00bb][vc_column_inner fade_animation_offset=\u00bb45px\u00bb width=\u00bb2\/3&#8243;][\/vc_column_inner][vc_column_inner fade_animation_offset=\u00bb45px\u00bb width=\u00bb1\/3&#8243;][\/vc_column_inner][\/vc_row_inner][\/vc_column][\/vc_row][vc_row padding_top=\u00bb0px\u00bb padding_bottom=\u00bb0px\u00bb][vc_column fade_animation_offset=\u00bb45px\u00bb width=\u00bb1\/1&#8243;][vc_row_inner inner_container=\u00bbtrue\u00bb padding_top=\u00bb0px\u00bb padding_bottom=\u00bb0px\u00bb border=\u00bbnone\u00bb][vc_column_inner fade_animation_offset=\u00bb45px\u00bb width=\u00bb1\/3&#8243;][\/vc_column_inner][vc_column_inner fade_animation_offset=\u00bb45px\u00bb width=\u00bb1\/3&#8243;][\/vc_column_inner][vc_column_inner fade_animation_offset=\u00bb45px\u00bb width=\u00bb1\/3&#8243;][\/vc_column_inner][\/vc_row_inner][\/vc_column][\/vc_row][vc_row padding_top=\u00bb0px\u00bb padding_bottom=\u00bb0px\u00bb border=\u00bbnone\u00bb parallax=\u00bbtrue\u00bb bg_image=\u00bb84417&#8243;][vc_column fade_animation_offset=\u00bb45px\u00bb width=\u00bb1\/1&#8243;][vc_row_inner &#8230; <\/p>\n<div><a href=\"https:\/\/www.2020spaces.com\/es\/productos-de-2020\/2020design\/getting-started-2020-design\/\" class=\"more-link\">Read More<\/a><\/div>\n","protected":false},"author":5,"featured_media":0,"parent":10864,"menu_order":0,"comment_status":"closed","ping_status":"closed","template":"template-blank-4.php","meta":{"_bbp_topic_count":0,"_bbp_reply_count":0,"_bbp_total_topic_count":0,"_bbp_total_reply_count":0,"_bbp_voice_count":0,"_bbp_anonymous_reply_count":0,"_bbp_topic_count_hidden":0,"_bbp_reply_count_hidden":0,"_bbp_forum_subforum_count":0,"footnotes":""},"categories":[],"class_list":["post-120622","page","type-page","status-publish","hentry","no-post-thumbnail"],"pp_force_visibility":null,"pp_subpost_visibility":null,"pp_inherited_force_visibility":null,"pp_inherited_subpost_visibility":null,"yoast_head":"<!-- This site is optimized with the Yoast SEO Premium plugin v27.4 (Yoast SEO v27.4) - https:\/\/yoast.com\/product\/yoast-seo-premium-wordpress\/ -->\n<title>Getting started with 2020 Design - 2020<\/title>\n<meta name=\"description\" content=\"C\u00f3mo empezar con 2020 Design \u00a1Gracias por seleccionar el software de dise\u00f1o de ba\u00f1os y cocinas 2020 Design y bienvenido a nuestra comunidad\" \/>\n<meta name=\"robots\" content=\"index, follow, max-snippet:-1, max-image-preview:large, max-video-preview:-1\" \/>\n<link rel=\"canonical\" href=\"https:\/\/www.2020spaces.com\/es\/productos-de-2020\/2020design\/getting-started-2020-design\/\" \/>\n<meta property=\"og:locale\" content=\"es_ES\" \/>\n<meta property=\"og:type\" content=\"article\" \/>\n<meta property=\"og:title\" content=\"Getting started with 2020 Design\" \/>\n<meta property=\"og:description\" content=\"C\u00f3mo empezar con 2020 Design \u00a1Gracias por seleccionar el software de dise\u00f1o de ba\u00f1os y cocinas 2020 Design y bienvenido a nuestra comunidad\" \/>\n<meta property=\"og:url\" content=\"https:\/\/www.2020spaces.com\/es\/productos-de-2020\/2020design\/getting-started-2020-design\/\" \/>\n<meta property=\"og:site_name\" content=\"2020\" \/>\n<meta property=\"article:publisher\" content=\"https:\/\/www.facebook.com\/2020spaces\" \/>\n<meta property=\"article:modified_time\" content=\"2023-04-21T10:11:39+00:00\" \/>\n<meta name=\"twitter:card\" content=\"summary_large_image\" \/>\n<meta name=\"twitter:site\" content=\"@2020spaces\" \/>\n<meta name=\"twitter:label1\" content=\"Tiempo de lectura\" \/>\n\t<meta name=\"twitter:data1\" content=\"3 minutos\" \/>\n<script type=\"application\/ld+json\" class=\"yoast-schema-graph\">{\"@context\":\"https:\\\/\\\/schema.org\",\"@graph\":[{\"@type\":\"WebPage\",\"@id\":\"https:\\\/\\\/www.2020spaces.com\\\/es\\\/productos-de-2020\\\/2020design\\\/getting-started-2020-design\\\/\",\"url\":\"https:\\\/\\\/www.2020spaces.com\\\/es\\\/productos-de-2020\\\/2020design\\\/getting-started-2020-design\\\/\",\"name\":\"Getting started with 2020 Design - 2020\",\"isPartOf\":{\"@id\":\"https:\\\/\\\/www.2020spaces.com\\\/#website\"},\"datePublished\":\"2016-02-01T22:29:53+00:00\",\"dateModified\":\"2023-04-21T10:11:39+00:00\",\"description\":\"C\u00f3mo empezar con 2020 Design \u00a1Gracias por seleccionar el software de dise\u00f1o de ba\u00f1os y cocinas 2020 Design y bienvenido a nuestra comunidad\",\"breadcrumb\":{\"@id\":\"https:\\\/\\\/www.2020spaces.com\\\/es\\\/productos-de-2020\\\/2020design\\\/getting-started-2020-design\\\/#breadcrumb\"},\"inLanguage\":\"es\",\"potentialAction\":[{\"@type\":\"ReadAction\",\"target\":[\"https:\\\/\\\/www.2020spaces.com\\\/es\\\/productos-de-2020\\\/2020design\\\/getting-started-2020-design\\\/\"]}]},{\"@type\":\"BreadcrumbList\",\"@id\":\"https:\\\/\\\/www.2020spaces.com\\\/es\\\/productos-de-2020\\\/2020design\\\/getting-started-2020-design\\\/#breadcrumb\",\"itemListElement\":[{\"@type\":\"ListItem\",\"position\":1,\"name\":\"Home\",\"item\":\"https:\\\/\\\/www.2020spaces.com\\\/es\\\/inicio-2-2\\\/\"},{\"@type\":\"ListItem\",\"position\":2,\"name\":\"Productos de 2020\",\"item\":\"https:\\\/\\\/www.2020spaces.com\\\/es\\\/productos-de-2020\\\/\"},{\"@type\":\"ListItem\",\"position\":3,\"name\":\"Design Flex\",\"item\":\"https:\\\/\\\/www.2020spaces.com\\\/es\\\/productos-de-2020\\\/2020design\\\/\"},{\"@type\":\"ListItem\",\"position\":4,\"name\":\"Getting started with 2020 Design\"}]},{\"@type\":\"WebSite\",\"@id\":\"https:\\\/\\\/www.2020spaces.com\\\/#website\",\"url\":\"https:\\\/\\\/www.2020spaces.com\\\/\",\"name\":\"2020\",\"description\":\"Making Spaces for Life\u2122\",\"potentialAction\":[{\"@type\":\"SearchAction\",\"target\":{\"@type\":\"EntryPoint\",\"urlTemplate\":\"https:\\\/\\\/www.2020spaces.com\\\/?s={search_term_string}\"},\"query-input\":{\"@type\":\"PropertyValueSpecification\",\"valueRequired\":true,\"valueName\":\"search_term_string\"}}],\"inLanguage\":\"es\"}]}<\/script>\n<!-- \/ Yoast SEO Premium plugin. -->","yoast_head_json":{"title":"Getting started with 2020 Design - 2020","description":"C\u00f3mo empezar con 2020 Design \u00a1Gracias por seleccionar el software de dise\u00f1o de ba\u00f1os y cocinas 2020 Design y bienvenido a nuestra comunidad","robots":{"index":"index","follow":"follow","max-snippet":"max-snippet:-1","max-image-preview":"max-image-preview:large","max-video-preview":"max-video-preview:-1"},"canonical":"https:\/\/www.2020spaces.com\/es\/productos-de-2020\/2020design\/getting-started-2020-design\/","og_locale":"es_ES","og_type":"article","og_title":"Getting started with 2020 Design","og_description":"C\u00f3mo empezar con 2020 Design \u00a1Gracias por seleccionar el software de dise\u00f1o de ba\u00f1os y cocinas 2020 Design y bienvenido a nuestra comunidad","og_url":"https:\/\/www.2020spaces.com\/es\/productos-de-2020\/2020design\/getting-started-2020-design\/","og_site_name":"2020","article_publisher":"https:\/\/www.facebook.com\/2020spaces","article_modified_time":"2023-04-21T10:11:39+00:00","twitter_card":"summary_large_image","twitter_site":"@2020spaces","twitter_misc":{"Tiempo de lectura":"3 minutos"},"schema":{"@context":"https:\/\/schema.org","@graph":[{"@type":"WebPage","@id":"https:\/\/www.2020spaces.com\/es\/productos-de-2020\/2020design\/getting-started-2020-design\/","url":"https:\/\/www.2020spaces.com\/es\/productos-de-2020\/2020design\/getting-started-2020-design\/","name":"Getting started with 2020 Design - 2020","isPartOf":{"@id":"https:\/\/www.2020spaces.com\/#website"},"datePublished":"2016-02-01T22:29:53+00:00","dateModified":"2023-04-21T10:11:39+00:00","description":"C\u00f3mo empezar con 2020 Design \u00a1Gracias por seleccionar el software de dise\u00f1o de ba\u00f1os y cocinas 2020 Design y bienvenido a nuestra comunidad","breadcrumb":{"@id":"https:\/\/www.2020spaces.com\/es\/productos-de-2020\/2020design\/getting-started-2020-design\/#breadcrumb"},"inLanguage":"es","potentialAction":[{"@type":"ReadAction","target":["https:\/\/www.2020spaces.com\/es\/productos-de-2020\/2020design\/getting-started-2020-design\/"]}]},{"@type":"BreadcrumbList","@id":"https:\/\/www.2020spaces.com\/es\/productos-de-2020\/2020design\/getting-started-2020-design\/#breadcrumb","itemListElement":[{"@type":"ListItem","position":1,"name":"Home","item":"https:\/\/www.2020spaces.com\/es\/inicio-2-2\/"},{"@type":"ListItem","position":2,"name":"Productos de 2020","item":"https:\/\/www.2020spaces.com\/es\/productos-de-2020\/"},{"@type":"ListItem","position":3,"name":"Design Flex","item":"https:\/\/www.2020spaces.com\/es\/productos-de-2020\/2020design\/"},{"@type":"ListItem","position":4,"name":"Getting started with 2020 Design"}]},{"@type":"WebSite","@id":"https:\/\/www.2020spaces.com\/#website","url":"https:\/\/www.2020spaces.com\/","name":"2020","description":"Making Spaces for Life\u2122","potentialAction":[{"@type":"SearchAction","target":{"@type":"EntryPoint","urlTemplate":"https:\/\/www.2020spaces.com\/?s={search_term_string}"},"query-input":{"@type":"PropertyValueSpecification","valueRequired":true,"valueName":"search_term_string"}}],"inLanguage":"es"}]}},"_links":{"self":[{"href":"https:\/\/www.2020spaces.com\/es\/wp-json\/wp\/v2\/pages\/120622","targetHints":{"allow":["GET"]}}],"collection":[{"href":"https:\/\/www.2020spaces.com\/es\/wp-json\/wp\/v2\/pages"}],"about":[{"href":"https:\/\/www.2020spaces.com\/es\/wp-json\/wp\/v2\/types\/page"}],"author":[{"embeddable":true,"href":"https:\/\/www.2020spaces.com\/es\/wp-json\/wp\/v2\/users\/5"}],"replies":[{"embeddable":true,"href":"https:\/\/www.2020spaces.com\/es\/wp-json\/wp\/v2\/comments?post=120622"}],"version-history":[{"count":0,"href":"https:\/\/www.2020spaces.com\/es\/wp-json\/wp\/v2\/pages\/120622\/revisions"}],"up":[{"embeddable":true,"href":"https:\/\/www.2020spaces.com\/es\/wp-json\/wp\/v2\/pages\/10864"}],"wp:attachment":[{"href":"https:\/\/www.2020spaces.com\/es\/wp-json\/wp\/v2\/media?parent=120622"}],"wp:term":[{"taxonomy":"category","embeddable":true,"href":"https:\/\/www.2020spaces.com\/es\/wp-json\/wp\/v2\/categories?post=120622"}],"curies":[{"name":"wp","href":"https:\/\/api.w.org\/{rel}","templated":true}]}}