{"id":120623,"date":"2016-07-07T09:43:34","date_gmt":"2016-07-07T13:43:34","guid":{"rendered":"https:\/\/www.2020spaces.com\/es\/?page_id=120623"},"modified":"2025-04-27T08:34:53","modified_gmt":"2025-04-27T12:34:53","slug":"contact-professional-sales","status":"publish","type":"page","link":"https:\/\/www.2020spaces.com\/es\/productos-de-2020\/2020design\/contact-professional-sales\/","title":{"rendered":"Contact Professional Sales Spanish"},"content":{"rendered":"<div class=\"wpb-content-wrapper\">[vc_row padding_top=\u00bb0px\u00bb padding_bottom=\u00bb0px\u00bb border=\u00bbnone\u00bb inner_container=\u00bbtrue\u00bb bg_image=\u00bb98196&#8243; parallax=\u00bbtrue\u00bb]\n[vc_column width=\u00bb1\/1&#8243;]\n<hr  class=\"x-gap\" style=\"margin: 2.626em 0 0 0;\">\n[vc_row_inner padding_top=\u00bb30px\u00bb padding_bottom=\u00bb0px\u00bb border=\u00bbnone\u00bb inner_container=\u00bbtrue\u00bb bg_color=\u00bb#ffffff\u00bb style=\u00bbmargin-bottom:0px; text-align:center;\u00bb]\n[vc_column_inner width=\u00bb1\/1&#8243; fade_animation=\u00bbin\u00bb fade_animation_offset=\u00bb45px\u00bb]\n<img decoding=\"async\"  class=\"x-img x-img-none none\" style=\"max-width:100%; margin-bottom: 0px; padding-bottom: 0px;\" src=\"https:\/\/www.2020spaces.com\/wp-content\/uploads\/2020\/06\/Logo_2020DesignLive_72dpi.png\" alt=\"Design Flex Logo\">\n<h1 style=\"text-align: center; font-size: 50px; font-weight: bold; margin-top: 20px;\">El programa de dise\u00f1o de interiores de cocina y ba\u00f1o l\u00edder en Am\u00e9rica del Norte<\/h1>\n\n[\/vc_column_inner]\n[\/vc_row_inner]\n[vc_row_inner padding_top=\u00bb0px\u00bb padding_bottom=\u00bb0px\u00bb border=\u00bbnone\u00bb inner_container=\u00bbtrue\u00bb bg_color=\u00bb#ffffff\u00bb]\n[vc_column_inner width=\u00bb2\/3&#8243; fade_animation=\u00bbin\u00bb fade_animation_offset=\u00bb45px\u00bb]\n<h3><strong>\u00bfC\u00f3mo podemos ayudarle?<\/strong><\/h3>\n<ul>\n<li>\u00bfDesea actualizar o comprar suscripciones adicionales de Design Flex?<\/li>\n<li>\u00bfDesea renovar su suscripci\u00f3n a Design Flex?<\/li>\n<li>\u00bfEs usted un estudiante o profesor interesado en la versi\u00f3n Acad\u00e9mica de Design Flex?<\/li>\n<\/ul>\n<p>\u00a1Complete el formulario y uno de nuestros representantes de ventas se pondr\u00e1 en contacto con usted en breve!<br \/>\n<strong>\u00bfPreguntas?<\/strong> Ll\u00e1menos al <strong>1.866.698.2020<\/strong><\/p>\n\n<hr  class=\"x-gap\" style=\"margin: 2.626em 0 0 0;\">\n[\/vc_column_inner]\n[vc_column_inner width=\u00bb1\/3&#8243;]\n<hr  class=\"x-gap\" style=\"margin: 2.626em 0 0 0;\">\n<iframe style=\"border: 0px currentColor; text-align: center;\" src=\"https:\/\/info.2020spaces.com\/l\/70282\/2016-07-04\/3t282t\" height=\"600\" frameborder=\"0\" align=\"middle\"><\/iframe><br \/>\n[\/vc_column_inner]\n[\/vc_row_inner]\n<hr  class=\"x-gap\" style=\"margin: 5.252em 0 0 0;\">\n[\/vc_column]\n[\/vc_row]\n[vc_row inner_container=\u00bbtrue\u00bb padding_top=\u00bb0px\u00bb padding_bottom=\u00bb0px\u00bb border=\u00bbnone\u00bb bg_color=\u00bb#f8971d\u00bb]\n[vc_column width=\u00bb1\/1&#8243;]\n[vc_row_inner]\n[vc_column_inner width=\u00bb1\/1&#8243;]\n<h3 style=\"text-align: center; color: #ffffff;\"><strong>\u00bfPreguntas?<\/strong> Ll\u00e1menos al <strong>1.866.698.2020<\/strong><\/h3>\n\n[\/vc_column_inner]\n[\/vc_row_inner]\n[\/vc_column]\n[\/vc_row]\n<\/div>","protected":false},"excerpt":{"rendered":"<p>[vc_row padding_top=\u00bb0px\u00bb padding_bottom=\u00bb0px\u00bb border=\u00bbnone\u00bb inner_container=\u00bbtrue\u00bb bg_image=\u00bb98196&#8243; parallax=\u00bbtrue\u00bb] [vc_column width=\u00bb1\/1&#8243;] [vc_row_inner padding_top=\u00bb30px\u00bb padding_bottom=\u00bb0px\u00bb border=\u00bbnone\u00bb inner_container=\u00bbtrue\u00bb bg_color=\u00bb#ffffff\u00bb style=\u00bbmargin-bottom:0px; text-align:center;\u00bb] [vc_column_inner width=\u00bb1\/1&#8243; fade_animation=\u00bbin\u00bb fade_animation_offset=\u00bb45px\u00bb] [\/vc_column_inner] [\/vc_row_inner] [vc_row_inner padding_top=\u00bb0px\u00bb padding_bottom=\u00bb0px\u00bb border=\u00bbnone\u00bb inner_container=\u00bbtrue\u00bb bg_color=\u00bb#ffffff\u00bb] [vc_column_inner width=\u00bb2\/3&#8243; fade_animation=\u00bbin\u00bb fade_animation_offset=\u00bb45px\u00bb] [\/vc_column_inner] [vc_column_inner width=\u00bb1\/3&#8243;] [\/vc_column_inner] [\/vc_row_inner] [\/vc_column] [\/vc_row] [vc_row inner_container=\u00bbtrue\u00bb padding_top=\u00bb0px\u00bb padding_bottom=\u00bb0px\u00bb border=\u00bbnone\u00bb bg_color=\u00bb#f8971d\u00bb] [vc_column width=\u00bb1\/1&#8243;] [vc_row_inner] [vc_column_inner &#8230; <\/p>\n<div><a href=\"https:\/\/www.2020spaces.com\/es\/productos-de-2020\/2020design\/contact-professional-sales\/\" class=\"more-link\">Read More<\/a><\/div>\n","protected":false},"author":5,"featured_media":0,"parent":10864,"menu_order":0,"comment_status":"closed","ping_status":"closed","template":"template-blank-5.php","meta":{"_bbp_topic_count":0,"_bbp_reply_count":0,"_bbp_total_topic_count":0,"_bbp_total_reply_count":0,"_bbp_voice_count":0,"_bbp_anonymous_reply_count":0,"_bbp_topic_count_hidden":0,"_bbp_reply_count_hidden":0,"_bbp_forum_subforum_count":0,"footnotes":""},"categories":[],"class_list":["post-120623","page","type-page","status-publish","hentry","no-post-thumbnail"],"pp_force_visibility":null,"pp_subpost_visibility":null,"pp_inherited_force_visibility":null,"pp_inherited_subpost_visibility":null,"yoast_head":"<!-- This site is optimized with the Yoast SEO Premium plugin v26.7 (Yoast SEO v26.7) - https:\/\/yoast.com\/wordpress\/plugins\/seo\/ -->\n<title>Contact Professional Sales Spanish - 2020<\/title>\n<meta name=\"description\" content=\"\u00bfTiene alguna pregunta sobre el Design Flex, el software de dise\u00f1o interior de cocinas y ba\u00f1os l\u00edder en Norteam\u00e9rica?\" \/>\n<meta name=\"robots\" content=\"index, follow, max-snippet:-1, max-image-preview:large, max-video-preview:-1\" \/>\n<link rel=\"canonical\" href=\"https:\/\/www.2020spaces.com\/es\/productos-de-2020\/2020design\/contact-professional-sales\/\" \/>\n<meta property=\"og:locale\" content=\"es_ES\" \/>\n<meta property=\"og:type\" content=\"article\" \/>\n<meta property=\"og:title\" content=\"Contact Professional Sales Spanish\" \/>\n<meta property=\"og:description\" content=\"\u00bfTiene alguna pregunta sobre el Design Flex, el software de dise\u00f1o interior de cocinas y ba\u00f1os l\u00edder en Norteam\u00e9rica?\" \/>\n<meta property=\"og:url\" content=\"https:\/\/www.2020spaces.com\/es\/productos-de-2020\/2020design\/contact-professional-sales\/\" \/>\n<meta property=\"og:site_name\" content=\"2020\" \/>\n<meta property=\"article:publisher\" content=\"https:\/\/www.facebook.com\/2020spaces\" \/>\n<meta property=\"article:modified_time\" content=\"2025-04-27T12:34:53+00:00\" \/>\n<meta name=\"twitter:card\" content=\"summary_large_image\" \/>\n<meta name=\"twitter:site\" content=\"@2020spaces\" \/>\n<meta name=\"twitter:label1\" content=\"Tiempo de lectura\" \/>\n\t<meta name=\"twitter:data1\" content=\"1 minuto\" \/>\n<script type=\"application\/ld+json\" class=\"yoast-schema-graph\">{\"@context\":\"https:\/\/schema.org\",\"@graph\":[{\"@type\":\"WebPage\",\"@id\":\"https:\/\/www.2020spaces.com\/es\/productos-de-2020\/2020design\/contact-professional-sales\/\",\"url\":\"https:\/\/www.2020spaces.com\/es\/productos-de-2020\/2020design\/contact-professional-sales\/\",\"name\":\"Contact Professional Sales Spanish - 2020\",\"isPartOf\":{\"@id\":\"https:\/\/www.2020spaces.com\/#website\"},\"datePublished\":\"2016-07-07T13:43:34+00:00\",\"dateModified\":\"2025-04-27T12:34:53+00:00\",\"description\":\"\u00bfTiene alguna pregunta sobre el Design Flex, el software de dise\u00f1o interior de cocinas y ba\u00f1os l\u00edder en Norteam\u00e9rica?\",\"breadcrumb\":{\"@id\":\"https:\/\/www.2020spaces.com\/es\/productos-de-2020\/2020design\/contact-professional-sales\/#breadcrumb\"},\"inLanguage\":\"es\",\"potentialAction\":[{\"@type\":\"ReadAction\",\"target\":[\"https:\/\/www.2020spaces.com\/es\/productos-de-2020\/2020design\/contact-professional-sales\/\"]}]},{\"@type\":\"BreadcrumbList\",\"@id\":\"https:\/\/www.2020spaces.com\/es\/productos-de-2020\/2020design\/contact-professional-sales\/#breadcrumb\",\"itemListElement\":[{\"@type\":\"ListItem\",\"position\":1,\"name\":\"Home\",\"item\":\"https:\/\/www.2020spaces.com\/es\/inicio-2-2\/\"},{\"@type\":\"ListItem\",\"position\":2,\"name\":\"Productos de 2020\",\"item\":\"https:\/\/www.2020spaces.com\/es\/productos-de-2020\/\"},{\"@type\":\"ListItem\",\"position\":3,\"name\":\"Design Flex\",\"item\":\"https:\/\/www.2020spaces.com\/es\/productos-de-2020\/2020design\/\"},{\"@type\":\"ListItem\",\"position\":4,\"name\":\"Contact Professional Sales Spanish\"}]},{\"@type\":\"WebSite\",\"@id\":\"https:\/\/www.2020spaces.com\/#website\",\"url\":\"https:\/\/www.2020spaces.com\/\",\"name\":\"2020\",\"description\":\"Making Spaces for Life\u2122\",\"potentialAction\":[{\"@type\":\"SearchAction\",\"target\":{\"@type\":\"EntryPoint\",\"urlTemplate\":\"https:\/\/www.2020spaces.com\/?s={search_term_string}\"},\"query-input\":{\"@type\":\"PropertyValueSpecification\",\"valueRequired\":true,\"valueName\":\"search_term_string\"}}],\"inLanguage\":\"es\"}]}<\/script>\n<!-- \/ Yoast SEO Premium plugin. -->","yoast_head_json":{"title":"Contact Professional Sales Spanish - 2020","description":"\u00bfTiene alguna pregunta sobre el Design Flex, el software de dise\u00f1o interior de cocinas y ba\u00f1os l\u00edder en Norteam\u00e9rica?","robots":{"index":"index","follow":"follow","max-snippet":"max-snippet:-1","max-image-preview":"max-image-preview:large","max-video-preview":"max-video-preview:-1"},"canonical":"https:\/\/www.2020spaces.com\/es\/productos-de-2020\/2020design\/contact-professional-sales\/","og_locale":"es_ES","og_type":"article","og_title":"Contact Professional Sales Spanish","og_description":"\u00bfTiene alguna pregunta sobre el Design Flex, el software de dise\u00f1o interior de cocinas y ba\u00f1os l\u00edder en Norteam\u00e9rica?","og_url":"https:\/\/www.2020spaces.com\/es\/productos-de-2020\/2020design\/contact-professional-sales\/","og_site_name":"2020","article_publisher":"https:\/\/www.facebook.com\/2020spaces","article_modified_time":"2025-04-27T12:34:53+00:00","twitter_card":"summary_large_image","twitter_site":"@2020spaces","twitter_misc":{"Tiempo de lectura":"1 minuto"},"schema":{"@context":"https:\/\/schema.org","@graph":[{"@type":"WebPage","@id":"https:\/\/www.2020spaces.com\/es\/productos-de-2020\/2020design\/contact-professional-sales\/","url":"https:\/\/www.2020spaces.com\/es\/productos-de-2020\/2020design\/contact-professional-sales\/","name":"Contact Professional Sales Spanish - 2020","isPartOf":{"@id":"https:\/\/www.2020spaces.com\/#website"},"datePublished":"2016-07-07T13:43:34+00:00","dateModified":"2025-04-27T12:34:53+00:00","description":"\u00bfTiene alguna pregunta sobre el Design Flex, el software de dise\u00f1o interior de cocinas y ba\u00f1os l\u00edder en Norteam\u00e9rica?","breadcrumb":{"@id":"https:\/\/www.2020spaces.com\/es\/productos-de-2020\/2020design\/contact-professional-sales\/#breadcrumb"},"inLanguage":"es","potentialAction":[{"@type":"ReadAction","target":["https:\/\/www.2020spaces.com\/es\/productos-de-2020\/2020design\/contact-professional-sales\/"]}]},{"@type":"BreadcrumbList","@id":"https:\/\/www.2020spaces.com\/es\/productos-de-2020\/2020design\/contact-professional-sales\/#breadcrumb","itemListElement":[{"@type":"ListItem","position":1,"name":"Home","item":"https:\/\/www.2020spaces.com\/es\/inicio-2-2\/"},{"@type":"ListItem","position":2,"name":"Productos de 2020","item":"https:\/\/www.2020spaces.com\/es\/productos-de-2020\/"},{"@type":"ListItem","position":3,"name":"Design Flex","item":"https:\/\/www.2020spaces.com\/es\/productos-de-2020\/2020design\/"},{"@type":"ListItem","position":4,"name":"Contact Professional Sales Spanish"}]},{"@type":"WebSite","@id":"https:\/\/www.2020spaces.com\/#website","url":"https:\/\/www.2020spaces.com\/","name":"2020","description":"Making Spaces for Life\u2122","potentialAction":[{"@type":"SearchAction","target":{"@type":"EntryPoint","urlTemplate":"https:\/\/www.2020spaces.com\/?s={search_term_string}"},"query-input":{"@type":"PropertyValueSpecification","valueRequired":true,"valueName":"search_term_string"}}],"inLanguage":"es"}]}},"_links":{"self":[{"href":"https:\/\/www.2020spaces.com\/es\/wp-json\/wp\/v2\/pages\/120623","targetHints":{"allow":["GET"]}}],"collection":[{"href":"https:\/\/www.2020spaces.com\/es\/wp-json\/wp\/v2\/pages"}],"about":[{"href":"https:\/\/www.2020spaces.com\/es\/wp-json\/wp\/v2\/types\/page"}],"author":[{"embeddable":true,"href":"https:\/\/www.2020spaces.com\/es\/wp-json\/wp\/v2\/users\/5"}],"replies":[{"embeddable":true,"href":"https:\/\/www.2020spaces.com\/es\/wp-json\/wp\/v2\/comments?post=120623"}],"version-history":[{"count":0,"href":"https:\/\/www.2020spaces.com\/es\/wp-json\/wp\/v2\/pages\/120623\/revisions"}],"up":[{"embeddable":true,"href":"https:\/\/www.2020spaces.com\/es\/wp-json\/wp\/v2\/pages\/10864"}],"wp:attachment":[{"href":"https:\/\/www.2020spaces.com\/es\/wp-json\/wp\/v2\/media?parent=120623"}],"wp:term":[{"taxonomy":"category","embeddable":true,"href":"https:\/\/www.2020spaces.com\/es\/wp-json\/wp\/v2\/categories?post=120623"}],"curies":[{"name":"wp","href":"https:\/\/api.w.org\/{rel}","templated":true}]}}