{"id":129036,"date":"2017-02-10T10:33:21","date_gmt":"2017-02-10T15:33:21","guid":{"rendered":"https:\/\/www.2020spaces.com\/?page_id=129036\/"},"modified":"2023-06-15T03:14:22","modified_gmt":"2023-06-15T07:14:22","slug":"2020-closet","status":"publish","type":"page","link":"https:\/\/www.2020spaces.com\/es\/productos-de-2020\/2020design\/2020-closet\/","title":{"rendered":"2020 Closet"},"content":{"rendered":"<div id=\"cs-content\" class=\"cs-content\"><\/div>\n","protected":false},"excerpt":{"rendered":"<p>Dise\u00f1e cl\u00f3sets y sistemas de organizaci\u00f3n para el hogar con 2020 Closet, un complemento de 2020&nbsp;Design. \u00bfEst\u00e1 buscando m\u00e1s informaci\u00f3n? 2020 Closet Con 2020 Closet, un complemento de 2020 Design, usted puede dise\u00f1ar cl\u00f3sets y sistemas de almacenamiento para el hogar r\u00e1pida y exactamente con software hecho a la medida &#8230; <\/p>\n<div><a href=\"https:\/\/www.2020spaces.com\/es\/productos-de-2020\/2020design\/2020-closet\/\" class=\"more-link\">Read More<\/a><\/div>\n","protected":false},"author":5,"featured_media":0,"parent":10864,"menu_order":0,"comment_status":"closed","ping_status":"closed","template":"template-blank-4.php","meta":{"_bbp_topic_count":0,"_bbp_reply_count":0,"_bbp_total_topic_count":0,"_bbp_total_reply_count":0,"_bbp_voice_count":0,"_bbp_anonymous_reply_count":0,"_bbp_topic_count_hidden":0,"_bbp_reply_count_hidden":0,"_bbp_forum_subforum_count":0,"footnotes":""},"categories":[],"class_list":["post-129036","page","type-page","status-publish","hentry","no-post-thumbnail"],"pp_force_visibility":null,"pp_subpost_visibility":null,"pp_inherited_force_visibility":null,"pp_inherited_subpost_visibility":null,"yoast_head":"<!-- This site is optimized with the Yoast SEO Premium plugin v26.7 (Yoast SEO v26.7) - https:\/\/yoast.com\/wordpress\/plugins\/seo\/ -->\n<title>2020 Closet - Con 2020 Closet, un complemento de 2020 Design<\/title>\n<meta name=\"description\" content=\"Con 2020 Closet, puede dise\u00f1ar armarios y sistemas de almacenamiento para el hogar de forma r\u00e1pida y precisa con un software adaptado\" \/>\n<meta name=\"robots\" content=\"index, follow, max-snippet:-1, max-image-preview:large, max-video-preview:-1\" \/>\n<link rel=\"canonical\" href=\"https:\/\/www.2020spaces.com\/es\/productos-de-2020\/2020design\/2020-closet\/\" \/>\n<meta property=\"og:locale\" content=\"es_ES\" \/>\n<meta property=\"og:type\" content=\"article\" \/>\n<meta property=\"og:title\" content=\"2020 Closet\" \/>\n<meta property=\"og:description\" content=\"Con 2020 Closet, puede dise\u00f1ar armarios y sistemas de almacenamiento para el hogar de forma r\u00e1pida y precisa con un software adaptado\" \/>\n<meta property=\"og:url\" content=\"https:\/\/www.2020spaces.com\/es\/productos-de-2020\/2020design\/2020-closet\/\" \/>\n<meta property=\"og:site_name\" content=\"2020\" \/>\n<meta property=\"article:publisher\" content=\"https:\/\/www.facebook.com\/2020spaces\" \/>\n<meta property=\"article:modified_time\" content=\"2023-06-15T07:14:22+00:00\" \/>\n<meta name=\"twitter:card\" content=\"summary_large_image\" \/>\n<meta name=\"twitter:site\" content=\"@2020spaces\" \/>\n<meta name=\"twitter:label1\" content=\"Tiempo de lectura\" \/>\n\t<meta name=\"twitter:data1\" content=\"4 minutos\" \/>\n<script type=\"application\/ld+json\" class=\"yoast-schema-graph\">{\"@context\":\"https:\/\/schema.org\",\"@graph\":[{\"@type\":\"WebPage\",\"@id\":\"https:\/\/www.2020spaces.com\/es\/productos-de-2020\/2020design\/2020-closet\/\",\"url\":\"https:\/\/www.2020spaces.com\/es\/productos-de-2020\/2020design\/2020-closet\/\",\"name\":\"2020 Closet - Con 2020 Closet, un complemento de 2020 Design\",\"isPartOf\":{\"@id\":\"https:\/\/www.2020spaces.com\/#website\"},\"datePublished\":\"2017-02-10T15:33:21+00:00\",\"dateModified\":\"2023-06-15T07:14:22+00:00\",\"description\":\"Con 2020 Closet, puede dise\u00f1ar armarios y sistemas de almacenamiento para el hogar de forma r\u00e1pida y precisa con un software adaptado\",\"breadcrumb\":{\"@id\":\"https:\/\/www.2020spaces.com\/es\/productos-de-2020\/2020design\/2020-closet\/#breadcrumb\"},\"inLanguage\":\"es\",\"potentialAction\":[{\"@type\":\"ReadAction\",\"target\":[\"https:\/\/www.2020spaces.com\/es\/productos-de-2020\/2020design\/2020-closet\/\"]}]},{\"@type\":\"BreadcrumbList\",\"@id\":\"https:\/\/www.2020spaces.com\/es\/productos-de-2020\/2020design\/2020-closet\/#breadcrumb\",\"itemListElement\":[{\"@type\":\"ListItem\",\"position\":1,\"name\":\"Home\",\"item\":\"https:\/\/www.2020spaces.com\/es\/inicio-2-2\/\"},{\"@type\":\"ListItem\",\"position\":2,\"name\":\"Productos de 2020\",\"item\":\"https:\/\/www.2020spaces.com\/es\/productos-de-2020\/\"},{\"@type\":\"ListItem\",\"position\":3,\"name\":\"Design Flex\",\"item\":\"https:\/\/www.2020spaces.com\/es\/productos-de-2020\/2020design\/\"},{\"@type\":\"ListItem\",\"position\":4,\"name\":\"2020 Closet\"}]},{\"@type\":\"WebSite\",\"@id\":\"https:\/\/www.2020spaces.com\/#website\",\"url\":\"https:\/\/www.2020spaces.com\/\",\"name\":\"2020\",\"description\":\"Making Spaces for Life\u2122\",\"potentialAction\":[{\"@type\":\"SearchAction\",\"target\":{\"@type\":\"EntryPoint\",\"urlTemplate\":\"https:\/\/www.2020spaces.com\/?s={search_term_string}\"},\"query-input\":{\"@type\":\"PropertyValueSpecification\",\"valueRequired\":true,\"valueName\":\"search_term_string\"}}],\"inLanguage\":\"es\"}]}<\/script>\n<!-- \/ Yoast SEO Premium plugin. -->","yoast_head_json":{"title":"2020 Closet - Con 2020 Closet, un complemento de 2020 Design","description":"Con 2020 Closet, puede dise\u00f1ar armarios y sistemas de almacenamiento para el hogar de forma r\u00e1pida y precisa con un software adaptado","robots":{"index":"index","follow":"follow","max-snippet":"max-snippet:-1","max-image-preview":"max-image-preview:large","max-video-preview":"max-video-preview:-1"},"canonical":"https:\/\/www.2020spaces.com\/es\/productos-de-2020\/2020design\/2020-closet\/","og_locale":"es_ES","og_type":"article","og_title":"2020 Closet","og_description":"Con 2020 Closet, puede dise\u00f1ar armarios y sistemas de almacenamiento para el hogar de forma r\u00e1pida y precisa con un software adaptado","og_url":"https:\/\/www.2020spaces.com\/es\/productos-de-2020\/2020design\/2020-closet\/","og_site_name":"2020","article_publisher":"https:\/\/www.facebook.com\/2020spaces","article_modified_time":"2023-06-15T07:14:22+00:00","twitter_card":"summary_large_image","twitter_site":"@2020spaces","twitter_misc":{"Tiempo de lectura":"4 minutos"},"schema":{"@context":"https:\/\/schema.org","@graph":[{"@type":"WebPage","@id":"https:\/\/www.2020spaces.com\/es\/productos-de-2020\/2020design\/2020-closet\/","url":"https:\/\/www.2020spaces.com\/es\/productos-de-2020\/2020design\/2020-closet\/","name":"2020 Closet - Con 2020 Closet, un complemento de 2020 Design","isPartOf":{"@id":"https:\/\/www.2020spaces.com\/#website"},"datePublished":"2017-02-10T15:33:21+00:00","dateModified":"2023-06-15T07:14:22+00:00","description":"Con 2020 Closet, puede dise\u00f1ar armarios y sistemas de almacenamiento para el hogar de forma r\u00e1pida y precisa con un software adaptado","breadcrumb":{"@id":"https:\/\/www.2020spaces.com\/es\/productos-de-2020\/2020design\/2020-closet\/#breadcrumb"},"inLanguage":"es","potentialAction":[{"@type":"ReadAction","target":["https:\/\/www.2020spaces.com\/es\/productos-de-2020\/2020design\/2020-closet\/"]}]},{"@type":"BreadcrumbList","@id":"https:\/\/www.2020spaces.com\/es\/productos-de-2020\/2020design\/2020-closet\/#breadcrumb","itemListElement":[{"@type":"ListItem","position":1,"name":"Home","item":"https:\/\/www.2020spaces.com\/es\/inicio-2-2\/"},{"@type":"ListItem","position":2,"name":"Productos de 2020","item":"https:\/\/www.2020spaces.com\/es\/productos-de-2020\/"},{"@type":"ListItem","position":3,"name":"Design Flex","item":"https:\/\/www.2020spaces.com\/es\/productos-de-2020\/2020design\/"},{"@type":"ListItem","position":4,"name":"2020 Closet"}]},{"@type":"WebSite","@id":"https:\/\/www.2020spaces.com\/#website","url":"https:\/\/www.2020spaces.com\/","name":"2020","description":"Making Spaces for Life\u2122","potentialAction":[{"@type":"SearchAction","target":{"@type":"EntryPoint","urlTemplate":"https:\/\/www.2020spaces.com\/?s={search_term_string}"},"query-input":{"@type":"PropertyValueSpecification","valueRequired":true,"valueName":"search_term_string"}}],"inLanguage":"es"}]}},"_links":{"self":[{"href":"https:\/\/www.2020spaces.com\/es\/wp-json\/wp\/v2\/pages\/129036","targetHints":{"allow":["GET"]}}],"collection":[{"href":"https:\/\/www.2020spaces.com\/es\/wp-json\/wp\/v2\/pages"}],"about":[{"href":"https:\/\/www.2020spaces.com\/es\/wp-json\/wp\/v2\/types\/page"}],"author":[{"embeddable":true,"href":"https:\/\/www.2020spaces.com\/es\/wp-json\/wp\/v2\/users\/5"}],"replies":[{"embeddable":true,"href":"https:\/\/www.2020spaces.com\/es\/wp-json\/wp\/v2\/comments?post=129036"}],"version-history":[{"count":0,"href":"https:\/\/www.2020spaces.com\/es\/wp-json\/wp\/v2\/pages\/129036\/revisions"}],"up":[{"embeddable":true,"href":"https:\/\/www.2020spaces.com\/es\/wp-json\/wp\/v2\/pages\/10864"}],"wp:attachment":[{"href":"https:\/\/www.2020spaces.com\/es\/wp-json\/wp\/v2\/media?parent=129036"}],"wp:term":[{"taxonomy":"category","embeddable":true,"href":"https:\/\/www.2020spaces.com\/es\/wp-json\/wp\/v2\/categories?post=129036"}],"curies":[{"name":"wp","href":"https:\/\/api.w.org\/{rel}","templated":true}]}}