{"id":169837,"date":"2017-11-29T12:31:14","date_gmt":"2017-11-29T17:31:14","guid":{"rendered":"https:\/\/www.2020spaces.com\/?page_id=169837"},"modified":"2023-10-31T21:43:07","modified_gmt":"2023-11-01T01:43:07","slug":"kitchen-bath-designers","status":"publish","type":"page","link":"https:\/\/www.2020spaces.com\/es\/soluciones\/kitchen-bath-designers\/","title":{"rendered":"Solutions for Kitchen and Bath Designers"},"content":{"rendered":"<div id=\"cs-content\" class=\"cs-content\"><\/div>\n","protected":false},"excerpt":{"rendered":"<p>The best tool for kitchen, bath and closet remodeling 2020 software for kitchen, bath and closet designers and re-modelers has everything needed to quickly create stunning designs that will impress your customers. All the interior design and business tools you need to run a successful interior design business.Designed by Alex &#8230; <\/p>\n<div><a href=\"https:\/\/www.2020spaces.com\/es\/soluciones\/kitchen-bath-designers\/\" class=\"more-link\">Read More<\/a><\/div>\n","protected":false},"author":26709,"featured_media":0,"parent":10978,"menu_order":0,"comment_status":"closed","ping_status":"closed","template":"template-blank-4.php","meta":{"_bbp_topic_count":0,"_bbp_reply_count":0,"_bbp_total_topic_count":0,"_bbp_total_reply_count":0,"_bbp_voice_count":0,"_bbp_anonymous_reply_count":0,"_bbp_topic_count_hidden":0,"_bbp_reply_count_hidden":0,"_bbp_forum_subforum_count":0,"footnotes":""},"categories":[],"class_list":["post-169837","page","type-page","status-publish","hentry","no-post-thumbnail"],"pp_force_visibility":null,"pp_subpost_visibility":null,"pp_inherited_force_visibility":null,"pp_inherited_subpost_visibility":null,"yoast_head":"<!-- This site is optimized with the Yoast SEO Premium plugin v27.4 (Yoast SEO v27.4) - https:\/\/yoast.com\/product\/yoast-seo-premium-wordpress\/ -->\n<title>Software de dise\u00f1o de interiores para cocina y ba\u00f1o | 2020 Spaces<\/title>\n<meta name=\"description\" content=\"Software de dise\u00f1o de interiores para cocina y ba\u00f1o. Descubre la cartera de productos y soluciones de 2020 para dise\u00f1adores profesionales.\u00a0Prueba gratuita.\u00a0\" \/>\n<meta name=\"robots\" content=\"noindex, nofollow\" \/>\n<meta property=\"og:locale\" content=\"es_ES\" \/>\n<meta property=\"og:type\" content=\"article\" \/>\n<meta property=\"og:title\" content=\"Solutions for Kitchen and Bath Designers\" \/>\n<meta property=\"og:description\" content=\"Software de dise\u00f1o de interiores para cocina y ba\u00f1o. Descubre la cartera de productos y soluciones de 2020 para dise\u00f1adores profesionales.\u00a0Prueba gratuita.\u00a0\" \/>\n<meta property=\"og:url\" content=\"https:\/\/www.2020spaces.com\/es\/soluciones\/kitchen-bath-designers\/\" \/>\n<meta property=\"og:site_name\" content=\"2020\" \/>\n<meta property=\"article:publisher\" content=\"https:\/\/www.facebook.com\/2020spaces\" \/>\n<meta property=\"article:modified_time\" content=\"2023-11-01T01:43:07+00:00\" \/>\n<meta name=\"twitter:card\" content=\"summary_large_image\" \/>\n<meta name=\"twitter:site\" content=\"@2020spaces\" \/>\n<meta name=\"twitter:label1\" content=\"Tiempo de lectura\" \/>\n\t<meta name=\"twitter:data1\" content=\"9 minutos\" \/>\n<script type=\"application\/ld+json\" class=\"yoast-schema-graph\">{\"@context\":\"https:\\\/\\\/schema.org\",\"@graph\":[{\"@type\":\"WebPage\",\"@id\":\"https:\\\/\\\/www.2020spaces.com\\\/es\\\/soluciones\\\/kitchen-bath-designers\\\/\",\"url\":\"https:\\\/\\\/www.2020spaces.com\\\/es\\\/soluciones\\\/kitchen-bath-designers\\\/\",\"name\":\"Software de dise\u00f1o de interiores para cocina y ba\u00f1o | 2020 Spaces\",\"isPartOf\":{\"@id\":\"https:\\\/\\\/www.2020spaces.com\\\/#website\"},\"datePublished\":\"2017-11-29T17:31:14+00:00\",\"dateModified\":\"2023-11-01T01:43:07+00:00\",\"description\":\"Software de dise\u00f1o de interiores para cocina y ba\u00f1o. Descubre la cartera de productos y soluciones de 2020 para dise\u00f1adores profesionales.\u00a0Prueba gratuita.\u00a0\",\"breadcrumb\":{\"@id\":\"https:\\\/\\\/www.2020spaces.com\\\/es\\\/soluciones\\\/kitchen-bath-designers\\\/#breadcrumb\"},\"inLanguage\":\"es\",\"potentialAction\":[{\"@type\":\"ReadAction\",\"target\":[\"https:\\\/\\\/www.2020spaces.com\\\/es\\\/soluciones\\\/kitchen-bath-designers\\\/\"]}]},{\"@type\":\"BreadcrumbList\",\"@id\":\"https:\\\/\\\/www.2020spaces.com\\\/es\\\/soluciones\\\/kitchen-bath-designers\\\/#breadcrumb\",\"itemListElement\":[{\"@type\":\"ListItem\",\"position\":1,\"name\":\"Home\",\"item\":\"https:\\\/\\\/www.2020spaces.com\\\/es\\\/inicio-2-2\\\/\"},{\"@type\":\"ListItem\",\"position\":2,\"name\":\"Soluciones\",\"item\":\"https:\\\/\\\/www.2020spaces.com\\\/es\\\/soluciones\\\/\"},{\"@type\":\"ListItem\",\"position\":3,\"name\":\"Solutions for Kitchen and Bath Designers\"}]},{\"@type\":\"WebSite\",\"@id\":\"https:\\\/\\\/www.2020spaces.com\\\/#website\",\"url\":\"https:\\\/\\\/www.2020spaces.com\\\/\",\"name\":\"2020\",\"description\":\"Making Spaces for Life\u2122\",\"potentialAction\":[{\"@type\":\"SearchAction\",\"target\":{\"@type\":\"EntryPoint\",\"urlTemplate\":\"https:\\\/\\\/www.2020spaces.com\\\/?s={search_term_string}\"},\"query-input\":{\"@type\":\"PropertyValueSpecification\",\"valueRequired\":true,\"valueName\":\"search_term_string\"}}],\"inLanguage\":\"es\"}]}<\/script>\n<!-- \/ Yoast SEO Premium plugin. -->","yoast_head_json":{"title":"Software de dise\u00f1o de interiores para cocina y ba\u00f1o | 2020 Spaces","description":"Software de dise\u00f1o de interiores para cocina y ba\u00f1o. Descubre la cartera de productos y soluciones de 2020 para dise\u00f1adores profesionales.\u00a0Prueba gratuita.\u00a0","robots":{"index":"noindex","follow":"nofollow"},"og_locale":"es_ES","og_type":"article","og_title":"Solutions for Kitchen and Bath Designers","og_description":"Software de dise\u00f1o de interiores para cocina y ba\u00f1o. Descubre la cartera de productos y soluciones de 2020 para dise\u00f1adores profesionales.\u00a0Prueba gratuita.\u00a0","og_url":"https:\/\/www.2020spaces.com\/es\/soluciones\/kitchen-bath-designers\/","og_site_name":"2020","article_publisher":"https:\/\/www.facebook.com\/2020spaces","article_modified_time":"2023-11-01T01:43:07+00:00","twitter_card":"summary_large_image","twitter_site":"@2020spaces","twitter_misc":{"Tiempo de lectura":"9 minutos"},"schema":{"@context":"https:\/\/schema.org","@graph":[{"@type":"WebPage","@id":"https:\/\/www.2020spaces.com\/es\/soluciones\/kitchen-bath-designers\/","url":"https:\/\/www.2020spaces.com\/es\/soluciones\/kitchen-bath-designers\/","name":"Software de dise\u00f1o de interiores para cocina y ba\u00f1o | 2020 Spaces","isPartOf":{"@id":"https:\/\/www.2020spaces.com\/#website"},"datePublished":"2017-11-29T17:31:14+00:00","dateModified":"2023-11-01T01:43:07+00:00","description":"Software de dise\u00f1o de interiores para cocina y ba\u00f1o. Descubre la cartera de productos y soluciones de 2020 para dise\u00f1adores profesionales.\u00a0Prueba gratuita.\u00a0","breadcrumb":{"@id":"https:\/\/www.2020spaces.com\/es\/soluciones\/kitchen-bath-designers\/#breadcrumb"},"inLanguage":"es","potentialAction":[{"@type":"ReadAction","target":["https:\/\/www.2020spaces.com\/es\/soluciones\/kitchen-bath-designers\/"]}]},{"@type":"BreadcrumbList","@id":"https:\/\/www.2020spaces.com\/es\/soluciones\/kitchen-bath-designers\/#breadcrumb","itemListElement":[{"@type":"ListItem","position":1,"name":"Home","item":"https:\/\/www.2020spaces.com\/es\/inicio-2-2\/"},{"@type":"ListItem","position":2,"name":"Soluciones","item":"https:\/\/www.2020spaces.com\/es\/soluciones\/"},{"@type":"ListItem","position":3,"name":"Solutions for Kitchen and Bath Designers"}]},{"@type":"WebSite","@id":"https:\/\/www.2020spaces.com\/#website","url":"https:\/\/www.2020spaces.com\/","name":"2020","description":"Making Spaces for Life\u2122","potentialAction":[{"@type":"SearchAction","target":{"@type":"EntryPoint","urlTemplate":"https:\/\/www.2020spaces.com\/?s={search_term_string}"},"query-input":{"@type":"PropertyValueSpecification","valueRequired":true,"valueName":"search_term_string"}}],"inLanguage":"es"}]}},"_links":{"self":[{"href":"https:\/\/www.2020spaces.com\/es\/wp-json\/wp\/v2\/pages\/169837","targetHints":{"allow":["GET"]}}],"collection":[{"href":"https:\/\/www.2020spaces.com\/es\/wp-json\/wp\/v2\/pages"}],"about":[{"href":"https:\/\/www.2020spaces.com\/es\/wp-json\/wp\/v2\/types\/page"}],"author":[{"embeddable":true,"href":"https:\/\/www.2020spaces.com\/es\/wp-json\/wp\/v2\/users\/26709"}],"replies":[{"embeddable":true,"href":"https:\/\/www.2020spaces.com\/es\/wp-json\/wp\/v2\/comments?post=169837"}],"version-history":[{"count":0,"href":"https:\/\/www.2020spaces.com\/es\/wp-json\/wp\/v2\/pages\/169837\/revisions"}],"up":[{"embeddable":true,"href":"https:\/\/www.2020spaces.com\/es\/wp-json\/wp\/v2\/pages\/10978"}],"wp:attachment":[{"href":"https:\/\/www.2020spaces.com\/es\/wp-json\/wp\/v2\/media?parent=169837"}],"wp:term":[{"taxonomy":"category","embeddable":true,"href":"https:\/\/www.2020spaces.com\/es\/wp-json\/wp\/v2\/categories?post=169837"}],"curies":[{"name":"wp","href":"https:\/\/api.w.org\/{rel}","templated":true}]}}