{"id":169871,"date":"2017-06-14T16:32:47","date_gmt":"2017-06-14T20:32:47","guid":{"rendered":"https:\/\/www.2020spaces.com\/knowledge-center\/"},"modified":"2021-10-27T15:40:53","modified_gmt":"2021-10-27T19:40:53","slug":"knowledge-center","status":"publish","type":"page","link":"https:\/\/www.2020spaces.com\/es\/knowledge-center\/","title":{"rendered":"2020 Knowledge Center"},"content":{"rendered":"<div id=\"cs-content\" class=\"cs-content\"><\/div>\n","protected":false},"excerpt":{"rendered":"<p>Welcome to the &nbsp; 2020 Knowledge CenterNeed answers?Find them here in our new 2020 Knowledge Center, a collection of how-to articles related to our products &#038; services. Quickly get answers about downloads, installation, registration, updates and other common questions about your 2020 products.Pick your productWhich product do you need help &#8230; <\/p>\n<div><a href=\"https:\/\/www.2020spaces.com\/es\/knowledge-center\/\" class=\"more-link\">Read More<\/a><\/div>\n","protected":false},"author":26709,"featured_media":279350,"parent":0,"menu_order":0,"comment_status":"closed","ping_status":"closed","template":"template-blank-4.php","meta":{"_bbp_topic_count":0,"_bbp_reply_count":0,"_bbp_total_topic_count":0,"_bbp_total_reply_count":0,"_bbp_voice_count":0,"_bbp_anonymous_reply_count":0,"_bbp_topic_count_hidden":0,"_bbp_reply_count_hidden":0,"_bbp_forum_subforum_count":0,"footnotes":""},"categories":[],"class_list":["post-169871","page","type-page","status-publish","has-post-thumbnail","hentry"],"pp_force_visibility":null,"pp_subpost_visibility":null,"pp_inherited_force_visibility":null,"pp_inherited_subpost_visibility":null,"yoast_head":"<!-- This site is optimized with the Yoast SEO Premium plugin v27.4 (Yoast SEO v27.4) - https:\/\/yoast.com\/product\/yoast-seo-premium-wordpress\/ -->\n<title>2020 Knowledge Center: art\u00edculos sobre productos 2020<\/title>\n<meta name=\"description\" content=\"Obtenga r\u00e1pidamente respuestas sobre descargas, instalaci\u00f3n, registro, actualizaciones y otras preguntas comunes sobre sus productos 2020.\" \/>\n<meta name=\"robots\" content=\"index, follow, max-snippet:-1, max-image-preview:large, max-video-preview:-1\" \/>\n<link rel=\"canonical\" href=\"https:\/\/www.2020spaces.com\/es\/knowledge-center\/\" \/>\n<meta property=\"og:locale\" content=\"es_ES\" \/>\n<meta property=\"og:type\" content=\"article\" \/>\n<meta property=\"og:title\" content=\"2020 Knowledge Center: A collection of how-to articles for 2020 products.\" \/>\n<meta property=\"og:description\" content=\"Quickly get answers about downloads, installation, registration, updates and other common questions about your 2020 products.\" \/>\n<meta property=\"og:url\" content=\"https:\/\/www.2020spaces.com\/es\/knowledge-center\/\" \/>\n<meta property=\"og:site_name\" content=\"2020\" \/>\n<meta property=\"article:publisher\" content=\"https:\/\/www.facebook.com\/2020spaces\" \/>\n<meta property=\"article:modified_time\" content=\"2021-10-27T19:40:53+00:00\" \/>\n<meta property=\"og:image\" content=\"https:\/\/www.2020spaces.com\/wp-content\/uploads\/2020\/04\/Social_1200x630_KnowledgeCenter_202004.jpg\" \/>\n\t<meta property=\"og:image:width\" content=\"1200\" \/>\n\t<meta property=\"og:image:height\" content=\"630\" \/>\n\t<meta property=\"og:image:type\" content=\"image\/jpeg\" \/>\n<meta name=\"twitter:card\" content=\"summary_large_image\" \/>\n<meta name=\"twitter:title\" content=\"2020 Knowledge Center: A collection of how-to articles for 2020 products.\" \/>\n<meta name=\"twitter:description\" content=\"Quickly get answers about downloads, installation, registration, updates and other common questions about your 2020 products.\" \/>\n<meta name=\"twitter:image\" content=\"https:\/\/www.2020spaces.com\/wp-content\/uploads\/2020\/04\/Social_1200x630_KnowledgeCenter_202004.jpg\" \/>\n<meta name=\"twitter:site\" content=\"@2020spaces\" \/>\n<meta name=\"twitter:label1\" content=\"Tiempo de lectura\" \/>\n\t<meta name=\"twitter:data1\" content=\"7 minutos\" \/>\n<script type=\"application\/ld+json\" class=\"yoast-schema-graph\">{\"@context\":\"https:\\\/\\\/schema.org\",\"@graph\":[{\"@type\":\"WebPage\",\"@id\":\"https:\\\/\\\/www.2020spaces.com\\\/es\\\/knowledge-center\\\/\",\"url\":\"https:\\\/\\\/www.2020spaces.com\\\/es\\\/knowledge-center\\\/\",\"name\":\"2020 Knowledge Center: art\u00edculos sobre productos 2020\",\"isPartOf\":{\"@id\":\"https:\\\/\\\/www.2020spaces.com\\\/#website\"},\"primaryImageOfPage\":{\"@id\":\"https:\\\/\\\/www.2020spaces.com\\\/es\\\/knowledge-center\\\/#primaryimage\"},\"image\":{\"@id\":\"https:\\\/\\\/www.2020spaces.com\\\/es\\\/knowledge-center\\\/#primaryimage\"},\"thumbnailUrl\":\"https:\\\/\\\/www.2020spaces.com\\\/wp-content\\\/uploads\\\/2020\\\/04\\\/Featured_400x323_KnowledgeCenter_202004.jpg\",\"datePublished\":\"2017-06-14T20:32:47+00:00\",\"dateModified\":\"2021-10-27T19:40:53+00:00\",\"description\":\"Obtenga r\u00e1pidamente respuestas sobre descargas, instalaci\u00f3n, registro, actualizaciones y otras preguntas comunes sobre sus productos 2020.\",\"breadcrumb\":{\"@id\":\"https:\\\/\\\/www.2020spaces.com\\\/es\\\/knowledge-center\\\/#breadcrumb\"},\"inLanguage\":\"es\",\"potentialAction\":[{\"@type\":\"ReadAction\",\"target\":[\"https:\\\/\\\/www.2020spaces.com\\\/es\\\/knowledge-center\\\/\"]}]},{\"@type\":\"ImageObject\",\"inLanguage\":\"es\",\"@id\":\"https:\\\/\\\/www.2020spaces.com\\\/es\\\/knowledge-center\\\/#primaryimage\",\"url\":\"https:\\\/\\\/www.2020spaces.com\\\/wp-content\\\/uploads\\\/2020\\\/04\\\/Featured_400x323_KnowledgeCenter_202004.jpg\",\"contentUrl\":\"https:\\\/\\\/www.2020spaces.com\\\/wp-content\\\/uploads\\\/2020\\\/04\\\/Featured_400x323_KnowledgeCenter_202004.jpg\",\"width\":400,\"height\":323,\"caption\":\"2020 Knowledge Center\"},{\"@type\":\"BreadcrumbList\",\"@id\":\"https:\\\/\\\/www.2020spaces.com\\\/es\\\/knowledge-center\\\/#breadcrumb\",\"itemListElement\":[{\"@type\":\"ListItem\",\"position\":1,\"name\":\"Home\",\"item\":\"https:\\\/\\\/www.2020spaces.com\\\/es\\\/inicio-2-2\\\/\"},{\"@type\":\"ListItem\",\"position\":2,\"name\":\"2020 Knowledge Center\"}]},{\"@type\":\"WebSite\",\"@id\":\"https:\\\/\\\/www.2020spaces.com\\\/#website\",\"url\":\"https:\\\/\\\/www.2020spaces.com\\\/\",\"name\":\"2020\",\"description\":\"Making Spaces for Life\u2122\",\"potentialAction\":[{\"@type\":\"SearchAction\",\"target\":{\"@type\":\"EntryPoint\",\"urlTemplate\":\"https:\\\/\\\/www.2020spaces.com\\\/?s={search_term_string}\"},\"query-input\":{\"@type\":\"PropertyValueSpecification\",\"valueRequired\":true,\"valueName\":\"search_term_string\"}}],\"inLanguage\":\"es\"}]}<\/script>\n<!-- \/ Yoast SEO Premium plugin. -->","yoast_head_json":{"title":"2020 Knowledge Center: art\u00edculos sobre productos 2020","description":"Obtenga r\u00e1pidamente respuestas sobre descargas, instalaci\u00f3n, registro, actualizaciones y otras preguntas comunes sobre sus productos 2020.","robots":{"index":"index","follow":"follow","max-snippet":"max-snippet:-1","max-image-preview":"max-image-preview:large","max-video-preview":"max-video-preview:-1"},"canonical":"https:\/\/www.2020spaces.com\/es\/knowledge-center\/","og_locale":"es_ES","og_type":"article","og_title":"2020 Knowledge Center: A collection of how-to articles for 2020 products.","og_description":"Quickly get answers about downloads, installation, registration, updates and other common questions about your 2020 products.","og_url":"https:\/\/www.2020spaces.com\/es\/knowledge-center\/","og_site_name":"2020","article_publisher":"https:\/\/www.facebook.com\/2020spaces","article_modified_time":"2021-10-27T19:40:53+00:00","og_image":[{"width":1200,"height":630,"url":"https:\/\/www.2020spaces.com\/wp-content\/uploads\/2020\/04\/Social_1200x630_KnowledgeCenter_202004.jpg","type":"image\/jpeg"}],"twitter_card":"summary_large_image","twitter_title":"2020 Knowledge Center: A collection of how-to articles for 2020 products.","twitter_description":"Quickly get answers about downloads, installation, registration, updates and other common questions about your 2020 products.","twitter_image":"https:\/\/www.2020spaces.com\/wp-content\/uploads\/2020\/04\/Social_1200x630_KnowledgeCenter_202004.jpg","twitter_site":"@2020spaces","twitter_misc":{"Tiempo de lectura":"7 minutos"},"schema":{"@context":"https:\/\/schema.org","@graph":[{"@type":"WebPage","@id":"https:\/\/www.2020spaces.com\/es\/knowledge-center\/","url":"https:\/\/www.2020spaces.com\/es\/knowledge-center\/","name":"2020 Knowledge Center: art\u00edculos sobre productos 2020","isPartOf":{"@id":"https:\/\/www.2020spaces.com\/#website"},"primaryImageOfPage":{"@id":"https:\/\/www.2020spaces.com\/es\/knowledge-center\/#primaryimage"},"image":{"@id":"https:\/\/www.2020spaces.com\/es\/knowledge-center\/#primaryimage"},"thumbnailUrl":"https:\/\/www.2020spaces.com\/wp-content\/uploads\/2020\/04\/Featured_400x323_KnowledgeCenter_202004.jpg","datePublished":"2017-06-14T20:32:47+00:00","dateModified":"2021-10-27T19:40:53+00:00","description":"Obtenga r\u00e1pidamente respuestas sobre descargas, instalaci\u00f3n, registro, actualizaciones y otras preguntas comunes sobre sus productos 2020.","breadcrumb":{"@id":"https:\/\/www.2020spaces.com\/es\/knowledge-center\/#breadcrumb"},"inLanguage":"es","potentialAction":[{"@type":"ReadAction","target":["https:\/\/www.2020spaces.com\/es\/knowledge-center\/"]}]},{"@type":"ImageObject","inLanguage":"es","@id":"https:\/\/www.2020spaces.com\/es\/knowledge-center\/#primaryimage","url":"https:\/\/www.2020spaces.com\/wp-content\/uploads\/2020\/04\/Featured_400x323_KnowledgeCenter_202004.jpg","contentUrl":"https:\/\/www.2020spaces.com\/wp-content\/uploads\/2020\/04\/Featured_400x323_KnowledgeCenter_202004.jpg","width":400,"height":323,"caption":"2020 Knowledge Center"},{"@type":"BreadcrumbList","@id":"https:\/\/www.2020spaces.com\/es\/knowledge-center\/#breadcrumb","itemListElement":[{"@type":"ListItem","position":1,"name":"Home","item":"https:\/\/www.2020spaces.com\/es\/inicio-2-2\/"},{"@type":"ListItem","position":2,"name":"2020 Knowledge Center"}]},{"@type":"WebSite","@id":"https:\/\/www.2020spaces.com\/#website","url":"https:\/\/www.2020spaces.com\/","name":"2020","description":"Making Spaces for Life\u2122","potentialAction":[{"@type":"SearchAction","target":{"@type":"EntryPoint","urlTemplate":"https:\/\/www.2020spaces.com\/?s={search_term_string}"},"query-input":{"@type":"PropertyValueSpecification","valueRequired":true,"valueName":"search_term_string"}}],"inLanguage":"es"}]}},"_links":{"self":[{"href":"https:\/\/www.2020spaces.com\/es\/wp-json\/wp\/v2\/pages\/169871","targetHints":{"allow":["GET"]}}],"collection":[{"href":"https:\/\/www.2020spaces.com\/es\/wp-json\/wp\/v2\/pages"}],"about":[{"href":"https:\/\/www.2020spaces.com\/es\/wp-json\/wp\/v2\/types\/page"}],"author":[{"embeddable":true,"href":"https:\/\/www.2020spaces.com\/es\/wp-json\/wp\/v2\/users\/26709"}],"replies":[{"embeddable":true,"href":"https:\/\/www.2020spaces.com\/es\/wp-json\/wp\/v2\/comments?post=169871"}],"version-history":[{"count":0,"href":"https:\/\/www.2020spaces.com\/es\/wp-json\/wp\/v2\/pages\/169871\/revisions"}],"wp:featuredmedia":[{"embeddable":true,"href":"https:\/\/www.2020spaces.com\/es\/wp-json\/wp\/v2\/media\/279350"}],"wp:attachment":[{"href":"https:\/\/www.2020spaces.com\/es\/wp-json\/wp\/v2\/media?parent=169871"}],"wp:term":[{"taxonomy":"category","embeddable":true,"href":"https:\/\/www.2020spaces.com\/es\/wp-json\/wp\/v2\/categories?post=169871"}],"curies":[{"name":"wp","href":"https:\/\/api.w.org\/{rel}","templated":true}]}}