{"id":259933,"date":"2019-11-29T08:52:25","date_gmt":"2019-11-29T13:52:25","guid":{"rendered":"https:\/\/www.2020spaces.com\/referral\/"},"modified":"2024-01-05T19:04:35","modified_gmt":"2024-01-06T00:04:35","slug":"refiera","status":"publish","type":"page","link":"https:\/\/www.2020spaces.com\/es\/refiera\/","title":{"rendered":"2020 Refiera"},"content":{"rendered":"<div id=\"cs-content\" class=\"cs-content\"><\/div>\n","protected":false},"excerpt":{"rendered":"<p>Difunda el amor \u2013 sea recompensadoAy\u00fadenos a difundir la palabraSi conoce a cualquier profesional de la industria que se beneficiar\u00eda agregando el programa 2020 a su negocio, d\u00e9jenos saber. 2020 le recompensar\u00e1 a Usted y a su referido con una tarjeta de regalo de Amazon de $50. *Los $50 ser\u00e1n &#8230; <\/p>\n<div><a href=\"https:\/\/www.2020spaces.com\/es\/refiera\/\" class=\"more-link\">Read More<\/a><\/div>\n","protected":false},"author":26709,"featured_media":259942,"parent":0,"menu_order":0,"comment_status":"closed","ping_status":"closed","template":"template-blank-4.php","meta":{"_bbp_topic_count":0,"_bbp_reply_count":0,"_bbp_total_topic_count":0,"_bbp_total_reply_count":0,"_bbp_voice_count":0,"_bbp_anonymous_reply_count":0,"_bbp_topic_count_hidden":0,"_bbp_reply_count_hidden":0,"_bbp_forum_subforum_count":0,"footnotes":""},"categories":[],"class_list":["post-259933","page","type-page","status-publish","has-post-thumbnail","hentry"],"pp_force_visibility":null,"pp_subpost_visibility":null,"pp_inherited_force_visibility":null,"pp_inherited_subpost_visibility":null,"yoast_head":"<!-- This site is optimized with the Yoast SEO Premium plugin v26.7 (Yoast SEO v26.7) - https:\/\/yoast.com\/wordpress\/plugins\/seo\/ -->\n<title>Difunda el amor \u2013 sea recompensado | Refiera a un amigo | 2020 Spaces<\/title>\n<meta name=\"description\" content=\"Si conoce a cualquier profesional de la industria que se beneficiar\u00eda agregando el programa 2020 a su negocio, d\u00e9jenos saber.\" \/>\n<meta name=\"robots\" content=\"noindex, nofollow\" \/>\n<meta property=\"og:locale\" content=\"es_ES\" \/>\n<meta property=\"og:type\" content=\"article\" \/>\n<meta property=\"og:title\" content=\"Difunda el amor \u2013 sea recompensado | Refiera a un amigo | 2020 Spaces\" \/>\n<meta property=\"og:description\" content=\"Si conoce a cualquier profesional de la industria que se beneficiar\u00eda agregando el programa 2020 a su negocio, d\u00e9jenos saber. 2020 le recompensar\u00e1 a Usted y a su referido con una tarjeta de regalo de Amazon de $50.\" \/>\n<meta property=\"og:url\" content=\"https:\/\/www.2020spaces.com\/es\/refiera\/\" \/>\n<meta property=\"og:site_name\" content=\"2020\" \/>\n<meta property=\"article:publisher\" content=\"https:\/\/www.facebook.com\/2020spaces\" \/>\n<meta property=\"article:modified_time\" content=\"2024-01-06T00:04:35+00:00\" \/>\n<meta property=\"og:image\" content=\"https:\/\/www.2020spaces.com\/wp-content\/uploads\/2019\/11\/Social_1200x630_ReferFriend.jpg\" \/>\n\t<meta property=\"og:image:width\" content=\"1200\" \/>\n\t<meta property=\"og:image:height\" content=\"630\" \/>\n\t<meta property=\"og:image:type\" content=\"image\/jpeg\" \/>\n<meta name=\"twitter:card\" content=\"summary_large_image\" \/>\n<meta name=\"twitter:title\" content=\"2020 Refiera\" \/>\n<meta name=\"twitter:site\" content=\"@2020spaces\" \/>\n<meta name=\"twitter:label1\" content=\"Tiempo de lectura\" \/>\n\t<meta name=\"twitter:data1\" content=\"3 minutos\" \/>\n<script type=\"application\/ld+json\" class=\"yoast-schema-graph\">{\"@context\":\"https:\/\/schema.org\",\"@graph\":[{\"@type\":\"WebPage\",\"@id\":\"https:\/\/www.2020spaces.com\/es\/refiera\/\",\"url\":\"https:\/\/www.2020spaces.com\/es\/refiera\/\",\"name\":\"Difunda el amor \u2013 sea recompensado | Refiera a un amigo | 2020 Spaces\",\"isPartOf\":{\"@id\":\"https:\/\/www.2020spaces.com\/#website\"},\"primaryImageOfPage\":{\"@id\":\"https:\/\/www.2020spaces.com\/es\/refiera\/#primaryimage\"},\"image\":{\"@id\":\"https:\/\/www.2020spaces.com\/es\/refiera\/#primaryimage\"},\"thumbnailUrl\":\"https:\/\/www.2020spaces.com\/wp-content\/uploads\/2019\/11\/Featured_400x323_ReferFriend.jpg\",\"datePublished\":\"2019-11-29T13:52:25+00:00\",\"dateModified\":\"2024-01-06T00:04:35+00:00\",\"description\":\"Si conoce a cualquier profesional de la industria que se beneficiar\u00eda agregando el programa 2020 a su negocio, d\u00e9jenos saber.\",\"breadcrumb\":{\"@id\":\"https:\/\/www.2020spaces.com\/es\/refiera\/#breadcrumb\"},\"inLanguage\":\"es\",\"potentialAction\":[{\"@type\":\"ReadAction\",\"target\":[\"https:\/\/www.2020spaces.com\/es\/refiera\/\"]}]},{\"@type\":\"ImageObject\",\"inLanguage\":\"es\",\"@id\":\"https:\/\/www.2020spaces.com\/es\/refiera\/#primaryimage\",\"url\":\"https:\/\/www.2020spaces.com\/wp-content\/uploads\/2019\/11\/Featured_400x323_ReferFriend.jpg\",\"contentUrl\":\"https:\/\/www.2020spaces.com\/wp-content\/uploads\/2019\/11\/Featured_400x323_ReferFriend.jpg\",\"width\":400,\"height\":323},{\"@type\":\"BreadcrumbList\",\"@id\":\"https:\/\/www.2020spaces.com\/es\/refiera\/#breadcrumb\",\"itemListElement\":[{\"@type\":\"ListItem\",\"position\":1,\"name\":\"Home\",\"item\":\"https:\/\/www.2020spaces.com\/es\/inicio-2-2\/\"},{\"@type\":\"ListItem\",\"position\":2,\"name\":\"2020 Refiera\"}]},{\"@type\":\"WebSite\",\"@id\":\"https:\/\/www.2020spaces.com\/#website\",\"url\":\"https:\/\/www.2020spaces.com\/\",\"name\":\"2020\",\"description\":\"Making Spaces for Life\u2122\",\"potentialAction\":[{\"@type\":\"SearchAction\",\"target\":{\"@type\":\"EntryPoint\",\"urlTemplate\":\"https:\/\/www.2020spaces.com\/?s={search_term_string}\"},\"query-input\":{\"@type\":\"PropertyValueSpecification\",\"valueRequired\":true,\"valueName\":\"search_term_string\"}}],\"inLanguage\":\"es\"}]}<\/script>\n<!-- \/ Yoast SEO Premium plugin. -->","yoast_head_json":{"title":"Difunda el amor \u2013 sea recompensado | Refiera a un amigo | 2020 Spaces","description":"Si conoce a cualquier profesional de la industria que se beneficiar\u00eda agregando el programa 2020 a su negocio, d\u00e9jenos saber.","robots":{"index":"noindex","follow":"nofollow"},"og_locale":"es_ES","og_type":"article","og_title":"Difunda el amor \u2013 sea recompensado | Refiera a un amigo | 2020 Spaces","og_description":"Si conoce a cualquier profesional de la industria que se beneficiar\u00eda agregando el programa 2020 a su negocio, d\u00e9jenos saber. 2020 le recompensar\u00e1 a Usted y a su referido con una tarjeta de regalo de Amazon de $50.","og_url":"https:\/\/www.2020spaces.com\/es\/refiera\/","og_site_name":"2020","article_publisher":"https:\/\/www.facebook.com\/2020spaces","article_modified_time":"2024-01-06T00:04:35+00:00","og_image":[{"width":1200,"height":630,"url":"https:\/\/www.2020spaces.com\/wp-content\/uploads\/2019\/11\/Social_1200x630_ReferFriend.jpg","type":"image\/jpeg"}],"twitter_card":"summary_large_image","twitter_title":"2020 Refiera","twitter_site":"@2020spaces","twitter_misc":{"Tiempo de lectura":"3 minutos"},"schema":{"@context":"https:\/\/schema.org","@graph":[{"@type":"WebPage","@id":"https:\/\/www.2020spaces.com\/es\/refiera\/","url":"https:\/\/www.2020spaces.com\/es\/refiera\/","name":"Difunda el amor \u2013 sea recompensado | Refiera a un amigo | 2020 Spaces","isPartOf":{"@id":"https:\/\/www.2020spaces.com\/#website"},"primaryImageOfPage":{"@id":"https:\/\/www.2020spaces.com\/es\/refiera\/#primaryimage"},"image":{"@id":"https:\/\/www.2020spaces.com\/es\/refiera\/#primaryimage"},"thumbnailUrl":"https:\/\/www.2020spaces.com\/wp-content\/uploads\/2019\/11\/Featured_400x323_ReferFriend.jpg","datePublished":"2019-11-29T13:52:25+00:00","dateModified":"2024-01-06T00:04:35+00:00","description":"Si conoce a cualquier profesional de la industria que se beneficiar\u00eda agregando el programa 2020 a su negocio, d\u00e9jenos saber.","breadcrumb":{"@id":"https:\/\/www.2020spaces.com\/es\/refiera\/#breadcrumb"},"inLanguage":"es","potentialAction":[{"@type":"ReadAction","target":["https:\/\/www.2020spaces.com\/es\/refiera\/"]}]},{"@type":"ImageObject","inLanguage":"es","@id":"https:\/\/www.2020spaces.com\/es\/refiera\/#primaryimage","url":"https:\/\/www.2020spaces.com\/wp-content\/uploads\/2019\/11\/Featured_400x323_ReferFriend.jpg","contentUrl":"https:\/\/www.2020spaces.com\/wp-content\/uploads\/2019\/11\/Featured_400x323_ReferFriend.jpg","width":400,"height":323},{"@type":"BreadcrumbList","@id":"https:\/\/www.2020spaces.com\/es\/refiera\/#breadcrumb","itemListElement":[{"@type":"ListItem","position":1,"name":"Home","item":"https:\/\/www.2020spaces.com\/es\/inicio-2-2\/"},{"@type":"ListItem","position":2,"name":"2020 Refiera"}]},{"@type":"WebSite","@id":"https:\/\/www.2020spaces.com\/#website","url":"https:\/\/www.2020spaces.com\/","name":"2020","description":"Making Spaces for Life\u2122","potentialAction":[{"@type":"SearchAction","target":{"@type":"EntryPoint","urlTemplate":"https:\/\/www.2020spaces.com\/?s={search_term_string}"},"query-input":{"@type":"PropertyValueSpecification","valueRequired":true,"valueName":"search_term_string"}}],"inLanguage":"es"}]}},"_links":{"self":[{"href":"https:\/\/www.2020spaces.com\/es\/wp-json\/wp\/v2\/pages\/259933","targetHints":{"allow":["GET"]}}],"collection":[{"href":"https:\/\/www.2020spaces.com\/es\/wp-json\/wp\/v2\/pages"}],"about":[{"href":"https:\/\/www.2020spaces.com\/es\/wp-json\/wp\/v2\/types\/page"}],"author":[{"embeddable":true,"href":"https:\/\/www.2020spaces.com\/es\/wp-json\/wp\/v2\/users\/26709"}],"replies":[{"embeddable":true,"href":"https:\/\/www.2020spaces.com\/es\/wp-json\/wp\/v2\/comments?post=259933"}],"version-history":[{"count":0,"href":"https:\/\/www.2020spaces.com\/es\/wp-json\/wp\/v2\/pages\/259933\/revisions"}],"wp:featuredmedia":[{"embeddable":true,"href":"https:\/\/www.2020spaces.com\/es\/wp-json\/wp\/v2\/media\/259942"}],"wp:attachment":[{"href":"https:\/\/www.2020spaces.com\/es\/wp-json\/wp\/v2\/media?parent=259933"}],"wp:term":[{"taxonomy":"category","embeddable":true,"href":"https:\/\/www.2020spaces.com\/es\/wp-json\/wp\/v2\/categories?post=259933"}],"curies":[{"name":"wp","href":"https:\/\/api.w.org\/{rel}","templated":true}]}}