{"id":358812,"date":"2020-12-30T14:19:34","date_gmt":"2020-12-30T19:19:34","guid":{"rendered":"https:\/\/www.2020spaces.com\/2020-design-live-products-page\/"},"modified":"2025-02-21T16:14:17","modified_gmt":"2025-02-21T21:14:17","slug":"2020-design-flex-products-page","status":"publish","type":"page","link":"https:\/\/www.2020spaces.com\/es\/2020-design-flex-products-page\/","title":{"rendered":"2020 Design Flex Products Page"},"content":{"rendered":"<h1 style=\"font-weight: bold; margin: 0 0 10px; font-size: 171.4%;\">2020 Design Flex<\/h1>\n<p>El software de dise\u00f1o de cocinas y ba\u00f1os 2020 Design Flex es una soluci\u00f3n completa de planificaci\u00f3n y visualizaci\u00f3n de espacios con cat\u00e1logos de fabricantes integrados y funciones de renderizado en 3D que ayudan a los dise\u00f1adores de interiores a crear hermosos espacios.<\/p>\n","protected":false},"excerpt":{"rendered":"<p>2020 Design Flex El software de dise\u00f1o de cocinas y ba\u00f1os 2020 Design Flex es una soluci\u00f3n completa de planificaci\u00f3n y visualizaci\u00f3n de espacios con cat\u00e1logos de fabricantes integrados y funciones de renderizado en 3D que ayudan a los dise\u00f1adores de interiores a crear hermosos espacios.<\/p>\n","protected":false},"author":26709,"featured_media":354741,"parent":0,"menu_order":0,"comment_status":"closed","ping_status":"closed","template":"template-blank-1.php","meta":{"_bbp_topic_count":0,"_bbp_reply_count":0,"_bbp_total_topic_count":0,"_bbp_total_reply_count":0,"_bbp_voice_count":0,"_bbp_anonymous_reply_count":0,"_bbp_topic_count_hidden":0,"_bbp_reply_count_hidden":0,"_bbp_forum_subforum_count":0,"footnotes":""},"categories":[15469,15470],"class_list":["post-358812","page","type-page","status-publish","has-post-thumbnail","hentry","category-2020-design-live-2-fr-de-es","category-interior-design-fr-de-es"],"pp_force_visibility":null,"pp_subpost_visibility":null,"pp_inherited_force_visibility":null,"pp_inherited_subpost_visibility":null,"yoast_head":"<!-- This site is optimized with the Yoast SEO Premium plugin v26.7 (Yoast SEO v26.7) - https:\/\/yoast.com\/wordpress\/plugins\/seo\/ -->\n<title>2020 Design Flex Products Page | 2020<\/title>\n<meta name=\"description\" content=\"El software de dise\u00f1o de cocinas y ba\u00f1os 2020 Design Flex es una soluci\u00f3n completa de planificaci\u00f3n y visualizaci\u00f3n de espacios con cat\u00e1logos.\" \/>\n<meta name=\"robots\" content=\"index, follow, max-snippet:-1, max-image-preview:large, max-video-preview:-1\" \/>\n<link rel=\"canonical\" href=\"https:\/\/www.2020spaces.com\/es\/2020-design-flex-products-page\/\" \/>\n<meta property=\"og:locale\" content=\"es_ES\" \/>\n<meta property=\"og:type\" content=\"article\" \/>\n<meta property=\"og:title\" content=\"2020 Design Flex Products Page\" \/>\n<meta property=\"og:description\" content=\"El software de dise\u00f1o de cocinas y ba\u00f1os 2020 Design Flex es una soluci\u00f3n completa de planificaci\u00f3n y visualizaci\u00f3n de espacios con cat\u00e1logos.\" \/>\n<meta property=\"og:url\" content=\"https:\/\/www.2020spaces.com\/es\/2020-design-flex-products-page\/\" \/>\n<meta property=\"og:site_name\" content=\"2020\" \/>\n<meta property=\"article:publisher\" content=\"https:\/\/www.facebook.com\/2020spaces\" \/>\n<meta property=\"article:modified_time\" content=\"2025-02-21T21:14:17+00:00\" \/>\n<meta property=\"og:image\" content=\"https:\/\/www.2020spaces.com\/wp-content\/uploads\/2022\/01\/2020-Design-Live.png\" \/>\n\t<meta property=\"og:image:width\" content=\"400\" \/>\n\t<meta property=\"og:image:height\" content=\"323\" \/>\n\t<meta property=\"og:image:type\" content=\"image\/png\" \/>\n<meta name=\"twitter:card\" content=\"summary_large_image\" \/>\n<meta name=\"twitter:site\" content=\"@2020spaces\" \/>\n<meta name=\"twitter:label1\" content=\"Tiempo de lectura\" \/>\n\t<meta name=\"twitter:data1\" content=\"1 minuto\" \/>\n<script type=\"application\/ld+json\" class=\"yoast-schema-graph\">{\"@context\":\"https:\/\/schema.org\",\"@graph\":[{\"@type\":\"WebPage\",\"@id\":\"https:\/\/www.2020spaces.com\/es\/2020-design-flex-products-page\/\",\"url\":\"https:\/\/www.2020spaces.com\/es\/2020-design-flex-products-page\/\",\"name\":\"2020 Design Flex Products Page | 2020\",\"isPartOf\":{\"@id\":\"https:\/\/www.2020spaces.com\/#website\"},\"primaryImageOfPage\":{\"@id\":\"https:\/\/www.2020spaces.com\/es\/2020-design-flex-products-page\/#primaryimage\"},\"image\":{\"@id\":\"https:\/\/www.2020spaces.com\/es\/2020-design-flex-products-page\/#primaryimage\"},\"thumbnailUrl\":\"https:\/\/www.2020spaces.com\/wp-content\/uploads\/2022\/01\/2020-Design-Live.png\",\"datePublished\":\"2020-12-30T19:19:34+00:00\",\"dateModified\":\"2025-02-21T21:14:17+00:00\",\"description\":\"El software de dise\u00f1o de cocinas y ba\u00f1os 2020 Design Flex es una soluci\u00f3n completa de planificaci\u00f3n y visualizaci\u00f3n de espacios con cat\u00e1logos.\",\"breadcrumb\":{\"@id\":\"https:\/\/www.2020spaces.com\/es\/2020-design-flex-products-page\/#breadcrumb\"},\"inLanguage\":\"es\",\"potentialAction\":[{\"@type\":\"ReadAction\",\"target\":[\"https:\/\/www.2020spaces.com\/es\/2020-design-flex-products-page\/\"]}]},{\"@type\":\"ImageObject\",\"inLanguage\":\"es\",\"@id\":\"https:\/\/www.2020spaces.com\/es\/2020-design-flex-products-page\/#primaryimage\",\"url\":\"https:\/\/www.2020spaces.com\/wp-content\/uploads\/2022\/01\/2020-Design-Live.png\",\"contentUrl\":\"https:\/\/www.2020spaces.com\/wp-content\/uploads\/2022\/01\/2020-Design-Live.png\",\"width\":400,\"height\":323,\"caption\":\"2020 Design Live\"},{\"@type\":\"BreadcrumbList\",\"@id\":\"https:\/\/www.2020spaces.com\/es\/2020-design-flex-products-page\/#breadcrumb\",\"itemListElement\":[{\"@type\":\"ListItem\",\"position\":1,\"name\":\"Home\",\"item\":\"https:\/\/www.2020spaces.com\/es\/inicio-2-2\/\"},{\"@type\":\"ListItem\",\"position\":2,\"name\":\"2020 Design Flex Products Page\"}]},{\"@type\":\"WebSite\",\"@id\":\"https:\/\/www.2020spaces.com\/#website\",\"url\":\"https:\/\/www.2020spaces.com\/\",\"name\":\"2020\",\"description\":\"Making Spaces for Life\u2122\",\"potentialAction\":[{\"@type\":\"SearchAction\",\"target\":{\"@type\":\"EntryPoint\",\"urlTemplate\":\"https:\/\/www.2020spaces.com\/?s={search_term_string}\"},\"query-input\":{\"@type\":\"PropertyValueSpecification\",\"valueRequired\":true,\"valueName\":\"search_term_string\"}}],\"inLanguage\":\"es\"}]}<\/script>\n<!-- \/ Yoast SEO Premium plugin. -->","yoast_head_json":{"title":"2020 Design Flex Products Page | 2020","description":"El software de dise\u00f1o de cocinas y ba\u00f1os 2020 Design Flex es una soluci\u00f3n completa de planificaci\u00f3n y visualizaci\u00f3n de espacios con cat\u00e1logos.","robots":{"index":"index","follow":"follow","max-snippet":"max-snippet:-1","max-image-preview":"max-image-preview:large","max-video-preview":"max-video-preview:-1"},"canonical":"https:\/\/www.2020spaces.com\/es\/2020-design-flex-products-page\/","og_locale":"es_ES","og_type":"article","og_title":"2020 Design Flex Products Page","og_description":"El software de dise\u00f1o de cocinas y ba\u00f1os 2020 Design Flex es una soluci\u00f3n completa de planificaci\u00f3n y visualizaci\u00f3n de espacios con cat\u00e1logos.","og_url":"https:\/\/www.2020spaces.com\/es\/2020-design-flex-products-page\/","og_site_name":"2020","article_publisher":"https:\/\/www.facebook.com\/2020spaces","article_modified_time":"2025-02-21T21:14:17+00:00","og_image":[{"width":400,"height":323,"url":"https:\/\/www.2020spaces.com\/wp-content\/uploads\/2022\/01\/2020-Design-Live.png","type":"image\/png"}],"twitter_card":"summary_large_image","twitter_site":"@2020spaces","twitter_misc":{"Tiempo de lectura":"1 minuto"},"schema":{"@context":"https:\/\/schema.org","@graph":[{"@type":"WebPage","@id":"https:\/\/www.2020spaces.com\/es\/2020-design-flex-products-page\/","url":"https:\/\/www.2020spaces.com\/es\/2020-design-flex-products-page\/","name":"2020 Design Flex Products Page | 2020","isPartOf":{"@id":"https:\/\/www.2020spaces.com\/#website"},"primaryImageOfPage":{"@id":"https:\/\/www.2020spaces.com\/es\/2020-design-flex-products-page\/#primaryimage"},"image":{"@id":"https:\/\/www.2020spaces.com\/es\/2020-design-flex-products-page\/#primaryimage"},"thumbnailUrl":"https:\/\/www.2020spaces.com\/wp-content\/uploads\/2022\/01\/2020-Design-Live.png","datePublished":"2020-12-30T19:19:34+00:00","dateModified":"2025-02-21T21:14:17+00:00","description":"El software de dise\u00f1o de cocinas y ba\u00f1os 2020 Design Flex es una soluci\u00f3n completa de planificaci\u00f3n y visualizaci\u00f3n de espacios con cat\u00e1logos.","breadcrumb":{"@id":"https:\/\/www.2020spaces.com\/es\/2020-design-flex-products-page\/#breadcrumb"},"inLanguage":"es","potentialAction":[{"@type":"ReadAction","target":["https:\/\/www.2020spaces.com\/es\/2020-design-flex-products-page\/"]}]},{"@type":"ImageObject","inLanguage":"es","@id":"https:\/\/www.2020spaces.com\/es\/2020-design-flex-products-page\/#primaryimage","url":"https:\/\/www.2020spaces.com\/wp-content\/uploads\/2022\/01\/2020-Design-Live.png","contentUrl":"https:\/\/www.2020spaces.com\/wp-content\/uploads\/2022\/01\/2020-Design-Live.png","width":400,"height":323,"caption":"2020 Design Live"},{"@type":"BreadcrumbList","@id":"https:\/\/www.2020spaces.com\/es\/2020-design-flex-products-page\/#breadcrumb","itemListElement":[{"@type":"ListItem","position":1,"name":"Home","item":"https:\/\/www.2020spaces.com\/es\/inicio-2-2\/"},{"@type":"ListItem","position":2,"name":"2020 Design Flex Products Page"}]},{"@type":"WebSite","@id":"https:\/\/www.2020spaces.com\/#website","url":"https:\/\/www.2020spaces.com\/","name":"2020","description":"Making Spaces for Life\u2122","potentialAction":[{"@type":"SearchAction","target":{"@type":"EntryPoint","urlTemplate":"https:\/\/www.2020spaces.com\/?s={search_term_string}"},"query-input":{"@type":"PropertyValueSpecification","valueRequired":true,"valueName":"search_term_string"}}],"inLanguage":"es"}]}},"_links":{"self":[{"href":"https:\/\/www.2020spaces.com\/es\/wp-json\/wp\/v2\/pages\/358812","targetHints":{"allow":["GET"]}}],"collection":[{"href":"https:\/\/www.2020spaces.com\/es\/wp-json\/wp\/v2\/pages"}],"about":[{"href":"https:\/\/www.2020spaces.com\/es\/wp-json\/wp\/v2\/types\/page"}],"author":[{"embeddable":true,"href":"https:\/\/www.2020spaces.com\/es\/wp-json\/wp\/v2\/users\/26709"}],"replies":[{"embeddable":true,"href":"https:\/\/www.2020spaces.com\/es\/wp-json\/wp\/v2\/comments?post=358812"}],"version-history":[{"count":0,"href":"https:\/\/www.2020spaces.com\/es\/wp-json\/wp\/v2\/pages\/358812\/revisions"}],"wp:featuredmedia":[{"embeddable":true,"href":"https:\/\/www.2020spaces.com\/es\/wp-json\/wp\/v2\/media\/354741"}],"wp:attachment":[{"href":"https:\/\/www.2020spaces.com\/es\/wp-json\/wp\/v2\/media?parent=358812"}],"wp:term":[{"taxonomy":"category","embeddable":true,"href":"https:\/\/www.2020spaces.com\/es\/wp-json\/wp\/v2\/categories?post=358812"}],"curies":[{"name":"wp","href":"https:\/\/api.w.org\/{rel}","templated":true}]}}