{"id":94160,"date":"2016-07-04T16:06:06","date_gmt":"2016-07-04T20:06:06","guid":{"rendered":"https:\/\/www.2020spaces.com\/es\/2020-design-promotion-july-2016\/"},"modified":"2017-01-30T10:13:30","modified_gmt":"2017-01-30T15:13:30","slug":"2020-design-promotion","status":"publish","type":"page","link":"https:\/\/www.2020spaces.com\/es\/2020-design-promotion\/","title":{"rendered":"Promoci\u00f3n para el 2020 Design"},"content":{"rendered":"<div class=\"wpb-content-wrapper\">[vc_row no_margin=\u00bbtrue\u00bb inner_container=\u00bbtrue\u00bb border=\u00bbnone\u00bb padding_top=\u00bb0px\u00bb padding_bottom=\u00bb0px\u00bb][vc_column width=\u00bb1\/1&#8243; fade_animation=\u00bbin\u00bb fade_animation_offset=\u00bb45px\u00bb id=\u00bbproduct\u00bb]<img decoding=\"async\"  class=\"x-img center-block none\"  src=\"https:\/\/www.2020spaces.com\/wp-content\/uploads\/2016\/07\/LPWordpress_LATAMPromo_950x300.jpg\" alt=\"2020 Design promoci\u00f3n de julio 2016\">\n[\/vc_column][\/vc_row]\n[vc_row inner_container=\u00bbtrue\u00bb no_margin=\u00bbtrue\u00bb padding_top=\u00bb0px\u00bb padding_bottom=\u00bb0px\u00bb border=\u00bbnone\u00bb][vc_column width=\u00bb1\/1&#8243;]<div  class=\"x-container max width\" >[vc_row_inner padding_top=\u00bb0px\u00bb padding_bottom=\u00bb0px\u00bb border=\u00bbnone\u00bb][vc_column_inner style=\u00bbwidth:60%;\u00bb]<p><h3  class=\"h-custom-headline center-text h4\" style=\"margin-top: 0px;color:#f8971d;font-weight:bold;\"><span>Promoci\u00f3n para el 2020 Design<\/span><\/h3><br \/>\n<strong>Ahorre hasta US$595.00 en la compra de nuevas licencias de 2020 Design.\u00a0<\/strong>Solicite una cotizaci\u00f3n al completar este formulario y compre antes del <strong>26 de agosto del 2016<\/strong> para obtener ventaja de esta promoci\u00f3n.<\/p>\n<table style=\"width: 100%; font-size: 14px;\" cellspacing=\"0\" cellpadding=\"0\">\n<thead>\n<tr>\n<th style=\"border: 1px solid #cccccc; color: #ffffff; padding: 4px; background: #999999; text-align: center;\"><span style=\"font-family: Lato;\">Tipo de licencia<\/span><\/th>\n<th style=\"border: 1px solid #cccccc; color: #ffffff; padding: 4px; background: #999999; text-align: center;\"><span style=\"font-family: Lato;\">Ahorro<\/span><\/th>\n<\/tr>\n<\/thead>\n<thead>\n<tr>\n<td style=\"border: 1px solid #cccccc; padding: 4px; background: #ffffff;\"><span style=\"font-size: 12px;\"><span style=\"color: #7e8083;\"><span style=\"font-family: Lato;\">2020 Design Complete<\/span><\/span><\/span><\/td>\n<td style=\"border: 1px solid #cccccc; padding: 4px; text-align: center; background: #ffffff;\"><span style=\"font-size: 12px;\"><span style=\"color: #7e8083;\"><span style=\"font-family: Lato;\">$595<\/span><\/span><\/span><\/td>\n<\/tr>\n<\/thead>\n<thead>\n<tr>\n<td style=\"border: 1px solid #cccccc; padding: 4px; background: #ffffff;\"><span style=\"font-size: 12px;\"><span style=\"color: #7e8083;\"><span style=\"font-family: Lato;\">2020 Design\u00a0Essentials<\/span><\/span><\/span><\/td>\n<td style=\"border: 1px solid #cccccc; padding: 4px; text-align: center; background: #ffffff;\"><span style=\"font-size: 12px;\"><span style=\"color: #7e8083;\"><span style=\"font-family: Lato;\">$300<\/span><\/span><\/span><\/td>\n<\/tr>\n<\/thead>\n<\/table>\n<p><i>*Todas las ediciones incluyen:<br \/>\n*12 meses de servicio de apoyo t\u00e9cnico sobre el producto<br \/>\n*12 meses de actualizaci\u00f3n de versi\u00f3n<br \/>\n<\/i><br \/>\n<h4  class=\"h-custom-headline h4\" style=\"margin-top: 0px;font-weight:bold;\"><span>Bono &#8211; Vea el futuro con 2020 Design<\/span><\/h4>2020 obsequiar\u00e1 como cortes\u00eda un visor de Realidad Virtual en la compra de una licencia nueva o de licencias adicionales del programa 2020 Dise\u00f1o**. Esta oferta es v\u00e1lida \u00fanicamente si la compra se realiza durante los 5 d\u00edas h\u00e1biles posteriores a la emisi\u00f3n de la cotizaci\u00f3n.<\/p>\n<p>\u2022 *Vistas Panor\u00e1micas 360\u00b0 creadas con Dise\u00f1o 2020 v11.4 y versiones posteriores trabajar\u00e1n con el visor de realidad virtual. Descargue la \u00faltima versi\u00f3n de 2020 Dise\u00f1o en nuestro sitio 2020.net<br \/>\n\u2022 **Oferta valida \u00fanicamente en LATAM en la compra de licencias nuevas o adicionales.<br \/>\n\u2022 Entre en contacto con nuestro equipo de ventas al 866.698.2020 o escribanos a: <a href=\"mailto:sales@2020spaces.com\">sales@2020spaces.com<\/a><\/p>\n[\/vc_column_inner]\n[vc_column_inner style=\u00bbwidth:35%;color:#f8971d;font-weight:bold;text-align:center;\u00bb]<hr  class=\"x-gap\" style=\"margin: 5% 0 0 0;\">\nSolicite una cotizaci\u00f3n completando el formulario.<iframe loading=\"lazy\" style=\"border: 0;\" src=\"https:\/\/go.pardot.com\/l\/70282\/2016-07-04\/3t282t\" width=\"150px%\" height=\"500\" frameborder=\"0\" scrolling=\"yes\"><\/iframe>[\/vc_column_inner][\/vc_row_inner]<\/div>[\/vc_column][\/vc_row]\n[vc_row padding_top=\u00bb0px\u00bb padding_bottom=\u00bb0px\u00bb border=\u00bbnone\u00bb class=\u00bbcenter-text\u00bb][vc_column width=\u00bb1\/1&#8243; fade_animation=\u00bbin\u00bb fade_animation_offset=\u00bb45px\u00bb id=\u00bbvfti\u00bb]<hr  class=\"x-gap\" style=\"margin: 1.313em 0 0 0;\">[vc_row_inner inner_container=\u00bbtrue\u00bb padding_top=\u00bb0px\u00bb padding_bottom=\u00bb0px\u00bb border=\u00bbnone\u00bb][vc_column_inner width=\u00bb1\/2&#8243;]<h4  class=\"h-custom-headline center-text h4\" style=\"margin-top: 0px;font-weight:bold;\"><span>2020 Dise\u00f1o Vistas Panor\u00e1micas<\/span><\/h4> Con el software 2020 Dise\u00f1o, usted proporcionar\u00e1 a sus clientes con una experiencia de inmersi\u00f3n en 3D que los har\u00e1 sentir que est\u00e1n dentro del nuevo dise\u00f1o. Simplemente enviando a sus clientes un correo electr\u00f3nico con un enlace a la vista panor\u00e1mica ellos podr\u00e1n abrirlo en el navegador \u00f3 en su dispositivo m\u00f3vil y compartirlo con amigos y familiares!<\/p>\n<a  class=\"x-btn x-btn-square x-btn-large\"  href=\"https:\/\/www.2020spaces.com\/es\/productos-de-2020\/2020-panoramas-interactivos\/\"     data-options=\"thumbnail: ''\">\n<p>Vea m\u00e1s vistas panor\u00e1micas aqu\u00ed!<\/p>\n<\/a>[\/vc_column_inner][vc_column_inner width=\u00bb1\/2&#8243;]<a  class=\"x-img x-img-link x-img-none none\"  href=\"https:\/\/www.2020spaces.com\/pano\/KBIS_2014-Design4\/KBIS_2014-Design4.html\"  target=\"_blank\" rel=\"noopener noreferrer\"   data-options=\"thumbnail: 'https:\/\/www.2020spaces.com\/wp-content\/uploads\/2016\/02\/pano_f1.jpg'\"><img decoding=\"async\" src=\"https:\/\/www.2020spaces.com\/wp-content\/uploads\/2016\/02\/pano_f1.jpg\" alt=\"2020 Design's Panoramic View\"><\/a>[\/vc_column_inner][\/vc_row_inner][\/vc_column][\/vc_row]\n<\/div>","protected":false},"excerpt":{"rendered":"<p>[vc_row no_margin=\u00bbtrue\u00bb inner_container=\u00bbtrue\u00bb border=\u00bbnone\u00bb padding_top=\u00bb0px\u00bb padding_bottom=\u00bb0px\u00bb][vc_column width=\u00bb1\/1&#8243; fade_animation=\u00bbin\u00bb fade_animation_offset=\u00bb45px\u00bb id=\u00bbproduct\u00bb] [\/vc_column][\/vc_row] [vc_row inner_container=\u00bbtrue\u00bb no_margin=\u00bbtrue\u00bb padding_top=\u00bb0px\u00bb padding_bottom=\u00bb0px\u00bb border=\u00bbnone\u00bb][vc_column width=\u00bb1\/1&#8243;][\/vc_column][\/vc_row] [vc_row padding_top=\u00bb0px\u00bb padding_bottom=\u00bb0px\u00bb border=\u00bbnone\u00bb class=\u00bbcenter-text\u00bb][vc_column width=\u00bb1\/1&#8243; fade_animation=\u00bbin\u00bb fade_animation_offset=\u00bb45px\u00bb id=\u00bbvfti\u00bb][vc_row_inner inner_container=\u00bbtrue\u00bb padding_top=\u00bb0px\u00bb padding_bottom=\u00bb0px\u00bb border=\u00bbnone\u00bb][vc_column_inner width=\u00bb1\/2&#8243;] Con el software 2020 Dise\u00f1o, usted proporcionar\u00e1 a sus clientes con una experiencia de inmersi\u00f3n en 3D que &#8230; <\/p>\n<div><a href=\"https:\/\/www.2020spaces.com\/es\/2020-design-promotion\/\" class=\"more-link\">Read More<\/a><\/div>\n","protected":false},"author":1,"featured_media":0,"parent":0,"menu_order":0,"comment_status":"closed","ping_status":"closed","template":"template-blank-1.php","meta":{"_bbp_topic_count":0,"_bbp_reply_count":0,"_bbp_total_topic_count":0,"_bbp_total_reply_count":0,"_bbp_voice_count":0,"_bbp_anonymous_reply_count":0,"_bbp_topic_count_hidden":0,"_bbp_reply_count_hidden":0,"_bbp_forum_subforum_count":0,"footnotes":""},"categories":[],"class_list":["post-94160","page","type-page","status-publish","hentry","no-post-thumbnail"],"pp_force_visibility":null,"pp_subpost_visibility":null,"pp_inherited_force_visibility":null,"pp_inherited_subpost_visibility":null,"yoast_head":"<!-- This site is optimized with the Yoast SEO Premium plugin v26.7 (Yoast SEO v26.7) - https:\/\/yoast.com\/wordpress\/plugins\/seo\/ -->\n<title>Promoci\u00f3n para el 2020 Design - 2020<\/title>\n<meta name=\"description\" content=\"Solicite una cotizaci\u00f3n al completar este formulario y compre antes del 28 de julio 2016 para obtener ventaja de esta promoci\u00f3n.\" \/>\n<meta name=\"robots\" content=\"index, follow, max-snippet:-1, max-image-preview:large, max-video-preview:-1\" \/>\n<link rel=\"canonical\" href=\"https:\/\/www.2020spaces.com\/es\/2020-design-promotion\/\" \/>\n<meta property=\"og:locale\" content=\"es_ES\" \/>\n<meta property=\"og:type\" content=\"article\" \/>\n<meta property=\"og:title\" content=\"Promoci\u00f3n para el 2020 Design\" \/>\n<meta property=\"og:description\" content=\"Solicite una cotizaci\u00f3n al completar este formulario y compre antes del 28 de julio 2016 para obtener ventaja de esta promoci\u00f3n.\" \/>\n<meta property=\"og:url\" content=\"https:\/\/www.2020spaces.com\/es\/2020-design-promotion\/\" \/>\n<meta property=\"og:site_name\" content=\"2020\" \/>\n<meta property=\"article:publisher\" content=\"https:\/\/www.facebook.com\/2020spaces\" \/>\n<meta property=\"article:modified_time\" content=\"2017-01-30T15:13:30+00:00\" \/>\n<meta name=\"twitter:card\" content=\"summary_large_image\" \/>\n<meta name=\"twitter:site\" content=\"@2020spaces\" \/>\n<meta name=\"twitter:label1\" content=\"Tiempo de lectura\" \/>\n\t<meta name=\"twitter:data1\" content=\"3 minutos\" \/>\n<script type=\"application\/ld+json\" class=\"yoast-schema-graph\">{\"@context\":\"https:\/\/schema.org\",\"@graph\":[{\"@type\":\"WebPage\",\"@id\":\"https:\/\/www.2020spaces.com\/es\/2020-design-promotion\/\",\"url\":\"https:\/\/www.2020spaces.com\/es\/2020-design-promotion\/\",\"name\":\"Promoci\u00f3n para el 2020 Design - 2020\",\"isPartOf\":{\"@id\":\"https:\/\/www.2020spaces.com\/#website\"},\"datePublished\":\"2016-07-04T20:06:06+00:00\",\"dateModified\":\"2017-01-30T15:13:30+00:00\",\"description\":\"Solicite una cotizaci\u00f3n al completar este formulario y compre antes del 28 de julio 2016 para obtener ventaja de esta promoci\u00f3n.\",\"breadcrumb\":{\"@id\":\"https:\/\/www.2020spaces.com\/es\/2020-design-promotion\/#breadcrumb\"},\"inLanguage\":\"es\",\"potentialAction\":[{\"@type\":\"ReadAction\",\"target\":[\"https:\/\/www.2020spaces.com\/es\/2020-design-promotion\/\"]}]},{\"@type\":\"BreadcrumbList\",\"@id\":\"https:\/\/www.2020spaces.com\/es\/2020-design-promotion\/#breadcrumb\",\"itemListElement\":[{\"@type\":\"ListItem\",\"position\":1,\"name\":\"Home\",\"item\":\"https:\/\/www.2020spaces.com\/es\/inicio-2-2\/\"},{\"@type\":\"ListItem\",\"position\":2,\"name\":\"Promoci\u00f3n para el 2020 Design\"}]},{\"@type\":\"WebSite\",\"@id\":\"https:\/\/www.2020spaces.com\/#website\",\"url\":\"https:\/\/www.2020spaces.com\/\",\"name\":\"2020\",\"description\":\"Making Spaces for Life\u2122\",\"potentialAction\":[{\"@type\":\"SearchAction\",\"target\":{\"@type\":\"EntryPoint\",\"urlTemplate\":\"https:\/\/www.2020spaces.com\/?s={search_term_string}\"},\"query-input\":{\"@type\":\"PropertyValueSpecification\",\"valueRequired\":true,\"valueName\":\"search_term_string\"}}],\"inLanguage\":\"es\"}]}<\/script>\n<!-- \/ Yoast SEO Premium plugin. -->","yoast_head_json":{"title":"Promoci\u00f3n para el 2020 Design - 2020","description":"Solicite una cotizaci\u00f3n al completar este formulario y compre antes del 28 de julio 2016 para obtener ventaja de esta promoci\u00f3n.","robots":{"index":"index","follow":"follow","max-snippet":"max-snippet:-1","max-image-preview":"max-image-preview:large","max-video-preview":"max-video-preview:-1"},"canonical":"https:\/\/www.2020spaces.com\/es\/2020-design-promotion\/","og_locale":"es_ES","og_type":"article","og_title":"Promoci\u00f3n para el 2020 Design","og_description":"Solicite una cotizaci\u00f3n al completar este formulario y compre antes del 28 de julio 2016 para obtener ventaja de esta promoci\u00f3n.","og_url":"https:\/\/www.2020spaces.com\/es\/2020-design-promotion\/","og_site_name":"2020","article_publisher":"https:\/\/www.facebook.com\/2020spaces","article_modified_time":"2017-01-30T15:13:30+00:00","twitter_card":"summary_large_image","twitter_site":"@2020spaces","twitter_misc":{"Tiempo de lectura":"3 minutos"},"schema":{"@context":"https:\/\/schema.org","@graph":[{"@type":"WebPage","@id":"https:\/\/www.2020spaces.com\/es\/2020-design-promotion\/","url":"https:\/\/www.2020spaces.com\/es\/2020-design-promotion\/","name":"Promoci\u00f3n para el 2020 Design - 2020","isPartOf":{"@id":"https:\/\/www.2020spaces.com\/#website"},"datePublished":"2016-07-04T20:06:06+00:00","dateModified":"2017-01-30T15:13:30+00:00","description":"Solicite una cotizaci\u00f3n al completar este formulario y compre antes del 28 de julio 2016 para obtener ventaja de esta promoci\u00f3n.","breadcrumb":{"@id":"https:\/\/www.2020spaces.com\/es\/2020-design-promotion\/#breadcrumb"},"inLanguage":"es","potentialAction":[{"@type":"ReadAction","target":["https:\/\/www.2020spaces.com\/es\/2020-design-promotion\/"]}]},{"@type":"BreadcrumbList","@id":"https:\/\/www.2020spaces.com\/es\/2020-design-promotion\/#breadcrumb","itemListElement":[{"@type":"ListItem","position":1,"name":"Home","item":"https:\/\/www.2020spaces.com\/es\/inicio-2-2\/"},{"@type":"ListItem","position":2,"name":"Promoci\u00f3n para el 2020 Design"}]},{"@type":"WebSite","@id":"https:\/\/www.2020spaces.com\/#website","url":"https:\/\/www.2020spaces.com\/","name":"2020","description":"Making Spaces for Life\u2122","potentialAction":[{"@type":"SearchAction","target":{"@type":"EntryPoint","urlTemplate":"https:\/\/www.2020spaces.com\/?s={search_term_string}"},"query-input":{"@type":"PropertyValueSpecification","valueRequired":true,"valueName":"search_term_string"}}],"inLanguage":"es"}]}},"_links":{"self":[{"href":"https:\/\/www.2020spaces.com\/es\/wp-json\/wp\/v2\/pages\/94160","targetHints":{"allow":["GET"]}}],"collection":[{"href":"https:\/\/www.2020spaces.com\/es\/wp-json\/wp\/v2\/pages"}],"about":[{"href":"https:\/\/www.2020spaces.com\/es\/wp-json\/wp\/v2\/types\/page"}],"author":[{"embeddable":true,"href":"https:\/\/www.2020spaces.com\/es\/wp-json\/wp\/v2\/users\/1"}],"replies":[{"embeddable":true,"href":"https:\/\/www.2020spaces.com\/es\/wp-json\/wp\/v2\/comments?post=94160"}],"version-history":[{"count":0,"href":"https:\/\/www.2020spaces.com\/es\/wp-json\/wp\/v2\/pages\/94160\/revisions"}],"wp:attachment":[{"href":"https:\/\/www.2020spaces.com\/es\/wp-json\/wp\/v2\/media?parent=94160"}],"wp:term":[{"taxonomy":"category","embeddable":true,"href":"https:\/\/www.2020spaces.com\/es\/wp-json\/wp\/v2\/categories?post=94160"}],"curies":[{"name":"wp","href":"https:\/\/api.w.org\/{rel}","templated":true}]}}