{"id":416949,"date":"2022-06-30T15:15:39","date_gmt":"2022-06-30T19:15:39","guid":{"rendered":"https:\/\/www.2020spaces.com\/2020-fusion-to-winner-transition\/"},"modified":"2024-01-09T15:30:48","modified_gmt":"2024-01-09T20:30:48","slug":"siirtyminen-winner-flexiin","status":"publish","type":"page","link":"https:\/\/www.2020spaces.com\/fi\/siirtyminen-winner-flexiin\/","title":{"rendered":"Siirtyminen Winner Flexiin"},"content":{"rendered":"<div id=\"cs-content\" class=\"cs-content\"><\/div>\n","protected":false},"excerpt":{"rendered":"<p>Siirtyminen Winner Flexiin Osana 2020:n ja Compusoftin fuusiota haluamme jakaa sinulle ainutlaatuisen tarjouksen siirty\u00e4ksesi Winner Flexiin. Winner Flex on valittu pk-asiakkaidemme ensisijaiseksi suunnitteluohjelmaksi jatkossa ja t\u00e4m\u00e4 on tilaisuutesi p\u00e4\u00e4st\u00e4 k\u00e4siksi markkinoiden kattavimpaan keitti\u00f6- ja kylpyhuonesuunnitteluohjelmistoon.Ainutlaatuinen tarjous asiakkaillemme T\u00e4m\u00e4 tarjous on voimassa vain rajoitetun ajan.Saat 40% alennuksen ensimm\u00e4isen vuoden Winner Flex &#8230; <\/p>\n<div><a href=\"https:\/\/www.2020spaces.com\/fi\/siirtyminen-winner-flexiin\/\" class=\"more-link\">Read More<\/a><\/div>\n","protected":false},"author":26709,"featured_media":0,"parent":0,"menu_order":0,"comment_status":"closed","ping_status":"closed","template":"template-blank-4.php","meta":{"_bbp_topic_count":0,"_bbp_reply_count":0,"_bbp_total_topic_count":0,"_bbp_total_reply_count":0,"_bbp_voice_count":0,"_bbp_anonymous_reply_count":0,"_bbp_topic_count_hidden":0,"_bbp_reply_count_hidden":0,"_bbp_forum_subforum_count":0,"footnotes":""},"categories":[],"class_list":["post-416949","page","type-page","status-publish","hentry","no-post-thumbnail"],"pp_force_visibility":null,"pp_subpost_visibility":null,"pp_inherited_force_visibility":null,"pp_inherited_subpost_visibility":null,"yoast_head":"<!-- This site is optimized with the Yoast SEO Premium plugin v27.4 (Yoast SEO v27.4) - https:\/\/yoast.com\/product\/yoast-seo-premium-wordpress\/ -->\n<title>Siirtyminen Winner Flexiin - 2020<\/title>\n<meta name=\"description\" content=\"Osana 2020:n ja Compusoftin fuusiota haluamme jakaa sinulle ainutlaatuisen tarjouksen siirty\u00e4ksesi Winner Flexiin.\" \/>\n<meta name=\"robots\" content=\"noindex, nofollow\" \/>\n<meta property=\"og:locale\" content=\"fi_FI\" \/>\n<meta property=\"og:type\" content=\"article\" \/>\n<meta property=\"og:title\" content=\"Siirtyminen Winner Flexiin\" \/>\n<meta property=\"og:description\" content=\"Osana 2020:n ja Compusoftin fuusiota haluamme jakaa sinulle ainutlaatuisen tarjouksen siirty\u00e4ksesi Winner Flexiin.\" \/>\n<meta property=\"og:url\" content=\"https:\/\/www.2020spaces.com\/fi\/siirtyminen-winner-flexiin\/\" \/>\n<meta property=\"og:site_name\" content=\"2020\" \/>\n<meta property=\"article:publisher\" content=\"https:\/\/www.facebook.com\/2020spaces\" \/>\n<meta property=\"article:modified_time\" content=\"2024-01-09T20:30:48+00:00\" \/>\n<meta name=\"twitter:card\" content=\"summary_large_image\" \/>\n<meta name=\"twitter:site\" content=\"@2020spaces\" \/>\n<meta name=\"twitter:label1\" content=\"Arvioitu lukuaika\" \/>\n\t<meta name=\"twitter:data1\" content=\"6 minuuttia\" \/>\n<script type=\"application\/ld+json\" class=\"yoast-schema-graph\">{\"@context\":\"https:\\\/\\\/schema.org\",\"@graph\":[{\"@type\":\"WebPage\",\"@id\":\"https:\\\/\\\/www.2020spaces.com\\\/fi\\\/siirtyminen-winner-flexiin\\\/\",\"url\":\"https:\\\/\\\/www.2020spaces.com\\\/fi\\\/siirtyminen-winner-flexiin\\\/\",\"name\":\"Siirtyminen Winner Flexiin - 2020\",\"isPartOf\":{\"@id\":\"https:\\\/\\\/www.2020spaces.com\\\/#website\"},\"datePublished\":\"2022-06-30T19:15:39+00:00\",\"dateModified\":\"2024-01-09T20:30:48+00:00\",\"description\":\"Osana 2020:n ja Compusoftin fuusiota haluamme jakaa sinulle ainutlaatuisen tarjouksen siirty\u00e4ksesi Winner Flexiin.\",\"breadcrumb\":{\"@id\":\"https:\\\/\\\/www.2020spaces.com\\\/fi\\\/siirtyminen-winner-flexiin\\\/#breadcrumb\"},\"inLanguage\":\"fi\",\"potentialAction\":[{\"@type\":\"ReadAction\",\"target\":[\"https:\\\/\\\/www.2020spaces.com\\\/fi\\\/siirtyminen-winner-flexiin\\\/\"]}]},{\"@type\":\"BreadcrumbList\",\"@id\":\"https:\\\/\\\/www.2020spaces.com\\\/fi\\\/siirtyminen-winner-flexiin\\\/#breadcrumb\",\"itemListElement\":[{\"@type\":\"ListItem\",\"position\":1,\"name\":\"Home\",\"item\":\"https:\\\/\\\/www.2020spaces.com\\\/\"},{\"@type\":\"ListItem\",\"position\":2,\"name\":\"Siirtyminen Winner Flexiin\"}]},{\"@type\":\"WebSite\",\"@id\":\"https:\\\/\\\/www.2020spaces.com\\\/#website\",\"url\":\"https:\\\/\\\/www.2020spaces.com\\\/\",\"name\":\"2020\",\"description\":\"Making Spaces for Life\u2122\",\"potentialAction\":[{\"@type\":\"SearchAction\",\"target\":{\"@type\":\"EntryPoint\",\"urlTemplate\":\"https:\\\/\\\/www.2020spaces.com\\\/?s={search_term_string}\"},\"query-input\":{\"@type\":\"PropertyValueSpecification\",\"valueRequired\":true,\"valueName\":\"search_term_string\"}}],\"inLanguage\":\"fi\"}]}<\/script>\n<!-- \/ Yoast SEO Premium plugin. -->","yoast_head_json":{"title":"Siirtyminen Winner Flexiin - 2020","description":"Osana 2020:n ja Compusoftin fuusiota haluamme jakaa sinulle ainutlaatuisen tarjouksen siirty\u00e4ksesi Winner Flexiin.","robots":{"index":"noindex","follow":"nofollow"},"og_locale":"fi_FI","og_type":"article","og_title":"Siirtyminen Winner Flexiin","og_description":"Osana 2020:n ja Compusoftin fuusiota haluamme jakaa sinulle ainutlaatuisen tarjouksen siirty\u00e4ksesi Winner Flexiin.","og_url":"https:\/\/www.2020spaces.com\/fi\/siirtyminen-winner-flexiin\/","og_site_name":"2020","article_publisher":"https:\/\/www.facebook.com\/2020spaces","article_modified_time":"2024-01-09T20:30:48+00:00","twitter_card":"summary_large_image","twitter_site":"@2020spaces","twitter_misc":{"Arvioitu lukuaika":"6 minuuttia"},"schema":{"@context":"https:\/\/schema.org","@graph":[{"@type":"WebPage","@id":"https:\/\/www.2020spaces.com\/fi\/siirtyminen-winner-flexiin\/","url":"https:\/\/www.2020spaces.com\/fi\/siirtyminen-winner-flexiin\/","name":"Siirtyminen Winner Flexiin - 2020","isPartOf":{"@id":"https:\/\/www.2020spaces.com\/#website"},"datePublished":"2022-06-30T19:15:39+00:00","dateModified":"2024-01-09T20:30:48+00:00","description":"Osana 2020:n ja Compusoftin fuusiota haluamme jakaa sinulle ainutlaatuisen tarjouksen siirty\u00e4ksesi Winner Flexiin.","breadcrumb":{"@id":"https:\/\/www.2020spaces.com\/fi\/siirtyminen-winner-flexiin\/#breadcrumb"},"inLanguage":"fi","potentialAction":[{"@type":"ReadAction","target":["https:\/\/www.2020spaces.com\/fi\/siirtyminen-winner-flexiin\/"]}]},{"@type":"BreadcrumbList","@id":"https:\/\/www.2020spaces.com\/fi\/siirtyminen-winner-flexiin\/#breadcrumb","itemListElement":[{"@type":"ListItem","position":1,"name":"Home","item":"https:\/\/www.2020spaces.com\/"},{"@type":"ListItem","position":2,"name":"Siirtyminen Winner Flexiin"}]},{"@type":"WebSite","@id":"https:\/\/www.2020spaces.com\/#website","url":"https:\/\/www.2020spaces.com\/","name":"2020","description":"Making Spaces for Life\u2122","potentialAction":[{"@type":"SearchAction","target":{"@type":"EntryPoint","urlTemplate":"https:\/\/www.2020spaces.com\/?s={search_term_string}"},"query-input":{"@type":"PropertyValueSpecification","valueRequired":true,"valueName":"search_term_string"}}],"inLanguage":"fi"}]}},"_links":{"self":[{"href":"https:\/\/www.2020spaces.com\/fi\/wp-json\/wp\/v2\/pages\/416949","targetHints":{"allow":["GET"]}}],"collection":[{"href":"https:\/\/www.2020spaces.com\/fi\/wp-json\/wp\/v2\/pages"}],"about":[{"href":"https:\/\/www.2020spaces.com\/fi\/wp-json\/wp\/v2\/types\/page"}],"author":[{"embeddable":true,"href":"https:\/\/www.2020spaces.com\/fi\/wp-json\/wp\/v2\/users\/26709"}],"replies":[{"embeddable":true,"href":"https:\/\/www.2020spaces.com\/fi\/wp-json\/wp\/v2\/comments?post=416949"}],"version-history":[{"count":0,"href":"https:\/\/www.2020spaces.com\/fi\/wp-json\/wp\/v2\/pages\/416949\/revisions"}],"wp:attachment":[{"href":"https:\/\/www.2020spaces.com\/fi\/wp-json\/wp\/v2\/media?parent=416949"}],"wp:term":[{"taxonomy":"category","embeddable":true,"href":"https:\/\/www.2020spaces.com\/fi\/wp-json\/wp\/v2\/categories?post=416949"}],"curies":[{"name":"wp","href":"https:\/\/api.w.org\/{rel}","templated":true}]}}