{"id":120045,"date":"2016-02-01T17:29:53","date_gmt":"2016-02-01T22:29:53","guid":{"rendered":"https:\/\/www.2020spaces.com\/fr\/produits\/2020design\/getting-started-with-2020-design\/"},"modified":"2023-04-10T01:15:48","modified_gmt":"2023-04-10T05:15:48","slug":"getting-started-with-2020-design","status":"publish","type":"page","link":"https:\/\/www.2020spaces.com\/fr\/produits\/designflex\/getting-started-with-2020-design\/","title":{"rendered":"Programme d&rsquo;assistance et de mises \u00e0 jour"},"content":{"rendered":"<div class=\"wpb-content-wrapper\"><style>\n.x-code\n{\npadding:0px;\n}\n<\/style>\n[vc_row no_margin=\u00a0\u00bbtrue\u00a0\u00bb border=\u00a0\u00bbnone\u00a0\u00bb padding_top=\u00a0\u00bb0px\u00a0\u00bb padding_bottom=\u00a0\u00bb0px\u00a0\u00bb]\n[vc_column width=\u00a0\u00bb1\/1&Prime;]\n<img decoding=\"async\"  class=\"x-img x-img-none none\"  src=\"https:\/\/www.2020spaces.com\/wp-content\/uploads\/2016\/12\/HelloLanguages_lp1-1.jpg\" alt=\"2020 Design Kitchen and Bath Design software\">\n[\/vc_column]\n[\/vc_row]\n[vc_row no_margin=\u00a0\u00bbtrue\u00a0\u00bb border=\u00a0\u00bbnone\u00a0\u00bb padding_top=\u00a0\u00bb0px\u00a0\u00bb padding_bottom=\u00a0\u00bb0px\u00a0\u00bb bg_color=\u00a0\u00bb#ffffff\u00a0\u00bb]\n[vc_column width=\u00a0\u00bb1\/1&Prime; fade_animation=\u00a0\u00bbin\u00a0\u00bb fade_animation_offset=\u00a0\u00bb45px\u00a0\u00bb id=\u00a0\u00bbproduct\u00a0\u00bb][vc_row_inner inner_container=\u00a0\u00bbtrue\u00a0\u00bb padding_top=\u00a0\u00bb0px\u00a0\u00bb padding_bottom=\u00a0\u00bb0px\u00a0\u00bb border=\u00a0\u00bbnone\u00a0\u00bb]\n[vc_column_inner width=\u00a0\u00bb2\/3&Prime;]<div  class=\"x-container max width\" ><h1 style=\"text-align: center;\">D\u00e9marrer avec 2020 Design<\/h1>\n\n<h4 style=\"text-align: center;\"><strong>Nous vous remercions d&rsquo;avoir choisi 2020 Design, le logiciel de conception de Salles de bain et de Cuisines et bienvenue dans notre communaut\u00e9 d&rsquo;utilisateurs!<\/strong><\/h4>\n<\/div><hr  class=\"x-gap\" style=\"margin: 2.626em 0 0 0;\">[\/vc_column_inner]\n[vc_column_inner width=\u00a0\u00bb1\/3&Prime;]\n<hr  class=\"x-gap\" style=\"margin: 15% 0 0 0;\">\n<p><iframe loading=\"lazy\" style=\"border: 0;\" src=\"https:\/\/info.2020spaces.com\/l\/70282\/2017-02-15\/4vj3tq\" width=\"100%\" height=\"320\" frameborder=\"0\"><\/iframe>[\/vc_column_inner][\/vc_row_inner][\/vc_column][\/vc_row]\n[vc_row][vc_column width=\u00a0\u00bb1\/1&Prime;][vc_row_inner inner_container=\u00a0\u00bbtrue\u00a0\u00bb padding_top=\u00a0\u00bb0px\u00a0\u00bb padding_bottom=\u00a0\u00bb0px\u00a0\u00bb border=\u00a0\u00bbnone\u00a0\u00bb][vc_column_inner width=\u00a0\u00bb1\/3&Prime;]<h2  class=\"h-custom-headline h3\" ><span>\n<p style=\"text-align: center;\">\u00a0<strong>Communaut\u00e9 2020<\/strong><\/p>\n<\/span><\/h2><p style=\"text-align: center;\"><i  class=\"x-icon x-icon-users\" style=\"text-align: center;      font-size:100px;color:#f8971d;\" data-x-icon-s=\"&#xf0c0;\" aria-hidden=\"true\"><\/i><\/p>\n<p>La Communaut\u00e9 2020 est une excellente ressource pour les designers professionnels et les amateurs de l\u2019industrie pour faire du r\u00e9seautage entre pairs. Elle vous permet d\u2019obtenir des r\u00e9ponses rapides \u00e0 vos questions, de partager et de recevoir des conseils, et bien plus encore.<\/p>\n<p><a href=\"https:\/\/www.2020spaces.com\/fr\/communaute\/\">Cliquez ici pour vous inscrire \u00e0 la Communaut\u00e9 2020<\/a><\/p>\n<p>Votre connexion \u00e0 la Communaut\u00e9 2020 est la m\u00eame que celle utilis\u00e9e pour 2020 Cloud, il est donc essentiel de cr\u00e9er un compte afin que vous puissiez acc\u00e9der \u00e0 ces deux importantes ressources.<\/p>\n[\/vc_column_inner][vc_column_inner width=\u00a0\u00bb1\/3&Prime;]<h2  class=\"h-custom-headline h3\" ><span>\n<p style=\"text-align: center;\">\u00a0<strong>2020\u00a0Cloud<\/strong><\/p>\n<\/span><\/h2><p style=\"text-align: center;\"><i  class=\"x-icon x-icon-cloud\" style=\"text-align: center;      font-size:100px;color:#f8971d;\" data-x-icon-s=\"&#xf0c2;\" aria-hidden=\"true\"><\/i><\/p>\n<p>2020 Cloud est une toute nouvelle fa\u00e7on d\u2019acc\u00e9der au contenu de catalogues directement \u00e0 partir de 2020 Design. Les catalogues sur 2020 Cloud sont toujours \u00e0 jour et certifi\u00e9s pour fonctionner avec la derni\u00e8re version de votre logiciel. Pour obtenir plus de renseignements sur 2020 Cloud, <a href=\"https:\/\/www.2020spaces.com\/fr\/2020-cloud\/\">cliquez ici<\/a>.<\/p>\n<ul>\n<li>Pour acc\u00e9der \u00e0 2020 Cloud, ouvrez 2020 Design et cliquez sur l&rsquo;ic\u00f4ne 2020 Cloud situ\u00e9e dans l&rsquo;onglet<\/li>\n<li>Connectez-vous \u00e0 2020 Cloud en utilisant votre compte de Communaut\u00e9 2020. Si vous n&rsquo;avez pas de compte Communaut\u00e9 2020, <a href=\"https:\/\/www.2020spaces.com\/fr\/communaute\/\">cr\u00e9ez-en un ici.<\/a><\/li>\n<\/ul>\n<p style=\"text-align: center;\"><strong><em>* 2020 Cloud est disponible dans certaines r\u00e9gions uniquement.<\/em><\/strong><\/p>\n[\/vc_column_inner]\n[vc_column_inner width=\u00a0\u00bb1\/3&Prime;]<h2  class=\"h-custom-headline h3\" ><span>\n<p style=\"text-align: center;\"><strong>Soutien \u00e0 l\u2019installation<\/strong><\/p>\n<\/span><\/h2><p style=\"text-align: center;\"><i  class=\"x-icon x-icon-wrench\" style=\"text-align: center;      font-size:100px;color:#f8971d;\" data-x-icon-s=\"&#xf0ad;\" aria-hidden=\"true\"><\/i><\/p>\n<ul>\n<li>Acc\u00e9dez au plus r\u00e9cent guide d&rsquo;installation et \u00e0 la configuration requise de 2020 Design <a href=\"https:\/\/www.2020spaces.com\/fr\/support\/install\/\">ici<\/a>.<\/li>\n<\/ul>\n<ul>\n<li><a href=\"https:\/\/2020.net\/Login.aspx\">2020.net<\/a> est votre portail pour acc\u00e9der aux mises \u00e0 niveau de maintenance de 2020 Design, obtenir du soutien et t\u00e9l\u00e9charger des catalogues de fabricants. Veuillez noter que 2020.net n\u00e9cessite une connexion diff\u00e9rente de celle \u00e0 la Communaut\u00e9 2020.<\/li>\n<\/ul>\n[\/vc_column_inner][\/vc_row_inner]<hr  class=\"x-gap\" style=\"margin: 2.626em 0 0 0;\">[\/vc_column][\/vc_row][vc_row padding_top=\u00a0\u00bb0px\u00a0\u00bb padding_bottom=\u00a0\u00bb0px\u00a0\u00bb border=\u00a0\u00bbnone\u00a0\u00bb bg_image=\u00a0\u00bb84417&Prime; parallax=\u00a0\u00bbtrue\u00a0\u00bb][vc_column width=\u00a0\u00bb1\/1&Prime;][vc_row_inner inner_container=\u00a0\u00bbtrue\u00a0\u00bb padding_top=\u00a0\u00bb0px\u00a0\u00bb padding_bottom=\u00a0\u00bb0px\u00a0\u00bb border=\u00a0\u00bbnone\u00a0\u00bb][vc_column_inner width=\u00a0\u00bb1\/2&Prime;]\n[\/vc_column_inner][vc_column_inner width=\u00a0\u00bb1\/2&Prime; fade_animation=\u00a0\u00bbin\u00a0\u00bb fade_animation_offset=\u00a0\u00bb45px\u00a0\u00bb style=\u00a0\u00bbfloat:right;\u00a0\u00bb]<hr  class=\"x-gap\" style=\"margin: 2.626em 0 0 0;\"><h2  class=\"h-custom-headline h1\" style=\"min-height:350px; float:right; vertical-align:middle;\"><span>\n<p style=\"text-align: center;\"><span style=\"color: #ffffff;\">Optimisez votre investissement avec la formation!<\/span><\/p>\n<\/span><\/h2>[\/vc_column_inner][\/vc_row_inner][\/vc_column][\/vc_row][vc_row][vc_column width=\u00a0\u00bb1\/1&Prime;][vc_row_inner inner_container=\u00a0\u00bbtrue\u00a0\u00bb padding_top=\u00a0\u00bb0px\u00a0\u00bb padding_bottom=\u00a0\u00bb0px\u00a0\u00bb border=\u00a0\u00bbnone\u00a0\u00bb][vc_column_inner width=\u00a0\u00bb1\/2&Prime;]<h2  class=\"h-custom-headline h-custom-headline cs-ta-center h1 h3\" ><span>\n<strong>Formation Internet 2020 Design<\/strong><br \/>\n<\/span><\/h2><p style=\"text-align: center;\"><em>(Disponible en Anglais et pour l\u2019Am\u00e9rique du Nord)<\/em><\/p>\n<p style=\"text-align: center;\"><i  class=\"x-icon x-icon-youtube-play\" style=\"text-align: center;      font-size:100px;color:#f8971d;\" data-x-icon-b=\"&#xf167;\" aria-hidden=\"true\"><\/i><\/p>\n<p style=\"text-align: left;\"><strong>Utilisez nos tutoriels de formation en ligne et devenez rapidement op\u00e9rationnel et autonome\u2009! L\u2019Universit\u00e9 2020, 2020.net<\/strong> vous propose ces deux niveaux de tutoriels vid\u00e9o approfondis :<\/p>\n<ul>\n<li style=\"text-align: left;\"><strong><a href=\"https:\/\/www.2020.net\/20-20University\/Elearning_101_v11 Final_Big intro\/html\/index.html\" rel=\"noopener\" target=\"_blank\">Formation Introduction \u00e0 2020 Design<\/a> : une s\u00e9rie de vid\u00e9os de niveau d\u00e9butant con\u00e7ues pour vous familiariser avec 2020 Design.<\/strong><\/li>\n<li style=\"text-align: left;\"><strong>Formation Approfondissement de 2020 Design : une s\u00e9rie de vid\u00e9os con\u00e7ues pour vous aider \u00e0 apprendre des sujets plus avanc\u00e9s sur 2020 Design.<\/strong><\/li>\n<\/ul>\n[\/vc_column_inner][vc_column_inner width=\u00a0\u00bb1\/2&Prime;]<h2  class=\"h-custom-headline h3\" ><span>\n<p style=\"text-align: center;\"><strong>Cours de formation<\/strong><\/p>\n<\/span><\/h2><p style=\"text-align: center;\"><i  class=\"x-icon x-icon-globe\" style=\"text-align: center;      font-size:100px;color:#f8971d;\" data-x-icon-s=\"&#xf0ac;\" aria-hidden=\"true\"><\/i><\/p>\n<p style=\"text-align: left;\"><strong>Trouvez une formation qui vous convient! Nous offrons des cours de formation complets et dirig\u00e9s par un instructeur en classe ou en ligne.<\/strong><\/p>\n<ul>\n<li style=\"text-align: left;\">Inscrivez-vous \u00e0 un <a href=\"https:\/\/www.2020spaces.com\/fr\/formation\/2020design\/\" target=\"_blank\" rel=\"noopener\">cours en classe en Am\u00e9rique du Nord<\/a> ou en <a href=\"https:\/\/www.2020spaces.com\/fr\/france-produits\/#tab-4\">France<\/a><\/li>\n<\/ul>\n<p style=\"text-align: left;\">Pour trouver des \u00e9v\u00e9nements de formation pr\u00e8s de chez vous, cliquez sur l\u2019ic\u00f4ne dans le coin sup\u00e9rieur droit de <a href=\"https:\/\/www.2020spaces.com\/fr\/\">2020spaces.com<\/a> et choisissez un bureau r\u00e9gional.<\/p>\n[\/vc_column_inner][\/vc_row_inner][\/vc_column][\/vc_row]\n<\/div>","protected":false},"excerpt":{"rendered":"<p>[vc_row no_margin=\u00a0\u00bbtrue\u00a0\u00bb border=\u00a0\u00bbnone\u00a0\u00bb padding_top=\u00a0\u00bb0px\u00a0\u00bb padding_bottom=\u00a0\u00bb0px\u00a0\u00bb] [vc_column width=\u00a0\u00bb1\/1&Prime;] [\/vc_column] [\/vc_row] [vc_row no_margin=\u00a0\u00bbtrue\u00a0\u00bb border=\u00a0\u00bbnone\u00a0\u00bb padding_top=\u00a0\u00bb0px\u00a0\u00bb padding_bottom=\u00a0\u00bb0px\u00a0\u00bb bg_color=\u00a0\u00bb#ffffff\u00a0\u00bb] [vc_column width=\u00a0\u00bb1\/1&Prime; fade_animation=\u00a0\u00bbin\u00a0\u00bb fade_animation_offset=\u00a0\u00bb45px\u00a0\u00bb id=\u00a0\u00bbproduct\u00a0\u00bb][vc_row_inner inner_container=\u00a0\u00bbtrue\u00a0\u00bb padding_top=\u00a0\u00bb0px\u00a0\u00bb padding_bottom=\u00a0\u00bb0px\u00a0\u00bb border=\u00a0\u00bbnone\u00a0\u00bb] [vc_column_inner width=\u00a0\u00bb2\/3&Prime;][\/vc_column_inner] [vc_column_inner width=\u00a0\u00bb1\/3&Prime;] [\/vc_column_inner][\/vc_row_inner][\/vc_column][\/vc_row] [vc_row][vc_column width=\u00a0\u00bb1\/1&Prime;][vc_row_inner inner_container=\u00a0\u00bbtrue\u00a0\u00bb padding_top=\u00a0\u00bb0px\u00a0\u00bb padding_bottom=\u00a0\u00bb0px\u00a0\u00bb border=\u00a0\u00bbnone\u00a0\u00bb][vc_column_inner width=\u00a0\u00bb1\/3&Prime;][\/vc_column_inner][vc_column_inner width=\u00a0\u00bb1\/3&Prime;][\/vc_column_inner] [vc_column_inner width=\u00a0\u00bb1\/3&Prime;][\/vc_column_inner][\/vc_row_inner][\/vc_column][\/vc_row][vc_row padding_top=\u00a0\u00bb0px\u00a0\u00bb padding_bottom=\u00a0\u00bb0px\u00a0\u00bb border=\u00a0\u00bbnone\u00a0\u00bb bg_image=\u00a0\u00bb84417&Prime; parallax=\u00a0\u00bbtrue\u00a0\u00bb][vc_column width=\u00a0\u00bb1\/1&Prime;][vc_row_inner inner_container=\u00a0\u00bbtrue\u00a0\u00bb padding_top=\u00a0\u00bb0px\u00a0\u00bb padding_bottom=\u00a0\u00bb0px\u00a0\u00bb border=\u00a0\u00bbnone\u00a0\u00bb][vc_column_inner width=\u00a0\u00bb1\/2&Prime;] &#8230; <\/p>\n<div><a href=\"https:\/\/www.2020spaces.com\/fr\/produits\/designflex\/getting-started-with-2020-design\/\" class=\"more-link\">En savoir plus<\/a><\/div>\n","protected":false},"author":1,"featured_media":0,"parent":9432,"menu_order":0,"comment_status":"closed","ping_status":"closed","template":"template-blank-4.php","meta":{"_bbp_topic_count":0,"_bbp_reply_count":0,"_bbp_total_topic_count":0,"_bbp_total_reply_count":0,"_bbp_voice_count":0,"_bbp_anonymous_reply_count":0,"_bbp_topic_count_hidden":0,"_bbp_reply_count_hidden":0,"_bbp_forum_subforum_count":0,"footnotes":""},"categories":[],"class_list":["post-120045","page","type-page","status-publish","hentry","no-post-thumbnail"],"pp_force_visibility":null,"pp_subpost_visibility":null,"pp_inherited_force_visibility":null,"pp_inherited_subpost_visibility":null,"yoast_head":"<!-- This site is optimized with the Yoast SEO Premium plugin v27.4 (Yoast SEO v27.4) - https:\/\/yoast.com\/product\/yoast-seo-premium-wordpress\/ -->\n<title>D\u00e9marrer avec 2020 Design<\/title>\n<meta name=\"description\" content=\"Here are few resources that you can use\u00a0to get you on your way to delivering beautiful, photo-realistic renderings to your clients.\" \/>\n<meta name=\"robots\" content=\"index, follow, max-snippet:-1, max-image-preview:large, max-video-preview:-1\" \/>\n<link rel=\"canonical\" href=\"https:\/\/www.2020spaces.com\/fr\/produits\/designflex\/getting-started-with-2020-design\/\" \/>\n<meta property=\"og:locale\" content=\"fr_FR\" \/>\n<meta property=\"og:type\" content=\"article\" \/>\n<meta property=\"og:title\" content=\"Programme d&#039;assistance et de mises \u00e0 jour\" \/>\n<meta property=\"og:description\" content=\"Here are few resources that you can use\u00a0to get you on your way to delivering beautiful, photo-realistic renderings to your clients.\" \/>\n<meta property=\"og:url\" content=\"https:\/\/www.2020spaces.com\/fr\/produits\/designflex\/getting-started-with-2020-design\/\" \/>\n<meta property=\"og:site_name\" content=\"2020\" \/>\n<meta property=\"article:publisher\" content=\"https:\/\/www.facebook.com\/2020spaces\" \/>\n<meta property=\"article:modified_time\" content=\"2023-04-10T05:15:48+00:00\" \/>\n<meta name=\"twitter:card\" content=\"summary_large_image\" \/>\n<meta name=\"twitter:site\" content=\"@2020spaces\" \/>\n<meta name=\"twitter:label1\" content=\"Dur\u00e9e de lecture estim\u00e9e\" \/>\n\t<meta name=\"twitter:data1\" content=\"3 minutes\" \/>\n<script type=\"application\/ld+json\" class=\"yoast-schema-graph\">{\"@context\":\"https:\\\/\\\/schema.org\",\"@graph\":[{\"@type\":\"WebPage\",\"@id\":\"https:\\\/\\\/www.2020spaces.com\\\/fr\\\/produits\\\/designflex\\\/getting-started-with-2020-design\\\/\",\"url\":\"https:\\\/\\\/www.2020spaces.com\\\/fr\\\/produits\\\/designflex\\\/getting-started-with-2020-design\\\/\",\"name\":\"D\u00e9marrer avec 2020 Design\",\"isPartOf\":{\"@id\":\"https:\\\/\\\/www.2020spaces.com\\\/#website\"},\"datePublished\":\"2016-02-01T22:29:53+00:00\",\"dateModified\":\"2023-04-10T05:15:48+00:00\",\"description\":\"Here are few resources that you can use\u00a0to get you on your way to delivering beautiful, photo-realistic renderings to your clients.\",\"breadcrumb\":{\"@id\":\"https:\\\/\\\/www.2020spaces.com\\\/fr\\\/produits\\\/designflex\\\/getting-started-with-2020-design\\\/#breadcrumb\"},\"inLanguage\":\"fr-FR\",\"potentialAction\":[{\"@type\":\"ReadAction\",\"target\":[\"https:\\\/\\\/www.2020spaces.com\\\/fr\\\/produits\\\/designflex\\\/getting-started-with-2020-design\\\/\"]}]},{\"@type\":\"BreadcrumbList\",\"@id\":\"https:\\\/\\\/www.2020spaces.com\\\/fr\\\/produits\\\/designflex\\\/getting-started-with-2020-design\\\/#breadcrumb\",\"itemListElement\":[{\"@type\":\"ListItem\",\"position\":1,\"name\":\"Home\",\"item\":\"https:\\\/\\\/www.2020spaces.com\\\/fr\\\/accueil-2-2\\\/\"},{\"@type\":\"ListItem\",\"position\":2,\"name\":\"Produits 2020\",\"item\":\"https:\\\/\\\/www.2020spaces.com\\\/fr\\\/produits\\\/\"},{\"@type\":\"ListItem\",\"position\":3,\"name\":\"Design Flex\",\"item\":\"https:\\\/\\\/www.2020spaces.com\\\/fr\\\/produits\\\/designflex\\\/\"},{\"@type\":\"ListItem\",\"position\":4,\"name\":\"Programme d&#8217;assistance et de mises \u00e0 jour\"}]},{\"@type\":\"WebSite\",\"@id\":\"https:\\\/\\\/www.2020spaces.com\\\/#website\",\"url\":\"https:\\\/\\\/www.2020spaces.com\\\/\",\"name\":\"2020\",\"description\":\"Making Spaces for Life\u2122\",\"potentialAction\":[{\"@type\":\"SearchAction\",\"target\":{\"@type\":\"EntryPoint\",\"urlTemplate\":\"https:\\\/\\\/www.2020spaces.com\\\/?s={search_term_string}\"},\"query-input\":{\"@type\":\"PropertyValueSpecification\",\"valueRequired\":true,\"valueName\":\"search_term_string\"}}],\"inLanguage\":\"fr-FR\"}]}<\/script>\n<!-- \/ Yoast SEO Premium plugin. -->","yoast_head_json":{"title":"D\u00e9marrer avec 2020 Design","description":"Here are few resources that you can use\u00a0to get you on your way to delivering beautiful, photo-realistic renderings to your clients.","robots":{"index":"index","follow":"follow","max-snippet":"max-snippet:-1","max-image-preview":"max-image-preview:large","max-video-preview":"max-video-preview:-1"},"canonical":"https:\/\/www.2020spaces.com\/fr\/produits\/designflex\/getting-started-with-2020-design\/","og_locale":"fr_FR","og_type":"article","og_title":"Programme d'assistance et de mises \u00e0 jour","og_description":"Here are few resources that you can use\u00a0to get you on your way to delivering beautiful, photo-realistic renderings to your clients.","og_url":"https:\/\/www.2020spaces.com\/fr\/produits\/designflex\/getting-started-with-2020-design\/","og_site_name":"2020","article_publisher":"https:\/\/www.facebook.com\/2020spaces","article_modified_time":"2023-04-10T05:15:48+00:00","twitter_card":"summary_large_image","twitter_site":"@2020spaces","twitter_misc":{"Dur\u00e9e de lecture estim\u00e9e":"3 minutes"},"schema":{"@context":"https:\/\/schema.org","@graph":[{"@type":"WebPage","@id":"https:\/\/www.2020spaces.com\/fr\/produits\/designflex\/getting-started-with-2020-design\/","url":"https:\/\/www.2020spaces.com\/fr\/produits\/designflex\/getting-started-with-2020-design\/","name":"D\u00e9marrer avec 2020 Design","isPartOf":{"@id":"https:\/\/www.2020spaces.com\/#website"},"datePublished":"2016-02-01T22:29:53+00:00","dateModified":"2023-04-10T05:15:48+00:00","description":"Here are few resources that you can use\u00a0to get you on your way to delivering beautiful, photo-realistic renderings to your clients.","breadcrumb":{"@id":"https:\/\/www.2020spaces.com\/fr\/produits\/designflex\/getting-started-with-2020-design\/#breadcrumb"},"inLanguage":"fr-FR","potentialAction":[{"@type":"ReadAction","target":["https:\/\/www.2020spaces.com\/fr\/produits\/designflex\/getting-started-with-2020-design\/"]}]},{"@type":"BreadcrumbList","@id":"https:\/\/www.2020spaces.com\/fr\/produits\/designflex\/getting-started-with-2020-design\/#breadcrumb","itemListElement":[{"@type":"ListItem","position":1,"name":"Home","item":"https:\/\/www.2020spaces.com\/fr\/accueil-2-2\/"},{"@type":"ListItem","position":2,"name":"Produits 2020","item":"https:\/\/www.2020spaces.com\/fr\/produits\/"},{"@type":"ListItem","position":3,"name":"Design Flex","item":"https:\/\/www.2020spaces.com\/fr\/produits\/designflex\/"},{"@type":"ListItem","position":4,"name":"Programme d&#8217;assistance et de mises \u00e0 jour"}]},{"@type":"WebSite","@id":"https:\/\/www.2020spaces.com\/#website","url":"https:\/\/www.2020spaces.com\/","name":"2020","description":"Making Spaces for Life\u2122","potentialAction":[{"@type":"SearchAction","target":{"@type":"EntryPoint","urlTemplate":"https:\/\/www.2020spaces.com\/?s={search_term_string}"},"query-input":{"@type":"PropertyValueSpecification","valueRequired":true,"valueName":"search_term_string"}}],"inLanguage":"fr-FR"}]}},"_links":{"self":[{"href":"https:\/\/www.2020spaces.com\/fr\/wp-json\/wp\/v2\/pages\/120045","targetHints":{"allow":["GET"]}}],"collection":[{"href":"https:\/\/www.2020spaces.com\/fr\/wp-json\/wp\/v2\/pages"}],"about":[{"href":"https:\/\/www.2020spaces.com\/fr\/wp-json\/wp\/v2\/types\/page"}],"author":[{"embeddable":true,"href":"https:\/\/www.2020spaces.com\/fr\/wp-json\/wp\/v2\/users\/1"}],"replies":[{"embeddable":true,"href":"https:\/\/www.2020spaces.com\/fr\/wp-json\/wp\/v2\/comments?post=120045"}],"version-history":[{"count":0,"href":"https:\/\/www.2020spaces.com\/fr\/wp-json\/wp\/v2\/pages\/120045\/revisions"}],"up":[{"embeddable":true,"href":"https:\/\/www.2020spaces.com\/fr\/wp-json\/wp\/v2\/pages\/9432"}],"wp:attachment":[{"href":"https:\/\/www.2020spaces.com\/fr\/wp-json\/wp\/v2\/media?parent=120045"}],"wp:term":[{"taxonomy":"category","embeddable":true,"href":"https:\/\/www.2020spaces.com\/fr\/wp-json\/wp\/v2\/categories?post=120045"}],"curies":[{"name":"wp","href":"https:\/\/api.w.org\/{rel}","templated":true}]}}