{"id":129765,"date":"2016-01-28T11:14:53","date_gmt":"2016-01-28T16:14:53","guid":{"rendered":"https:\/\/www.2020spaces.com\/webinars\/"},"modified":"2021-09-02T13:27:51","modified_gmt":"2021-09-02T17:27:51","slug":"webinaire","status":"publish","type":"page","link":"https:\/\/www.2020spaces.com\/fr\/webinaire\/","title":{"rendered":"Webinaires"},"content":{"rendered":"<div id=\"cs-content\" class=\"cs-content\"><\/div>\n","protected":false},"excerpt":{"rendered":"<p>Webinaires Ressources pour les Trouvez l\u2019inspiration et d\u00e9couvrez des trucs et astuces dans nos webinaires gratuits d\u00e9di\u00e9s au secteur du design d\u2019int\u00e9rieur.Le pouvoir de la data pour la vente de plans de travail Comment r\u00e9ussir la relation client post-covid ? D\u00e9couvrez 2020 Fusion v7 Le meilleur de 2020\u202fFusion<\/p>\n","protected":false},"author":1,"featured_media":332804,"parent":0,"menu_order":0,"comment_status":"closed","ping_status":"closed","template":"template-blank-4.php","meta":{"_bbp_topic_count":0,"_bbp_reply_count":0,"_bbp_total_topic_count":0,"_bbp_total_reply_count":0,"_bbp_voice_count":0,"_bbp_anonymous_reply_count":0,"_bbp_topic_count_hidden":0,"_bbp_reply_count_hidden":0,"_bbp_forum_subforum_count":0,"footnotes":""},"categories":[],"class_list":["post-129765","page","type-page","status-publish","has-post-thumbnail","hentry"],"pp_force_visibility":null,"pp_subpost_visibility":null,"pp_inherited_force_visibility":null,"pp_inherited_subpost_visibility":null,"yoast_head":"<!-- This site is optimized with the Yoast SEO Premium plugin v27.4 (Yoast SEO v27.4) - https:\/\/yoast.com\/product\/yoast-seo-premium-wordpress\/ -->\n<title>Webinaires 2020 | 2020 Spaces<\/title>\n<meta name=\"description\" content=\"Consultez nos webinaires et apprenez-en plus sur vos produits 2020. D\u00e9couvrez les logiciels d\u2019am\u00e9nagement int\u00e9rieur et de plan de maison 2020.\u00a0\" \/>\n<meta name=\"robots\" content=\"index, follow, max-snippet:-1, max-image-preview:large, max-video-preview:-1\" \/>\n<link rel=\"canonical\" href=\"https:\/\/www.2020spaces.com\/fr\/webinaire\/\" \/>\n<meta property=\"og:locale\" content=\"fr_FR\" \/>\n<meta property=\"og:type\" content=\"article\" \/>\n<meta property=\"og:title\" content=\"Webinaires 2020 | 2020 Spaces\" \/>\n<meta property=\"og:description\" content=\"Consultez nos webinaires et apprenez-en plus sur vos produits 2020. D\u00e9couvrez les logiciels d\u2019am\u00e9nagement int\u00e9rieur et de plan de maison 2020.\u00a0\" \/>\n<meta property=\"og:url\" content=\"https:\/\/www.2020spaces.com\/fr\/webinaire\/\" \/>\n<meta property=\"og:site_name\" content=\"2020\" \/>\n<meta property=\"article:publisher\" content=\"https:\/\/www.facebook.com\/2020spaces\" \/>\n<meta property=\"article:modified_time\" content=\"2021-09-02T17:27:51+00:00\" \/>\n<meta property=\"og:image\" content=\"https:\/\/www.2020spaces.com\/wp-content\/uploads\/2021\/06\/social_illustration_webinars_1200x675.jpg\" \/>\n\t<meta property=\"og:image:width\" content=\"1200\" \/>\n\t<meta property=\"og:image:height\" content=\"675\" \/>\n\t<meta property=\"og:image:type\" content=\"image\/jpeg\" \/>\n<meta name=\"twitter:card\" content=\"summary_large_image\" \/>\n<meta name=\"twitter:title\" content=\"Webinaires 2020 | 2020 Spaces\" \/>\n<meta name=\"twitter:description\" content=\"Consultez nos webinaires et apprenez-en plus sur vos produits 2020. D\u00e9couvrez les logiciels d\u2019am\u00e9nagement int\u00e9rieur et de plan de maison 2020.\u00a0\" \/>\n<meta name=\"twitter:image\" content=\"https:\/\/www.2020spaces.com\/wp-content\/uploads\/2021\/06\/social_illustration_webinars_1200x675.jpg\" \/>\n<meta name=\"twitter:site\" content=\"@2020spaces\" \/>\n<meta name=\"twitter:label1\" content=\"Dur\u00e9e de lecture estim\u00e9e\" \/>\n\t<meta name=\"twitter:data1\" content=\"1 minute\" \/>\n<script type=\"application\/ld+json\" class=\"yoast-schema-graph\">{\"@context\":\"https:\\\/\\\/schema.org\",\"@graph\":[{\"@type\":\"WebPage\",\"@id\":\"https:\\\/\\\/www.2020spaces.com\\\/fr\\\/webinaire\\\/\",\"url\":\"https:\\\/\\\/www.2020spaces.com\\\/fr\\\/webinaire\\\/\",\"name\":\"Webinaires 2020 | 2020 Spaces\",\"isPartOf\":{\"@id\":\"https:\\\/\\\/www.2020spaces.com\\\/#website\"},\"primaryImageOfPage\":{\"@id\":\"https:\\\/\\\/www.2020spaces.com\\\/fr\\\/webinaire\\\/#primaryimage\"},\"image\":{\"@id\":\"https:\\\/\\\/www.2020spaces.com\\\/fr\\\/webinaire\\\/#primaryimage\"},\"thumbnailUrl\":\"https:\\\/\\\/www.2020spaces.com\\\/wp-content\\\/uploads\\\/2021\\\/06\\\/illustration_webinars_543x322.jpg\",\"datePublished\":\"2016-01-28T16:14:53+00:00\",\"dateModified\":\"2021-09-02T17:27:51+00:00\",\"description\":\"Consultez nos webinaires et apprenez-en plus sur vos produits 2020. D\u00e9couvrez les logiciels d\u2019am\u00e9nagement int\u00e9rieur et de plan de maison 2020.\u00a0\",\"breadcrumb\":{\"@id\":\"https:\\\/\\\/www.2020spaces.com\\\/fr\\\/webinaire\\\/#breadcrumb\"},\"inLanguage\":\"fr-FR\",\"potentialAction\":[{\"@type\":\"ReadAction\",\"target\":[\"https:\\\/\\\/www.2020spaces.com\\\/fr\\\/webinaire\\\/\"]}]},{\"@type\":\"ImageObject\",\"inLanguage\":\"fr-FR\",\"@id\":\"https:\\\/\\\/www.2020spaces.com\\\/fr\\\/webinaire\\\/#primaryimage\",\"url\":\"https:\\\/\\\/www.2020spaces.com\\\/wp-content\\\/uploads\\\/2021\\\/06\\\/illustration_webinars_543x322.jpg\",\"contentUrl\":\"https:\\\/\\\/www.2020spaces.com\\\/wp-content\\\/uploads\\\/2021\\\/06\\\/illustration_webinars_543x322.jpg\",\"width\":543,\"height\":322,\"caption\":\"Webinars\"},{\"@type\":\"BreadcrumbList\",\"@id\":\"https:\\\/\\\/www.2020spaces.com\\\/fr\\\/webinaire\\\/#breadcrumb\",\"itemListElement\":[{\"@type\":\"ListItem\",\"position\":1,\"name\":\"Home\",\"item\":\"https:\\\/\\\/www.2020spaces.com\\\/fr\\\/accueil-2-2\\\/\"},{\"@type\":\"ListItem\",\"position\":2,\"name\":\"Webinaires\"}]},{\"@type\":\"WebSite\",\"@id\":\"https:\\\/\\\/www.2020spaces.com\\\/#website\",\"url\":\"https:\\\/\\\/www.2020spaces.com\\\/\",\"name\":\"2020\",\"description\":\"Making Spaces for Life\u2122\",\"potentialAction\":[{\"@type\":\"SearchAction\",\"target\":{\"@type\":\"EntryPoint\",\"urlTemplate\":\"https:\\\/\\\/www.2020spaces.com\\\/?s={search_term_string}\"},\"query-input\":{\"@type\":\"PropertyValueSpecification\",\"valueRequired\":true,\"valueName\":\"search_term_string\"}}],\"inLanguage\":\"fr-FR\"}]}<\/script>\n<!-- \/ Yoast SEO Premium plugin. -->","yoast_head_json":{"title":"Webinaires 2020 | 2020 Spaces","description":"Consultez nos webinaires et apprenez-en plus sur vos produits 2020. D\u00e9couvrez les logiciels d\u2019am\u00e9nagement int\u00e9rieur et de plan de maison 2020.\u00a0","robots":{"index":"index","follow":"follow","max-snippet":"max-snippet:-1","max-image-preview":"max-image-preview:large","max-video-preview":"max-video-preview:-1"},"canonical":"https:\/\/www.2020spaces.com\/fr\/webinaire\/","og_locale":"fr_FR","og_type":"article","og_title":"Webinaires 2020 | 2020 Spaces","og_description":"Consultez nos webinaires et apprenez-en plus sur vos produits 2020. D\u00e9couvrez les logiciels d\u2019am\u00e9nagement int\u00e9rieur et de plan de maison 2020.\u00a0","og_url":"https:\/\/www.2020spaces.com\/fr\/webinaire\/","og_site_name":"2020","article_publisher":"https:\/\/www.facebook.com\/2020spaces","article_modified_time":"2021-09-02T17:27:51+00:00","og_image":[{"width":1200,"height":675,"url":"https:\/\/www.2020spaces.com\/wp-content\/uploads\/2021\/06\/social_illustration_webinars_1200x675.jpg","type":"image\/jpeg"}],"twitter_card":"summary_large_image","twitter_title":"Webinaires 2020 | 2020 Spaces","twitter_description":"Consultez nos webinaires et apprenez-en plus sur vos produits 2020. D\u00e9couvrez les logiciels d\u2019am\u00e9nagement int\u00e9rieur et de plan de maison 2020.\u00a0","twitter_image":"https:\/\/www.2020spaces.com\/wp-content\/uploads\/2021\/06\/social_illustration_webinars_1200x675.jpg","twitter_site":"@2020spaces","twitter_misc":{"Dur\u00e9e de lecture estim\u00e9e":"1 minute"},"schema":{"@context":"https:\/\/schema.org","@graph":[{"@type":"WebPage","@id":"https:\/\/www.2020spaces.com\/fr\/webinaire\/","url":"https:\/\/www.2020spaces.com\/fr\/webinaire\/","name":"Webinaires 2020 | 2020 Spaces","isPartOf":{"@id":"https:\/\/www.2020spaces.com\/#website"},"primaryImageOfPage":{"@id":"https:\/\/www.2020spaces.com\/fr\/webinaire\/#primaryimage"},"image":{"@id":"https:\/\/www.2020spaces.com\/fr\/webinaire\/#primaryimage"},"thumbnailUrl":"https:\/\/www.2020spaces.com\/wp-content\/uploads\/2021\/06\/illustration_webinars_543x322.jpg","datePublished":"2016-01-28T16:14:53+00:00","dateModified":"2021-09-02T17:27:51+00:00","description":"Consultez nos webinaires et apprenez-en plus sur vos produits 2020. D\u00e9couvrez les logiciels d\u2019am\u00e9nagement int\u00e9rieur et de plan de maison 2020.\u00a0","breadcrumb":{"@id":"https:\/\/www.2020spaces.com\/fr\/webinaire\/#breadcrumb"},"inLanguage":"fr-FR","potentialAction":[{"@type":"ReadAction","target":["https:\/\/www.2020spaces.com\/fr\/webinaire\/"]}]},{"@type":"ImageObject","inLanguage":"fr-FR","@id":"https:\/\/www.2020spaces.com\/fr\/webinaire\/#primaryimage","url":"https:\/\/www.2020spaces.com\/wp-content\/uploads\/2021\/06\/illustration_webinars_543x322.jpg","contentUrl":"https:\/\/www.2020spaces.com\/wp-content\/uploads\/2021\/06\/illustration_webinars_543x322.jpg","width":543,"height":322,"caption":"Webinars"},{"@type":"BreadcrumbList","@id":"https:\/\/www.2020spaces.com\/fr\/webinaire\/#breadcrumb","itemListElement":[{"@type":"ListItem","position":1,"name":"Home","item":"https:\/\/www.2020spaces.com\/fr\/accueil-2-2\/"},{"@type":"ListItem","position":2,"name":"Webinaires"}]},{"@type":"WebSite","@id":"https:\/\/www.2020spaces.com\/#website","url":"https:\/\/www.2020spaces.com\/","name":"2020","description":"Making Spaces for Life\u2122","potentialAction":[{"@type":"SearchAction","target":{"@type":"EntryPoint","urlTemplate":"https:\/\/www.2020spaces.com\/?s={search_term_string}"},"query-input":{"@type":"PropertyValueSpecification","valueRequired":true,"valueName":"search_term_string"}}],"inLanguage":"fr-FR"}]}},"_links":{"self":[{"href":"https:\/\/www.2020spaces.com\/fr\/wp-json\/wp\/v2\/pages\/129765","targetHints":{"allow":["GET"]}}],"collection":[{"href":"https:\/\/www.2020spaces.com\/fr\/wp-json\/wp\/v2\/pages"}],"about":[{"href":"https:\/\/www.2020spaces.com\/fr\/wp-json\/wp\/v2\/types\/page"}],"author":[{"embeddable":true,"href":"https:\/\/www.2020spaces.com\/fr\/wp-json\/wp\/v2\/users\/1"}],"replies":[{"embeddable":true,"href":"https:\/\/www.2020spaces.com\/fr\/wp-json\/wp\/v2\/comments?post=129765"}],"version-history":[{"count":0,"href":"https:\/\/www.2020spaces.com\/fr\/wp-json\/wp\/v2\/pages\/129765\/revisions"}],"wp:featuredmedia":[{"embeddable":true,"href":"https:\/\/www.2020spaces.com\/fr\/wp-json\/wp\/v2\/media\/332804"}],"wp:attachment":[{"href":"https:\/\/www.2020spaces.com\/fr\/wp-json\/wp\/v2\/media?parent=129765"}],"wp:term":[{"taxonomy":"category","embeddable":true,"href":"https:\/\/www.2020spaces.com\/fr\/wp-json\/wp\/v2\/categories?post=129765"}],"curies":[{"name":"wp","href":"https:\/\/api.w.org\/{rel}","templated":true}]}}