		{"id":134061,"date":"2017-02-06T09:36:43","date_gmt":"2017-02-06T14:36:43","guid":{"rendered":"https:\/\/www.2020spaces.com\/2020-decorative-items\/"},"modified":"2020-12-10T15:25:52","modified_gmt":"2020-12-10T20:25:52","slug":"2020-decorative-items-fr-2","status":"publish","type":"page","link":"https:\/\/www.2020spaces.com\/fr\/2020-decorative-items-fr-2\/","title":{"rendered":"\u00c9l\u00e9ments d\u00e9coratifs de 2020"},"content":{"rendered":"<div id=\"cs-content\" class=\"cs-content\"><\/div>\n","protected":false},"excerpt":{"rendered":"<p>\u00c9l\u00e9ments d\u00e9coratifs de 2020Dans le catalogue des \u00e9l\u00e9ments d\u00e9coratifs de 2020, vous trouverez plus de 2600 articles de grande qualit\u00e9 issus du 2020 Cloud. Celui-ci est offert \u00e0 tous les clients de nos produits pour ordinateurs de bureau. Pour le consulter, il vous suffit d\u2019utiliser le navigateur de 2020 Cloud, &#8230; <\/p>\n<div><a href=\"https:\/\/www.2020spaces.com\/fr\/2020-decorative-items-fr-2\/\" class=\"more-link\">En savoir plus<\/a><\/div>\n","protected":false},"author":1,"featured_media":0,"parent":0,"menu_order":0,"comment_status":"closed","ping_status":"closed","template":"template-blank-4.php","meta":{"_bbp_topic_count":0,"_bbp_reply_count":0,"_bbp_total_topic_count":0,"_bbp_total_reply_count":0,"_bbp_voice_count":0,"_bbp_anonymous_reply_count":0,"_bbp_topic_count_hidden":0,"_bbp_reply_count_hidden":0,"_bbp_forum_subforum_count":0,"footnotes":""},"categories":[],"class_list":["post-134061","page","type-page","status-publish","hentry","no-post-thumbnail"],"pp_force_visibility":null,"pp_subpost_visibility":null,"pp_inherited_force_visibility":null,"pp_inherited_subpost_visibility":null,"yoast_head":"<!-- This site is optimized with the Yoast SEO Premium plugin v27.4 (Yoast SEO v27.4) - https:\/\/yoast.com\/product\/yoast-seo-premium-wordpress\/ -->\n<title>\u00c9l\u00e9ments d\u00e9coratifs de 2020 | 2020 Spaces<\/title>\n<meta name=\"description\" content=\"Dans le catalogue des \u00e9l\u00e9ments d\u00e9coratifs de 2020, vous trouverez plus de 2600 articles de grande qualit\u00e9 issus du 2020 Cloud.\" \/>\n<meta name=\"robots\" content=\"index, follow, max-snippet:-1, max-image-preview:large, max-video-preview:-1\" \/>\n<link rel=\"canonical\" href=\"https:\/\/www.2020spaces.com\/fr\/2020-decorative-items-fr-2\/\" \/>\n<meta property=\"og:locale\" content=\"fr_FR\" \/>\n<meta property=\"og:type\" content=\"article\" \/>\n<meta property=\"og:title\" content=\"\u00c9l\u00e9ments d\u00e9coratifs de 2020\" \/>\n<meta property=\"og:description\" content=\"Dans le catalogue des \u00e9l\u00e9ments d\u00e9coratifs de 2020, vous trouverez plus de 2600 articles de grande qualit\u00e9 issus du 2020 Cloud.\" \/>\n<meta property=\"og:url\" content=\"https:\/\/www.2020spaces.com\/fr\/2020-decorative-items-fr-2\/\" \/>\n<meta property=\"og:site_name\" content=\"2020\" \/>\n<meta property=\"article:publisher\" content=\"https:\/\/www.facebook.com\/2020spaces\" \/>\n<meta property=\"article:modified_time\" content=\"2020-12-10T20:25:52+00:00\" \/>\n<meta name=\"twitter:card\" content=\"summary_large_image\" \/>\n<meta name=\"twitter:site\" content=\"@2020spaces\" \/>\n<meta name=\"twitter:label1\" content=\"Dur\u00e9e de lecture estim\u00e9e\" \/>\n\t<meta name=\"twitter:data1\" content=\"236 minutes\" \/>\n<script type=\"application\/ld+json\" class=\"yoast-schema-graph\">{\"@context\":\"https:\\\/\\\/schema.org\",\"@graph\":[{\"@type\":\"WebPage\",\"@id\":\"https:\\\/\\\/www.2020spaces.com\\\/fr\\\/2020-decorative-items-fr-2\\\/\",\"url\":\"https:\\\/\\\/www.2020spaces.com\\\/fr\\\/2020-decorative-items-fr-2\\\/\",\"name\":\"\u00c9l\u00e9ments d\u00e9coratifs de 2020 | 2020 Spaces\",\"isPartOf\":{\"@id\":\"https:\\\/\\\/www.2020spaces.com\\\/#website\"},\"datePublished\":\"2017-02-06T14:36:43+00:00\",\"dateModified\":\"2020-12-10T20:25:52+00:00\",\"description\":\"Dans le catalogue des \u00e9l\u00e9ments d\u00e9coratifs de 2020, vous trouverez plus de 2600 articles de grande qualit\u00e9 issus du 2020 Cloud.\",\"breadcrumb\":{\"@id\":\"https:\\\/\\\/www.2020spaces.com\\\/fr\\\/2020-decorative-items-fr-2\\\/#breadcrumb\"},\"inLanguage\":\"fr-FR\",\"potentialAction\":[{\"@type\":\"ReadAction\",\"target\":[\"https:\\\/\\\/www.2020spaces.com\\\/fr\\\/2020-decorative-items-fr-2\\\/\"]}]},{\"@type\":\"BreadcrumbList\",\"@id\":\"https:\\\/\\\/www.2020spaces.com\\\/fr\\\/2020-decorative-items-fr-2\\\/#breadcrumb\",\"itemListElement\":[{\"@type\":\"ListItem\",\"position\":1,\"name\":\"Home\",\"item\":\"https:\\\/\\\/www.2020spaces.com\\\/fr\\\/accueil-2-2\\\/\"},{\"@type\":\"ListItem\",\"position\":2,\"name\":\"\u00c9l\u00e9ments d\u00e9coratifs de 2020\"}]},{\"@type\":\"WebSite\",\"@id\":\"https:\\\/\\\/www.2020spaces.com\\\/#website\",\"url\":\"https:\\\/\\\/www.2020spaces.com\\\/\",\"name\":\"2020\",\"description\":\"Making Spaces for Life\u2122\",\"potentialAction\":[{\"@type\":\"SearchAction\",\"target\":{\"@type\":\"EntryPoint\",\"urlTemplate\":\"https:\\\/\\\/www.2020spaces.com\\\/?s={search_term_string}\"},\"query-input\":{\"@type\":\"PropertyValueSpecification\",\"valueRequired\":true,\"valueName\":\"search_term_string\"}}],\"inLanguage\":\"fr-FR\"}]}<\/script>\n<!-- \/ Yoast SEO Premium plugin. -->","yoast_head_json":{"title":"\u00c9l\u00e9ments d\u00e9coratifs de 2020 | 2020 Spaces","description":"Dans le catalogue des \u00e9l\u00e9ments d\u00e9coratifs de 2020, vous trouverez plus de 2600 articles de grande qualit\u00e9 issus du 2020 Cloud.","robots":{"index":"index","follow":"follow","max-snippet":"max-snippet:-1","max-image-preview":"max-image-preview:large","max-video-preview":"max-video-preview:-1"},"canonical":"https:\/\/www.2020spaces.com\/fr\/2020-decorative-items-fr-2\/","og_locale":"fr_FR","og_type":"article","og_title":"\u00c9l\u00e9ments d\u00e9coratifs de 2020","og_description":"Dans le catalogue des \u00e9l\u00e9ments d\u00e9coratifs de 2020, vous trouverez plus de 2600 articles de grande qualit\u00e9 issus du 2020 Cloud.","og_url":"https:\/\/www.2020spaces.com\/fr\/2020-decorative-items-fr-2\/","og_site_name":"2020","article_publisher":"https:\/\/www.facebook.com\/2020spaces","article_modified_time":"2020-12-10T20:25:52+00:00","twitter_card":"summary_large_image","twitter_site":"@2020spaces","twitter_misc":{"Dur\u00e9e de lecture estim\u00e9e":"236 minutes"},"schema":{"@context":"https:\/\/schema.org","@graph":[{"@type":"WebPage","@id":"https:\/\/www.2020spaces.com\/fr\/2020-decorative-items-fr-2\/","url":"https:\/\/www.2020spaces.com\/fr\/2020-decorative-items-fr-2\/","name":"\u00c9l\u00e9ments d\u00e9coratifs de 2020 | 2020 Spaces","isPartOf":{"@id":"https:\/\/www.2020spaces.com\/#website"},"datePublished":"2017-02-06T14:36:43+00:00","dateModified":"2020-12-10T20:25:52+00:00","description":"Dans le catalogue des \u00e9l\u00e9ments d\u00e9coratifs de 2020, vous trouverez plus de 2600 articles de grande qualit\u00e9 issus du 2020 Cloud.","breadcrumb":{"@id":"https:\/\/www.2020spaces.com\/fr\/2020-decorative-items-fr-2\/#breadcrumb"},"inLanguage":"fr-FR","potentialAction":[{"@type":"ReadAction","target":["https:\/\/www.2020spaces.com\/fr\/2020-decorative-items-fr-2\/"]}]},{"@type":"BreadcrumbList","@id":"https:\/\/www.2020spaces.com\/fr\/2020-decorative-items-fr-2\/#breadcrumb","itemListElement":[{"@type":"ListItem","position":1,"name":"Home","item":"https:\/\/www.2020spaces.com\/fr\/accueil-2-2\/"},{"@type":"ListItem","position":2,"name":"\u00c9l\u00e9ments d\u00e9coratifs de 2020"}]},{"@type":"WebSite","@id":"https:\/\/www.2020spaces.com\/#website","url":"https:\/\/www.2020spaces.com\/","name":"2020","description":"Making Spaces for Life\u2122","potentialAction":[{"@type":"SearchAction","target":{"@type":"EntryPoint","urlTemplate":"https:\/\/www.2020spaces.com\/?s={search_term_string}"},"query-input":{"@type":"PropertyValueSpecification","valueRequired":true,"valueName":"search_term_string"}}],"inLanguage":"fr-FR"}]}},"_links":{"self":[{"href":"https:\/\/www.2020spaces.com\/fr\/wp-json\/wp\/v2\/pages\/134061","targetHints":{"allow":["GET"]}}],"collection":[{"href":"https:\/\/www.2020spaces.com\/fr\/wp-json\/wp\/v2\/pages"}],"about":[{"href":"https:\/\/www.2020spaces.com\/fr\/wp-json\/wp\/v2\/types\/page"}],"author":[{"embeddable":true,"href":"https:\/\/www.2020spaces.com\/fr\/wp-json\/wp\/v2\/users\/1"}],"replies":[{"embeddable":true,"href":"https:\/\/www.2020spaces.com\/fr\/wp-json\/wp\/v2\/comments?post=134061"}],"version-history":[{"count":0,"href":"https:\/\/www.2020spaces.com\/fr\/wp-json\/wp\/v2\/pages\/134061\/revisions"}],"wp:attachment":[{"href":"https:\/\/www.2020spaces.com\/fr\/wp-json\/wp\/v2\/media?parent=134061"}],"wp:term":[{"taxonomy":"category","embeddable":true,"href":"https:\/\/www.2020spaces.com\/fr\/wp-json\/wp\/v2\/categories?post=134061"}],"curies":[{"name":"wp","href":"https:\/\/api.w.org\/{rel}","templated":true}]}}