{"id":141026,"date":"2022-11-14T10:20:49","date_gmt":"2022-11-14T15:20:49","guid":{"rendered":"https:\/\/www.2020spaces.com\/?page_id=141026\/"},"modified":"2025-05-08T02:46:39","modified_gmt":"2025-05-08T06:46:39","slug":"fonctionnalites","status":"publish","type":"page","link":"https:\/\/www.2020spaces.com\/fr\/produits\/designflex\/fonctionnalites\/","title":{"rendered":"Fonctionnalit\u00e9s de Design Flex"},"content":{"rendered":"<div id=\"cs-content\" class=\"cs-content\"><\/div>\n","protected":false},"excerpt":{"rendered":"<p>Design Flex a tout pour plaire Notre logiciel de conception apporte du r\u00e9alisme, de la rapidit\u00e9 et de la pr\u00e9cision \u00e0 la planification de l&rsquo;espace, permettant aux concepteurs de retrouver toutes les informations dont ils ont besoin en un seul clic.Les caract\u00e9ristiques peuvent varier selon les r\u00e9gions. Contactez-nous pour en &#8230; <\/p>\n<div><a href=\"https:\/\/www.2020spaces.com\/fr\/produits\/designflex\/fonctionnalites\/\" class=\"more-link\">En savoir plus<\/a><\/div>\n","protected":false},"author":26709,"featured_media":0,"parent":9432,"menu_order":0,"comment_status":"open","ping_status":"closed","template":"template-blank-4.php","meta":{"_bbp_topic_count":0,"_bbp_reply_count":0,"_bbp_total_topic_count":0,"_bbp_total_reply_count":0,"_bbp_voice_count":0,"_bbp_anonymous_reply_count":0,"_bbp_topic_count_hidden":0,"_bbp_reply_count_hidden":0,"_bbp_forum_subforum_count":0,"footnotes":""},"categories":[],"class_list":["post-141026","page","type-page","status-publish","hentry","no-post-thumbnail"],"pp_force_visibility":null,"pp_subpost_visibility":null,"pp_inherited_force_visibility":null,"pp_inherited_subpost_visibility":null,"yoast_head":"<!-- This site is optimized with the Yoast SEO Premium plugin v27.4 (Yoast SEO v27.4) - https:\/\/yoast.com\/product\/yoast-seo-premium-wordpress\/ -->\n<title>Fonctionnalit\u00e9s de Design Flex - 2020<\/title>\n<meta name=\"description\" content=\"D\u00e9couvrez les fonctionnalit\u00e9s de 2020\u202fDesign Flex. Ce logiciel de conception riche en fonctionnalit\u00e9s apporte r\u00e9alisme, vitesse et pr\u00e9cision.\" \/>\n<meta name=\"robots\" content=\"index, follow, max-snippet:-1, max-image-preview:large, max-video-preview:-1\" \/>\n<link rel=\"canonical\" href=\"https:\/\/www.2020spaces.com\/fr\/produits\/designflex\/fonctionnalites\/\" \/>\n<meta property=\"og:locale\" content=\"fr_FR\" \/>\n<meta property=\"og:type\" content=\"article\" \/>\n<meta property=\"og:title\" content=\"Fonctionnalit\u00e9s de Design Flex\" \/>\n<meta property=\"og:description\" content=\"D\u00e9couvrez les fonctionnalit\u00e9s de 2020\u202fDesign Flex. Ce logiciel de conception riche en fonctionnalit\u00e9s apporte r\u00e9alisme, vitesse et pr\u00e9cision.\" \/>\n<meta property=\"og:url\" content=\"https:\/\/www.2020spaces.com\/fr\/produits\/designflex\/fonctionnalites\/\" \/>\n<meta property=\"og:site_name\" content=\"2020\" \/>\n<meta property=\"article:publisher\" content=\"https:\/\/www.facebook.com\/2020spaces\" \/>\n<meta property=\"article:modified_time\" content=\"2025-05-08T06:46:39+00:00\" \/>\n<meta name=\"twitter:card\" content=\"summary_large_image\" \/>\n<meta name=\"twitter:site\" content=\"@2020spaces\" \/>\n<meta name=\"twitter:label1\" content=\"Dur\u00e9e de lecture estim\u00e9e\" \/>\n\t<meta name=\"twitter:data1\" content=\"18 minutes\" \/>\n<script type=\"application\/ld+json\" class=\"yoast-schema-graph\">{\"@context\":\"https:\\\/\\\/schema.org\",\"@graph\":[{\"@type\":\"WebPage\",\"@id\":\"https:\\\/\\\/www.2020spaces.com\\\/fr\\\/produits\\\/designflex\\\/fonctionnalites\\\/\",\"url\":\"https:\\\/\\\/www.2020spaces.com\\\/fr\\\/produits\\\/designflex\\\/fonctionnalites\\\/\",\"name\":\"Fonctionnalit\u00e9s de Design Flex - 2020\",\"isPartOf\":{\"@id\":\"https:\\\/\\\/www.2020spaces.com\\\/#website\"},\"datePublished\":\"2022-11-14T15:20:49+00:00\",\"dateModified\":\"2025-05-08T06:46:39+00:00\",\"description\":\"D\u00e9couvrez les fonctionnalit\u00e9s de 2020\u202fDesign Flex. Ce logiciel de conception riche en fonctionnalit\u00e9s apporte r\u00e9alisme, vitesse et pr\u00e9cision.\",\"breadcrumb\":{\"@id\":\"https:\\\/\\\/www.2020spaces.com\\\/fr\\\/produits\\\/designflex\\\/fonctionnalites\\\/#breadcrumb\"},\"inLanguage\":\"fr-FR\",\"potentialAction\":[{\"@type\":\"ReadAction\",\"target\":[\"https:\\\/\\\/www.2020spaces.com\\\/fr\\\/produits\\\/designflex\\\/fonctionnalites\\\/\"]}]},{\"@type\":\"BreadcrumbList\",\"@id\":\"https:\\\/\\\/www.2020spaces.com\\\/fr\\\/produits\\\/designflex\\\/fonctionnalites\\\/#breadcrumb\",\"itemListElement\":[{\"@type\":\"ListItem\",\"position\":1,\"name\":\"Home\",\"item\":\"https:\\\/\\\/www.2020spaces.com\\\/fr\\\/accueil-2-2\\\/\"},{\"@type\":\"ListItem\",\"position\":2,\"name\":\"Produits 2020\",\"item\":\"https:\\\/\\\/www.2020spaces.com\\\/fr\\\/produits\\\/\"},{\"@type\":\"ListItem\",\"position\":3,\"name\":\"Design Flex\",\"item\":\"https:\\\/\\\/www.2020spaces.com\\\/fr\\\/produits\\\/designflex\\\/\"},{\"@type\":\"ListItem\",\"position\":4,\"name\":\"Fonctionnalit\u00e9s de Design Flex\"}]},{\"@type\":\"WebSite\",\"@id\":\"https:\\\/\\\/www.2020spaces.com\\\/#website\",\"url\":\"https:\\\/\\\/www.2020spaces.com\\\/\",\"name\":\"2020\",\"description\":\"Making Spaces for Life\u2122\",\"potentialAction\":[{\"@type\":\"SearchAction\",\"target\":{\"@type\":\"EntryPoint\",\"urlTemplate\":\"https:\\\/\\\/www.2020spaces.com\\\/?s={search_term_string}\"},\"query-input\":{\"@type\":\"PropertyValueSpecification\",\"valueRequired\":true,\"valueName\":\"search_term_string\"}}],\"inLanguage\":\"fr-FR\"}]}<\/script>\n<!-- \/ Yoast SEO Premium plugin. -->","yoast_head_json":{"title":"Fonctionnalit\u00e9s de Design Flex - 2020","description":"D\u00e9couvrez les fonctionnalit\u00e9s de 2020\u202fDesign Flex. Ce logiciel de conception riche en fonctionnalit\u00e9s apporte r\u00e9alisme, vitesse et pr\u00e9cision.","robots":{"index":"index","follow":"follow","max-snippet":"max-snippet:-1","max-image-preview":"max-image-preview:large","max-video-preview":"max-video-preview:-1"},"canonical":"https:\/\/www.2020spaces.com\/fr\/produits\/designflex\/fonctionnalites\/","og_locale":"fr_FR","og_type":"article","og_title":"Fonctionnalit\u00e9s de Design Flex","og_description":"D\u00e9couvrez les fonctionnalit\u00e9s de 2020\u202fDesign Flex. Ce logiciel de conception riche en fonctionnalit\u00e9s apporte r\u00e9alisme, vitesse et pr\u00e9cision.","og_url":"https:\/\/www.2020spaces.com\/fr\/produits\/designflex\/fonctionnalites\/","og_site_name":"2020","article_publisher":"https:\/\/www.facebook.com\/2020spaces","article_modified_time":"2025-05-08T06:46:39+00:00","twitter_card":"summary_large_image","twitter_site":"@2020spaces","twitter_misc":{"Dur\u00e9e de lecture estim\u00e9e":"18 minutes"},"schema":{"@context":"https:\/\/schema.org","@graph":[{"@type":"WebPage","@id":"https:\/\/www.2020spaces.com\/fr\/produits\/designflex\/fonctionnalites\/","url":"https:\/\/www.2020spaces.com\/fr\/produits\/designflex\/fonctionnalites\/","name":"Fonctionnalit\u00e9s de Design Flex - 2020","isPartOf":{"@id":"https:\/\/www.2020spaces.com\/#website"},"datePublished":"2022-11-14T15:20:49+00:00","dateModified":"2025-05-08T06:46:39+00:00","description":"D\u00e9couvrez les fonctionnalit\u00e9s de 2020\u202fDesign Flex. Ce logiciel de conception riche en fonctionnalit\u00e9s apporte r\u00e9alisme, vitesse et pr\u00e9cision.","breadcrumb":{"@id":"https:\/\/www.2020spaces.com\/fr\/produits\/designflex\/fonctionnalites\/#breadcrumb"},"inLanguage":"fr-FR","potentialAction":[{"@type":"ReadAction","target":["https:\/\/www.2020spaces.com\/fr\/produits\/designflex\/fonctionnalites\/"]}]},{"@type":"BreadcrumbList","@id":"https:\/\/www.2020spaces.com\/fr\/produits\/designflex\/fonctionnalites\/#breadcrumb","itemListElement":[{"@type":"ListItem","position":1,"name":"Home","item":"https:\/\/www.2020spaces.com\/fr\/accueil-2-2\/"},{"@type":"ListItem","position":2,"name":"Produits 2020","item":"https:\/\/www.2020spaces.com\/fr\/produits\/"},{"@type":"ListItem","position":3,"name":"Design Flex","item":"https:\/\/www.2020spaces.com\/fr\/produits\/designflex\/"},{"@type":"ListItem","position":4,"name":"Fonctionnalit\u00e9s de Design Flex"}]},{"@type":"WebSite","@id":"https:\/\/www.2020spaces.com\/#website","url":"https:\/\/www.2020spaces.com\/","name":"2020","description":"Making Spaces for Life\u2122","potentialAction":[{"@type":"SearchAction","target":{"@type":"EntryPoint","urlTemplate":"https:\/\/www.2020spaces.com\/?s={search_term_string}"},"query-input":{"@type":"PropertyValueSpecification","valueRequired":true,"valueName":"search_term_string"}}],"inLanguage":"fr-FR"}]}},"_links":{"self":[{"href":"https:\/\/www.2020spaces.com\/fr\/wp-json\/wp\/v2\/pages\/141026","targetHints":{"allow":["GET"]}}],"collection":[{"href":"https:\/\/www.2020spaces.com\/fr\/wp-json\/wp\/v2\/pages"}],"about":[{"href":"https:\/\/www.2020spaces.com\/fr\/wp-json\/wp\/v2\/types\/page"}],"author":[{"embeddable":true,"href":"https:\/\/www.2020spaces.com\/fr\/wp-json\/wp\/v2\/users\/26709"}],"replies":[{"embeddable":true,"href":"https:\/\/www.2020spaces.com\/fr\/wp-json\/wp\/v2\/comments?post=141026"}],"version-history":[{"count":0,"href":"https:\/\/www.2020spaces.com\/fr\/wp-json\/wp\/v2\/pages\/141026\/revisions"}],"up":[{"embeddable":true,"href":"https:\/\/www.2020spaces.com\/fr\/wp-json\/wp\/v2\/pages\/9432"}],"wp:attachment":[{"href":"https:\/\/www.2020spaces.com\/fr\/wp-json\/wp\/v2\/media?parent=141026"}],"wp:term":[{"taxonomy":"category","embeddable":true,"href":"https:\/\/www.2020spaces.com\/fr\/wp-json\/wp\/v2\/categories?post=141026"}],"curies":[{"name":"wp","href":"https:\/\/api.w.org\/{rel}","templated":true}]}}