{"id":143233,"date":"2017-08-15T13:56:32","date_gmt":"2017-08-15T17:56:32","guid":{"rendered":"https:\/\/www.2020spaces.com\/?page_id=143233\/"},"modified":"2023-04-28T05:51:20","modified_gmt":"2023-04-28T09:51:20","slug":"2020-cad-one","status":"publish","type":"page","link":"https:\/\/www.2020spaces.com\/fr\/2020designline\/2020-cad-one\/","title":{"rendered":"2020 CAD One"},"content":{"rendered":"<div id=\"cs-content\" class=\"cs-content\"><\/div>\n","protected":false},"excerpt":{"rendered":"<p>2020 CAD One2020 CAD One est la solution de CFAO adapt\u00e9e et destin\u00e9e aux petites structures. Complet, intuitif et facile, il a \u00e9t\u00e9 sp\u00e9cialement \u00e9tudi\u00e9 pour r\u00e9pondre \u00e0 un retour sur investissement rationalis\u00e9. En effet, gr\u00e2ce \u00e0 sa licence AutoCAD 2016 OEM inclue, vous ne perdez pas vos habitudes de &#8230; <\/p>\n<div><a href=\"https:\/\/www.2020spaces.com\/fr\/2020designline\/2020-cad-one\/\" class=\"more-link\">En savoir plus<\/a><\/div>\n","protected":false},"author":5,"featured_media":0,"parent":87023,"menu_order":0,"comment_status":"closed","ping_status":"closed","template":"template-blank-4.php","meta":{"_bbp_topic_count":0,"_bbp_reply_count":0,"_bbp_total_topic_count":0,"_bbp_total_reply_count":0,"_bbp_voice_count":0,"_bbp_anonymous_reply_count":0,"_bbp_topic_count_hidden":0,"_bbp_reply_count_hidden":0,"_bbp_forum_subforum_count":0,"footnotes":""},"categories":[],"class_list":["post-143233","page","type-page","status-publish","hentry","no-post-thumbnail"],"pp_force_visibility":null,"pp_subpost_visibility":null,"pp_inherited_force_visibility":null,"pp_inherited_subpost_visibility":null,"yoast_head":"<!-- This site is optimized with the Yoast SEO Premium plugin v27.4 (Yoast SEO v27.4) - https:\/\/yoast.com\/product\/yoast-seo-premium-wordpress\/ -->\n<title>2020 CAD One | 2020 Spaces<\/title>\n<meta name=\"description\" content=\"2020 CAD One est la solution de CFAO adapt\u00e9e et destin\u00e9e aux petites structures. Complet, intuitif et facile, il a \u00e9t\u00e9 sp\u00e9cialement\" \/>\n<meta name=\"robots\" content=\"index, follow, max-snippet:-1, max-image-preview:large, max-video-preview:-1\" \/>\n<link rel=\"canonical\" href=\"https:\/\/www.2020spaces.com\/fr\/2020designline\/2020-cad-one\/\" \/>\n<meta property=\"og:locale\" content=\"fr_FR\" \/>\n<meta property=\"og:type\" content=\"article\" \/>\n<meta property=\"og:title\" content=\"2020 CAD One\" \/>\n<meta property=\"og:description\" content=\"2020 CAD One est la solution de CFAO adapt\u00e9e et destin\u00e9e aux petites structures. Complet, intuitif et facile, il a \u00e9t\u00e9 sp\u00e9cialement\" \/>\n<meta property=\"og:url\" content=\"https:\/\/www.2020spaces.com\/fr\/2020designline\/2020-cad-one\/\" \/>\n<meta property=\"og:site_name\" content=\"2020\" \/>\n<meta property=\"article:publisher\" content=\"https:\/\/www.facebook.com\/2020spaces\" \/>\n<meta property=\"article:modified_time\" content=\"2023-04-28T09:51:20+00:00\" \/>\n<meta name=\"twitter:card\" content=\"summary_large_image\" \/>\n<meta name=\"twitter:site\" content=\"@2020spaces\" \/>\n<meta name=\"twitter:label1\" content=\"Dur\u00e9e de lecture estim\u00e9e\" \/>\n\t<meta name=\"twitter:data1\" content=\"2 minutes\" \/>\n<script type=\"application\/ld+json\" class=\"yoast-schema-graph\">{\"@context\":\"https:\\\/\\\/schema.org\",\"@graph\":[{\"@type\":\"WebPage\",\"@id\":\"https:\\\/\\\/www.2020spaces.com\\\/fr\\\/2020designline\\\/2020-cad-one\\\/\",\"url\":\"https:\\\/\\\/www.2020spaces.com\\\/fr\\\/2020designline\\\/2020-cad-one\\\/\",\"name\":\"2020 CAD One | 2020 Spaces\",\"isPartOf\":{\"@id\":\"https:\\\/\\\/www.2020spaces.com\\\/#website\"},\"datePublished\":\"2017-08-15T17:56:32+00:00\",\"dateModified\":\"2023-04-28T09:51:20+00:00\",\"description\":\"2020 CAD One est la solution de CFAO adapt\u00e9e et destin\u00e9e aux petites structures. Complet, intuitif et facile, il a \u00e9t\u00e9 sp\u00e9cialement\",\"breadcrumb\":{\"@id\":\"https:\\\/\\\/www.2020spaces.com\\\/fr\\\/2020designline\\\/2020-cad-one\\\/#breadcrumb\"},\"inLanguage\":\"fr-FR\",\"potentialAction\":[{\"@type\":\"ReadAction\",\"target\":[\"https:\\\/\\\/www.2020spaces.com\\\/fr\\\/2020designline\\\/2020-cad-one\\\/\"]}]},{\"@type\":\"BreadcrumbList\",\"@id\":\"https:\\\/\\\/www.2020spaces.com\\\/fr\\\/2020designline\\\/2020-cad-one\\\/#breadcrumb\",\"itemListElement\":[{\"@type\":\"ListItem\",\"position\":1,\"name\":\"Home\",\"item\":\"https:\\\/\\\/www.2020spaces.com\\\/fr\\\/accueil-2-2\\\/\"},{\"@type\":\"ListItem\",\"position\":2,\"name\":\"2020 Design Line\",\"item\":\"https:\\\/\\\/www.2020spaces.com\\\/fr\\\/2020designline\\\/\"},{\"@type\":\"ListItem\",\"position\":3,\"name\":\"2020 CAD One\"}]},{\"@type\":\"WebSite\",\"@id\":\"https:\\\/\\\/www.2020spaces.com\\\/#website\",\"url\":\"https:\\\/\\\/www.2020spaces.com\\\/\",\"name\":\"2020\",\"description\":\"Making Spaces for Life\u2122\",\"potentialAction\":[{\"@type\":\"SearchAction\",\"target\":{\"@type\":\"EntryPoint\",\"urlTemplate\":\"https:\\\/\\\/www.2020spaces.com\\\/?s={search_term_string}\"},\"query-input\":{\"@type\":\"PropertyValueSpecification\",\"valueRequired\":true,\"valueName\":\"search_term_string\"}}],\"inLanguage\":\"fr-FR\"}]}<\/script>\n<!-- \/ Yoast SEO Premium plugin. -->","yoast_head_json":{"title":"2020 CAD One | 2020 Spaces","description":"2020 CAD One est la solution de CFAO adapt\u00e9e et destin\u00e9e aux petites structures. Complet, intuitif et facile, il a \u00e9t\u00e9 sp\u00e9cialement","robots":{"index":"index","follow":"follow","max-snippet":"max-snippet:-1","max-image-preview":"max-image-preview:large","max-video-preview":"max-video-preview:-1"},"canonical":"https:\/\/www.2020spaces.com\/fr\/2020designline\/2020-cad-one\/","og_locale":"fr_FR","og_type":"article","og_title":"2020 CAD One","og_description":"2020 CAD One est la solution de CFAO adapt\u00e9e et destin\u00e9e aux petites structures. Complet, intuitif et facile, il a \u00e9t\u00e9 sp\u00e9cialement","og_url":"https:\/\/www.2020spaces.com\/fr\/2020designline\/2020-cad-one\/","og_site_name":"2020","article_publisher":"https:\/\/www.facebook.com\/2020spaces","article_modified_time":"2023-04-28T09:51:20+00:00","twitter_card":"summary_large_image","twitter_site":"@2020spaces","twitter_misc":{"Dur\u00e9e de lecture estim\u00e9e":"2 minutes"},"schema":{"@context":"https:\/\/schema.org","@graph":[{"@type":"WebPage","@id":"https:\/\/www.2020spaces.com\/fr\/2020designline\/2020-cad-one\/","url":"https:\/\/www.2020spaces.com\/fr\/2020designline\/2020-cad-one\/","name":"2020 CAD One | 2020 Spaces","isPartOf":{"@id":"https:\/\/www.2020spaces.com\/#website"},"datePublished":"2017-08-15T17:56:32+00:00","dateModified":"2023-04-28T09:51:20+00:00","description":"2020 CAD One est la solution de CFAO adapt\u00e9e et destin\u00e9e aux petites structures. Complet, intuitif et facile, il a \u00e9t\u00e9 sp\u00e9cialement","breadcrumb":{"@id":"https:\/\/www.2020spaces.com\/fr\/2020designline\/2020-cad-one\/#breadcrumb"},"inLanguage":"fr-FR","potentialAction":[{"@type":"ReadAction","target":["https:\/\/www.2020spaces.com\/fr\/2020designline\/2020-cad-one\/"]}]},{"@type":"BreadcrumbList","@id":"https:\/\/www.2020spaces.com\/fr\/2020designline\/2020-cad-one\/#breadcrumb","itemListElement":[{"@type":"ListItem","position":1,"name":"Home","item":"https:\/\/www.2020spaces.com\/fr\/accueil-2-2\/"},{"@type":"ListItem","position":2,"name":"2020 Design Line","item":"https:\/\/www.2020spaces.com\/fr\/2020designline\/"},{"@type":"ListItem","position":3,"name":"2020 CAD One"}]},{"@type":"WebSite","@id":"https:\/\/www.2020spaces.com\/#website","url":"https:\/\/www.2020spaces.com\/","name":"2020","description":"Making Spaces for Life\u2122","potentialAction":[{"@type":"SearchAction","target":{"@type":"EntryPoint","urlTemplate":"https:\/\/www.2020spaces.com\/?s={search_term_string}"},"query-input":{"@type":"PropertyValueSpecification","valueRequired":true,"valueName":"search_term_string"}}],"inLanguage":"fr-FR"}]}},"_links":{"self":[{"href":"https:\/\/www.2020spaces.com\/fr\/wp-json\/wp\/v2\/pages\/143233","targetHints":{"allow":["GET"]}}],"collection":[{"href":"https:\/\/www.2020spaces.com\/fr\/wp-json\/wp\/v2\/pages"}],"about":[{"href":"https:\/\/www.2020spaces.com\/fr\/wp-json\/wp\/v2\/types\/page"}],"author":[{"embeddable":true,"href":"https:\/\/www.2020spaces.com\/fr\/wp-json\/wp\/v2\/users\/5"}],"replies":[{"embeddable":true,"href":"https:\/\/www.2020spaces.com\/fr\/wp-json\/wp\/v2\/comments?post=143233"}],"version-history":[{"count":0,"href":"https:\/\/www.2020spaces.com\/fr\/wp-json\/wp\/v2\/pages\/143233\/revisions"}],"up":[{"embeddable":true,"href":"https:\/\/www.2020spaces.com\/fr\/wp-json\/wp\/v2\/pages\/87023"}],"wp:attachment":[{"href":"https:\/\/www.2020spaces.com\/fr\/wp-json\/wp\/v2\/media?parent=143233"}],"wp:term":[{"taxonomy":"category","embeddable":true,"href":"https:\/\/www.2020spaces.com\/fr\/wp-json\/wp\/v2\/categories?post=143233"}],"curies":[{"name":"wp","href":"https:\/\/api.w.org\/{rel}","templated":true}]}}