{"id":165137,"date":"2018-01-05T09:57:35","date_gmt":"2018-01-05T14:57:35","guid":{"rendered":"https:\/\/www.2020spaces.com\/?page_id=165137\/"},"modified":"2024-08-12T01:37:57","modified_gmt":"2024-08-12T05:37:57","slug":"eurobois2018","status":"publish","type":"page","link":"https:\/\/www.2020spaces.com\/fr\/eurobois2018\/","title":{"rendered":"Eurobois 2018"},"content":{"rendered":"<div id=\"cs-content\" class=\"cs-content\"><\/div>\n","protected":false},"excerpt":{"rendered":"","protected":false},"author":5,"featured_media":0,"parent":0,"menu_order":0,"comment_status":"closed","ping_status":"closed","template":"template-blank-4.php","meta":{"_bbp_topic_count":0,"_bbp_reply_count":0,"_bbp_total_topic_count":0,"_bbp_total_reply_count":0,"_bbp_voice_count":0,"_bbp_anonymous_reply_count":0,"_bbp_topic_count_hidden":0,"_bbp_reply_count_hidden":0,"_bbp_forum_subforum_count":0,"footnotes":""},"categories":[],"class_list":["post-165137","page","type-page","status-publish","hentry","no-post-thumbnail"],"pp_force_visibility":null,"pp_subpost_visibility":null,"pp_inherited_force_visibility":null,"pp_inherited_subpost_visibility":null,"yoast_head":"<!-- This site is optimized with the Yoast SEO Premium plugin v27.4 (Yoast SEO v27.4) - https:\/\/yoast.com\/product\/yoast-seo-premium-wordpress\/ -->\n<title>Eurobois 2018 - Rencontrez-nous sur notre Stand 6E10 et d\u00e9couvrez<\/title>\n<meta name=\"description\" content=\"EUROBOIS 2018 - Rencontrez-nous sur notre Stand 6E10 et d\u00e9couvrez nos derni\u00e8res innovations! Pour recevoir votre badge d\u2019acc\u00e8s\" \/>\n<meta name=\"robots\" content=\"index, follow, max-snippet:-1, max-image-preview:large, max-video-preview:-1\" \/>\n<link rel=\"canonical\" href=\"https:\/\/www.2020spaces.com\/fr\/eurobois2018\/\" \/>\n<meta property=\"og:locale\" content=\"fr_FR\" \/>\n<meta property=\"og:type\" content=\"article\" \/>\n<meta property=\"og:title\" content=\"Eurobois 2018\" \/>\n<meta property=\"og:description\" content=\"EUROBOIS 2018 - Rencontrez-nous sur notre Stand 6E10 et d\u00e9couvrez nos derni\u00e8res innovations! Pour recevoir votre badge d\u2019acc\u00e8s\" \/>\n<meta property=\"og:url\" content=\"https:\/\/www.2020spaces.com\/fr\/eurobois2018\/\" \/>\n<meta property=\"og:site_name\" content=\"2020\" \/>\n<meta property=\"article:publisher\" content=\"https:\/\/www.facebook.com\/2020spaces\" \/>\n<meta property=\"article:modified_time\" content=\"2024-08-12T05:37:57+00:00\" \/>\n<meta name=\"twitter:card\" content=\"summary_large_image\" \/>\n<meta name=\"twitter:site\" content=\"@2020spaces\" \/>\n<meta name=\"twitter:label1\" content=\"Dur\u00e9e de lecture estim\u00e9e\" \/>\n\t<meta name=\"twitter:data1\" content=\"1 minute\" \/>\n<script type=\"application\/ld+json\" class=\"yoast-schema-graph\">{\"@context\":\"https:\\\/\\\/schema.org\",\"@graph\":[{\"@type\":\"WebPage\",\"@id\":\"https:\\\/\\\/www.2020spaces.com\\\/fr\\\/eurobois2018\\\/\",\"url\":\"https:\\\/\\\/www.2020spaces.com\\\/fr\\\/eurobois2018\\\/\",\"name\":\"Eurobois 2018 - Rencontrez-nous sur notre Stand 6E10 et d\u00e9couvrez\",\"isPartOf\":{\"@id\":\"https:\\\/\\\/www.2020spaces.com\\\/#website\"},\"datePublished\":\"2018-01-05T14:57:35+00:00\",\"dateModified\":\"2024-08-12T05:37:57+00:00\",\"description\":\"EUROBOIS 2018 - Rencontrez-nous sur notre Stand 6E10 et d\u00e9couvrez nos derni\u00e8res innovations! Pour recevoir votre badge d\u2019acc\u00e8s\",\"breadcrumb\":{\"@id\":\"https:\\\/\\\/www.2020spaces.com\\\/fr\\\/eurobois2018\\\/#breadcrumb\"},\"inLanguage\":\"fr-FR\",\"potentialAction\":[{\"@type\":\"ReadAction\",\"target\":[\"https:\\\/\\\/www.2020spaces.com\\\/fr\\\/eurobois2018\\\/\"]}]},{\"@type\":\"BreadcrumbList\",\"@id\":\"https:\\\/\\\/www.2020spaces.com\\\/fr\\\/eurobois2018\\\/#breadcrumb\",\"itemListElement\":[{\"@type\":\"ListItem\",\"position\":1,\"name\":\"Home\",\"item\":\"https:\\\/\\\/www.2020spaces.com\\\/fr\\\/accueil-2-2\\\/\"},{\"@type\":\"ListItem\",\"position\":2,\"name\":\"Eurobois 2018\"}]},{\"@type\":\"WebSite\",\"@id\":\"https:\\\/\\\/www.2020spaces.com\\\/#website\",\"url\":\"https:\\\/\\\/www.2020spaces.com\\\/\",\"name\":\"2020\",\"description\":\"Making Spaces for Life\u2122\",\"potentialAction\":[{\"@type\":\"SearchAction\",\"target\":{\"@type\":\"EntryPoint\",\"urlTemplate\":\"https:\\\/\\\/www.2020spaces.com\\\/?s={search_term_string}\"},\"query-input\":{\"@type\":\"PropertyValueSpecification\",\"valueRequired\":true,\"valueName\":\"search_term_string\"}}],\"inLanguage\":\"fr-FR\"}]}<\/script>\n<!-- \/ Yoast SEO Premium plugin. -->","yoast_head_json":{"title":"Eurobois 2018 - Rencontrez-nous sur notre Stand 6E10 et d\u00e9couvrez","description":"EUROBOIS 2018 - Rencontrez-nous sur notre Stand 6E10 et d\u00e9couvrez nos derni\u00e8res innovations! Pour recevoir votre badge d\u2019acc\u00e8s","robots":{"index":"index","follow":"follow","max-snippet":"max-snippet:-1","max-image-preview":"max-image-preview:large","max-video-preview":"max-video-preview:-1"},"canonical":"https:\/\/www.2020spaces.com\/fr\/eurobois2018\/","og_locale":"fr_FR","og_type":"article","og_title":"Eurobois 2018","og_description":"EUROBOIS 2018 - Rencontrez-nous sur notre Stand 6E10 et d\u00e9couvrez nos derni\u00e8res innovations! Pour recevoir votre badge d\u2019acc\u00e8s","og_url":"https:\/\/www.2020spaces.com\/fr\/eurobois2018\/","og_site_name":"2020","article_publisher":"https:\/\/www.facebook.com\/2020spaces","article_modified_time":"2024-08-12T05:37:57+00:00","twitter_card":"summary_large_image","twitter_site":"@2020spaces","twitter_misc":{"Dur\u00e9e de lecture estim\u00e9e":"1 minute"},"schema":{"@context":"https:\/\/schema.org","@graph":[{"@type":"WebPage","@id":"https:\/\/www.2020spaces.com\/fr\/eurobois2018\/","url":"https:\/\/www.2020spaces.com\/fr\/eurobois2018\/","name":"Eurobois 2018 - Rencontrez-nous sur notre Stand 6E10 et d\u00e9couvrez","isPartOf":{"@id":"https:\/\/www.2020spaces.com\/#website"},"datePublished":"2018-01-05T14:57:35+00:00","dateModified":"2024-08-12T05:37:57+00:00","description":"EUROBOIS 2018 - Rencontrez-nous sur notre Stand 6E10 et d\u00e9couvrez nos derni\u00e8res innovations! Pour recevoir votre badge d\u2019acc\u00e8s","breadcrumb":{"@id":"https:\/\/www.2020spaces.com\/fr\/eurobois2018\/#breadcrumb"},"inLanguage":"fr-FR","potentialAction":[{"@type":"ReadAction","target":["https:\/\/www.2020spaces.com\/fr\/eurobois2018\/"]}]},{"@type":"BreadcrumbList","@id":"https:\/\/www.2020spaces.com\/fr\/eurobois2018\/#breadcrumb","itemListElement":[{"@type":"ListItem","position":1,"name":"Home","item":"https:\/\/www.2020spaces.com\/fr\/accueil-2-2\/"},{"@type":"ListItem","position":2,"name":"Eurobois 2018"}]},{"@type":"WebSite","@id":"https:\/\/www.2020spaces.com\/#website","url":"https:\/\/www.2020spaces.com\/","name":"2020","description":"Making Spaces for Life\u2122","potentialAction":[{"@type":"SearchAction","target":{"@type":"EntryPoint","urlTemplate":"https:\/\/www.2020spaces.com\/?s={search_term_string}"},"query-input":{"@type":"PropertyValueSpecification","valueRequired":true,"valueName":"search_term_string"}}],"inLanguage":"fr-FR"}]}},"_links":{"self":[{"href":"https:\/\/www.2020spaces.com\/fr\/wp-json\/wp\/v2\/pages\/165137","targetHints":{"allow":["GET"]}}],"collection":[{"href":"https:\/\/www.2020spaces.com\/fr\/wp-json\/wp\/v2\/pages"}],"about":[{"href":"https:\/\/www.2020spaces.com\/fr\/wp-json\/wp\/v2\/types\/page"}],"author":[{"embeddable":true,"href":"https:\/\/www.2020spaces.com\/fr\/wp-json\/wp\/v2\/users\/5"}],"replies":[{"embeddable":true,"href":"https:\/\/www.2020spaces.com\/fr\/wp-json\/wp\/v2\/comments?post=165137"}],"version-history":[{"count":0,"href":"https:\/\/www.2020spaces.com\/fr\/wp-json\/wp\/v2\/pages\/165137\/revisions"}],"wp:attachment":[{"href":"https:\/\/www.2020spaces.com\/fr\/wp-json\/wp\/v2\/media?parent=165137"}],"wp:term":[{"taxonomy":"category","embeddable":true,"href":"https:\/\/www.2020spaces.com\/fr\/wp-json\/wp\/v2\/categories?post=165137"}],"curies":[{"name":"wp","href":"https:\/\/api.w.org\/{rel}","templated":true}]}}